{"id":129,"date":"2020-12-04T23:25:11","date_gmt":"2020-12-04T23:25:11","guid":{"rendered":"https:\/\/aemoita.pt\/aemoita\/aemoita\/?page_id=129"},"modified":"2022-09-21T06:50:05","modified_gmt":"2022-09-21T06:50:05","slug":"o-agrupamento","status":"publish","type":"page","link":"https:\/\/aemoita.pt\/aemoita\/agrupamento\/o-agrupamento\/","title":{"rendered":"O Agrupamento"},"content":{"rendered":"\n<p>O&nbsp;<strong>Agrupamento de Escolas da Moita<\/strong>&nbsp;foi constitu\u00eddo no ano lectivo de 2010\/2011, passando a ter a seguinte constitui\u00e7\u00e3o:<\/p>\n\n\n\n<div style=\"height:72px\" aria-hidden=\"true\" class=\"wp-block-spacer\"><\/div>\n\n\n\n<h4 class=\"has-text-align-center wp-block-heading\"><strong>Escola Secund\u00e1ria da Moita (sede do agrupamento)<\/strong><\/h4>\n\n\n\n<div class=\"wp-block-media-text alignwide is-stacked-on-mobile is-image-fill\"><figure class=\"wp-block-media-text__media\" style=\"background-image:url(https:\/\/aemoita.pt\/aemoita\/wp-content\/uploads\/2020\/12\/ESec1-1024x659.jpg);background-position:50% 50%\"><img loading=\"lazy\" decoding=\"async\" width=\"1024\" height=\"659\" src=\"https:\/\/aemoita.pt\/aemoita\/wp-content\/uploads\/2020\/12\/ESec1-1024x659.jpg\" alt=\"\" class=\"wp-image-130 size-full\" srcset=\"https:\/\/aemoita.pt\/aemoita\/wp-content\/uploads\/2020\/12\/ESec1-1024x659.jpg 1024w, https:\/\/aemoita.pt\/aemoita\/wp-content\/uploads\/2020\/12\/ESec1-300x193.jpg 300w, https:\/\/aemoita.pt\/aemoita\/wp-content\/uploads\/2020\/12\/ESec1-768x494.jpg 768w, https:\/\/aemoita.pt\/aemoita\/wp-content\/uploads\/2020\/12\/ESec1-1536x989.jpg 1536w, https:\/\/aemoita.pt\/aemoita\/wp-content\/uploads\/2020\/12\/ESec1.jpg 1600w\" sizes=\"auto, (max-width: 1024px) 100vw, 1024px\" \/><\/figure><div class=\"wp-block-media-text__content\">\n<p>Alto de S\u00e3o Sebasti\u00e3o &#8211; Largo da Juventude &#8211; 2864\/004 Moita<\/p>\n\n\n\n<p>Telefone: 212899910<\/p>\n\n\n\n<p>Fax: 212899919<\/p>\n\n\n\n<p>e-Mail:&nbsp;<a href=\"mailto:esec.moita@mail.telepac.pt\">esec.moita@mail.telepac.pt<\/a><\/p>\n<\/div><\/div>\n\n\n\n<div class=\"wp-block-columns is-layout-flex wp-container-core-columns-is-layout-9d6595d7 wp-block-columns-is-layout-flex\">\n<div class=\"wp-block-column is-layout-flow wp-block-column-is-layout-flow\" style=\"flex-basis:100%\">\n<hr class=\"wp-block-separator has-css-opacity aligncenter\"\/>\n<\/div>\n<\/div>\n\n\n\n<h4 class=\"has-text-align-center wp-block-heading\"><strong>Escola B\u00e1sica D. Pedro II &#8211; Moita&nbsp;<\/strong>(2.\u00ba e 3.\u00ba&nbsp;Ciclo)<\/h4>\n\n\n\n<div class=\"wp-block-media-text alignwide has-media-on-the-right is-stacked-on-mobile is-image-fill\"><figure class=\"wp-block-media-text__media\" style=\"background-image:url(https:\/\/aemoita.pt\/aemoita\/wp-content\/uploads\/2020\/12\/EBDPedro.jpg);background-position:50% 50%\"><img loading=\"lazy\" decoding=\"async\" width=\"302\" height=\"167\" src=\"https:\/\/aemoita.pt\/aemoita\/wp-content\/uploads\/2020\/12\/EBDPedro.jpg\" alt=\"\" class=\"wp-image-138 size-full\" srcset=\"https:\/\/aemoita.pt\/aemoita\/wp-content\/uploads\/2020\/12\/EBDPedro.jpg 302w, https:\/\/aemoita.pt\/aemoita\/wp-content\/uploads\/2020\/12\/EBDPedro-300x166.jpg 300w\" sizes=\"auto, (max-width: 302px) 100vw, 302px\" \/><\/figure><div class=\"wp-block-media-text__content\">\n<p>Largo da Juventude &#8211; Alto de S. Sebasti\u00e3o &#8211; 2864-005 Moita<br><br>Telefone &#8211; 212 899 560<br><br>e-mail:&nbsp;<a href=\"mailto:escola.dpedro@aemoita.pt\">escola.dpedro@aemoita.pt<\/a><\/p>\n<\/div><\/div>\n\n\n\n<hr class=\"wp-block-separator has-css-opacity\"\/>\n\n\n\n<h4 class=\"has-text-align-center wp-block-heading\"><strong>Escola B\u00e1sica&nbsp;da Moita&nbsp;<\/strong>(JI\/1\u00ba Ciclo)<\/h4>\n\n\n\n<div class=\"wp-block-media-text alignwide is-stacked-on-mobile is-vertically-aligned-top is-image-fill\"><figure class=\"wp-block-media-text__media\" style=\"background-image:url(https:\/\/aemoita.pt\/aemoita\/wp-content\/uploads\/2020\/12\/EBMoita-1024x685.jpg);background-position:50% 50%\"><img loading=\"lazy\" decoding=\"async\" width=\"1024\" height=\"685\" src=\"https:\/\/aemoita.pt\/aemoita\/wp-content\/uploads\/2020\/12\/EBMoita-1024x685.jpg\" alt=\"\" class=\"wp-image-139 size-full\" srcset=\"https:\/\/aemoita.pt\/aemoita\/wp-content\/uploads\/2020\/12\/EBMoita-1024x685.jpg 1024w, https:\/\/aemoita.pt\/aemoita\/wp-content\/uploads\/2020\/12\/EBMoita-300x201.jpg 300w, https:\/\/aemoita.pt\/aemoita\/wp-content\/uploads\/2020\/12\/EBMoita-768x514.jpg 768w, https:\/\/aemoita.pt\/aemoita\/wp-content\/uploads\/2020\/12\/EBMoita-1536x1028.jpg 1536w, https:\/\/aemoita.pt\/aemoita\/wp-content\/uploads\/2020\/12\/EBMoita.jpg 1600w\" sizes=\"auto, (max-width: 1024px) 100vw, 1024px\" \/><\/figure><div class=\"wp-block-media-text__content\">\n<p>N.\u00ba 1 Rua do Varino &#8211; Urb. do Palheir\u00e3o &#8211; 2860 Moita<br>Telef.: 212 896 184<br>Telef (JI): 211 805 660<br>e-mail:&nbsp;<a href=\"mailto:ebmoita.palheirao@gmail.com\">ebmoita.palheirao@gmail.com<\/a><\/p>\n<\/div><\/div>\n\n\n\n<hr class=\"wp-block-separator has-css-opacity\"\/>\n\n\n\n<h4 class=\"has-text-align-center wp-block-heading\"><strong>Escola B\u00e1sica do Penteado<\/strong>&nbsp;(1\u00ba Ciclo)<\/h4>\n\n\n\n<div class=\"wp-block-media-text alignwide has-media-on-the-right is-stacked-on-mobile is-vertically-aligned-top is-image-fill\"><figure class=\"wp-block-media-text__media\" style=\"background-image:url(https:\/\/aemoita.pt\/aemoita\/wp-content\/uploads\/2021\/05\/20210417_103343-scaled.jpg);background-position:50% 50%\"><img loading=\"lazy\" decoding=\"async\" width=\"2560\" height=\"1920\" src=\"https:\/\/aemoita.pt\/aemoita\/wp-content\/uploads\/2021\/05\/20210417_103343-scaled.jpg\" alt=\"\" class=\"wp-image-977 size-full\" srcset=\"https:\/\/aemoita.pt\/aemoita\/wp-content\/uploads\/2021\/05\/20210417_103343-scaled.jpg 2560w, https:\/\/aemoita.pt\/aemoita\/wp-content\/uploads\/2021\/05\/20210417_103343-300x225.jpg 300w\" sizes=\"auto, (max-width: 2560px) 100vw, 2560px\" \/><\/figure><div class=\"wp-block-media-text__content\">\n<p>Penteado&nbsp;&#8211;&nbsp;2860 Moita<\/p>\n\n\n\n<p>Telefone: 212 382 654<\/p>\n\n\n\n<p>e-mail:&nbsp;<a href=\"mailto:Eb1penteado@gmail.com\">Eb1penteado@gmail.com<\/a><\/p>\n<\/div><\/div>\n\n\n\n<hr class=\"wp-block-separator has-css-opacity\"\/>\n\n\n\n<h4 class=\"has-text-align-center wp-block-heading\"><strong>Jardim de Inf\u00e2ncia do Carvalhinho<\/strong>&nbsp;(JI)<\/h4>\n\n\n\n<div class=\"wp-block-media-text alignwide is-stacked-on-mobile\"><figure class=\"wp-block-media-text__media\"><img loading=\"lazy\" decoding=\"async\" width=\"1024\" height=\"685\" src=\"https:\/\/aemoita.pt\/aemoita\/wp-content\/uploads\/2020\/12\/EBPenteado-1024x685.jpg\" alt=\"\" class=\"wp-image-140 size-full\" srcset=\"https:\/\/aemoita.pt\/aemoita\/wp-content\/uploads\/2020\/12\/EBPenteado-1024x685.jpg 1024w, https:\/\/aemoita.pt\/aemoita\/wp-content\/uploads\/2020\/12\/EBPenteado-300x201.jpg 300w, https:\/\/aemoita.pt\/aemoita\/wp-content\/uploads\/2020\/12\/EBPenteado-768x514.jpg 768w, https:\/\/aemoita.pt\/aemoita\/wp-content\/uploads\/2020\/12\/EBPenteado-1536x1028.jpg 1536w, https:\/\/aemoita.pt\/aemoita\/wp-content\/uploads\/2020\/12\/EBPenteado.jpg 1600w\" sizes=\"auto, (max-width: 1024px) 100vw, 1024px\" \/><\/figure><div class=\"wp-block-media-text__content\">\n<p>Carvalhinho &#8211; 2860 Moita<\/p>\n\n\n\n<p>Telefone &#8211; 212898708<\/p>\n\n\n\n<p>E-mail:&nbsp;<a href=\"mailto:jicarvalhinho@gmail.com\">jicarvalhinho@gmail.com<\/a><\/p>\n<\/div><\/div>\n\n\n\n<hr class=\"wp-block-separator has-css-opacity\"\/>\n\n\n\n<h4 class=\"has-text-align-center wp-block-heading\"><strong>Escola B\u00e1sica&nbsp;de Sarilhos Pequenos<\/strong>(1\u00ba Ciclo)<\/h4>\n\n\n\n<div class=\"wp-block-media-text alignwide has-media-on-the-right is-stacked-on-mobile is-image-fill\"><figure class=\"wp-block-media-text__media\" style=\"background-image:url(https:\/\/aemoita.pt\/aemoita\/wp-content\/uploads\/2020\/12\/EBSarilhosPequenos-1024x685.jpg);background-position:50% 50%\"><img loading=\"lazy\" decoding=\"async\" width=\"1024\" height=\"685\" src=\"https:\/\/aemoita.pt\/aemoita\/wp-content\/uploads\/2020\/12\/EBSarilhosPequenos-1024x685.jpg\" alt=\"\" class=\"wp-image-141 size-full\" srcset=\"https:\/\/aemoita.pt\/aemoita\/wp-content\/uploads\/2020\/12\/EBSarilhosPequenos-1024x685.jpg 1024w, https:\/\/aemoita.pt\/aemoita\/wp-content\/uploads\/2020\/12\/EBSarilhosPequenos-300x201.jpg 300w, https:\/\/aemoita.pt\/aemoita\/wp-content\/uploads\/2020\/12\/EBSarilhosPequenos-768x514.jpg 768w, https:\/\/aemoita.pt\/aemoita\/wp-content\/uploads\/2020\/12\/EBSarilhosPequenos-1536x1028.jpg 1536w, https:\/\/aemoita.pt\/aemoita\/wp-content\/uploads\/2020\/12\/EBSarilhosPequenos.jpg 1600w\" sizes=\"auto, (max-width: 1024px) 100vw, 1024px\" \/><\/figure><div class=\"wp-block-media-text__content\">\n<p>Sarilhos Pequenos &#8211; 2860 Moita<\/p>\n\n\n\n<p>Telefone &#8211; 212898272<\/p>\n\n\n\n<p>E-mail:&nbsp;<a href=\"mailto:ebsarilhospequenos@gmail.com\">ebsarilhospequenos@gmail.com<\/a><\/p>\n<\/div><\/div>\n\n\n\n<hr class=\"wp-block-separator has-css-opacity\"\/>\n\n\n\n<h4 class=\"has-text-align-center wp-block-heading\"><strong>Jardim de Inf\u00e2ncia de Sarilhos Pequenos<\/strong>(JI)<\/h4>\n\n\n\n<div class=\"wp-block-media-text alignwide is-stacked-on-mobile is-image-fill\"><figure class=\"wp-block-media-text__media\" style=\"background-image:url(https:\/\/aemoita.pt\/aemoita\/wp-content\/uploads\/2020\/12\/JISarilhosPequenos-1024x685.jpg);background-position:50% 50%\"><img loading=\"lazy\" decoding=\"async\" width=\"1024\" height=\"685\" src=\"https:\/\/aemoita.pt\/aemoita\/wp-content\/uploads\/2020\/12\/JISarilhosPequenos-1024x685.jpg\" alt=\"\" class=\"wp-image-142 size-full\" srcset=\"https:\/\/aemoita.pt\/aemoita\/wp-content\/uploads\/2020\/12\/JISarilhosPequenos-1024x685.jpg 1024w, https:\/\/aemoita.pt\/aemoita\/wp-content\/uploads\/2020\/12\/JISarilhosPequenos-300x201.jpg 300w, https:\/\/aemoita.pt\/aemoita\/wp-content\/uploads\/2020\/12\/JISarilhosPequenos-768x514.jpg 768w, https:\/\/aemoita.pt\/aemoita\/wp-content\/uploads\/2020\/12\/JISarilhosPequenos-1536x1028.jpg 1536w, https:\/\/aemoita.pt\/aemoita\/wp-content\/uploads\/2020\/12\/JISarilhosPequenos.jpg 1600w\" sizes=\"auto, (max-width: 1024px) 100vw, 1024px\" \/><\/figure><div class=\"wp-block-media-text__content\">\n<p>Rua Lu\u00eds de Cam\u00f5es, Sarilhos Pequenos &#8211; 2860 Moita<\/p>\n\n\n\n<p>Telefone &#8211; 212896031<\/p>\n\n\n\n<p>e-mail:&nbsp;<a href=\"mailto:moitajisarilhos@gmail.com\">moitajisarilhos@gmail.com<\/a><\/p>\n<\/div><\/div>\n\n\n\n<hr class=\"wp-block-separator has-css-opacity\"\/>\n\n\n\n<h4 class=\"has-text-align-center wp-block-heading\"><strong>Escola B\u00e1sica&nbsp;do Ch\u00e3o Duro<\/strong>(1\u00ba Ciclo)<\/h4>\n\n\n\n<div class=\"wp-block-media-text alignwide has-media-on-the-right is-stacked-on-mobile is-image-fill\"><figure class=\"wp-block-media-text__media\" style=\"background-image:url(https:\/\/aemoita.pt\/aemoita\/wp-content\/uploads\/2020\/12\/EBChaoDuro-1024x685.jpg);background-position:50% 50%\"><img loading=\"lazy\" decoding=\"async\" width=\"1024\" height=\"685\" src=\"https:\/\/aemoita.pt\/aemoita\/wp-content\/uploads\/2020\/12\/EBChaoDuro-1024x685.jpg\" alt=\"\" class=\"wp-image-143 size-full\" srcset=\"https:\/\/aemoita.pt\/aemoita\/wp-content\/uploads\/2020\/12\/EBChaoDuro-1024x685.jpg 1024w, https:\/\/aemoita.pt\/aemoita\/wp-content\/uploads\/2020\/12\/EBChaoDuro-300x201.jpg 300w, https:\/\/aemoita.pt\/aemoita\/wp-content\/uploads\/2020\/12\/EBChaoDuro-768x514.jpg 768w, https:\/\/aemoita.pt\/aemoita\/wp-content\/uploads\/2020\/12\/EBChaoDuro-1536x1028.jpg 1536w, https:\/\/aemoita.pt\/aemoita\/wp-content\/uploads\/2020\/12\/EBChaoDuro.jpg 1600w\" sizes=\"auto, (max-width: 1024px) 100vw, 1024px\" \/><\/figure><div class=\"wp-block-media-text__content\">\n<p>Ch\u00e3o Duro &#8211; 2860 Moita<\/p>\n\n\n\n<p>Telefone &#8211; 212898422&nbsp;212 898 422<\/p>\n\n\n\n<p>e-mail:&nbsp;<a href=\"mailto:ebchaoduro@gmail.com\">ebchaoduro@gmail.com<\/a><\/p>\n<\/div><\/div>\n\n\n\n<hr class=\"wp-block-separator has-css-opacity\"\/>\n\n\n\n<h4 class=\"has-text-align-center wp-block-heading\"><strong>Escola B\u00e1sica N.\u00ba 2&nbsp;da Moita<\/strong>(1\u00ba Ciclo)<\/h4>\n\n\n\n<div class=\"wp-block-media-text alignwide is-stacked-on-mobile is-image-fill\"><figure class=\"wp-block-media-text__media\" style=\"background-image:url(https:\/\/aemoita.pt\/aemoita\/wp-content\/uploads\/2020\/12\/EB2Moita-1024x685.jpg);background-position:50% 50%\"><img loading=\"lazy\" decoding=\"async\" width=\"1024\" height=\"685\" src=\"https:\/\/aemoita.pt\/aemoita\/wp-content\/uploads\/2020\/12\/EB2Moita-1024x685.jpg\" alt=\"\" class=\"wp-image-144 size-full\" srcset=\"https:\/\/aemoita.pt\/aemoita\/wp-content\/uploads\/2020\/12\/EB2Moita-1024x685.jpg 1024w, https:\/\/aemoita.pt\/aemoita\/wp-content\/uploads\/2020\/12\/EB2Moita-300x201.jpg 300w, https:\/\/aemoita.pt\/aemoita\/wp-content\/uploads\/2020\/12\/EB2Moita-768x514.jpg 768w, https:\/\/aemoita.pt\/aemoita\/wp-content\/uploads\/2020\/12\/EB2Moita-1536x1028.jpg 1536w, https:\/\/aemoita.pt\/aemoita\/wp-content\/uploads\/2020\/12\/EB2Moita.jpg 1600w\" sizes=\"auto, (max-width: 1024px) 100vw, 1024px\" \/><\/figure><div class=\"wp-block-media-text__content\">\n<p>Rua Ant\u00f3nio S\u00e9rgio &#8211; 2860-455 Moita<\/p>\n\n\n\n<p>Telefone\/Fax &#8211; 212 801 558<\/p>\n\n\n\n<p>E-mail:&nbsp;<a href=\"mailto:ebmoita2@gmail.com\">ebmoita2@gmail.com<\/a><\/p>\n<\/div><\/div>\n\n\n\n<p><\/p>\n","protected":false},"excerpt":{"rendered":"<p>O&nbsp;Agrupamento de Escolas da Moita&nbsp;foi constitu\u00eddo no ano lectivo de 2010\/2011, passando a ter a seguinte constitui\u00e7\u00e3o: Escola Secund\u00e1ria da Moita (sede do agrupamento) Alto de S\u00e3o Sebasti\u00e3o &#8211; Largo da Juventude &#8211; 2864\/004 Moita Telefone: 212899910 Fax: 212899919 e-Mail:&nbsp;esec.moita@mail.telepac.pt Escola B\u00e1sica D. Pedro II &#8211; Moita&nbsp;(2.\u00ba e 3.\u00ba&nbsp;Ciclo) Largo da Juventude &#8211; Alto de [&hellip;]<\/p>\n","protected":false},"author":1,"featured_media":174,"parent":201,"menu_order":0,"comment_status":"closed","ping_status":"closed","template":"","meta":{"footnotes":""},"class_list":["post-129","page","type-page","status-publish","has-post-thumbnail","hentry"],"_links":{"self":[{"href":"https:\/\/aemoita.pt\/aemoita\/wp-json\/wp\/v2\/pages\/129","targetHints":{"allow":["GET"]}}],"collection":[{"href":"https:\/\/aemoita.pt\/aemoita\/wp-json\/wp\/v2\/pages"}],"about":[{"href":"https:\/\/aemoita.pt\/aemoita\/wp-json\/wp\/v2\/types\/page"}],"author":[{"embeddable":true,"href":"https:\/\/aemoita.pt\/aemoita\/wp-json\/wp\/v2\/users\/1"}],"replies":[{"embeddable":true,"href":"https:\/\/aemoita.pt\/aemoita\/wp-json\/wp\/v2\/comments?post=129"}],"version-history":[{"count":14,"href":"https:\/\/aemoita.pt\/aemoita\/wp-json\/wp\/v2\/pages\/129\/revisions"}],"predecessor-version":[{"id":1991,"href":"https:\/\/aemoita.pt\/aemoita\/wp-json\/wp\/v2\/pages\/129\/revisions\/1991"}],"up":[{"embeddable":true,"href":"https:\/\/aemoita.pt\/aemoita\/wp-json\/wp\/v2\/pages\/201"}],"wp:featuredmedia":[{"embeddable":true,"href":"https:\/\/aemoita.pt\/aemoita\/wp-json\/wp\/v2\/media\/174"}],"wp:attachment":[{"href":"https:\/\/aemoita.pt\/aemoita\/wp-json\/wp\/v2\/media?parent=129"}],"curies":[{"name":"wp","href":"https:\/\/api.w.org\/{rel}","templated":true}]}}