{"id":1578,"date":"2022-04-19T21:03:49","date_gmt":"2022-04-19T21:03:49","guid":{"rendered":"https:\/\/aemoita.pt\/aemoita\/?page_id=1578"},"modified":"2025-04-29T17:01:50","modified_gmt":"2025-04-29T17:01:50","slug":"animador-a-sociocultural","status":"publish","type":"page","link":"https:\/\/aemoita.pt\/aemoita\/cursos-profissionais\/animador-a-sociocultural\/","title":{"rendered":"Animador\/a Sociocultural"},"content":{"rendered":"\n<p>\u00c9 o\/a profissional que integra equipas multidisciplinares promovendo o desenvolvimento sociocultural de grupos e comunidades, estando apto a desempenhar, entre outras, as seguintes fun\u00e7\u00f5es:<\/p>\n\n\n\n<ul class=\"wp-block-list\">\n<li>Diagnosticar, analisar e despistar situa\u00e7\u00f5es de risco relativas ao grupo alvo e ao seu meio envolvente.<\/li>\n\n\n\n<li>Planear e implementar projetos de interven\u00e7\u00e3o s\u00f3cio-comunit\u00e1ria.<\/li>\n\n\n\n<li>Planear, organizar e avaliar atividades de car\u00e1ter educativo, cultural, desportivo, social, l\u00fadico, tur\u00edstico e recreativo.<\/li>\n\n\n\n<li>Conceber os materiais necess\u00e1rios para o desenvolvimento das atividades de anima\u00e7\u00e3o (fantoches, gigantones, esculturas, trabalhos de cer\u00e2mica, m\u00e1scaras, adere\u00e7os e pinturas).<\/li>\n\n\n\n<li>Desenvolver atividades diversas, nomeadamente ateliers, visitas a museus e exposi\u00e7\u00f5es, encontros desportivos, culturais e recreativos, encontros intergeracionais, atividades de express\u00e3o corporal, leitura de contos e poemas, trabalhos manuais, com posterior exposi\u00e7\u00e3o dos trabalhos realizados, culin\u00e1ria, passeios ao ar livre.<\/li>\n\n\n\n<li>Promover a integra\u00e7\u00e3o grupal e social<\/li>\n<\/ul>\n\n\n\n<p>O <strong>Animador Sociocultural <\/strong>pode desempenhar a sua atividade profissional em:<\/p>\n\n\n\n<ul class=\"wp-block-list\">\n<li>Institui\u00e7\u00f5es de Solidariedade Social<\/li>\n\n\n\n<li>Coletividades<\/li>\n\n\n\n<li>Museus<\/li>\n\n\n\n<li>Bibliotecas e Centros Culturais<\/li>\n\n\n\n<li>Autarquias<\/li>\n\n\n\n<li>Lares<\/li>\n\n\n\n<li>Outros<\/li>\n<\/ul>\n\n\n\n<p class=\"has-text-align-right has-medium-font-size\"><a href=\"https:\/\/docs.google.com\/forms\/d\/e\/1FAIpQLSeHJkKLL_R_mE5AhQ9j6wqpd8TtBypGkSFe0PYBRzCw9JBvPA\/viewform\" target=\"_blank\" rel=\"noreferrer noopener\"><strong><mark style=\"background-color:rgba(0, 0, 0, 0)\" class=\"has-inline-color has-vivid-cyan-blue-color\">Fa\u00e7a a sua pr\u00e9-inscri\u00e7\u00e3o aqui<\/mark><\/strong><\/a><\/p>\n\n\n\n<p class=\"has-text-align-center has-medium-font-size\"><\/p>\n\n\n\n<figure class=\"wp-block-image size-full\"><img loading=\"lazy\" decoding=\"async\" width=\"917\" height=\"639\" src=\"https:\/\/aemoita.pt\/aemoita\/wp-content\/uploads\/2022\/04\/planoEstudo-AS.png\" alt=\"\" class=\"wp-image-1580\" srcset=\"https:\/\/aemoita.pt\/aemoita\/wp-content\/uploads\/2022\/04\/planoEstudo-AS.png 917w, https:\/\/aemoita.pt\/aemoita\/wp-content\/uploads\/2022\/04\/planoEstudo-AS-300x209.png 300w, https:\/\/aemoita.pt\/aemoita\/wp-content\/uploads\/2022\/04\/planoEstudo-AS-768x535.png 768w\" sizes=\"auto, (max-width: 917px) 100vw, 917px\" \/><\/figure>\n\n\n\n<p class=\"has-text-align-right has-medium-font-size\"><a href=\"https:\/\/docs.google.com\/forms\/d\/e\/1FAIpQLSeHJkKLL_R_mE5AhQ9j6wqpd8TtBypGkSFe0PYBRzCw9JBvPA\/viewform\" data-type=\"URL\" data-id=\"https:\/\/docs.google.com\/forms\/d\/e\/1FAIpQLSc8cuxo7b0pnXcIJbKpSBs9N3h-E3SnHIZnwKCOXe6aNsB5Aw\/viewform?usp=sf_link\" target=\"_blank\" rel=\"noreferrer noopener\"><strong><span class=\"has-inline-color has-vivid-cyan-blue-color\">Fa\u00e7a a sua pr\u00e9-inscri\u00e7\u00e3o aqui<\/span><\/strong><\/a><\/p>\n\n\n<div class=\"wp-block-image is-style-default\">\n<figure class=\"aligncenter size-full\"><img loading=\"lazy\" decoding=\"async\" width=\"567\" height=\"285\" src=\"https:\/\/aemoita.pt\/aemoita\/wp-content\/uploads\/2022\/04\/Imagem3.png\" alt=\"\" class=\"wp-image-1598\" srcset=\"https:\/\/aemoita.pt\/aemoita\/wp-content\/uploads\/2022\/04\/Imagem3.png 567w, https:\/\/aemoita.pt\/aemoita\/wp-content\/uploads\/2022\/04\/Imagem3-300x151.png 300w\" sizes=\"auto, (max-width: 567px) 100vw, 567px\" \/><\/figure><\/div>\n\n\n<figure class=\"wp-block-video\"><video autoplay controls src=\"https:\/\/aemoita.pt\/aemoita\/wp-content\/uploads\/2022\/05\/as-1.mp4\"><\/video><\/figure>\n","protected":false},"excerpt":{"rendered":"<p>\u00c9 o\/a profissional que integra equipas multidisciplinares promovendo o desenvolvimento sociocultural de grupos e comunidades, estando apto a desempenhar, entre outras, as seguintes fun\u00e7\u00f5es: O Animador Sociocultural pode desempenhar a sua atividade profissional em: Fa\u00e7a a sua pr\u00e9-inscri\u00e7\u00e3o aqui Fa\u00e7a a sua pr\u00e9-inscri\u00e7\u00e3o aqui<\/p>\n","protected":false},"author":1,"featured_media":0,"parent":450,"menu_order":0,"comment_status":"closed","ping_status":"closed","template":"","meta":{"footnotes":""},"class_list":["post-1578","page","type-page","status-publish","hentry"],"_links":{"self":[{"href":"https:\/\/aemoita.pt\/aemoita\/wp-json\/wp\/v2\/pages\/1578","targetHints":{"allow":["GET"]}}],"collection":[{"href":"https:\/\/aemoita.pt\/aemoita\/wp-json\/wp\/v2\/pages"}],"about":[{"href":"https:\/\/aemoita.pt\/aemoita\/wp-json\/wp\/v2\/types\/page"}],"author":[{"embeddable":true,"href":"https:\/\/aemoita.pt\/aemoita\/wp-json\/wp\/v2\/users\/1"}],"replies":[{"embeddable":true,"href":"https:\/\/aemoita.pt\/aemoita\/wp-json\/wp\/v2\/comments?post=1578"}],"version-history":[{"count":13,"href":"https:\/\/aemoita.pt\/aemoita\/wp-json\/wp\/v2\/pages\/1578\/revisions"}],"predecessor-version":[{"id":5068,"href":"https:\/\/aemoita.pt\/aemoita\/wp-json\/wp\/v2\/pages\/1578\/revisions\/5068"}],"up":[{"embeddable":true,"href":"https:\/\/aemoita.pt\/aemoita\/wp-json\/wp\/v2\/pages\/450"}],"wp:attachment":[{"href":"https:\/\/aemoita.pt\/aemoita\/wp-json\/wp\/v2\/media?parent=1578"}],"curies":[{"name":"wp","href":"https:\/\/api.w.org\/{rel}","templated":true}]}}