{"id":1601,"date":"2022-04-19T22:07:46","date_gmt":"2022-04-19T22:07:46","guid":{"rendered":"https:\/\/aemoita.pt\/aemoita\/?page_id=1601"},"modified":"2025-04-29T17:07:05","modified_gmt":"2025-04-29T17:07:05","slug":"mediador-a-intercultural","status":"publish","type":"page","link":"https:\/\/aemoita.pt\/aemoita\/cursos-profissionais\/mediador-a-intercultural\/","title":{"rendered":"Mediador\/a Intercultural"},"content":{"rendered":"\n<p>\u00c9 o\/a profissional que integra equipas multidisciplinares promovendo o relacionamento social e intercultural de indiv\u00edduos, grupos e comunidades em contextos sociais de maior vulnerabilidade, estando apto a desempenhar, entre outras, as seguintes fun\u00e7\u00f5es:<\/p>\n\n\n\n<ul class=\"wp-block-list\">\n<li>Colaborar na elabora\u00e7\u00e3o, acompanhamento e avalia\u00e7\u00e3o de necessidades das comunidades de interven\u00e7\u00e3o<\/li>\n\n\n\n<li>Prestar apoio a outros profissionais de interven\u00e7\u00e3o social no estudo e caracteriza\u00e7\u00e3o das comunidades de interven\u00e7\u00e3o.<\/li>\n\n\n\n<li>Desenvolver a\u00e7\u00f5es de interven\u00e7\u00e3o e media\u00e7\u00e3o dirigidas \u00e0s comunidades, promovendo a educa\u00e7\u00e3o para a inclus\u00e3o.<\/li>\n\n\n\n<li>Prevenir situa\u00e7\u00f5es de vulnerabilidade, tens\u00e3o, risco e\/ou conflito na vida quotidiana das comunidades de interven\u00e7\u00e3o e mediar situa\u00e7\u00f5es de conflito que envolvam as mesmas.<\/li>\n<\/ul>\n\n\n\n<p>O <strong>Mediador\/a Intercultural<\/strong> pode desempenhar a sua atividade profissional em:<\/p>\n\n\n\n<ul class=\"wp-block-list\">\n<li>Institui\u00e7\u00f5es de Solidariedade Social<\/li>\n\n\n\n<li>Autarquias<\/li>\n\n\n\n<li>ONG (Organiza\u00e7\u00f5es N\u00e3o Governamentais)<\/li>\n\n\n\n<li>Embaixadas<\/li>\n<\/ul>\n\n\n\n<p class=\"has-text-align-right has-medium-font-size\"><a href=\"https:\/\/docs.google.com\/forms\/d\/e\/1FAIpQLSeHJkKLL_R_mE5AhQ9j6wqpd8TtBypGkSFe0PYBRzCw9JBvPA\/viewform\" target=\"_blank\" rel=\"noreferrer noopener\"><strong><mark style=\"background-color:rgba(0, 0, 0, 0)\" class=\"has-inline-color has-vivid-cyan-blue-color\">Fa\u00e7a a sua pr\u00e9-inscri\u00e7\u00e3o aqui<\/mark><\/strong><\/a><\/p>\n\n\n\n<p class=\"has-text-align-center has-medium-font-size\"><\/p>\n\n\n\n<figure class=\"wp-block-image size-full\"><img loading=\"lazy\" decoding=\"async\" width=\"834\" height=\"626\" src=\"https:\/\/aemoita.pt\/aemoita\/wp-content\/uploads\/2022\/04\/Imagem4.png\" alt=\"\" class=\"wp-image-1602\" srcset=\"https:\/\/aemoita.pt\/aemoita\/wp-content\/uploads\/2022\/04\/Imagem4.png 834w, https:\/\/aemoita.pt\/aemoita\/wp-content\/uploads\/2022\/04\/Imagem4-300x225.png 300w, https:\/\/aemoita.pt\/aemoita\/wp-content\/uploads\/2022\/04\/Imagem4-768x576.png 768w\" sizes=\"auto, (max-width: 834px) 100vw, 834px\" \/><\/figure>\n\n\n\n<p class=\"has-text-align-right has-medium-font-size\"><a href=\"https:\/\/docs.google.com\/forms\/d\/e\/1FAIpQLSeHJkKLL_R_mE5AhQ9j6wqpd8TtBypGkSFe0PYBRzCw9JBvPA\/viewform\" data-type=\"URL\" data-id=\"https:\/\/docs.google.com\/forms\/d\/e\/1FAIpQLSc8cuxo7b0pnXcIJbKpSBs9N3h-E3SnHIZnwKCOXe6aNsB5Aw\/viewform?usp=sf_link\" target=\"_blank\" rel=\"noreferrer noopener\"><strong><span class=\"has-inline-color has-vivid-cyan-blue-color\">Fa\u00e7a a sua pr\u00e9-inscri\u00e7\u00e3o aqui<\/span><\/strong><\/a><\/p>\n\n\n<div class=\"wp-block-image is-style-default\">\n<figure class=\"aligncenter size-full\"><img loading=\"lazy\" decoding=\"async\" width=\"567\" height=\"567\" src=\"https:\/\/aemoita.pt\/aemoita\/wp-content\/uploads\/2022\/04\/Imagem2.png\" alt=\"\" class=\"wp-image-1603\" srcset=\"https:\/\/aemoita.pt\/aemoita\/wp-content\/uploads\/2022\/04\/Imagem2.png 567w, https:\/\/aemoita.pt\/aemoita\/wp-content\/uploads\/2022\/04\/Imagem2-300x300.png 300w, https:\/\/aemoita.pt\/aemoita\/wp-content\/uploads\/2022\/04\/Imagem2-150x150.png 150w\" sizes=\"auto, (max-width: 567px) 100vw, 567px\" \/><\/figure><\/div>\n\n\n<figure class=\"wp-block-video\"><video autoplay controls src=\"https:\/\/aemoita.pt\/aemoita\/wp-content\/uploads\/2022\/05\/MI.mp4\"><\/video><\/figure>\n","protected":false},"excerpt":{"rendered":"<p>\u00c9 o\/a profissional que integra equipas multidisciplinares promovendo o relacionamento social e intercultural de indiv\u00edduos, grupos e comunidades em contextos sociais de maior vulnerabilidade, estando apto a desempenhar, entre outras, as seguintes fun\u00e7\u00f5es: O Mediador\/a Intercultural pode desempenhar a sua atividade profissional em: Fa\u00e7a a sua pr\u00e9-inscri\u00e7\u00e3o aqui Fa\u00e7a a sua pr\u00e9-inscri\u00e7\u00e3o aqui<\/p>\n","protected":false},"author":1,"featured_media":0,"parent":450,"menu_order":0,"comment_status":"closed","ping_status":"closed","template":"","meta":{"footnotes":""},"class_list":["post-1601","page","type-page","status-publish","hentry"],"_links":{"self":[{"href":"https:\/\/aemoita.pt\/aemoita\/wp-json\/wp\/v2\/pages\/1601","targetHints":{"allow":["GET"]}}],"collection":[{"href":"https:\/\/aemoita.pt\/aemoita\/wp-json\/wp\/v2\/pages"}],"about":[{"href":"https:\/\/aemoita.pt\/aemoita\/wp-json\/wp\/v2\/types\/page"}],"author":[{"embeddable":true,"href":"https:\/\/aemoita.pt\/aemoita\/wp-json\/wp\/v2\/users\/1"}],"replies":[{"embeddable":true,"href":"https:\/\/aemoita.pt\/aemoita\/wp-json\/wp\/v2\/comments?post=1601"}],"version-history":[{"count":6,"href":"https:\/\/aemoita.pt\/aemoita\/wp-json\/wp\/v2\/pages\/1601\/revisions"}],"predecessor-version":[{"id":5074,"href":"https:\/\/aemoita.pt\/aemoita\/wp-json\/wp\/v2\/pages\/1601\/revisions\/5074"}],"up":[{"embeddable":true,"href":"https:\/\/aemoita.pt\/aemoita\/wp-json\/wp\/v2\/pages\/450"}],"wp:attachment":[{"href":"https:\/\/aemoita.pt\/aemoita\/wp-json\/wp\/v2\/media?parent=1601"}],"curies":[{"name":"wp","href":"https:\/\/api.w.org\/{rel}","templated":true}]}}