{"id":186,"date":"2020-12-14T23:21:34","date_gmt":"2020-12-14T23:21:34","guid":{"rendered":"https:\/\/aemoita.pt\/aemoita\/aemoita\/?page_id=186"},"modified":"2025-11-25T17:51:45","modified_gmt":"2025-11-25T17:51:45","slug":"conselho-geral","status":"publish","type":"page","link":"https:\/\/aemoita.pt\/aemoita\/agrupamento\/conselho-geral\/","title":{"rendered":"Conselho Geral"},"content":{"rendered":"\n<h4 class=\"wp-block-heading\"><\/h4>\n\n\n<div class=\"wp-block-image\">\n<figure class=\"aligncenter size-full is-resized\"><img loading=\"lazy\" decoding=\"async\" width=\"699\" height=\"134\" src=\"https:\/\/aemoita.pt\/aemoita\/wp-content\/uploads\/2025\/11\/image-2.png\" alt=\"\" class=\"wp-image-5685\" style=\"width:853px;height:auto\" srcset=\"https:\/\/aemoita.pt\/aemoita\/wp-content\/uploads\/2025\/11\/image-2.png 699w, https:\/\/aemoita.pt\/aemoita\/wp-content\/uploads\/2025\/11\/image-2-300x58.png 300w\" sizes=\"auto, (max-width: 699px) 100vw, 699px\" \/><\/figure><\/div>\n\n\n<figure class=\"wp-block-table\"><table><tbody><tr><td class=\"has-text-align-center\" data-align=\"center\" rowspan=\"12\"><strong>Docentes<\/strong><\/td><td class=\"has-text-align-center\" data-align=\"center\" rowspan=\"8\">Efetivos<\/td><td class=\"has-text-align-center\" data-align=\"center\">Evangelina Mota Batista<\/td><\/tr><tr><td class=\"has-text-align-center\" data-align=\"center\">Ib\u00e9rica Ester silveira Martins<\/td><\/tr><tr><td class=\"has-text-align-center\" data-align=\"center\">H\u00e9lder Lu\u00eds Branco Fernandes<\/td><\/tr><tr><td class=\"has-text-align-center\" data-align=\"center\">Dina Isabel Gentil Dias<\/td><\/tr><tr><td class=\"has-text-align-center\" data-align=\"center\">M\u00aa da Consola\u00e7\u00e3o M. P. Alag\u00f4a<\/td><\/tr><tr><td class=\"has-text-align-center\" data-align=\"center\">Jorge Humberto F. Malveiro<\/td><\/tr><tr><td class=\"has-text-align-center\" data-align=\"center\">Anabela G. M. Andrade Gomes<\/td><\/tr><tr><td class=\"has-text-align-center\" data-align=\"center\">Ilda da Concei\u00e7\u00e3o M. D. Afonso<\/td><\/tr><tr><td class=\"has-text-align-center\" data-align=\"center\" rowspan=\"4\">Substitutos<\/td><td class=\"has-text-align-center\" data-align=\"center\">Lu\u00edsa Maria Nunes Alves<\/td><\/tr><tr><td class=\"has-text-align-center\" data-align=\"center\">Lina Isabel Gomes<\/td><\/tr><tr><td class=\"has-text-align-center\" data-align=\"center\">Maria Teresa Ferreira Campos<\/td><\/tr><tr><td class=\"has-text-align-center\" data-align=\"center\">Sandra Isabel Picard Santana<\/td><\/tr><tr><td class=\"has-text-align-center\" data-align=\"center\" rowspan=\"3\"><strong>N\u00e3o Docentes<\/strong><\/td><td class=\"has-text-align-center\" data-align=\"center\" rowspan=\"2\">Efetivos<\/td><td class=\"has-text-align-center\" data-align=\"center\">Maria Dulce E. Bernardo<\/td><\/tr><tr><td class=\"has-text-align-center\" data-align=\"center\">Carla Sofia Bernardo Santos<\/td><\/tr><tr><td class=\"has-text-align-center\" data-align=\"center\">Substitutos<\/td><td class=\"has-text-align-center\" data-align=\"center\">Mercedes Casa Novas<\/td><\/tr><tr><td class=\"has-text-align-center\" data-align=\"center\" rowspan=\"2\"><strong>Alunos<\/strong><\/td><td class=\"has-text-align-center\" data-align=\"center\">Efetivos<\/td><td class=\"has-text-align-center\" data-align=\"center\">&#8212;&#8212;&#8212;&#8212;&#8212;&#8212;&#8212;&#8212;&#8212;&#8212;&#8212;&#8212;&#8212;-<\/td><\/tr><tr><td class=\"has-text-align-center\" data-align=\"center\">Substitutos<\/td><td class=\"has-text-align-center\" data-align=\"center\">&#8212;&#8212;&#8212;&#8212;&#8212;&#8212;&#8212;&#8212;&#8212;&#8212;&#8212;&#8212;&#8212;-<\/td><\/tr><tr><td class=\"has-text-align-center\" data-align=\"center\" rowspan=\"6\"><strong>Encarregados de Educ.<\/strong><\/td><td class=\"has-text-align-center\" data-align=\"center\" rowspan=\"4\">Efetivos<\/td><td class=\"has-text-align-center\" data-align=\"center\">Sandra Cristino de Brito Jorge<\/td><\/tr><tr><td class=\"has-text-align-center\" data-align=\"center\">S\u00f3nia Sofia Almeida Pinto<\/td><\/tr><tr><td class=\"has-text-align-center\" data-align=\"center\">Fernanda Montagnana<\/td><\/tr><tr><td class=\"has-text-align-center\" data-align=\"center\">Gon\u00e7alo Nuno Beja Parreira<\/td><\/tr><tr><td class=\"has-text-align-center\" data-align=\"center\">Substitutos<\/td><td class=\"has-text-align-center\" data-align=\"center\">Maria Jos\u00e9 L. S. Craveiro<\/td><\/tr><tr><td class=\"has-text-align-center\" data-align=\"center\">&nbsp;<\/td><td class=\"has-text-align-center\" data-align=\"center\">S\u00f3nia Afonso<\/td><\/tr><tr><td class=\"has-text-align-center\" data-align=\"center\" rowspan=\"7\"><strong>Munic\u00edpio<\/strong><\/td><td class=\"has-text-align-center\" data-align=\"center\" rowspan=\"3\">Efetivos<\/td><td class=\"has-text-align-center\" data-align=\"center\">Ant\u00f3nio Carlos Pereira <em>(CMM)<\/em><\/td><\/tr><tr><td class=\"has-text-align-center\" data-align=\"center\">Ana Isabel V. N. Fera <em>(CMM)<\/em><\/td><\/tr><tr><td class=\"has-text-align-center\" data-align=\"center\">Fabr\u00edcio A. S. Pereira <em>(JFM)<\/em><\/td><\/tr><tr><td class=\"has-text-align-center\" data-align=\"center\" rowspan=\"4\">Substitutos<\/td><td class=\"has-text-align-center\" data-align=\"center\">Anabela da Cruz F. Rosa<\/td><\/tr><tr><td class=\"has-text-align-center\" data-align=\"center\">Maria Helena B. Santos<\/td><\/tr><tr><td class=\"has-text-align-center\" data-align=\"center\">Ana Maria C. P. Pratas<\/td><\/tr><tr><td class=\"has-text-align-center\" data-align=\"center\">D\u00e9bora Borges<\/td><\/tr><tr><td class=\"has-text-align-center\" data-align=\"center\" colspan=\"2\" rowspan=\"2\">Comunidade<\/td><td class=\"has-text-align-center\" data-align=\"center\">Rotary Clube da Moita<\/td><\/tr><tr><td class=\"has-text-align-center\" data-align=\"center\">Movimento Fam\u00edlias c\/ Esperan\u00e7a<\/td><\/tr><tr><td class=\"has-text-align-center\" data-align=\"center\" colspan=\"2\">Diretor<\/td><td class=\"has-text-align-center\" data-align=\"center\">Jo\u00e3o Carlos Lopes<\/td><\/tr><\/tbody><\/table><\/figure>\n\n\n\n<hr class=\"wp-block-separator has-css-opacity\"\/>\n\n\n\n<div class=\"wp-block-file\"><a id=\"wp-block-file--media-7c19eff1-bd60-46d4-aa32-7dc3e58e73b1\" href=\"https:\/\/aemoita.pt\/aemoita\/wp-content\/uploads\/2025\/09\/A29_RegimentoConselhoGeral.pdf\">Regimento do Conselho Geral<\/a><a href=\"https:\/\/aemoita.pt\/aemoita\/wp-content\/uploads\/2025\/09\/A29_RegimentoConselhoGeral.pdf\" class=\"wp-block-file__button wp-element-button\" download aria-describedby=\"wp-block-file--media-7c19eff1-bd60-46d4-aa32-7dc3e58e73b1\">Consultar<\/a><\/div>\n\n\n\n<div style=\"height:54px\" aria-hidden=\"true\" class=\"wp-block-spacer\"><\/div>\n\n\n<div class=\"wp-block-image\">\n<figure class=\"aligncenter size-full is-resized\"><img loading=\"lazy\" decoding=\"async\" width=\"625\" height=\"427\" src=\"https:\/\/aemoita.pt\/aemoita\/wp-content\/uploads\/2025\/11\/image-1.png\" alt=\"\" class=\"wp-image-5682\" style=\"width:847px;height:auto\" srcset=\"https:\/\/aemoita.pt\/aemoita\/wp-content\/uploads\/2025\/11\/image-1.png 625w, https:\/\/aemoita.pt\/aemoita\/wp-content\/uploads\/2025\/11\/image-1-300x205.png 300w\" sizes=\"auto, (max-width: 625px) 100vw, 625px\" \/><\/figure><\/div>","protected":false},"excerpt":{"rendered":"<p>Docentes Efetivos Evangelina Mota Batista Ib\u00e9rica Ester silveira Martins H\u00e9lder Lu\u00eds Branco Fernandes Dina Isabel Gentil Dias M\u00aa da Consola\u00e7\u00e3o M. P. Alag\u00f4a Jorge Humberto F. Malveiro Anabela G. M. Andrade Gomes Ilda da Concei\u00e7\u00e3o M. D. Afonso Substitutos Lu\u00edsa Maria Nunes Alves Lina Isabel Gomes Maria Teresa Ferreira Campos Sandra Isabel Picard Santana N\u00e3o [&hellip;]<\/p>\n","protected":false},"author":1,"featured_media":258,"parent":201,"menu_order":0,"comment_status":"closed","ping_status":"closed","template":"","meta":{"footnotes":""},"class_list":["post-186","page","type-page","status-publish","has-post-thumbnail","hentry"],"_links":{"self":[{"href":"https:\/\/aemoita.pt\/aemoita\/wp-json\/wp\/v2\/pages\/186","targetHints":{"allow":["GET"]}}],"collection":[{"href":"https:\/\/aemoita.pt\/aemoita\/wp-json\/wp\/v2\/pages"}],"about":[{"href":"https:\/\/aemoita.pt\/aemoita\/wp-json\/wp\/v2\/types\/page"}],"author":[{"embeddable":true,"href":"https:\/\/aemoita.pt\/aemoita\/wp-json\/wp\/v2\/users\/1"}],"replies":[{"embeddable":true,"href":"https:\/\/aemoita.pt\/aemoita\/wp-json\/wp\/v2\/comments?post=186"}],"version-history":[{"count":11,"href":"https:\/\/aemoita.pt\/aemoita\/wp-json\/wp\/v2\/pages\/186\/revisions"}],"predecessor-version":[{"id":5686,"href":"https:\/\/aemoita.pt\/aemoita\/wp-json\/wp\/v2\/pages\/186\/revisions\/5686"}],"up":[{"embeddable":true,"href":"https:\/\/aemoita.pt\/aemoita\/wp-json\/wp\/v2\/pages\/201"}],"wp:featuredmedia":[{"embeddable":true,"href":"https:\/\/aemoita.pt\/aemoita\/wp-json\/wp\/v2\/media\/258"}],"wp:attachment":[{"href":"https:\/\/aemoita.pt\/aemoita\/wp-json\/wp\/v2\/media?parent=186"}],"curies":[{"name":"wp","href":"https:\/\/api.w.org\/{rel}","templated":true}]}}