{"id":213,"date":"2020-12-19T12:56:14","date_gmt":"2020-12-19T12:56:14","guid":{"rendered":"https:\/\/aemoita.pt\/aemoita\/aemoita\/?page_id=213"},"modified":"2021-04-23T21:14:33","modified_gmt":"2021-04-23T21:14:33","slug":"conselho-administrativo","status":"publish","type":"page","link":"https:\/\/aemoita.pt\/aemoita\/agrupamento\/conselho-administrativo\/","title":{"rendered":"Conselho Administrativo"},"content":{"rendered":"\n<figure class=\"wp-block-table is-style-stripes\"><table><tbody><tr><td>Diretor<\/td><td>Jo\u00e3o Carlos Lopes<\/td><\/tr><tr><td>Subdiretor<\/td><td>Fernando Jos\u00e9 Gil Sim\u00f5es<\/td><\/tr><tr><td>Chefe dos Servi\u00e7os de Administra\u00e7\u00e3o Escolar<\/td><td>Maria Teresa Bravo de Almeida Ferreira<\/td><\/tr><\/tbody><\/table><\/figure>\n","protected":false},"excerpt":{"rendered":"<p>Diretor Jo\u00e3o Carlos Lopes Subdiretor Fernando Jos\u00e9 Gil Sim\u00f5es Chefe dos Servi\u00e7os de Administra\u00e7\u00e3o Escolar Maria Teresa Bravo de Almeida Ferreira<\/p>\n","protected":false},"author":1,"featured_media":262,"parent":201,"menu_order":2,"comment_status":"closed","ping_status":"closed","template":"","meta":{"footnotes":""},"class_list":["post-213","page","type-page","status-publish","has-post-thumbnail","hentry"],"_links":{"self":[{"href":"https:\/\/aemoita.pt\/aemoita\/wp-json\/wp\/v2\/pages\/213","targetHints":{"allow":["GET"]}}],"collection":[{"href":"https:\/\/aemoita.pt\/aemoita\/wp-json\/wp\/v2\/pages"}],"about":[{"href":"https:\/\/aemoita.pt\/aemoita\/wp-json\/wp\/v2\/types\/page"}],"author":[{"embeddable":true,"href":"https:\/\/aemoita.pt\/aemoita\/wp-json\/wp\/v2\/users\/1"}],"replies":[{"embeddable":true,"href":"https:\/\/aemoita.pt\/aemoita\/wp-json\/wp\/v2\/comments?post=213"}],"version-history":[{"count":3,"href":"https:\/\/aemoita.pt\/aemoita\/wp-json\/wp\/v2\/pages\/213\/revisions"}],"predecessor-version":[{"id":217,"href":"https:\/\/aemoita.pt\/aemoita\/wp-json\/wp\/v2\/pages\/213\/revisions\/217"}],"up":[{"embeddable":true,"href":"https:\/\/aemoita.pt\/aemoita\/wp-json\/wp\/v2\/pages\/201"}],"wp:featuredmedia":[{"embeddable":true,"href":"https:\/\/aemoita.pt\/aemoita\/wp-json\/wp\/v2\/media\/262"}],"wp:attachment":[{"href":"https:\/\/aemoita.pt\/aemoita\/wp-json\/wp\/v2\/media?parent=213"}],"curies":[{"name":"wp","href":"https:\/\/api.w.org\/{rel}","templated":true}]}}