{"id":218,"date":"2020-12-19T13:47:35","date_gmt":"2020-12-19T13:47:35","guid":{"rendered":"https:\/\/aemoita.pt\/aemoita\/aemoita\/?page_id=218"},"modified":"2025-06-30T19:42:45","modified_gmt":"2025-06-30T19:42:45","slug":"conselho-pedagogico","status":"publish","type":"page","link":"https:\/\/aemoita.pt\/aemoita\/agrupamento\/conselho-pedagogico\/","title":{"rendered":"Conselho Pedag\u00f3gico"},"content":{"rendered":"\n<div class=\"wp-block-file\"><a href=\"https:\/\/aemoita.pt\/aemoita\/aemoita\/wp-content\/uploads\/2020\/12\/120_regimento_conselho_pedagogico.pdf\">Regimento do Conselho Pedag\u00f3gico<\/a><a href=\"https:\/\/aemoita.pt\/aemoita\/aemoita\/wp-content\/uploads\/2020\/12\/120_regimento_conselho_pedagogico.pdf\" class=\"wp-block-file__button wp-element-button\" download>Descarregar<\/a><\/div>\n\n\n\n<figure class=\"wp-block-table is-style-stripes\"><table><thead><tr><th>Cargo<\/th><th>Nome<\/th><\/tr><\/thead><tbody><tr><td>Diretor (Presidente)<\/td><td>Jo\u00e3o Carlos Lopes<\/td><\/tr><tr><td>Coordenadora da Educa\u00e7\u00e3o Pr\u00e9-Escolar<br><\/td><td>S\u00f3nia Cristina da S. C. Leit\u00e3o Pacheco<\/td><\/tr><tr><td>Coordenadora do Departamento do 1\u00baCiclo<\/td><td>Lidia de Jesus Paix\u00e3o Caeiro<\/td><\/tr><tr><td>Coordenadora do Departamento de L\u00ednguas<\/td><td>Guilherme Fernandes Machado<\/td><\/tr><tr><td>Coordenador do Departamento de Ci\u00eancias Sociais e Humanas<\/td><td>Ana Paula Vilhena Nogueira<\/td><\/tr><tr><td>Coordenador do Departamento de Matem\u00e1tica e Ci\u00eancias Experimentais<\/td><td>Paulo Jorge Ribeiro Dias<\/td><\/tr><tr><td>Coordenadora do Departamento de Express\u00f5es<\/td><td>Nuno Filipe Guerreiro Valente<\/td><\/tr><tr><td>Coordenador dos Diretores de Turma (2.\u00ba e 3.\u00ba Ciclos)<\/td><td>Maria Manuela de Oliveira Ladeira<\/td><\/tr><tr><td>Coordenador dos Diretores de Turma (secund\u00e1rio)<\/td><td>Jos\u00e9 Alexandre Almeirim Morais<\/td><\/tr><tr><td>Coordenador do Ensino Profissional<\/td><td>Lu\u00edsa Maria Resende S. Nunes Alves<\/td><\/tr><tr><td>Coordenador do Centro Qualifica\/Outras ofertas<\/td><td>Maria Clara Rafael M. A. Palma Ramos<\/td><\/tr><tr><td>Coordenadora dos Projetos de Desenvolvimento Educativo<\/td><td>Maria de F\u00e1tima da Silva Gl\u00f3ria Franco<\/td><\/tr><tr><td>Coordenadora da equipa respons\u00e1vel pelas Bibliotecas Escolares<\/td><td>Maria Helena Gomes Bolinhas Brissos<\/td><\/tr><tr><td>Coordenadora da Educa\u00e7\u00e3o Especial<\/td><td>Maria Filomena Alves E. M. Martins<\/td><\/tr><\/tbody><\/table><\/figure>\n\n\n\n<p class=\"has-small-font-size\">(Aprovado em 7 novembro 2012 e alterado a 13 outubro 2014)<\/p>\n\n\n\n<p><\/p>\n","protected":false},"excerpt":{"rendered":"<p>Cargo Nome Diretor (Presidente) Jo\u00e3o Carlos Lopes Coordenadora da Educa\u00e7\u00e3o Pr\u00e9-Escolar S\u00f3nia Cristina da S. C. Leit\u00e3o Pacheco Coordenadora do Departamento do 1\u00baCiclo Lidia de Jesus Paix\u00e3o Caeiro Coordenadora do Departamento de L\u00ednguas Guilherme Fernandes Machado Coordenador do Departamento de Ci\u00eancias Sociais e Humanas Ana Paula Vilhena Nogueira Coordenador do Departamento de Matem\u00e1tica e Ci\u00eancias [&hellip;]<\/p>\n","protected":false},"author":1,"featured_media":263,"parent":201,"menu_order":3,"comment_status":"closed","ping_status":"closed","template":"","meta":{"footnotes":""},"class_list":["post-218","page","type-page","status-publish","has-post-thumbnail","hentry"],"_links":{"self":[{"href":"https:\/\/aemoita.pt\/aemoita\/wp-json\/wp\/v2\/pages\/218","targetHints":{"allow":["GET"]}}],"collection":[{"href":"https:\/\/aemoita.pt\/aemoita\/wp-json\/wp\/v2\/pages"}],"about":[{"href":"https:\/\/aemoita.pt\/aemoita\/wp-json\/wp\/v2\/types\/page"}],"author":[{"embeddable":true,"href":"https:\/\/aemoita.pt\/aemoita\/wp-json\/wp\/v2\/users\/1"}],"replies":[{"embeddable":true,"href":"https:\/\/aemoita.pt\/aemoita\/wp-json\/wp\/v2\/comments?post=218"}],"version-history":[{"count":5,"href":"https:\/\/aemoita.pt\/aemoita\/wp-json\/wp\/v2\/pages\/218\/revisions"}],"predecessor-version":[{"id":5373,"href":"https:\/\/aemoita.pt\/aemoita\/wp-json\/wp\/v2\/pages\/218\/revisions\/5373"}],"up":[{"embeddable":true,"href":"https:\/\/aemoita.pt\/aemoita\/wp-json\/wp\/v2\/pages\/201"}],"wp:featuredmedia":[{"embeddable":true,"href":"https:\/\/aemoita.pt\/aemoita\/wp-json\/wp\/v2\/media\/263"}],"wp:attachment":[{"href":"https:\/\/aemoita.pt\/aemoita\/wp-json\/wp\/v2\/media?parent=218"}],"curies":[{"name":"wp","href":"https:\/\/api.w.org\/{rel}","templated":true}]}}