{"id":2535,"date":"2023-04-22T18:57:27","date_gmt":"2023-04-22T18:57:27","guid":{"rendered":"https:\/\/aemoita.pt\/aemoita\/?page_id=2535"},"modified":"2025-04-29T17:04:28","modified_gmt":"2025-04-29T17:04:28","slug":"administrativo","status":"publish","type":"page","link":"https:\/\/aemoita.pt\/aemoita\/cursos-profissionais\/administrativo\/","title":{"rendered":"Inform\u00e1tica de Gest\u00e3o"},"content":{"rendered":"\n<p>Profissional qualificado que possui compet\u00eancias no \u00e2mbito da gest\u00e3o das organiza\u00e7\u00f5es, nomeadamente na constru\u00e7\u00e3o de modelos de gest\u00e3o de neg\u00f3cios\/projetos, criando matrizes com recurso a aplica\u00e7\u00f5es inform\u00e1ticas para as micro, pequenas e m\u00e9dias empresas, com vista \u00e0 efic\u00e1cia de resultados.&nbsp;<\/p>\n\n\n\n<p><strong>Sa\u00eddas Profissionais:<\/strong><\/p>\n\n\n\n<ul class=\"wp-block-list\">\n<li>Apoiar a coordena\u00e7\u00e3o de departamentos de inform\u00e1tica;<\/li>\n\n\n\n<li>Instalar, configurar e efetuar a manuten\u00e7\u00e3o de diferentes sistemas operativos e de software de aplica\u00e7\u00e3o;&nbsp;<\/li>\n\n\n\n<li>Desenvolver, analisar e testar e implementar aplica\u00e7\u00f5es na \u00e1rea de gest\u00e3o;<\/li>\n\n\n\n<li>Desenvolver, distribuir, instalar e efetuar a manuten\u00e7\u00e3o de aplica\u00e7\u00f5es inform\u00e1ticas, utilizando ambientes e linguagens de programa\u00e7\u00e3o;&nbsp;<\/li>\n\n\n\n<li>Desenvolver p\u00e1ginas e sistemas de informa\u00e7\u00e3o nas tecnologias web;<\/li>\n\n\n\n<li>Colaborar na gest\u00e3o de meios humanos, materiais e financeiros;<\/li>\n\n\n\n<li>Participar na execu\u00e7\u00e3o da contabilidade geral da empresa;<\/li>\n\n\n\n<li>Apoiar o processamento de sal\u00e1rios;<\/li>\n\n\n\n<li>Utilizar aplica\u00e7\u00f5es de fatura\u00e7\u00e3o, stocks, contas correntes, imobilizadas, contabilidade e sal\u00e1rios;<\/li>\n\n\n\n<li>Participar na organiza\u00e7\u00e3o dos processos e procedimentos das obriga\u00e7\u00f5es fiscais e de prote\u00e7\u00e3o social;<\/li>\n\n\n\n<li>Apoiar o expediente e o arquivo;<\/li>\n\n\n\n<li>Participar na elabora\u00e7\u00e3o de relat\u00f3rios e mapas de gest\u00e3o.<\/li>\n<\/ul>\n\n\n\n<p><\/p>\n\n\n\n<p class=\"has-text-align-right\"><strong><a href=\"https:\/\/docs.google.com\/forms\/d\/e\/1FAIpQLSeHJkKLL_R_mE5AhQ9j6wqpd8TtBypGkSFe0PYBRzCw9JBvPA\/viewform\" target=\"_blank\" rel=\"noreferrer noopener\"><mark style=\"background-color:rgba(0, 0, 0, 0)\" class=\"has-inline-color has-vivid-cyan-blue-color\">Fa\u00e7a a sua pr\u00e9-inscri\u00e7\u00e3o aqui.<\/mark><\/a><\/strong><\/p>\n\n\n<div class=\"wp-block-image\">\n<figure class=\"aligncenter size-large\"><img loading=\"lazy\" decoding=\"async\" width=\"1024\" height=\"834\" src=\"https:\/\/aemoita.pt\/aemoita\/wp-content\/uploads\/2024\/03\/Captura-de-ecra-2024-03-24-as-11.02.00-1024x834.png\" alt=\"\" class=\"wp-image-3619\" srcset=\"https:\/\/aemoita.pt\/aemoita\/wp-content\/uploads\/2024\/03\/Captura-de-ecra-2024-03-24-as-11.02.00-1024x834.png 1024w, https:\/\/aemoita.pt\/aemoita\/wp-content\/uploads\/2024\/03\/Captura-de-ecra-2024-03-24-as-11.02.00-300x244.png 300w, https:\/\/aemoita.pt\/aemoita\/wp-content\/uploads\/2024\/03\/Captura-de-ecra-2024-03-24-as-11.02.00-768x626.png 768w, https:\/\/aemoita.pt\/aemoita\/wp-content\/uploads\/2024\/03\/Captura-de-ecra-2024-03-24-as-11.02.00.png 1348w\" sizes=\"auto, (max-width: 1024px) 100vw, 1024px\" \/><\/figure><\/div>\n\n\n<p><\/p>\n\n\n\n<figure class=\"wp-block-video\"><video autoplay controls loop src=\"https:\/\/aemoita.pt\/aemoita\/wp-content\/uploads\/2024\/05\/IG.mp4\"><\/video><\/figure>\n\n\n\n<p><\/p>\n\n\n\n<figure class=\"wp-block-image size-full\"><img loading=\"lazy\" decoding=\"async\" width=\"845\" height=\"591\" src=\"https:\/\/aemoita.pt\/aemoita\/wp-content\/uploads\/2024\/03\/Inf.-Gestao-Nuvem-2.png\" alt=\"\" class=\"wp-image-3685\" srcset=\"https:\/\/aemoita.pt\/aemoita\/wp-content\/uploads\/2024\/03\/Inf.-Gestao-Nuvem-2.png 845w, https:\/\/aemoita.pt\/aemoita\/wp-content\/uploads\/2024\/03\/Inf.-Gestao-Nuvem-2-300x210.png 300w, https:\/\/aemoita.pt\/aemoita\/wp-content\/uploads\/2024\/03\/Inf.-Gestao-Nuvem-2-768x537.png 768w\" sizes=\"auto, (max-width: 845px) 100vw, 845px\" \/><\/figure>\n","protected":false},"excerpt":{"rendered":"<p>Profissional qualificado que possui compet\u00eancias no \u00e2mbito da gest\u00e3o das organiza\u00e7\u00f5es, nomeadamente na constru\u00e7\u00e3o de modelos de gest\u00e3o de neg\u00f3cios\/projetos, criando matrizes com recurso a aplica\u00e7\u00f5es inform\u00e1ticas para as micro, pequenas e m\u00e9dias empresas, com vista \u00e0 efic\u00e1cia de resultados.&nbsp; Sa\u00eddas Profissionais: Fa\u00e7a a sua pr\u00e9-inscri\u00e7\u00e3o aqui.<\/p>\n","protected":false},"author":1,"featured_media":0,"parent":450,"menu_order":0,"comment_status":"closed","ping_status":"closed","template":"","meta":{"footnotes":""},"class_list":["post-2535","page","type-page","status-publish","hentry"],"_links":{"self":[{"href":"https:\/\/aemoita.pt\/aemoita\/wp-json\/wp\/v2\/pages\/2535","targetHints":{"allow":["GET"]}}],"collection":[{"href":"https:\/\/aemoita.pt\/aemoita\/wp-json\/wp\/v2\/pages"}],"about":[{"href":"https:\/\/aemoita.pt\/aemoita\/wp-json\/wp\/v2\/types\/page"}],"author":[{"embeddable":true,"href":"https:\/\/aemoita.pt\/aemoita\/wp-json\/wp\/v2\/users\/1"}],"replies":[{"embeddable":true,"href":"https:\/\/aemoita.pt\/aemoita\/wp-json\/wp\/v2\/comments?post=2535"}],"version-history":[{"count":22,"href":"https:\/\/aemoita.pt\/aemoita\/wp-json\/wp\/v2\/pages\/2535\/revisions"}],"predecessor-version":[{"id":5072,"href":"https:\/\/aemoita.pt\/aemoita\/wp-json\/wp\/v2\/pages\/2535\/revisions\/5072"}],"up":[{"embeddable":true,"href":"https:\/\/aemoita.pt\/aemoita\/wp-json\/wp\/v2\/pages\/450"}],"wp:attachment":[{"href":"https:\/\/aemoita.pt\/aemoita\/wp-json\/wp\/v2\/media?parent=2535"}],"curies":[{"name":"wp","href":"https:\/\/api.w.org\/{rel}","templated":true}]}}