{"id":2709,"date":"2023-05-26T16:05:05","date_gmt":"2023-05-26T16:05:05","guid":{"rendered":"https:\/\/aemoita.pt\/aemoita\/?page_id=2709"},"modified":"2023-05-26T16:05:06","modified_gmt":"2023-05-26T16:05:06","slug":"inscricoes-nos-exames-nacionais-e-provas-de-equivalencia-a-frequencia","status":"publish","type":"page","link":"https:\/\/aemoita.pt\/aemoita\/provas-e-exames-do-ensino-basico-e-do-ensino-secundario\/inscricoes-nos-exames-nacionais-e-provas-de-equivalencia-a-frequencia\/","title":{"rendered":"INSCRI\u00c7\u00d5ES NOS EXAMES NACIONAIS E PROVAS DE EQUIVAL\u00caNCIA \u00c0 FREQU\u00caNCIA"},"content":{"rendered":"\n<p>Informa-se que se encontra afixada na escola, nas vitrines em frente \u00e0 sala de professores, a LISTAGEM DE ALUNOS, relativa \u00e0s INSCRI\u00c7\u00d5ES NOS EXAMES NACIONAIS E PROVAS DE EQUIVAL\u00caNCIA \u00c0 FREQU\u00caNCIA.<\/p>\n\n\n\n<p>Os alunos devem verificar a corre\u00e7\u00e3o dos seguintes dados registados na Plataforma PIEPE: cart\u00e3o de cidad\u00e3o, nome, data de nascimento, se \u00e9 ou n\u00e3o candidato ao ensino superior e outros elementos (Interno, Aprova\u00e7\u00e3o., Melhoria, Prova de Ingresso).<br>Devem, tamb\u00e9m, verificar se est\u00e3o inscritos nas disciplinas pretendidas.<\/p>\n\n\n\n<figure class=\"wp-block-image size-full is-resized\"><img loading=\"lazy\" decoding=\"async\" src=\"https:\/\/aemoita.pt\/aemoita\/wp-content\/uploads\/2023\/05\/unnamed.png\" alt=\"\" class=\"wp-image-2706\" width=\"430\" height=\"37\" srcset=\"https:\/\/aemoita.pt\/aemoita\/wp-content\/uploads\/2023\/05\/unnamed.png 859w, https:\/\/aemoita.pt\/aemoita\/wp-content\/uploads\/2023\/05\/unnamed-300x25.png 300w, https:\/\/aemoita.pt\/aemoita\/wp-content\/uploads\/2023\/05\/unnamed-768x65.png 768w\" sizes=\"auto, (max-width: 430px) 100vw, 430px\" \/><\/figure>\n\n\n\n<p>Qualquer desconformidade deve ser comunicada para exames@aemoita.pt, at\u00e9 ao dia 30 de maio de 2023, identificando-se e referindo o que deve ser alterado.<\/p>\n\n\n\n<p>Deve aguardar a devolu\u00e7\u00e3o da inscri\u00e7\u00e3o que foi realizada na PIEPE, alter\u00e1-la e voltar a enviar.<\/p>\n","protected":false},"excerpt":{"rendered":"<p>Informa-se que se encontra afixada na escola, nas vitrines em frente \u00e0 sala de professores, a LISTAGEM DE ALUNOS, relativa \u00e0s INSCRI\u00c7\u00d5ES NOS EXAMES NACIONAIS E PROVAS DE EQUIVAL\u00caNCIA \u00c0 FREQU\u00caNCIA. Os alunos devem verificar a corre\u00e7\u00e3o dos seguintes dados registados na Plataforma PIEPE: cart\u00e3o de cidad\u00e3o, nome, data de nascimento, se \u00e9 ou n\u00e3o [&hellip;]<\/p>\n","protected":false},"author":1,"featured_media":385,"parent":2640,"menu_order":0,"comment_status":"closed","ping_status":"closed","template":"","meta":{"footnotes":""},"class_list":["post-2709","page","type-page","status-publish","has-post-thumbnail","hentry"],"_links":{"self":[{"href":"https:\/\/aemoita.pt\/aemoita\/wp-json\/wp\/v2\/pages\/2709","targetHints":{"allow":["GET"]}}],"collection":[{"href":"https:\/\/aemoita.pt\/aemoita\/wp-json\/wp\/v2\/pages"}],"about":[{"href":"https:\/\/aemoita.pt\/aemoita\/wp-json\/wp\/v2\/types\/page"}],"author":[{"embeddable":true,"href":"https:\/\/aemoita.pt\/aemoita\/wp-json\/wp\/v2\/users\/1"}],"replies":[{"embeddable":true,"href":"https:\/\/aemoita.pt\/aemoita\/wp-json\/wp\/v2\/comments?post=2709"}],"version-history":[{"count":1,"href":"https:\/\/aemoita.pt\/aemoita\/wp-json\/wp\/v2\/pages\/2709\/revisions"}],"predecessor-version":[{"id":2710,"href":"https:\/\/aemoita.pt\/aemoita\/wp-json\/wp\/v2\/pages\/2709\/revisions\/2710"}],"up":[{"embeddable":true,"href":"https:\/\/aemoita.pt\/aemoita\/wp-json\/wp\/v2\/pages\/2640"}],"wp:featuredmedia":[{"embeddable":true,"href":"https:\/\/aemoita.pt\/aemoita\/wp-json\/wp\/v2\/media\/385"}],"wp:attachment":[{"href":"https:\/\/aemoita.pt\/aemoita\/wp-json\/wp\/v2\/media?parent=2709"}],"curies":[{"name":"wp","href":"https:\/\/api.w.org\/{rel}","templated":true}]}}