{"id":277,"date":"2021-01-03T22:27:36","date_gmt":"2021-01-03T22:27:36","guid":{"rendered":"https:\/\/aemoita.pt\/aemoita\/aemoita\/?page_id=277"},"modified":"2026-01-08T16:17:03","modified_gmt":"2026-01-08T16:17:03","slug":"documentos","status":"publish","type":"page","link":"https:\/\/aemoita.pt\/aemoita\/agrupamento\/documentos\/","title":{"rendered":"Documentos"},"content":{"rendered":"\n<h4 class=\"wp-block-heading\"><a href=\"https:\/\/aemoita.pt\/aemoita\/wp-content\/uploads\/2025\/09\/A00_RegulamentoInterno_AEM-2024-27.pdf\" target=\"_blank\" rel=\"noreferrer noopener\">Regulamento Interno do Agrupamento<\/a><\/h4>\n\n\n\n<p>Anexos:<\/p>\n\n\n\n<ul class=\"wp-block-list\">\n<li> <a href=\"https:\/\/aemoita.pt\/aemoita\/wp-content\/uploads\/2025\/09\/A01_RegimentoConselhoPedagogico.pdf\" target=\"_blank\" rel=\"noreferrer noopener\">Anexo I &#8211; Regimento do Conselho Pedag\u00f3gico<\/a><\/li>\n\n\n\n<li><a href=\"https:\/\/aemoita.pt\/aemoita\/wp-content\/uploads\/2025\/12\/A02_RegimentoCursosProfissionais_VersaoFinal.pdf\" target=\"_blank\" rel=\"noreferrer noopener\">Anexo II &#8211; Regimento dos Cursos Profissionais<\/a><\/li>\n\n\n\n<li><a href=\"https:\/\/aemoita.pt\/aemoita\/wp-content\/uploads\/2025\/09\/A03_Regimento-EFAS-e-Outras-Ofertas.pdf\" target=\"_blank\" rel=\"noreferrer noopener\">Anexo III&nbsp; &#8211; Regimento EFAS e outras Ofertas<\/a><\/li>\n\n\n\n<li><a href=\"https:\/\/aemoita.pt\/aemoita\/wp-content\/uploads\/2025\/09\/A04_RegimentoEdPreEscolar.pdf\" target=\"_blank\" rel=\"noreferrer noopener\">Anexo IV &#8211; Regimento do Conselho de Docentes da Educa\u00e7\u00e3o Pr\u00e9-Escolar<\/a><\/li>\n\n\n\n<li><a href=\"https:\/\/aemoita.pt\/aemoita\/wp-content\/uploads\/2025\/09\/A05_RegimentoDepart1Ciclo.pdf\" target=\"_blank\" rel=\"noreferrer noopener\">Anexo V &#8211; Regimento do Conselho de Departamento do 1.\u00ba Ciclo<\/a><\/li>\n\n\n\n<li><a href=\"https:\/\/aemoita.pt\/aemoita\/wp-content\/uploads\/2025\/09\/A06_RegimentoDepLinguas.pdf\" target=\"_blank\" rel=\"noreferrer noopener\">Anexo VI &#8211; Regimento do Departamento Curricular de L\u00ednguas<\/a><\/li>\n\n\n\n<li><a href=\"https:\/\/aemoita.pt\/aemoita\/wp-content\/uploads\/2025\/09\/A07_RegimentoDepCSH.pdf\" target=\"_blank\" rel=\"noreferrer noopener\">Anexo VII &#8211; Regimento do Departamento Curricular de Ci\u00eancias Sociais e Humanas<\/a><\/li>\n\n\n\n<li><a href=\"https:\/\/aemoita.pt\/aemoita\/wp-content\/uploads\/2025\/09\/A08_RegimentoDepMatCiencias.pdf\" target=\"_blank\" rel=\"noreferrer noopener\">Anexo VIII &nbsp;&#8211; Regimento do Departamento Curricular de Matem\u00e1tica e Ci\u00eancias Experimentais<\/a><\/li>\n\n\n\n<li><a href=\"https:\/\/aemoita.pt\/aemoita\/wp-content\/uploads\/2025\/09\/A09_RegimentoDepExpressoes.pdf\" target=\"_blank\" rel=\"noreferrer noopener\">Anexo IX &#8211; Regimento do Departamento Curricular de Express\u00f5es<\/a><\/li>\n\n\n\n<li><a href=\"https:\/\/aemoita.pt\/aemoita\/wp-content\/uploads\/2025\/09\/A10_RegimentoGrupo230-e-520-DCN.pdf\" target=\"_blank\" rel=\"noreferrer noopener\">Anexo X&nbsp; &#8211; Regimento dos Grupos Disciplinares 230 e 520 de Ci\u00eancias Naturais<\/a><\/li>\n\n\n\n<li><a href=\"https:\/\/aemoita.pt\/aemoita\/wp-content\/uploads\/2025\/09\/A11_RegimentoGrupo230-e-500MatCienciasNaturais.pdf\" target=\"_blank\" rel=\"noreferrer noopener\">Anexo XI &#8211; Regimento dos Grupos Disciplinares 230 e 500 de Ci\u00eancias Naturais e matem\u00e1tica<\/a><\/li>\n\n\n\n<li><a href=\"https:\/\/aemoita.pt\/aemoita\/wp-content\/uploads\/2025\/09\/A12_RegimentoGrupo500-MatESM.pdf\" target=\"_blank\" rel=\"noreferrer noopener\">Anexo XII &#8211; Regimento do Grupo Disciplinar 500 de Matem\u00e1tica ESM<\/a><\/li>\n\n\n\n<li><a href=\"https:\/\/aemoita.pt\/aemoita\/wp-content\/uploads\/2025\/09\/A13_RegimentoGrupo550-Informatica.pdf\" target=\"_blank\" rel=\"noreferrer noopener\">Anexo XIII &#8211; Regimento do Grupo Disciplinar 550 de Inform\u00e1tica<\/a><\/li>\n\n\n\n<li><a href=\"https:\/\/aemoita.pt\/aemoita\/wp-content\/uploads\/2025\/09\/A14_RegimentoDirecaoLaboratoriosGr520_Gr510.pdf\" target=\"_blank\" rel=\"noreferrer noopener\">Anexo XIV &#8211; Regimento da Dire\u00e7\u00e3o de Instala\u00e7\u00f5es dos Laborat\u00f3rios de Biologia e Geologia dos Grupos 510 e 520 Lab, Laq, Lab e Lac<\/a><\/li>\n\n\n\n<li><a href=\"https:\/\/aemoita.pt\/aemoita\/wp-content\/uploads\/2025\/09\/A15_RegimentoGrupo620-EF-ESM.pdf\" target=\"_blank\" rel=\"noreferrer noopener\">Anexo XV &#8211; Regimento do Grupo Disciplinar 620 de Educa\u00e7\u00e3o F\u00edsica ESM<\/a><\/li>\n\n\n\n<li><a href=\"https:\/\/aemoita.pt\/aemoita\/wp-content\/uploads\/2025\/09\/A16_RegimentoECO-Escolas.pdf\" target=\"_blank\" rel=\"noreferrer noopener\">Anexo XVI &#8211; Regimento do ECO Escolas<\/a><\/li>\n\n\n\n<li><a href=\"https:\/\/aemoita.pt\/aemoita\/wp-content\/uploads\/2025\/09\/A17_RegimentoEMAEI.pdf\" target=\"_blank\" rel=\"noreferrer noopener\">Anexo XVII &#8211; Regimento das Equipa Multidisciplinar de Apoio \u00e0 Educa\u00e7\u00e3o Inclusiva (EMAEI)<\/a><\/li>\n\n\n\n<li><a href=\"https:\/\/aemoita.pt\/aemoita\/wp-content\/uploads\/2025\/09\/A18_RegimentoCentroApoioAprendizagem.pdf\" target=\"_blank\" rel=\"noreferrer noopener\">Anexo XVIII- Regimento Centro de Apoio \u00e0s Aprendizagens (CAA)<\/a><\/li>\n\n\n\n<li><a href=\"https:\/\/aemoita.pt\/aemoita\/wp-content\/uploads\/2025\/09\/A19_ApoioTutorialEspecifico.pdf\">Anexo XIX &#8211; Regimento do Apoio Tutorial Espec\u00edfico<\/a><\/li>\n\n\n\n<li><a href=\"https:\/\/aemoita.pt\/aemoita\/wp-content\/uploads\/2025\/09\/A20_RegimentoGIAE.pdf\" target=\"_blank\" rel=\"noreferrer noopener\">Anexo XX &#8211; Regimento do Sistema de Gest\u00e3o Integrado de Gest\u00e3o Escolar (GIAE)<\/a><\/li>\n\n\n\n<li><a href=\"https:\/\/aemoita.pt\/aemoita\/wp-content\/uploads\/2025\/09\/A21_RegimentodasBibliotecasEscolares.pdf\" target=\"_blank\" rel=\"noreferrer noopener\">Anexo XXI &#8211; Regimento das Bibliotecas Escolares<\/a><\/li>\n\n\n\n<li><a href=\"https:\/\/aemoita.pt\/aemoita\/wp-content\/uploads\/2025\/09\/A22_QuadroHonra.pdf\" target=\"_blank\" rel=\"noreferrer noopener\">Anexo XXII &#8211; Regimento do Quadro de Honra<\/a><\/li>\n\n\n\n<li><a href=\"https:\/\/aemoita.pt\/aemoita\/wp-content\/uploads\/2025\/09\/A23_QuadroMeritoDesportivo.pdf\" target=\"_blank\" rel=\"noreferrer noopener\">Anexo XXIII &#8211; Regimento do Quadro de M\u00e9rito Desportivo<\/a><\/li>\n\n\n\n<li><a href=\"https:\/\/aemoita.pt\/aemoita\/wp-content\/uploads\/2025\/09\/A24_RegimentoCriteriosHorariosTurmas.pdf\" target=\"_blank\" rel=\"noreferrer noopener\">Anexo XXIV &#8211; Regimento dos Crit\u00e9rios de Hor\u00e1rios e Turmas<\/a><\/li>\n\n\n\n<li><a href=\"https:\/\/aemoita.pt\/aemoita\/wp-content\/uploads\/2025\/09\/A25_RegimentoVisitasEstudo.pdf\" target=\"_blank\" rel=\"noreferrer noopener\">Anexo XXV &#8211; Regimento das Visitas de Estudo<\/a><\/li>\n\n\n\n<li><a href=\"https:\/\/aemoita.pt\/aemoita\/wp-content\/uploads\/2025\/09\/A26_QuadroTipificacaoComportamentosRespetivosAplicacaoMedidasDisciplinares.pdf\" target=\"_blank\" rel=\"noreferrer noopener\">Anexo XXVI &#8211; Quadro da Tipifica\u00e7\u00e3o de Comportamentos e Respetiva Aplica\u00e7\u00e3o de Medidas Disciplinares<\/a><\/li>\n\n\n\n<li>Anexo XXVII &#8211; Regimento de Estacionamento e Circula\u00e7\u00e3o Ve\u00edculos Motorizados no Espa\u00e7o Escolar (brevemente)<\/li>\n\n\n\n<li><a href=\"https:\/\/aemoita.pt\/aemoita\/wp-content\/uploads\/2025\/09\/A28_RegimentoCacifos.pdf\" target=\"_blank\" rel=\"noreferrer noopener\">Anexo XXVIII &#8211; Regimento dos Cacifos Anexo <\/a><\/li>\n\n\n\n<li><a href=\"https:\/\/aemoita.pt\/aemoita\/wp-content\/uploads\/2025\/09\/A29_RegimentoConselhoGeral.pdf\" target=\"_blank\" rel=\"noreferrer noopener\">Anexo XXIX &#8211; Regimento do Conselho Geral<\/a><\/li>\n<\/ul>\n\n\n\n<p><a href=\"https:\/\/aemoita.pt\/aemoita\/wp-content\/uploads\/2025\/09\/Projeto-educativo-2024-28_Documento-Final.pdf\">Projeto Educativo do Agrupamento<\/a><\/p>\n\n\n\n<p><a href=\"https:\/\/aemoita.pt\/aemoita\/wp-content\/uploads\/2025\/09\/Relatorio-de-autoavaliacao_-FINAL.pdf\">Relat\u00f3rio de Autoavalia\u00e7\u00e3o<\/a><\/p>\n\n\n\n<p><a href=\"https:\/\/aemoita.pt\/aemoita\/wp-content\/uploads\/2025\/12\/EECE_AEMoita-1.pdf\" target=\"_blank\" rel=\"noreferrer noopener\">Estrat\u00e9gia de Educa\u00e7\u00e3o para a Cidadania e Desenvolvimento na Escola<\/a><\/p>\n\n\n\n<p><a href=\"https:\/\/aemoita.pt\/aemoita\/wp-content\/uploads\/2026\/01\/PADDE_AEMOITA.pdf\" target=\"_blank\" rel=\"noreferrer noopener\">Plano de A\u00e7\u00e3o para o Desenvolvimento Digital da Escola<\/a><\/p>\n\n\n\n<hr class=\"wp-block-separator has-css-opacity\"\/>\n\n\n\n<h4 class=\"wp-block-heading\">Outros Documentos<\/h4>\n\n\n\n<p><a href=\"https:\/\/aemoita.pt\/aemoita\/wp-content\/uploads\/2024\/09\/GIAE_guia_rapido_aluno_E-EDUCACAO.pdf\" target=\"_blank\" rel=\"noreferrer noopener\">Manual do GIAE_para_alunos_e Enc. de Educa\u00e7\u00e3o<\/a><\/p>\n\n\n\n<p><\/p>\n\n\n\n<p><\/p>\n","protected":false},"excerpt":{"rendered":"<p>Regulamento Interno do Agrupamento Anexos: Projeto Educativo do Agrupamento Relat\u00f3rio de Autoavalia\u00e7\u00e3o Estrat\u00e9gia de Educa\u00e7\u00e3o para a Cidadania e Desenvolvimento na Escola Plano de A\u00e7\u00e3o para o Desenvolvimento Digital da Escola Outros Documentos Manual do GIAE_para_alunos_e Enc. de Educa\u00e7\u00e3o<\/p>\n","protected":false},"author":1,"featured_media":262,"parent":201,"menu_order":0,"comment_status":"closed","ping_status":"closed","template":"","meta":{"footnotes":""},"class_list":["post-277","page","type-page","status-publish","has-post-thumbnail","hentry"],"_links":{"self":[{"href":"https:\/\/aemoita.pt\/aemoita\/wp-json\/wp\/v2\/pages\/277","targetHints":{"allow":["GET"]}}],"collection":[{"href":"https:\/\/aemoita.pt\/aemoita\/wp-json\/wp\/v2\/pages"}],"about":[{"href":"https:\/\/aemoita.pt\/aemoita\/wp-json\/wp\/v2\/types\/page"}],"author":[{"embeddable":true,"href":"https:\/\/aemoita.pt\/aemoita\/wp-json\/wp\/v2\/users\/1"}],"replies":[{"embeddable":true,"href":"https:\/\/aemoita.pt\/aemoita\/wp-json\/wp\/v2\/comments?post=277"}],"version-history":[{"count":48,"href":"https:\/\/aemoita.pt\/aemoita\/wp-json\/wp\/v2\/pages\/277\/revisions"}],"predecessor-version":[{"id":5943,"href":"https:\/\/aemoita.pt\/aemoita\/wp-json\/wp\/v2\/pages\/277\/revisions\/5943"}],"up":[{"embeddable":true,"href":"https:\/\/aemoita.pt\/aemoita\/wp-json\/wp\/v2\/pages\/201"}],"wp:featuredmedia":[{"embeddable":true,"href":"https:\/\/aemoita.pt\/aemoita\/wp-json\/wp\/v2\/media\/262"}],"wp:attachment":[{"href":"https:\/\/aemoita.pt\/aemoita\/wp-json\/wp\/v2\/media?parent=277"}],"curies":[{"name":"wp","href":"https:\/\/api.w.org\/{rel}","templated":true}]}}