{"id":2893,"date":"2023-06-21T21:59:56","date_gmt":"2023-06-21T21:59:56","guid":{"rendered":"https:\/\/aemoita.pt\/aemoita\/?page_id=2893"},"modified":"2024-06-26T14:22:44","modified_gmt":"2024-06-26T14:22:44","slug":"calendario-de-matriculas-e-de-renovacoes-para-o-ano-letivo-de-2023-2024","status":"publish","type":"page","link":"https:\/\/aemoita.pt\/aemoita\/calendario-de-matriculas-e-de-renovacoes-para-o-ano-letivo-de-2023-2024\/","title":{"rendered":"Calend\u00e1rio de matr\u00edculas e de renova\u00e7\u00f5es para o ano letivo de 2024 -2025"},"content":{"rendered":"<div class=\"wp-block-image\">\n<figure class=\"aligncenter size-full is-resized\"><img loading=\"lazy\" decoding=\"async\" width=\"1248\" height=\"838\" src=\"https:\/\/aemoita.pt\/aemoita\/wp-content\/uploads\/2024\/06\/Captura-de-ecra-2024-06-11-as-17.31.57.png\" alt=\"\" class=\"wp-image-4100\" style=\"width:260px;height:167px\" srcset=\"https:\/\/aemoita.pt\/aemoita\/wp-content\/uploads\/2024\/06\/Captura-de-ecra-2024-06-11-as-17.31.57.png 1248w, https:\/\/aemoita.pt\/aemoita\/wp-content\/uploads\/2024\/06\/Captura-de-ecra-2024-06-11-as-17.31.57-300x201.png 300w, https:\/\/aemoita.pt\/aemoita\/wp-content\/uploads\/2024\/06\/Captura-de-ecra-2024-06-11-as-17.31.57-1024x688.png 1024w, https:\/\/aemoita.pt\/aemoita\/wp-content\/uploads\/2024\/06\/Captura-de-ecra-2024-06-11-as-17.31.57-768x516.png 768w\" sizes=\"auto, (max-width: 1248px) 100vw, 1248px\" \/><\/figure><\/div>\n\n\n<p><\/p>\n\n\n\n<p>Foi publicado o&nbsp;<strong><u>Despacho n.\u00ba 4506-A\/2023<\/u><\/strong>, que estabelece o calend\u00e1rio de matr\u00edculas e das respetivas renova\u00e7\u00f5es de matr\u00edcula para a educa\u00e7\u00e3o pr\u00e9-escolar e os ensinos b\u00e1sico e secund\u00e1rio para o ano letivo de 2024-2025.<\/p>\n\n\n\n<!--more-->\n\n\n\n<p><strong>Calend\u00e1rio de matr\u00edculas e de renova\u00e7\u00f5es para o ano letivo de 2024 -2025:<\/strong><\/p>\n\n\n\n<ul class=\"wp-block-list\">\n<li>Entre o&nbsp;<strong>dia<\/strong>&nbsp;<strong>15 de abril e o dia 15 de maio<\/strong>, para a&nbsp;educa\u00e7\u00e3o pr\u00e9-escolar e para o 1.\u00ba ano do 1.\u00ba ciclo do ensino b\u00e1sico (As matr\u00edculas recebidas at\u00e9 15 de maio de 2023 s\u00e3o consideradas imediatamente ap\u00f3s essa data para efeitos de seria\u00e7\u00e3o. As demais ficar\u00e3o sujeitas a seria\u00e7\u00e3o em momento posterior);<\/li>\n\n\n\n<li>Entre o dia&nbsp;<strong>22 de junho e o dia 28 de junho<\/strong>, para os&nbsp;6.\u00ba, 7.\u00ba 8.\u00ba, 9.\u00ba e 11.\u00ba anos de escolaridade;<\/li>\n\n\n\n<li>Entre o<strong>&nbsp;dia&nbsp;6 de julho e o dia 10 de julho<\/strong>, para os&nbsp;2<strong>.\u00ba,&nbsp;<\/strong>3.\u00ba, 4.\u00ba e 5.\u00baanos do ensino b\u00e1sico;<\/li>\n\n\n\n<li>Entre o<strong>&nbsp;dia&nbsp;15 de julho e o dia 20 de julho<\/strong>, para os&nbsp;10.\u00ba e 12.\u00ba anos de escolaridade.<\/li>\n<\/ul>\n\n\n\n<p><\/p>\n\n\n\n<p>As&nbsp;<strong>renova\u00e7\u00f5es das matr\u00edculas<\/strong>&nbsp;operam automaticamente, exceto nas seguintes situa\u00e7\u00f5es:<\/p>\n\n\n\n<ul class=\"wp-block-list\">\n<li>transfer\u00eancia de estabelecimento<\/li>\n\n\n\n<li>transi\u00e7\u00e3o de ciclo<\/li>\n\n\n\n<li>altera\u00e7\u00e3o de encarregado de educa\u00e7\u00e3o<\/li>\n\n\n\n<li>dependente de op\u00e7\u00e3o curricular<\/li>\n<\/ul>\n\n\n\n<p><strong>Legisla\u00e7\u00e3o:<\/strong><\/p>\n\n\n\n<p><a href=\"https:\/\/aemoita.pt\/aemoita\/wp-content\/uploads\/2022\/06\/dl_176_2012_02_08_Regime-de-matricula-e-de-frequencia-no-ambito-da-escolaridade-obrigatoria.pdf\" target=\"_blank\" rel=\"noreferrer noopener\">DL176\/ 2012<\/a>&#8211; Regime de matr\u00edcula e frequ\u00eancia no \u00e2mbito&nbsp;da escolaridade obrigat\u00f3ria;<\/p>\n\n\n\n<p><a href=\"https:\/\/aemoita.pt\/aemoita\/wp-content\/uploads\/2021\/04\/Despacho-Normativo-n.o-6.2018-Matriculas-1.pdf\" target=\"_blank\" rel=\"noreferrer noopener\">Despacho-Normativo&nbsp;n.\u00ba6\/2018<\/a> &#8211; Estabelece os procedimentos&nbsp;da matr\u00edcula&nbsp;e da respetiva renova\u00e7\u00e3o e as normas&nbsp;a observar na distribui\u00e7\u00e3o&nbsp;de crian\u00e7as e alunos;<\/p>\n\n\n\n<p><a href=\"https:\/\/aemoita.pt\/aemoita\/wp-content\/uploads\/2023\/04\/Despacho-normativo-n.o-5.2020-de-21-de-abril.pdf\" rel=\"noreferrer noopener\" target=\"_blank\">Despacho normativo n.\u00ba 5.2020, de 21 de abril<\/a><\/p>\n\n\n\n<p><a href=\"https:\/\/aemoita.pt\/aemoita\/wp-content\/uploads\/2024\/06\/Despacho-Normativo-n.o-10-B2021.pdf\" target=\"_blank\" rel=\"noreferrer noopener\">Despacho Normativo n.\u00ba 10-B\/2021<\/a> &#8211; Procede \u00e0 segunda altera\u00e7\u00e3o&nbsp; do Despacho Normativo n\u00ba6\/2018, de 12 abril;<\/p>\n\n\n\n<p><a href=\"https:\/\/aemoita.pt\/aemoita\/wp-content\/uploads\/2023\/04\/CALENDARIO_DESPACHO-N.o-4506.A.2023-DE-13-DE-ABRIL.pdf\" rel=\"noreferrer noopener\" target=\"_blank\">CALEND\u00c1RIO_DESPACHO N.\u00ba 4506.A.2023 DE 13 DE ABRIL<\/a><\/p>\n\n\n\n<p><\/p>\n\n\n\n<p><strong>Divulga\u00e7\u00e3o das listas de crian\u00e7as e alunos relativas \u00e0 matr\u00edcula ou \u00e0 renova\u00e7\u00e3o de matr\u00edcula:<\/strong><\/p>\n\n\n\n<ul class=\"wp-block-list\">\n<li>At\u00e9&nbsp;<strong>ao \u00faltimo dia \u00fatil do m\u00eas de maio<\/strong>, no caso de matr\u00edculas na educa\u00e7\u00e3o pr\u00e9-escolar e no 1.\u00ba ano do 1.\u00ba ciclo do ensino b\u00e1sico;<\/li>\n\n\n\n<li>At\u00e9 ao&nbsp;<strong>5.\u00ba dia \u00fatil<\/strong>&nbsp;ap\u00f3s o fim do per\u00edodo de matr\u00edcula e de renova\u00e7\u00e3o de matr\u00edcula para os alunos do 5.\u00ba ano, 7.\u00ba ano, 10.\u00ba ano e 1.\u00ba ano do ensino profissional.<\/li>\n<\/ul>\n\n\n\n<p><\/p>\n\n\n\n<p><strong>As listas dos alunos admitidos s\u00e3o publicadas:<\/strong><\/p>\n\n\n\n<ul class=\"wp-block-list\">\n<li>No primeiro dia \u00fatil do m\u00eas de julho, no caso da&nbsp;educa\u00e7\u00e3o pr\u00e9-escolar e do 1.\u00ba ano do 1.\u00ba ciclo do ensino b\u00e1sico;<\/li>\n\n\n\n<li>No primeiro dia \u00fatil do m\u00eas de agosto, no caso dos restantes anos do ensino b\u00e1sico e do ensino secund\u00e1rio, com indica\u00e7\u00e3o do curso em que cada aluno foi admitido.<\/li>\n<\/ul>\n\n\n\n<p><\/p>\n\n\n\n<p style=\"font-size:16px\"><strong><u>As matr\u00edculas efetuadas fora de prazo ser\u00e3o seriadas em momento posterior.<\/u><\/strong> <strong>(art.\u00ba 2.\u00ba, ponto 3, Despacho n.\u00ba4506-A\/2023, de 13 de abril)<\/strong><\/p>\n\n\n\n<p><strong><mark style=\"background-color:rgba(0, 0, 0, 0)\" class=\"has-inline-color has-vivid-cyan-blue-color\">Pr\u00e9 Escolar e 1\u00baCiclo<\/mark><\/strong><\/p>\n\n\n\n<p><a href=\"https:\/\/aemoita.pt\/aemoita\/wp-content\/uploads\/2024\/06\/Aviso-de-abertura-matriculas_24.25.pdf\" target=\"_blank\" rel=\"noreferrer noopener\">Aviso de abertura_matriculas 2024.2025<\/a><\/p>\n\n\n\n<p><a href=\"https:\/\/aemoita.pt\/aemoita\/wp-content\/uploads\/2024\/06\/Estabelecimentos-de-Influencia-do-AEM.pdf\" target=\"_blank\" rel=\"noreferrer noopener\">Estabelecimentos de Influ\u00eancia do AEM<\/a><\/p>\n\n\n\n<p><a href=\"https:\/\/aemoita.pt\/aemoita\/wp-content\/uploads\/2024\/04\/PRIORIDADES-NA-MATRICULA-RENOVACAO-NO-1o-CICLO.pdf\" target=\"_blank\" rel=\"noreferrer noopener\">PRIORIDADES NA MATR\u00cdCULA-RENOVA\u00c7\u00c3O NO 1\u00ba CICLO<\/a><\/p>\n\n\n\n<p><a href=\"https:\/\/aemoita.pt\/aemoita\/wp-content\/uploads\/2024\/04\/PRIORIDADES-NA-MATRICULA-RENOVACAO-NO-PRE-ESCOLAR.pdf\" target=\"_blank\" rel=\"noreferrer noopener\">PRIORIDADES-NA-MATR\u00cdCULA-RENOVACAO-NO-PRE-ESCOLAR<\/a><\/p>\n\n\n\n<p><a href=\"https:\/\/aemoita.pt\/aemoita\/wp-content\/uploads\/2024\/06\/Pedido-de-matricula_2024.pdf\" target=\"_blank\" rel=\"noreferrer noopener\">Pedido-de-matricula_2024<\/a><\/p>\n\n\n\n<p><\/p>\n\n\n\n<p><strong><mark style=\"background-color:rgba(0, 0, 0, 0)\" class=\"has-inline-color has-vivid-cyan-blue-color\">2.\u00bae 3.\u00baCiclos<\/mark><\/strong><\/p>\n\n\n\n<p><a href=\"https:\/\/aemoita.pt\/aemoita\/wp-content\/uploads\/2024\/06\/Informacoes-Matriculas-2.o-e-3.o-ciclos.pdf\" data-type=\"URL\" data-id=\"https:\/\/aemoita.pt\/aemoita\/wp-content\/uploads\/2023\/05\/Matriculas-23-24-Inf.-EE.pdf\" target=\"_blank\" rel=\"noreferrer noopener\">Informa\u00e7\u00e3o aos Encarregados de Educa\u00e7\u00e3o \u2013 2.\u00ba e 3.\u00ba Ciclos<\/a><\/p>\n\n\n\n<p><strong><mark style=\"background-color:rgba(0, 0, 0, 0)\" class=\"has-inline-color has-vivid-cyan-blue-color\">Secund\u00e1rio<\/mark><\/strong><\/p>\n\n\n\n<p><strong>Informa\u00e7\u00e3o:<\/strong><\/p>\n\n\n\n<div class=\"wp-block-file\"><a id=\"wp-block-file--media-ae5d9831-5a92-4d35-becc-4c898fc70fbb\" href=\"https:\/\/aemoita.pt\/aemoita\/wp-content\/uploads\/2024\/06\/Informacao-Para-os-Encarregados-de-Educacao-1.pdf\" target=\"_blank\" rel=\"noreferrer noopener\">Informa\u00e7\u00e3o aos Encarregados de Educa\u00e7\u00e3o &#8211; Secund\u00e1rio<\/a><\/div>\n\n\n\n<p><strong>Documentos:<\/strong><\/p>\n\n\n\n<div class=\"wp-block-file\"><a id=\"wp-block-file--media-7ff45084-b8e4-4289-8174-3aee1a1bb461\" href=\"https:\/\/aemoita.pt\/aemoita\/wp-content\/uploads\/2024\/06\/Documentacao-Necessaria-1a-Matricula_2024_2025.pdf\" target=\"_blank\" rel=\"noreferrer noopener\">Documenta\u00e7\u00e3o necess\u00e1ria &#8211; 1\u00aa Matr\u00edcula 2024_2025<\/a><\/div>\n\n\n\n<div class=\"wp-block-file\"><a id=\"wp-block-file--media-8ba70067-0c0d-4172-aa93-93876d6ab700\" href=\"https:\/\/aemoita.pt\/aemoita\/wp-content\/uploads\/2024\/06\/FICHA-DE-SEGURO-ESCOLAR.pdf\" target=\"_blank\" rel=\"noreferrer noopener\">Ficha de Seguro Escolar <\/a><\/div>\n\n\n\n<div class=\"wp-block-file\"><a id=\"wp-block-file--media-898950bd-5dce-4d00-be98-792781e1f52e\" href=\"https:\/\/aemoita.pt\/aemoita\/wp-content\/uploads\/2024\/06\/Opcoes-Bienais-Oferta-_CCH_10oano_2024-25.pdf\" target=\"_blank\" rel=\"noreferrer noopener\">Op\u00e7\u00f5es Bienais Oferta Cursos Cient\u00edfico-Human\u00edsticos 10.\u00baano<\/a><\/div>\n\n\n\n<div class=\"wp-block-file\"><a id=\"wp-block-file--media-2d7c8a76-c55e-44b8-b91f-daba25317793\" href=\"https:\/\/aemoita.pt\/aemoita\/wp-content\/uploads\/2024\/06\/Opcoes-Anuais-Oferta-_CCH_12oano_2024-25.pdf\" target=\"_blank\" rel=\"noreferrer noopener\">Op\u00e7\u00f5es Anuais Oferta Cursos Cient\u00edfico-Human\u00edsticos 12.\u00baano<\/a><\/div>\n\n\n\n<div class=\"wp-block-file\"><a id=\"wp-block-file--media-85a9f7d0-38ec-4e49-ab7c-16f50a45c77f\" href=\"https:\/\/aemoita.pt\/aemoita\/wp-content\/uploads\/2024\/06\/Percurso-Formativo-Proprio_-10o-ano_Disciplinas-Permuta_2024-25.pdf\" target=\"_blank\" rel=\"noreferrer noopener\">Percurso Formativo Pr\u00f3prio &#8211; Disciplinas Permuta (Oferta de Escola)<\/a><\/div>\n\n\n\n<div class=\"wp-block-file\"><a id=\"wp-block-file--media-2f03dc47-259c-438c-99f7-45dd0011a192\" href=\"https:\/\/aemoita.pt\/aemoita\/wp-content\/uploads\/2024\/06\/Percurso-Formativo-Proprio_Requerimento-Encarregado-de-Educacao.pdf\" target=\"_blank\" rel=\"noreferrer noopener\">Percurso Formativo Pr\u00f3prio &#8211; Requerimento do Encarregado de Educa\u00e7\u00e3o <\/a><\/div>\n\n\n\n<div class=\"wp-block-file\"><a id=\"wp-block-file--media-a08d848a-1056-4f42-92e8-9579b3bf9b75\" href=\"https:\/\/aemoita.pt\/aemoita\/wp-content\/uploads\/2024\/06\/Requerimento_Reorientacao-de-Percurso-1.pdf\" target=\"_blank\" rel=\"noreferrer noopener\">Reorienta\u00e7\u00e3o de&nbsp; Percurso &#8211; Requerimento<\/a><\/div>\n\n\n\n<div class=\"wp-block-file\"><a id=\"wp-block-file--media-b44784f7-b293-46d5-9cdd-f820580ed0f7\" href=\"https:\/\/aemoita.pt\/aemoita\/wp-content\/uploads\/2024\/06\/Inscricao-EMR_Secundario.pdf\" target=\"_blank\" rel=\"noreferrer noopener\">Inscri\u00e7\u00e3o &#8211; Educa\u00e7\u00e3o Moral e Religiosa<\/a><\/div>\n\n\n\n<p><\/p>\n","protected":false},"excerpt":{"rendered":"<p>Foi publicado o&nbsp;Despacho n.\u00ba 4506-A\/2023, que estabelece o calend\u00e1rio de matr\u00edculas e das respetivas renova\u00e7\u00f5es de matr\u00edcula para a educa\u00e7\u00e3o pr\u00e9-escolar e os ensinos b\u00e1sico e secund\u00e1rio para o ano letivo de 2024-2025.<\/p>\n","protected":false},"author":1,"featured_media":0,"parent":0,"menu_order":0,"comment_status":"closed","ping_status":"closed","template":"","meta":{"footnotes":""},"class_list":["post-2893","page","type-page","status-publish","hentry"],"_links":{"self":[{"href":"https:\/\/aemoita.pt\/aemoita\/wp-json\/wp\/v2\/pages\/2893","targetHints":{"allow":["GET"]}}],"collection":[{"href":"https:\/\/aemoita.pt\/aemoita\/wp-json\/wp\/v2\/pages"}],"about":[{"href":"https:\/\/aemoita.pt\/aemoita\/wp-json\/wp\/v2\/types\/page"}],"author":[{"embeddable":true,"href":"https:\/\/aemoita.pt\/aemoita\/wp-json\/wp\/v2\/users\/1"}],"replies":[{"embeddable":true,"href":"https:\/\/aemoita.pt\/aemoita\/wp-json\/wp\/v2\/comments?post=2893"}],"version-history":[{"count":18,"href":"https:\/\/aemoita.pt\/aemoita\/wp-json\/wp\/v2\/pages\/2893\/revisions"}],"predecessor-version":[{"id":4157,"href":"https:\/\/aemoita.pt\/aemoita\/wp-json\/wp\/v2\/pages\/2893\/revisions\/4157"}],"wp:attachment":[{"href":"https:\/\/aemoita.pt\/aemoita\/wp-json\/wp\/v2\/media?parent=2893"}],"curies":[{"name":"wp","href":"https:\/\/api.w.org\/{rel}","templated":true}]}}