{"id":2976,"date":"2023-07-25T06:26:25","date_gmt":"2023-07-25T06:26:25","guid":{"rendered":"https:\/\/aemoita.pt\/aemoita\/?page_id=2976"},"modified":"2023-07-25T06:26:25","modified_gmt":"2023-07-25T06:26:25","slug":"equivalencias-de-estudos","status":"publish","type":"page","link":"https:\/\/aemoita.pt\/aemoita\/equivalencias-de-estudos\/","title":{"rendered":"EQUIVAL\u00caNCIAS de ESTUDOS"},"content":{"rendered":"\n<p>Em Portugal, o regime de concess\u00e3o de equival\u00eancia de habilita\u00e7\u00f5es de sistemas educativos estrangeiros a habilita\u00e7\u00f5es do sistema educativo portugu\u00eas ao n\u00edvel dos ensinos b\u00e1sico e secund\u00e1rio encontra-se definido no Decreto-Lei n.\u00ba 227\/2005, de 28\/12.<\/p>\n\n\n\n<p>Para o efeito ter\u00e1 de :<\/p>\n\n\n\n<ul class=\"wp-block-list\"><li>Comparecer presencialmente;<\/li><li>Comprovar a resid\u00eancia na \u00e1rea do estabelecimento de ensino;<\/li><li>Apresentar documento de identifica\u00e7\u00e3o v\u00e1lido;<\/li><li>Possuir os documentos originais dos estudos efetuados no estrangeiro, devidamente certificados\/apostilados (se for um pa\u00eds que assinou a Conven\u00e7\u00e3o de Haia) com discrimina\u00e7\u00e3o da frequ\u00eancia\/aprova\u00e7\u00e3o de ano\/s\u00e9rie\/classe, com as disciplinas e m\u00e9dia final;<\/li><\/ul>\n\n\n\n<p>Nem todos os pedidos de equival\u00eancia de estudos s\u00e3o analisados\/decididos pelos estabelecimentos de ensino, nalguns casos esse pedido \u00e9 efectuado \u00e0 Dire\u00e7\u00e3o Geral de Educa\u00e7\u00e3o (DGE). (tabela anexa)<\/p>\n\n\n\n<p>Para mais esclarecimentos poder\u00e1 consultar a p\u00e1gina oficial da Internet da Dire\u00e7\u00e3o-Geral da Educa\u00e7\u00e3o : <a href=\"https:\/\/www.dge.mec.pt\/equivalencias-estrangeiras\" target=\"_blank\" rel=\"noreferrer noopener\">https:\/\/www.dge.mec.pt\/equivalencias-estrangeiras<\/a><\/p>\n\n\n\n<div class=\"wp-block-file\"><a id=\"wp-block-file--media-6bec93b1-1787-4522-a47c-4dfbc0760d92\" href=\"https:\/\/aemoita.pt\/aemoita\/wp-content\/uploads\/2023\/07\/LISTA-DE-PAISES-EQUIVALENCIA-DE-HABILITACOES.pdf\" target=\"_blank\" rel=\"noreferrer noopener\">LISTA-DE-PAISES-EQUIVALENCIA-DE-HABILITACOES<\/a><a href=\"https:\/\/aemoita.pt\/aemoita\/wp-content\/uploads\/2023\/07\/LISTA-DE-PAISES-EQUIVALENCIA-DE-HABILITACOES.pdf\" class=\"wp-block-file__button\" download aria-describedby=\"wp-block-file--media-6bec93b1-1787-4522-a47c-4dfbc0760d92\">Descarregar<\/a><\/div>\n","protected":false},"excerpt":{"rendered":"<p>Em Portugal, o regime de concess\u00e3o de equival\u00eancia de habilita\u00e7\u00f5es de sistemas educativos estrangeiros a habilita\u00e7\u00f5es do sistema educativo portugu\u00eas ao n\u00edvel dos ensinos b\u00e1sico e secund\u00e1rio encontra-se definido no Decreto-Lei n.\u00ba 227\/2005, de 28\/12. Para o efeito ter\u00e1 de : Comparecer presencialmente; Comprovar a resid\u00eancia na \u00e1rea do estabelecimento de ensino; Apresentar documento de [&hellip;]<\/p>\n","protected":false},"author":1,"featured_media":0,"parent":0,"menu_order":0,"comment_status":"closed","ping_status":"closed","template":"","meta":{"footnotes":""},"class_list":["post-2976","page","type-page","status-publish","hentry"],"_links":{"self":[{"href":"https:\/\/aemoita.pt\/aemoita\/wp-json\/wp\/v2\/pages\/2976","targetHints":{"allow":["GET"]}}],"collection":[{"href":"https:\/\/aemoita.pt\/aemoita\/wp-json\/wp\/v2\/pages"}],"about":[{"href":"https:\/\/aemoita.pt\/aemoita\/wp-json\/wp\/v2\/types\/page"}],"author":[{"embeddable":true,"href":"https:\/\/aemoita.pt\/aemoita\/wp-json\/wp\/v2\/users\/1"}],"replies":[{"embeddable":true,"href":"https:\/\/aemoita.pt\/aemoita\/wp-json\/wp\/v2\/comments?post=2976"}],"version-history":[{"count":1,"href":"https:\/\/aemoita.pt\/aemoita\/wp-json\/wp\/v2\/pages\/2976\/revisions"}],"predecessor-version":[{"id":2978,"href":"https:\/\/aemoita.pt\/aemoita\/wp-json\/wp\/v2\/pages\/2976\/revisions\/2978"}],"wp:attachment":[{"href":"https:\/\/aemoita.pt\/aemoita\/wp-json\/wp\/v2\/media?parent=2976"}],"curies":[{"name":"wp","href":"https:\/\/api.w.org\/{rel}","templated":true}]}}