{"id":332,"date":"2021-02-23T00:19:08","date_gmt":"2021-02-23T00:19:08","guid":{"rendered":"http:\/\/aemoita.pt\/aemoita\/?page_id=332"},"modified":"2021-03-12T18:03:01","modified_gmt":"2021-03-12T18:03:01","slug":"recrutamento","status":"publish","type":"page","link":"https:\/\/aemoita.pt\/aemoita\/recrutamento\/","title":{"rendered":"Recrutamento"},"content":{"rendered":"\n<h5 class=\"wp-block-heading\">Assistente Operacional &#8211; Procedimento Concursal Comum<\/h5>\n\n\n\n<p style=\"font-size:14px\">Torna-se p\u00fablico que se encontra aberto, pelo prazo de 10 dias \u00fateis contados a partir do dia 23\/02\/2021, o procedimento concursal comum para preenchimento de 2 (DOIS) postos de trabalho para as fun\u00e7\u00f5es correspondentes \u00e0 categoria de assistente operacional deste Agrupamento de Escolas da Moita, na modalidade de rela\u00e7\u00e3o jur\u00eddica de emprego p\u00fablico por tempo indeterminado, a constituir por contrato de trabalho em fun\u00e7\u00f5es p\u00fablicas por tempo indeterminado.<\/p>\n\n\n\n<p><a href=\"https:\/\/dre.pt\/application\/file\/a\/158050378\" target=\"_blank\" rel=\"noreferrer noopener\">Aviso<\/a> (extrato) 3184\/2021 (DR 36 de 22 de fevereiro)<\/p>\n\n\n\n<div class=\"wp-block-file\"><a href=\"https:\/\/aemoita.pt\/aemoita\/wp-content\/uploads\/2021\/02\/AO_AvisoAbertura.pdf\">AO_AvisoAbertura<\/a><a href=\"https:\/\/aemoita.pt\/aemoita\/wp-content\/uploads\/2021\/02\/AO_AvisoAbertura.pdf\" class=\"wp-block-file__button\" download>Descarregar<\/a><\/div>\n\n\n\n<hr class=\"wp-block-separator\"\/>\n\n\n\n<h5 class=\"wp-block-heading\">Assistente Operacional &#8211; Constitui\u00e7\u00e3o de Reserva de Recrutamento<\/h5>\n\n\n\n<p>Torna-se publico que se encontra afixada a lista unit\u00e1ria de ordena\u00e7\u00e3o final homologada, aguardando publica\u00e7\u00e3o em DR (24\/02\/2021)<\/p>\n\n\n\n<div class=\"wp-block-file\"><a href=\"https:\/\/aemoita.pt\/aemoita\/wp-content\/uploads\/2021\/03\/AO_ListaUnitOrdFinal.pdf\">AO_ListaUnitOrdFinal<\/a><a href=\"https:\/\/aemoita.pt\/aemoita\/wp-content\/uploads\/2021\/03\/AO_ListaUnitOrdFinal.pdf\" class=\"wp-block-file__button\" download>Descarregar<\/a><\/div>\n\n\n\n<p><a rel=\"noreferrer noopener\" href=\"https:\/\/dre.pt\/application\/file\/a\/140950283\" target=\"_blank\">Aviso<\/a> (extrato) 12236\/2020 (DR 164 de 24 de agosto)<\/p>\n\n\n\n<hr class=\"wp-block-separator\"\/>\n","protected":false},"excerpt":{"rendered":"<p>Assistente Operacional &#8211; Procedimento Concursal Comum Torna-se p\u00fablico que se encontra aberto, pelo prazo de 10 dias \u00fateis contados a partir do dia 23\/02\/2021, o procedimento concursal comum para preenchimento de 2 (DOIS) postos de trabalho para as fun\u00e7\u00f5es correspondentes \u00e0 categoria de assistente operacional deste Agrupamento de Escolas da Moita, na modalidade de rela\u00e7\u00e3o [&hellip;]<\/p>\n","protected":false},"author":1,"featured_media":0,"parent":0,"menu_order":0,"comment_status":"closed","ping_status":"closed","template":"","meta":{"footnotes":""},"class_list":["post-332","page","type-page","status-publish","hentry"],"_links":{"self":[{"href":"https:\/\/aemoita.pt\/aemoita\/wp-json\/wp\/v2\/pages\/332","targetHints":{"allow":["GET"]}}],"collection":[{"href":"https:\/\/aemoita.pt\/aemoita\/wp-json\/wp\/v2\/pages"}],"about":[{"href":"https:\/\/aemoita.pt\/aemoita\/wp-json\/wp\/v2\/types\/page"}],"author":[{"embeddable":true,"href":"https:\/\/aemoita.pt\/aemoita\/wp-json\/wp\/v2\/users\/1"}],"replies":[{"embeddable":true,"href":"https:\/\/aemoita.pt\/aemoita\/wp-json\/wp\/v2\/comments?post=332"}],"version-history":[{"count":11,"href":"https:\/\/aemoita.pt\/aemoita\/wp-json\/wp\/v2\/pages\/332\/revisions"}],"predecessor-version":[{"id":377,"href":"https:\/\/aemoita.pt\/aemoita\/wp-json\/wp\/v2\/pages\/332\/revisions\/377"}],"wp:attachment":[{"href":"https:\/\/aemoita.pt\/aemoita\/wp-json\/wp\/v2\/media?parent=332"}],"curies":[{"name":"wp","href":"https:\/\/api.w.org\/{rel}","templated":true}]}}