{"id":4129,"date":"2024-06-26T13:55:25","date_gmt":"2024-06-26T13:55:25","guid":{"rendered":"https:\/\/aemoita.pt\/aemoita\/?page_id=4129"},"modified":"2024-06-26T13:58:59","modified_gmt":"2024-06-26T13:58:59","slug":"servicos-administrativos","status":"publish","type":"page","link":"https:\/\/aemoita.pt\/aemoita\/servicos-administrativos\/","title":{"rendered":"Servi\u00e7os Administrativos"},"content":{"rendered":"\n<p><strong>Hor\u00e1rio de Funcionamento<\/strong><\/p>\n\n\n\n<p><strong><mark style=\"background-color:rgba(0, 0, 0, 0)\" class=\"has-inline-color has-vivid-cyan-blue-color\">setembro a\u00a0 julho<\/mark><\/strong><\/p>\n\n\n\n<p><strong>Per\u00edodo da manh\u00e3<\/strong>: de segunda a sexta, das 9.30h \u00e0s 12.30h\u00a0<\/p>\n\n\n\n<p><strong>Per\u00edodo da tarde<\/strong>: de segunda a sexta, das 14.00h \u00e0s 16.00h<\/p>\n\n\n\n<p><strong>Per\u00edodo da noite<\/strong>&nbsp;de setembro a junho: Quarta-feira, das 18.45h \u00e0s 20.45h&nbsp;<\/p>\n\n\n\n<p><strong><mark style=\"background-color:rgba(0, 0, 0, 0)\" class=\"has-inline-color has-vivid-cyan-blue-color\">\u00a0agosto<\/mark><\/strong><\/p>\n\n\n\n<p><strong>Per\u00edodo da manh\u00e3: <\/strong>de segunda a sexta, das 9.30 h \u00e0s 12.30h<\/p>\n","protected":false},"excerpt":{"rendered":"<p>Hor\u00e1rio de Funcionamento setembro a\u00a0 julho Per\u00edodo da manh\u00e3: de segunda a sexta, das 9.30h \u00e0s 12.30h\u00a0 Per\u00edodo da tarde: de segunda a sexta, das 14.00h \u00e0s 16.00h Per\u00edodo da noite&nbsp;de setembro a junho: Quarta-feira, das 18.45h \u00e0s 20.45h&nbsp; \u00a0agosto Per\u00edodo da manh\u00e3: de segunda a sexta, das 9.30 h \u00e0s 12.30h<\/p>\n","protected":false},"author":1,"featured_media":0,"parent":0,"menu_order":0,"comment_status":"closed","ping_status":"closed","template":"","meta":{"footnotes":""},"class_list":["post-4129","page","type-page","status-publish","hentry"],"_links":{"self":[{"href":"https:\/\/aemoita.pt\/aemoita\/wp-json\/wp\/v2\/pages\/4129","targetHints":{"allow":["GET"]}}],"collection":[{"href":"https:\/\/aemoita.pt\/aemoita\/wp-json\/wp\/v2\/pages"}],"about":[{"href":"https:\/\/aemoita.pt\/aemoita\/wp-json\/wp\/v2\/types\/page"}],"author":[{"embeddable":true,"href":"https:\/\/aemoita.pt\/aemoita\/wp-json\/wp\/v2\/users\/1"}],"replies":[{"embeddable":true,"href":"https:\/\/aemoita.pt\/aemoita\/wp-json\/wp\/v2\/comments?post=4129"}],"version-history":[{"count":2,"href":"https:\/\/aemoita.pt\/aemoita\/wp-json\/wp\/v2\/pages\/4129\/revisions"}],"predecessor-version":[{"id":4133,"href":"https:\/\/aemoita.pt\/aemoita\/wp-json\/wp\/v2\/pages\/4129\/revisions\/4133"}],"wp:attachment":[{"href":"https:\/\/aemoita.pt\/aemoita\/wp-json\/wp\/v2\/media?parent=4129"}],"curies":[{"name":"wp","href":"https:\/\/api.w.org\/{rel}","templated":true}]}}