{"id":450,"date":"2021-04-22T20:12:40","date_gmt":"2021-04-22T20:12:40","guid":{"rendered":"https:\/\/aemoita.pt\/aemoita\/?page_id=450"},"modified":"2021-04-25T16:31:27","modified_gmt":"2021-04-25T16:31:27","slug":"cursos-profissionais","status":"publish","type":"page","link":"https:\/\/aemoita.pt\/aemoita\/cursos-profissionais\/","title":{"rendered":"Cursos Profissionais"},"content":{"rendered":"\n<p><strong>O que s\u00e3o?<\/strong><\/p>\n\n\n\n<p>Os\u00a0<strong>cursos profissionais<\/strong>\u00a0s\u00e3o um dos percursos do ensino de n\u00edvel secund\u00e1rio\u00a0que permite a obten\u00e7\u00e3o de uma dupla certifica\u00e7\u00e3o, escolar e profissional, correspondente ao n\u00edvel 4 de qualifica\u00e7\u00e3o do quadro europeu de qualifica\u00e7\u00f5es.<\/p>\n\n\n\n<p><strong>Para Quem?<\/strong><\/p>\n\n\n\n<ul class=\"wp-block-list\"><li>Concluiu, pelo menos, o 9.\u00ba ano de escolaridade;<\/li><li>Possui at\u00e9 19 anos de idade;<\/li><li>Pretende desenvolver compet\u00eancias pessoais e t\u00e9cnicas numa determinada \u00e1rea profissional;<\/li><li>N\u00e3o exclui a hip\u00f3tese de prosseguir estudos para o ensino superior.<\/li><\/ul>\n\n\n\n<p><strong>Como se Organizam?<\/strong><\/p>\n\n\n\n<p>Estes cursos t\u00eam a dura\u00e7\u00e3o de\u00a0<strong>tr\u00eas anos letivos<\/strong>\u00a0e apresentam uma estrutura curricular organizada por m\u00f3dulos.<\/p>\n\n\n\n<p>O plano de estudos inclui tr\u00eas componentes de forma\u00e7\u00e3o:<\/p>\n\n\n\n<ul class=\"wp-block-list\"><li>Sociocultural;<\/li><li>Cient\u00edfica;<\/li><li>Tecnol\u00f3gica.  <sub>*A componente de forma\u00e7\u00e3o tecnol\u00f3gica inclui obrigatoriamente forma\u00e7\u00e3o em contexto de trabalho<\/sub><\/li><\/ul>\n\n\n\n<p>A <strong>Forma\u00e7\u00e3o em Contexto de Trabalho<\/strong> (FCT):<\/p>\n\n\n\n<p>\u00c9 realizada em empresas ou noutras organiza\u00e7\u00f5es regionais, nacionais em per\u00edodos de dura\u00e7\u00e3o vari\u00e1vel ao longo ou no final da forma\u00e7\u00e3o, enquanto experi\u00eancias de trabalho, designadamente sob a forma de est\u00e1gio.<\/p>\n\n\n\n<p>A <strong>Prova de Aptid\u00e3o Profissional<\/strong> (PAP):<\/p>\n\n\n\n<p>Projeto apresentado no final do curso no qual os alunos demonstram as compet\u00eancias e saberes que desenvolveram ao longo da forma\u00e7\u00e3o.<\/p>\n","protected":false},"excerpt":{"rendered":"<p>O que s\u00e3o? Os\u00a0cursos profissionais\u00a0s\u00e3o um dos percursos do ensino de n\u00edvel secund\u00e1rio\u00a0que permite a obten\u00e7\u00e3o de uma dupla certifica\u00e7\u00e3o, escolar e profissional, correspondente ao n\u00edvel 4 de qualifica\u00e7\u00e3o do quadro europeu de qualifica\u00e7\u00f5es. Para Quem? Concluiu, pelo menos, o 9.\u00ba ano de escolaridade; Possui at\u00e9 19 anos de idade; Pretende desenvolver compet\u00eancias pessoais e [&hellip;]<\/p>\n","protected":false},"author":1,"featured_media":0,"parent":0,"menu_order":0,"comment_status":"closed","ping_status":"closed","template":"","meta":{"footnotes":""},"class_list":["post-450","page","type-page","status-publish","hentry"],"_links":{"self":[{"href":"https:\/\/aemoita.pt\/aemoita\/wp-json\/wp\/v2\/pages\/450","targetHints":{"allow":["GET"]}}],"collection":[{"href":"https:\/\/aemoita.pt\/aemoita\/wp-json\/wp\/v2\/pages"}],"about":[{"href":"https:\/\/aemoita.pt\/aemoita\/wp-json\/wp\/v2\/types\/page"}],"author":[{"embeddable":true,"href":"https:\/\/aemoita.pt\/aemoita\/wp-json\/wp\/v2\/users\/1"}],"replies":[{"embeddable":true,"href":"https:\/\/aemoita.pt\/aemoita\/wp-json\/wp\/v2\/comments?post=450"}],"version-history":[{"count":2,"href":"https:\/\/aemoita.pt\/aemoita\/wp-json\/wp\/v2\/pages\/450\/revisions"}],"predecessor-version":[{"id":563,"href":"https:\/\/aemoita.pt\/aemoita\/wp-json\/wp\/v2\/pages\/450\/revisions\/563"}],"wp:attachment":[{"href":"https:\/\/aemoita.pt\/aemoita\/wp-json\/wp\/v2\/media?parent=450"}],"curies":[{"name":"wp","href":"https:\/\/api.w.org\/{rel}","templated":true}]}}