{"id":489,"date":"2021-04-24T10:14:14","date_gmt":"2021-04-24T10:14:14","guid":{"rendered":"https:\/\/aemoita.pt\/aemoita\/?page_id=489"},"modified":"2025-04-29T17:03:15","modified_gmt":"2025-04-29T17:03:15","slug":"desporto","status":"publish","type":"page","link":"https:\/\/aemoita.pt\/aemoita\/cursos-profissionais\/desporto\/","title":{"rendered":"Desporto"},"content":{"rendered":"\n<p>\u00c9 o profissional que est\u00e1 apto a participar no planeamento, na organiza\u00e7\u00e3o e no desenvolvimento do treino de modalidades desportivas, individuais ou coletivas, bem como organizar e dinamizar atividades f\u00edsicas e desportivas em contexto de ocupa\u00e7\u00e3o de tempos livres, anima\u00e7\u00e3o e lazer.<\/p>\n\n\n\n<p class=\"has-medium-font-size\"><strong>Sa\u00eddas Profissionais:<\/strong><\/p>\n\n\n\n<p>O T\u00e9cnico de Desporto pode desempenhar a sua atividade profissional em:<\/p>\n\n\n\n<ul class=\"wp-block-list\">\n<li>Autarquias<\/li>\n\n\n\n<li>Clubes desportivos<\/li>\n\n\n\n<li>Associa\u00e7\u00f5es desportivas<\/li>\n\n\n\n<li>Empresas de aventura<\/li>\n\n\n\n<li>Gin\u00e1sios<\/li>\n\n\n\n<li>Organiza\u00e7\u00e3o de eventos<\/li>\n\n\n\n<li>Com\u00e9rcio e fabrico de material desportivo<\/li>\n<\/ul>\n\n\n\n<p class=\"has-text-align-right has-medium-font-size\"><strong><a href=\"https:\/\/docs.google.com\/forms\/d\/e\/1FAIpQLSeHJkKLL_R_mE5AhQ9j6wqpd8TtBypGkSFe0PYBRzCw9JBvPA\/viewform\" target=\"_blank\" rel=\"noreferrer noopener\"><mark style=\"background-color:rgba(0, 0, 0, 0)\" class=\"has-inline-color has-vivid-cyan-blue-color\">Fa\u00e7a a sua pr\u00e9-inscri\u00e7\u00e3o aqui.<\/mark><\/a><\/strong><\/p>\n\n\n\n<p class=\"has-text-align-center has-medium-font-size\"><strong>Plano de Estudos:<\/strong><\/p>\n\n\n\n<table class=\"table table-sm\">\n  <thead>\n    <th class=\"text-center align-middle\">Componente Forma\u00e7\u00e3o<\/th>\n    <th class=\"text-center align-middle\">Disciplinas<\/th>\n    <th class=\"text-center align-middle\">Carga Hor\u00e1ria (3anos)<\/th>\n  <\/thead>\n  <tbody>\n    <tr>\n      <td rowspan=\"5\" class=\"align-middle\">Sociocultural<\/td>\n      <td>Portugu\u00eas<\/td>\n      <td>320<\/td>\n    <\/tr>\n    <tr>\n      <td>L\u00edngua Estrangeira I, II ou III<\/td>\n      <td>220<\/td>  \n    <\/tr>\n    <tr>\n      <td>TIC<\/td>\n      <td>100<\/td>  \n    <\/tr>\n    <tr>\n      <td>\u00c1rea de Integra\u00e7\u00e3o<\/td>\n      <td>220<\/td>  \n    <\/tr>\n    <tr>\n      <td>Educa\u00e7\u00e3o F\u00edsica<\/td>\n      <td>140<\/td>  \n    <\/tr>\n    <tr>\n      <td rowspan=\"3\" class=\"align-middle\">Cient\u00edfica<\/td>\n      <td>Matem\u00e1tica<\/td>\n      <td>200<\/td>\n    <\/tr>\n    <tr>\n      <td>Estudo do Movimento<\/td>\n      <td>200<\/td>\n    <\/tr>\n    <tr>\n      <td>Psicologia<\/td>\n      <td>100<\/td>\n    <\/tr>\n    <tr>\n      <td rowspan=\"2\" class=\"align-middle\">Tecnol\u00f3gica<\/td>\n      <td>\u00c1rea a desenvolver de acordo com as Unidades de Forma\u00e7\u00e3o de Curta Dura\u00e7\u00e3o (UFCD) previstas no respetivo Referencial de Forma\u00e7\u00e3o<\/td>\n      <td>1200<\/td>\n    <\/tr>\n    <tr>\n      <td>FCT<\/td>\n      <td>600<\/td>\n    <\/tr>\n  <\/tbody>\n<\/table>\n\n\n\n<p class=\"has-text-align-right has-medium-font-size\"><strong><a href=\"https:\/\/docs.google.com\/forms\/d\/e\/1FAIpQLSeHJkKLL_R_mE5AhQ9j6wqpd8TtBypGkSFe0PYBRzCw9JBvPA\/viewform\" data-type=\"URL\" data-id=\"https:\/\/docs.google.com\/forms\/d\/e\/1FAIpQLSc8cuxo7b0pnXcIJbKpSBs9N3h-E3SnHIZnwKCOXe6aNsB5Aw\/viewform?usp=sf_link\" target=\"_blank\" rel=\"noreferrer noopener\"><span class=\"has-inline-color has-vivid-cyan-blue-color\">Fa\u00e7a a sua pr\u00e9-inscri\u00e7\u00e3o aqui.<\/span><\/a><\/strong><\/p>\n\n\n\n<div class=\"wp-block-columns is-layout-flex wp-container-core-columns-is-layout-9d6595d7 wp-block-columns-is-layout-flex\">\n<div class=\"wp-block-column is-layout-flow wp-block-column-is-layout-flow\">\n<figure class=\"wp-block-video\"><video autoplay controls muted src=\"https:\/\/aemoita.pt\/aemoita\/videos\/DesportoVideo2.mp4\"><\/video><\/figure>\n<\/div>\n\n\n\n<div class=\"wp-block-column is-layout-flow wp-block-column-is-layout-flow\">\n<figure class=\"wp-block-video\"><video autoplay controls src=\"https:\/\/aemoita.pt\/aemoita\/videos\/DesportoVideo1.mp4\"><\/video><\/figure>\n<\/div>\n<\/div>\n\n\n\n<hr class=\"wp-block-separator has-css-opacity\"\/>\n\n\n\n<figure class=\"wp-block-gallery has-nested-images columns-6 is-cropped wp-block-gallery-1 is-layout-flex wp-block-gallery-is-layout-flex\">\n<figure class=\"wp-block-image size-large\"><a href=\"https:\/\/aemoita.pt\/aemoita\/wp-content\/uploads\/2021\/04\/IMG_20201203_154009.jpg\"><img loading=\"lazy\" decoding=\"async\" width=\"1024\" height=\"768\" data-id=\"845\" src=\"https:\/\/aemoita.pt\/aemoita\/wp-content\/uploads\/2021\/04\/IMG_20201203_154009-1024x768.jpg\" alt=\"\" class=\"wp-image-845\" srcset=\"https:\/\/aemoita.pt\/aemoita\/wp-content\/uploads\/2021\/04\/IMG_20201203_154009-1024x768.jpg 1024w, https:\/\/aemoita.pt\/aemoita\/wp-content\/uploads\/2021\/04\/IMG_20201203_154009-300x225.jpg 300w, https:\/\/aemoita.pt\/aemoita\/wp-content\/uploads\/2021\/04\/IMG_20201203_154009-768x576.jpg 768w, https:\/\/aemoita.pt\/aemoita\/wp-content\/uploads\/2021\/04\/IMG_20201203_154009-1536x1152.jpg 1536w, https:\/\/aemoita.pt\/aemoita\/wp-content\/uploads\/2021\/04\/IMG_20201203_154009.jpg 1600w\" sizes=\"auto, (max-width: 1024px) 100vw, 1024px\" \/><\/a><\/figure>\n\n\n\n<figure class=\"wp-block-image size-large\"><a href=\"https:\/\/aemoita.pt\/aemoita\/wp-content\/uploads\/2021\/04\/IMG_20201203_153930.jpg\"><img loading=\"lazy\" decoding=\"async\" width=\"1024\" height=\"768\" data-id=\"846\" src=\"https:\/\/aemoita.pt\/aemoita\/wp-content\/uploads\/2021\/04\/IMG_20201203_153930-1024x768.jpg\" alt=\"\" class=\"wp-image-846\" srcset=\"https:\/\/aemoita.pt\/aemoita\/wp-content\/uploads\/2021\/04\/IMG_20201203_153930-1024x768.jpg 1024w, https:\/\/aemoita.pt\/aemoita\/wp-content\/uploads\/2021\/04\/IMG_20201203_153930-300x225.jpg 300w, https:\/\/aemoita.pt\/aemoita\/wp-content\/uploads\/2021\/04\/IMG_20201203_153930-768x576.jpg 768w, https:\/\/aemoita.pt\/aemoita\/wp-content\/uploads\/2021\/04\/IMG_20201203_153930-1536x1152.jpg 1536w, https:\/\/aemoita.pt\/aemoita\/wp-content\/uploads\/2021\/04\/IMG_20201203_153930.jpg 1600w\" sizes=\"auto, (max-width: 1024px) 100vw, 1024px\" \/><\/a><\/figure>\n\n\n\n<figure class=\"wp-block-image size-large\"><a href=\"https:\/\/aemoita.pt\/aemoita\/wp-content\/uploads\/2021\/04\/a927a97f-0956-414d-aee0-83e8313bd186-2.jpg\"><img loading=\"lazy\" decoding=\"async\" width=\"768\" height=\"1024\" data-id=\"807\" src=\"https:\/\/aemoita.pt\/aemoita\/wp-content\/uploads\/2021\/04\/a927a97f-0956-414d-aee0-83e8313bd186-2-768x1024.jpg\" alt=\"\" class=\"wp-image-807\" srcset=\"https:\/\/aemoita.pt\/aemoita\/wp-content\/uploads\/2021\/04\/a927a97f-0956-414d-aee0-83e8313bd186-2-768x1024.jpg 768w, https:\/\/aemoita.pt\/aemoita\/wp-content\/uploads\/2021\/04\/a927a97f-0956-414d-aee0-83e8313bd186-2-225x300.jpg 225w, https:\/\/aemoita.pt\/aemoita\/wp-content\/uploads\/2021\/04\/a927a97f-0956-414d-aee0-83e8313bd186-2-1152x1536.jpg 1152w, https:\/\/aemoita.pt\/aemoita\/wp-content\/uploads\/2021\/04\/a927a97f-0956-414d-aee0-83e8313bd186-2.jpg 1440w\" sizes=\"auto, (max-width: 768px) 100vw, 768px\" \/><\/a><\/figure>\n\n\n\n<figure class=\"wp-block-image size-large\"><a href=\"https:\/\/aemoita.pt\/aemoita\/wp-content\/uploads\/2021\/04\/DSC06122.jpg\"><img loading=\"lazy\" decoding=\"async\" width=\"1024\" height=\"768\" data-id=\"808\" src=\"https:\/\/aemoita.pt\/aemoita\/wp-content\/uploads\/2021\/04\/DSC06122-1024x768.jpg\" alt=\"\" class=\"wp-image-808\" srcset=\"https:\/\/aemoita.pt\/aemoita\/wp-content\/uploads\/2021\/04\/DSC06122-1024x768.jpg 1024w, https:\/\/aemoita.pt\/aemoita\/wp-content\/uploads\/2021\/04\/DSC06122-300x225.jpg 300w, https:\/\/aemoita.pt\/aemoita\/wp-content\/uploads\/2021\/04\/DSC06122-768x576.jpg 768w, https:\/\/aemoita.pt\/aemoita\/wp-content\/uploads\/2021\/04\/DSC06122-1536x1152.jpg 1536w, https:\/\/aemoita.pt\/aemoita\/wp-content\/uploads\/2021\/04\/DSC06122.jpg 1600w\" sizes=\"auto, (max-width: 1024px) 100vw, 1024px\" \/><\/a><\/figure>\n\n\n\n<figure class=\"wp-block-image size-large\"><a href=\"https:\/\/aemoita.pt\/aemoita\/wp-content\/uploads\/2021\/04\/IMG_0110.jpg\"><img loading=\"lazy\" decoding=\"async\" width=\"768\" height=\"1024\" data-id=\"810\" src=\"https:\/\/aemoita.pt\/aemoita\/wp-content\/uploads\/2021\/04\/IMG_0110-768x1024.jpg\" alt=\"\" class=\"wp-image-810\" srcset=\"https:\/\/aemoita.pt\/aemoita\/wp-content\/uploads\/2021\/04\/IMG_0110-768x1024.jpg 768w, https:\/\/aemoita.pt\/aemoita\/wp-content\/uploads\/2021\/04\/IMG_0110-225x300.jpg 225w, https:\/\/aemoita.pt\/aemoita\/wp-content\/uploads\/2021\/04\/IMG_0110-1152x1536.jpg 1152w, https:\/\/aemoita.pt\/aemoita\/wp-content\/uploads\/2021\/04\/IMG_0110-1536x2048.jpg 1536w, https:\/\/aemoita.pt\/aemoita\/wp-content\/uploads\/2021\/04\/IMG_0110.jpg 1600w\" sizes=\"auto, (max-width: 768px) 100vw, 768px\" \/><\/a><\/figure>\n\n\n\n<figure class=\"wp-block-image size-large\"><a href=\"https:\/\/aemoita.pt\/aemoita\/wp-content\/uploads\/2021\/04\/IMG_1779.jpg\"><img loading=\"lazy\" decoding=\"async\" width=\"1024\" height=\"768\" data-id=\"811\" src=\"https:\/\/aemoita.pt\/aemoita\/wp-content\/uploads\/2021\/04\/IMG_1779-1024x768.jpg\" alt=\"\" class=\"wp-image-811\" srcset=\"https:\/\/aemoita.pt\/aemoita\/wp-content\/uploads\/2021\/04\/IMG_1779-1024x768.jpg 1024w, https:\/\/aemoita.pt\/aemoita\/wp-content\/uploads\/2021\/04\/IMG_1779-300x225.jpg 300w, https:\/\/aemoita.pt\/aemoita\/wp-content\/uploads\/2021\/04\/IMG_1779-768x576.jpg 768w, https:\/\/aemoita.pt\/aemoita\/wp-content\/uploads\/2021\/04\/IMG_1779-1536x1152.jpg 1536w, https:\/\/aemoita.pt\/aemoita\/wp-content\/uploads\/2021\/04\/IMG_1779.jpg 1600w\" sizes=\"auto, (max-width: 1024px) 100vw, 1024px\" \/><\/a><\/figure>\n\n\n\n<figure class=\"wp-block-image size-large\"><a href=\"https:\/\/aemoita.pt\/aemoita\/wp-content\/uploads\/2021\/04\/IMG_2549.jpg\"><img loading=\"lazy\" decoding=\"async\" width=\"1024\" height=\"768\" data-id=\"812\" src=\"https:\/\/aemoita.pt\/aemoita\/wp-content\/uploads\/2021\/04\/IMG_2549-1024x768.jpg\" alt=\"\" class=\"wp-image-812\" srcset=\"https:\/\/aemoita.pt\/aemoita\/wp-content\/uploads\/2021\/04\/IMG_2549-1024x768.jpg 1024w, https:\/\/aemoita.pt\/aemoita\/wp-content\/uploads\/2021\/04\/IMG_2549-300x225.jpg 300w, https:\/\/aemoita.pt\/aemoita\/wp-content\/uploads\/2021\/04\/IMG_2549-768x576.jpg 768w, https:\/\/aemoita.pt\/aemoita\/wp-content\/uploads\/2021\/04\/IMG_2549-1536x1152.jpg 1536w, https:\/\/aemoita.pt\/aemoita\/wp-content\/uploads\/2021\/04\/IMG_2549.jpg 1600w\" sizes=\"auto, (max-width: 1024px) 100vw, 1024px\" \/><\/a><\/figure>\n\n\n\n<figure class=\"wp-block-image size-large\"><a href=\"https:\/\/aemoita.pt\/aemoita\/wp-content\/uploads\/2021\/04\/IMG_3980.jpg\"><img loading=\"lazy\" decoding=\"async\" width=\"1024\" height=\"768\" data-id=\"813\" src=\"https:\/\/aemoita.pt\/aemoita\/wp-content\/uploads\/2021\/04\/IMG_3980-1024x768.jpg\" alt=\"\" class=\"wp-image-813\" srcset=\"https:\/\/aemoita.pt\/aemoita\/wp-content\/uploads\/2021\/04\/IMG_3980-1024x768.jpg 1024w, https:\/\/aemoita.pt\/aemoita\/wp-content\/uploads\/2021\/04\/IMG_3980-300x225.jpg 300w, https:\/\/aemoita.pt\/aemoita\/wp-content\/uploads\/2021\/04\/IMG_3980-768x576.jpg 768w, https:\/\/aemoita.pt\/aemoita\/wp-content\/uploads\/2021\/04\/IMG_3980-1536x1152.jpg 1536w, https:\/\/aemoita.pt\/aemoita\/wp-content\/uploads\/2021\/04\/IMG_3980.jpg 1600w\" sizes=\"auto, (max-width: 1024px) 100vw, 1024px\" \/><\/a><\/figure>\n\n\n\n<figure class=\"wp-block-image size-large\"><a href=\"https:\/\/aemoita.pt\/aemoita\/wp-content\/uploads\/2021\/04\/SDC10649.jpg\"><img loading=\"lazy\" decoding=\"async\" width=\"1024\" height=\"768\" data-id=\"814\" src=\"https:\/\/aemoita.pt\/aemoita\/wp-content\/uploads\/2021\/04\/SDC10649-1024x768.jpg\" alt=\"\" class=\"wp-image-814\" srcset=\"https:\/\/aemoita.pt\/aemoita\/wp-content\/uploads\/2021\/04\/SDC10649-1024x768.jpg 1024w, https:\/\/aemoita.pt\/aemoita\/wp-content\/uploads\/2021\/04\/SDC10649-300x225.jpg 300w, https:\/\/aemoita.pt\/aemoita\/wp-content\/uploads\/2021\/04\/SDC10649-768x576.jpg 768w, https:\/\/aemoita.pt\/aemoita\/wp-content\/uploads\/2021\/04\/SDC10649-1536x1152.jpg 1536w, https:\/\/aemoita.pt\/aemoita\/wp-content\/uploads\/2021\/04\/SDC10649.jpg 1600w\" sizes=\"auto, (max-width: 1024px) 100vw, 1024px\" \/><\/a><\/figure>\n\n\n\n<figure class=\"wp-block-image size-large\"><a href=\"https:\/\/aemoita.pt\/aemoita\/wp-content\/uploads\/2021\/04\/SDC10925.jpg\"><img loading=\"lazy\" decoding=\"async\" width=\"1024\" height=\"768\" data-id=\"816\" src=\"https:\/\/aemoita.pt\/aemoita\/wp-content\/uploads\/2021\/04\/SDC10925-1024x768.jpg\" alt=\"\" class=\"wp-image-816\" srcset=\"https:\/\/aemoita.pt\/aemoita\/wp-content\/uploads\/2021\/04\/SDC10925-1024x768.jpg 1024w, https:\/\/aemoita.pt\/aemoita\/wp-content\/uploads\/2021\/04\/SDC10925-300x225.jpg 300w, https:\/\/aemoita.pt\/aemoita\/wp-content\/uploads\/2021\/04\/SDC10925-768x576.jpg 768w, https:\/\/aemoita.pt\/aemoita\/wp-content\/uploads\/2021\/04\/SDC10925-1536x1152.jpg 1536w, https:\/\/aemoita.pt\/aemoita\/wp-content\/uploads\/2021\/04\/SDC10925.jpg 1600w\" sizes=\"auto, (max-width: 1024px) 100vw, 1024px\" \/><\/a><\/figure>\n\n\n\n<figure class=\"wp-block-image size-large\"><a href=\"https:\/\/aemoita.pt\/aemoita\/wp-content\/uploads\/2021\/05\/CartazCPTD1718.jpg\"><img loading=\"lazy\" decoding=\"async\" width=\"720\" height=\"960\" data-id=\"861\" src=\"https:\/\/aemoita.pt\/aemoita\/wp-content\/uploads\/2021\/05\/CartazCPTD1718.jpg\" alt=\"\" class=\"wp-image-861\" srcset=\"https:\/\/aemoita.pt\/aemoita\/wp-content\/uploads\/2021\/05\/CartazCPTD1718.jpg 720w, https:\/\/aemoita.pt\/aemoita\/wp-content\/uploads\/2021\/05\/CartazCPTD1718-225x300.jpg 225w\" sizes=\"auto, (max-width: 720px) 100vw, 720px\" \/><\/a><\/figure>\n<\/figure>\n","protected":false},"excerpt":{"rendered":"<p>\u00c9 o profissional que est\u00e1 apto a participar no planeamento, na organiza\u00e7\u00e3o e no desenvolvimento do treino de modalidades desportivas, individuais ou coletivas, bem como organizar e dinamizar atividades f\u00edsicas e desportivas em contexto de ocupa\u00e7\u00e3o de tempos livres, anima\u00e7\u00e3o e lazer. Sa\u00eddas Profissionais: O T\u00e9cnico de Desporto pode desempenhar a sua atividade profissional em: [&hellip;]<\/p>\n","protected":false},"author":1,"featured_media":0,"parent":450,"menu_order":0,"comment_status":"closed","ping_status":"closed","template":"","meta":{"footnotes":""},"class_list":["post-489","page","type-page","status-publish","hentry"],"_links":{"self":[{"href":"https:\/\/aemoita.pt\/aemoita\/wp-json\/wp\/v2\/pages\/489","targetHints":{"allow":["GET"]}}],"collection":[{"href":"https:\/\/aemoita.pt\/aemoita\/wp-json\/wp\/v2\/pages"}],"about":[{"href":"https:\/\/aemoita.pt\/aemoita\/wp-json\/wp\/v2\/types\/page"}],"author":[{"embeddable":true,"href":"https:\/\/aemoita.pt\/aemoita\/wp-json\/wp\/v2\/users\/1"}],"replies":[{"embeddable":true,"href":"https:\/\/aemoita.pt\/aemoita\/wp-json\/wp\/v2\/comments?post=489"}],"version-history":[{"count":24,"href":"https:\/\/aemoita.pt\/aemoita\/wp-json\/wp\/v2\/pages\/489\/revisions"}],"predecessor-version":[{"id":5070,"href":"https:\/\/aemoita.pt\/aemoita\/wp-json\/wp\/v2\/pages\/489\/revisions\/5070"}],"up":[{"embeddable":true,"href":"https:\/\/aemoita.pt\/aemoita\/wp-json\/wp\/v2\/pages\/450"}],"wp:attachment":[{"href":"https:\/\/aemoita.pt\/aemoita\/wp-json\/wp\/v2\/media?parent=489"}],"curies":[{"name":"wp","href":"https:\/\/api.w.org\/{rel}","templated":true}]}}