{"id":492,"date":"2021-04-24T10:20:13","date_gmt":"2021-04-24T10:20:13","guid":{"rendered":"https:\/\/aemoita.pt\/aemoita\/?page_id=492"},"modified":"2025-04-29T17:03:45","modified_gmt":"2025-04-29T17:03:45","slug":"gpsi","status":"publish","type":"page","link":"https:\/\/aemoita.pt\/aemoita\/cursos-profissionais\/gpsi\/","title":{"rendered":"Gest. Programa\u00e7\u00e3o Sist. Inform\u00e1ticos"},"content":{"rendered":"\n<p>\u00c9 o profissional qualificado que est\u00e1 apto a realizar o suporte e a manuten\u00e7\u00e3o de computadores isolados ou em rede, manuten\u00e7\u00e3o de aplica\u00e7\u00f5es inform\u00e1ticas, an\u00e1lise de sistemas de informa\u00e7\u00e3o, conceber e desenvolver aplica\u00e7\u00f5es inform\u00e1ticas e s\u00edtios na internet.<\/p>\n\n\n\n<p class=\"has-medium-font-size\"><strong>Sa\u00eddas Profissionais:<\/strong><\/p>\n\n\n\n<ul class=\"wp-block-list\">\n<li>O T\u00e9cnico de GPSI pode desempenhar a sua atividade profissional em:<\/li>\n\n\n\n<li>Empresas de Desenvolvimento\/Software House<\/li>\n\n\n\n<li>Empresas de servi\u00e7os inform\u00e1ticos<\/li>\n\n\n\n<li>Lojas de venda e manuten\u00e7\u00e3o de material inform\u00e1tico<\/li>\n\n\n\n<li>Empresas de qualquer ramo que utilizem sistemas inform\u00e1ticos<\/li>\n\n\n\n<li>Administra\u00e7\u00e3o Central e Local<\/li>\n\n\n\n<li>Cria\u00e7\u00e3o da pr\u00f3pria empresa<\/li>\n<\/ul>\n\n\n\n<p class=\"has-text-align-right has-vivid-cyan-blue-color has-text-color has-medium-font-size\"><strong><a href=\"https:\/\/docs.google.com\/forms\/d\/e\/1FAIpQLSeHJkKLL_R_mE5AhQ9j6wqpd8TtBypGkSFe0PYBRzCw9JBvPA\/viewform\" target=\"_blank\" rel=\"noreferrer noopener\">Fa\u00e7a a sua pr\u00e9-inscri\u00e7\u00e3o aqui.<\/a><\/strong><\/p>\n\n\n\n<table class=\"table table-sm\">\n  <thead>\n    <th class=\"text-center align-middle\">Componente Forma\u00e7\u00e3o<\/th>\n    <th class=\"text-center align-middle\">Disciplinas<\/th>\n    <th class=\"text-center align-middle\">Carga Hor\u00e1ria (3anos)<\/th>\n  <\/thead>\n  <tbody>\n    <tr>\n      <td rowspan=\"5\" class=\"align-middle\">Sociocultural<\/td>\n      <td>Portugu\u00eas<\/td>\n      <td>320<\/td>\n    <\/tr>\n    <tr>\n      <td>L\u00edngua Estrangeira I, II ou III<\/td>\n      <td>220<\/td>  \n    <\/tr>\n    <tr>\n      <td>TIC<\/td>\n      <td>100<\/td>  \n    <\/tr>\n    <tr>\n      <td>\u00c1rea de Integra\u00e7\u00e3o<\/td>\n      <td>220<\/td>  \n    <\/tr>\n    <tr>\n      <td>Educa\u00e7\u00e3o F\u00edsica<\/td>\n      <td>140<\/td>  \n    <\/tr>\n    <tr>\n      <td rowspan=\"2\" class=\"align-middle\">Cient\u00edfica<\/td>\n      <td>Matem\u00e1tica<\/td>\n      <td>300<\/td>\n    <\/tr>\n    <tr>\n      <td>F\u00edsica e Qu\u00edmica<\/td>\n      <td>200<\/td>\n    <\/tr>\n    <tr>\n      <td rowspan=\"5\" class=\"align-middle\">Tecnol\u00f3gica<\/td>\n      <td>Sistemas Operativos<\/td>\n      <td>124<\/td>\n    <\/tr>\n    <tr>\n      <td>Arquitetura de Computadores<\/td>\n      <td>132<\/td>\n    <\/tr>\n    <tr>\n      <td>Redes de Comunica\u00e7\u00e3o<\/td>\n      <td>232<\/td>\n    <\/tr>\n    <tr>\n      <td>Programa\u00e7\u00e3o e Sistemas de Informa\u00e7\u00e3o<\/td>\n      <td>612<\/td>\n    <\/tr>\n    <tr>\n      <td>FCT<\/td>\n      <td>600<\/td>\n    <\/tr>\n  <\/tbody>\n<\/table>\n\n\n\n<figure class=\"wp-block-video\"><video autoplay controls src=\"https:\/\/aemoita.pt\/aemoita\/videos\/GPSIVideo.mp4\"><\/video><\/figure>\n\n\n\n<p class=\"has-text-align-right has-vivid-cyan-blue-color has-text-color has-medium-font-size\"><strong><a href=\"https:\/\/docs.google.com\/forms\/d\/e\/1FAIpQLSeHJkKLL_R_mE5AhQ9j6wqpd8TtBypGkSFe0PYBRzCw9JBvPA\/viewform\" data-type=\"URL\" data-id=\"https:\/\/docs.google.com\/forms\/d\/e\/1FAIpQLSc8cuxo7b0pnXcIJbKpSBs9N3h-E3SnHIZnwKCOXe6aNsB5Aw\/viewform?usp=sf_link\" target=\"_blank\" rel=\"noreferrer noopener\">Fa\u00e7a a sua pr\u00e9-inscri\u00e7\u00e3o aqui.<\/a><\/strong><\/p>\n\n\n\n<div class=\"wp-block-columns is-layout-flex wp-container-core-columns-is-layout-9d6595d7 wp-block-columns-is-layout-flex\">\n<div class=\"wp-block-column is-layout-flow wp-block-column-is-layout-flow\" style=\"flex-basis:33.33%\">\n<p class=\"has-medium-font-size\"><strong><span class=\"has-inline-color has-vivid-red-color\">I<\/span><\/strong>nput<br><strong><span class=\"has-inline-color has-vivid-red-color\">N<\/span><\/strong>etwork<br><strong><span class=\"has-inline-color has-vivid-red-color\">F<\/span><\/strong>reeze<br><strong><span class=\"has-inline-color has-vivid-red-color\">O<\/span><\/strong>utput<br><strong><span class=\"has-inline-color has-vivid-red-color\">R<\/span><\/strong>am<br><strong><span class=\"has-inline-color has-vivid-red-color\">M<\/span><\/strong>ega<br><strong><span class=\"has-inline-color has-vivid-red-color\">A<\/span><\/strong>ccess<br><strong><span class=\"has-inline-color has-vivid-red-color\">T<\/span><\/strong>oolbar<br><strong><span class=\"has-inline-color has-vivid-red-color\">I<\/span><\/strong>nbox<br><strong><span class=\"has-inline-color has-vivid-red-color\">C<\/span><\/strong>hip<br><strong><span class=\"has-inline-color has-vivid-red-color\">A<\/span><\/strong>pps<\/p>\n<\/div>\n\n\n\n<div class=\"wp-block-column is-layout-flow wp-block-column-is-layout-flow\" style=\"flex-basis:66.66%\">\n<p>Passas horas no computador? As tecnologias fazem parte dos teus interesses?<br>Tens curiosidade em saber como a &#8220;magia&#8221; acontece no interior do teu&nbsp;<strong><span class=\"has-inline-color has-luminous-vivid-orange-color\">PC<\/span><\/strong>? Gostas de desafios que &#8220;puxem&#8221; pela cabe\u00e7a?<br>Ent\u00e3o, temos o curso certo para ti!&nbsp;A oferta que \u00e9&nbsp;<strong><span class=\"has-inline-color has-luminous-vivid-orange-color\">INTERFACE<\/span>&nbsp;<\/strong>da credibilidade!<br>N\u00e3o fiques&nbsp;<strong><span class=\"has-inline-color has-luminous-vivid-orange-color\">MUTADO<\/span>.<\/strong>..<strong><span class=\"has-inline-color has-luminous-vivid-orange-color\">LOGA-TE<\/span>&nbsp;<\/strong>em&nbsp;<strong><span class=\"has-inline-color has-luminous-vivid-orange-color\">GPSI<\/span><\/strong>.<\/p>\n\n\n\n<p>Liga-te \u00e0&nbsp;<strong><span class=\"has-inline-color has-luminous-vivid-orange-color\">REDE<\/span>,<\/strong>&nbsp;abra\u00e7a esta oferta e segue o&nbsp;<strong><span class=\"has-inline-color has-luminous-vivid-orange-color\">BIT&nbsp;<\/span><\/strong>do teu cora\u00e7\u00e3o!&nbsp;&nbsp;<\/p>\n\n\n\n<p>Vem fazer parte dos nossos&nbsp;<strong><span class=\"has-inline-color has-luminous-vivid-orange-color\">FICHEIROS<\/span><\/strong>!&nbsp; N\u00e3o fa\u00e7as&nbsp;<strong><span class=\"has-inline-color has-luminous-vivid-orange-color\">DELETE<\/span><\/strong>,&nbsp;<span class=\"has-inline-color has-luminous-vivid-orange-color\"><strong>PROGRAMA<\/strong>&nbsp;<\/span>o teu futuro!&nbsp; &nbsp;&nbsp;<\/p>\n<\/div>\n<\/div>\n","protected":false},"excerpt":{"rendered":"<p>\u00c9 o profissional qualificado que est\u00e1 apto a realizar o suporte e a manuten\u00e7\u00e3o de computadores isolados ou em rede, manuten\u00e7\u00e3o de aplica\u00e7\u00f5es inform\u00e1ticas, an\u00e1lise de sistemas de informa\u00e7\u00e3o, conceber e desenvolver aplica\u00e7\u00f5es inform\u00e1ticas e s\u00edtios na internet. Sa\u00eddas Profissionais: Fa\u00e7a a sua pr\u00e9-inscri\u00e7\u00e3o aqui. Componente Forma\u00e7\u00e3o Disciplinas Carga Hor\u00e1ria (3anos) Sociocultural Portugu\u00eas 320 L\u00edngua [&hellip;]<\/p>\n","protected":false},"author":1,"featured_media":0,"parent":450,"menu_order":0,"comment_status":"closed","ping_status":"closed","template":"","meta":{"footnotes":""},"class_list":["post-492","page","type-page","status-publish","hentry"],"_links":{"self":[{"href":"https:\/\/aemoita.pt\/aemoita\/wp-json\/wp\/v2\/pages\/492","targetHints":{"allow":["GET"]}}],"collection":[{"href":"https:\/\/aemoita.pt\/aemoita\/wp-json\/wp\/v2\/pages"}],"about":[{"href":"https:\/\/aemoita.pt\/aemoita\/wp-json\/wp\/v2\/types\/page"}],"author":[{"embeddable":true,"href":"https:\/\/aemoita.pt\/aemoita\/wp-json\/wp\/v2\/users\/1"}],"replies":[{"embeddable":true,"href":"https:\/\/aemoita.pt\/aemoita\/wp-json\/wp\/v2\/comments?post=492"}],"version-history":[{"count":15,"href":"https:\/\/aemoita.pt\/aemoita\/wp-json\/wp\/v2\/pages\/492\/revisions"}],"predecessor-version":[{"id":5071,"href":"https:\/\/aemoita.pt\/aemoita\/wp-json\/wp\/v2\/pages\/492\/revisions\/5071"}],"up":[{"embeddable":true,"href":"https:\/\/aemoita.pt\/aemoita\/wp-json\/wp\/v2\/pages\/450"}],"wp:attachment":[{"href":"https:\/\/aemoita.pt\/aemoita\/wp-json\/wp\/v2\/media?parent=492"}],"curies":[{"name":"wp","href":"https:\/\/api.w.org\/{rel}","templated":true}]}}