{"id":494,"date":"2021-04-24T10:22:52","date_gmt":"2021-04-24T10:22:52","guid":{"rendered":"https:\/\/aemoita.pt\/aemoita\/?page_id=494"},"modified":"2024-05-15T11:41:28","modified_gmt":"2024-05-15T11:41:28","slug":"logistica","status":"publish","type":"page","link":"https:\/\/aemoita.pt\/aemoita\/cursos-profissionais\/logistica\/","title":{"rendered":"Log\u00edstica"},"content":{"rendered":"\n<p>\u00c9 o profissional que assegura o adequado funcionamento das atividades log\u00edsticas da empresa, contribuindo para a otimiza\u00e7\u00e3o dos fluxos de informa\u00e7\u00e3o, servi\u00e7os, mat\u00e9rias-primas, bem como produtos acabados, tendo em conta as normas de qualidade, higiene, seguran\u00e7a e ambiente no trabalho.<\/p>\n\n\n\n<p class=\"has-medium-font-size\"><strong>Sa\u00eddas Profissionais:<\/strong><\/p>\n\n\n\n<p>O T\u00e9cnico de Log\u00edstica exerce a sua fun\u00e7\u00e3o em departamentos de log\u00edstica, integrados em diferentes tipologias e setores de atividade, como sejam:<\/p>\n\n\n\n<ul class=\"wp-block-list\">\n<li>Empresas de com\u00e9rcio e servi\u00e7os;<\/li>\n\n\n\n<li>Transit\u00e1rios;<\/li>\n\n\n\n<li>Empresas de transporte e distribui\u00e7\u00e3o;<\/li>\n\n\n\n<li>Outras entidades especializadas em servi\u00e7os log\u00edsticos.<\/li>\n<\/ul>\n\n\n\n<p class=\"has-text-align-right has-vivid-cyan-blue-color has-text-color has-medium-font-size\"><strong><a href=\"https:\/\/forms.gle\/eM97tHKWtL16Mq1GA\" target=\"_blank\" rel=\"noreferrer noopener\">Fa\u00e7a a sua pr\u00e9-inscri\u00e7\u00e3o aqui.<\/a><\/strong><\/p>\n\n\n\n<p class=\"has-text-align-center has-medium-font-size\"><strong>Plano de Estudos:<\/strong><\/p>\n\n\n\n<table class=\"table table-sm\">\n  <thead>\n    <tr><th class=\"text-center align-middle\">Componente Forma\u00e7\u00e3o<\/th>\n    <th class=\"text-center align-middle\">Disciplinas<\/th>\n    <th class=\"text-center align-middle\">Carga Hor\u00e1ria (3anos)<\/th>\n  <\/tr><\/thead>\n  <tbody>\n    <tr>\n      <td rowspan=\"5\" class=\"align-middle\">Sociocultural<\/td>\n      <td>Portugu\u00eas<\/td>\n      <td>320<\/td>\n    <\/tr>\n    <tr>\n      <td>L\u00edngua Estrangeira I, II ou III<\/td>\n      <td>220<\/td>  \n    <\/tr>\n    <tr>\n      <td>TIC<\/td>\n      <td>100<\/td>  \n    <\/tr>\n    <tr>\n      <td>\u00c1rea de Integra\u00e7\u00e3o<\/td>\n      <td>220<\/td>  \n    <\/tr>\n    <tr>\n      <td>Educa\u00e7\u00e3o F\u00edsica<\/td>\n      <td>140<\/td>  \n    <\/tr>\n\n    <tr>\n      <td rowspan=\"3\" class=\"align-middle\">Cient\u00edfica<\/td>\n      <td>Matem\u00e1tica<\/td>\n      <td>200<\/td>\n    <\/tr>\n    <tr>\n      <td>Economia<\/td>\n      <td>200<\/td>  \n    <\/tr>\n    <tr>\n      <td>Psicologia<\/td>\n      <td>100<\/td>  \n    <\/tr>\n    <tr>\n      <td rowspan=\"2\" class=\"align-middle\">Tecnol\u00f3gica<\/td>\n      <td>\u00c1rea a desenvolver de acordo com as Unidades de Forma\u00e7\u00e3o de Curta Dura\u00e7\u00e3o (UFCD) previstas no respetivo Referencial de Forma\u00e7\u00e3o<\/td>\n      <td>1075<\/td>\n    <\/tr>\n    <tr>\n      <td>FCT<\/td>\n      <td>600<\/td>\n    <\/tr>\n  <\/tbody>\n<\/table>\n\n\n\n<p class=\"has-text-align-right has-vivid-cyan-blue-color has-text-color has-medium-font-size\"><strong><a href=\"https:\/\/forms.gle\/eM97tHKWtL16Mq1GA\" data-type=\"URL\" data-id=\"https:\/\/docs.google.com\/forms\/d\/e\/1FAIpQLSc8cuxo7b0pnXcIJbKpSBs9N3h-E3SnHIZnwKCOXe6aNsB5Aw\/viewform?usp=sf_link\" target=\"_blank\" rel=\"noreferrer noopener\">Fa\u00e7a a sua pr\u00e9-inscri\u00e7\u00e3o aqui.<\/a><\/strong><\/p>\n\n\n\n<div class=\"wp-block-columns is-layout-flex wp-container-core-columns-is-layout-9d6595d7 wp-block-columns-is-layout-flex\">\n<div class=\"wp-block-column is-layout-flow wp-block-column-is-layout-flow\" style=\"flex-basis:33.33%\">\n<p class=\"has-medium-font-size\"><strong><span class=\"has-inline-color has-vivid-red-color\">L<\/span><\/strong>\u00f3gica<br><strong><span class=\"has-inline-color has-vivid-red-color\">O<\/span><\/strong>rganiza\u00e7\u00e3o<br><strong><span class=\"has-inline-color has-vivid-red-color\">G<\/span><\/strong>est\u00e3o<br><strong><span class=\"has-inline-color has-vivid-red-color\">I<\/span><\/strong>nforma\u00e7\u00e3o<br><strong><span class=\"has-inline-color has-vivid-red-color\">S<\/span><\/strong>olu\u00e7\u00f5es<br><strong><span class=\"has-inline-color has-vivid-red-color\">T<\/span><\/strong>ransportar<br><strong><span class=\"has-inline-color has-vivid-red-color\">I<\/span><\/strong>nterven\u00e7\u00e3o<br><strong><span class=\"has-inline-color has-vivid-red-color\">C<\/span><\/strong>liente<br><strong><span class=\"has-inline-color has-vivid-red-color\">A<\/span><\/strong>rmazenar<\/p>\n<\/div>\n\n\n\n<div class=\"wp-block-column is-layout-flow wp-block-column-is-layout-flow\" style=\"flex-basis:66.66%\">\n<p><strong><span class=\"has-inline-color has-luminous-vivid-orange-color\">Alguma vez paraste para pensar como \u00e9 que o teu produto preferido chega \u00e0s tuas m\u00e3os no conforto do teu lar ou \u00e0 tua loja de elei\u00e7\u00e3o?<\/span><\/strong><\/p>\n\n\n\n<p>Se gostas de desafios aliciantes, agarra esta oportunidade e prepara o teu futuro numa \u00e1rea profissional em grande crescimento\/expans\u00e3o.<\/p>\n\n\n\n<p>Faz&nbsp;<strong><span class=\"has-inline-color has-luminous-vivid-orange-color\">login<\/span><\/strong>&nbsp;na log\u00edstica e torna-te no profissional que coloca o produto certo, na hora certa, no lugar certo, para o cliente certo!<\/p>\n\n\n\n<p>&nbsp;<span class=\"has-inline-color has-vivid-red-color\"><strong>Log\u00edstica<\/strong>&nbsp;<\/span>um curso com&nbsp;<strong><span class=\"has-inline-color has-vivid-red-color\">l\u00f3gica<\/span>&nbsp;<\/strong>para o teu futuro!<\/p>\n<\/div>\n<\/div>\n\n\n\n<figure class=\"wp-block-image size-full\"><img loading=\"lazy\" decoding=\"async\" width=\"997\" height=\"501\" src=\"https:\/\/aemoita.pt\/aemoita\/wp-content\/uploads\/2022\/05\/logistica.jpg\" alt=\"\" class=\"wp-image-1750\" srcset=\"https:\/\/aemoita.pt\/aemoita\/wp-content\/uploads\/2022\/05\/logistica.jpg 997w, https:\/\/aemoita.pt\/aemoita\/wp-content\/uploads\/2022\/05\/logistica-300x151.jpg 300w, https:\/\/aemoita.pt\/aemoita\/wp-content\/uploads\/2022\/05\/logistica-768x386.jpg 768w\" sizes=\"auto, (max-width: 997px) 100vw, 997px\" \/><\/figure>\n\n\n\n<figure class=\"wp-block-video\"><video autoplay controls src=\"https:\/\/aemoita.pt\/aemoita\/videos\/LogisticaVideo.mp4\"><\/video><\/figure>\n","protected":false},"excerpt":{"rendered":"<p>\u00c9 o profissional que assegura o adequado funcionamento das atividades log\u00edsticas da empresa, contribuindo para a otimiza\u00e7\u00e3o dos fluxos de informa\u00e7\u00e3o, servi\u00e7os, mat\u00e9rias-primas, bem como produtos acabados, tendo em conta as normas de qualidade, higiene, seguran\u00e7a e ambiente no trabalho. Sa\u00eddas Profissionais: O T\u00e9cnico de Log\u00edstica exerce a sua fun\u00e7\u00e3o em departamentos de log\u00edstica, integrados [&hellip;]<\/p>\n","protected":false},"author":1,"featured_media":0,"parent":450,"menu_order":0,"comment_status":"closed","ping_status":"closed","template":"","meta":{"footnotes":""},"class_list":["post-494","page","type-page","status-publish","hentry"],"_links":{"self":[{"href":"https:\/\/aemoita.pt\/aemoita\/wp-json\/wp\/v2\/pages\/494","targetHints":{"allow":["GET"]}}],"collection":[{"href":"https:\/\/aemoita.pt\/aemoita\/wp-json\/wp\/v2\/pages"}],"about":[{"href":"https:\/\/aemoita.pt\/aemoita\/wp-json\/wp\/v2\/types\/page"}],"author":[{"embeddable":true,"href":"https:\/\/aemoita.pt\/aemoita\/wp-json\/wp\/v2\/users\/1"}],"replies":[{"embeddable":true,"href":"https:\/\/aemoita.pt\/aemoita\/wp-json\/wp\/v2\/comments?post=494"}],"version-history":[{"count":19,"href":"https:\/\/aemoita.pt\/aemoita\/wp-json\/wp\/v2\/pages\/494\/revisions"}],"predecessor-version":[{"id":3970,"href":"https:\/\/aemoita.pt\/aemoita\/wp-json\/wp\/v2\/pages\/494\/revisions\/3970"}],"up":[{"embeddable":true,"href":"https:\/\/aemoita.pt\/aemoita\/wp-json\/wp\/v2\/pages\/450"}],"wp:attachment":[{"href":"https:\/\/aemoita.pt\/aemoita\/wp-json\/wp\/v2\/media?parent=494"}],"curies":[{"name":"wp","href":"https:\/\/api.w.org\/{rel}","templated":true}]}}