{"id":496,"date":"2021-04-24T10:29:25","date_gmt":"2021-04-24T10:29:25","guid":{"rendered":"https:\/\/aemoita.pt\/aemoita\/?page_id=496"},"modified":"2026-05-07T15:31:26","modified_gmt":"2026-05-07T15:31:26","slug":"turismo","status":"publish","type":"page","link":"https:\/\/aemoita.pt\/aemoita\/cursos-profissionais\/turismo\/","title":{"rendered":"Turismo"},"content":{"rendered":"<div class=\"wp-block-image\">\n<figure class=\"aligncenter size-full\"><img loading=\"lazy\" decoding=\"async\" width=\"242\" height=\"176\" src=\"https:\/\/aemoita.pt\/aemoita\/wp-content\/uploads\/2026\/01\/carimboe-1.jpg\" alt=\"\" class=\"wp-image-5887\"\/><\/figure><\/div>\n\n\n<div style=\"height:22px\" aria-hidden=\"true\" class=\"wp-block-spacer\"><\/div>\n\n\n\n<p class=\"has-vivid-red-color has-text-color has-link-color wp-elements-15d09b55c15f5e0d7e4f2e747fe4f36a\"><strong>VAIS APRENDER:<\/strong><\/p>\n\n\n\n<ul class=\"wp-block-list\">\n<li>Planear atividades tur\u00edsticas<\/li>\n\n\n\n<li>Criar experi\u00eancias e itiner\u00e1rios<\/li>\n\n\n\n<li>Atender e comunicar com turistas<\/li>\n\n\n\n<li>Promover o turismo<\/li>\n\n\n\n<li>Aplicar pr\u00e1ticas de turismo sustent\u00e1vel e inclusivo<\/li>\n<\/ul>\n\n\n\n<p class=\"has-vivid-red-color has-text-color has-link-color wp-elements-5ce315363728b55ae267a2f13dbf8893\"><strong>VAIS TER ACESSO:<\/strong><\/p>\n\n\n\n<ul class=\"wp-block-list\">\n<li>Entrar no mercado de trabalho<\/li>\n\n\n\n<li>Prosseguimento de estudos no ensino superior<\/li>\n<\/ul>\n\n\n\n<p class=\"has-vivid-red-color has-text-color has-link-color wp-elements-e485974e170ab6c4ad383977d40c1577\"><strong>VAIS TRABALHAR:<\/strong><\/p>\n\n\n\n<ul class=\"wp-block-list\">\n<li>Ag\u00eancias de viagens<\/li>\n\n\n\n<li>Hot\u00e9is e alojamentos<\/li>\n\n\n\n<li>Empresas de anima\u00e7\u00e3o tur\u00edstica<\/li>\n\n\n\n<li>Postos e servi\u00e7os de turismo<\/li>\n<\/ul>\n\n\n\n<p><strong>O TEU FUTURO COME\u00c7A AQUI<\/strong><\/p>\n\n\n\n<p><strong>Pr\u00e9-inscri\u00e7\u00e3o dispon\u00edvel aqui:<\/strong><\/p>\n\n\n<div class=\"wp-block-image\">\n<figure class=\"aligncenter size-full is-resized\"><img loading=\"lazy\" decoding=\"async\" width=\"358\" height=\"368\" src=\"https:\/\/aemoita.pt\/aemoita\/wp-content\/uploads\/2026\/04\/qrcode_inscricao.png\" alt=\"\" class=\"wp-image-6407\" style=\"width:176px;height:auto\" srcset=\"https:\/\/aemoita.pt\/aemoita\/wp-content\/uploads\/2026\/04\/qrcode_inscricao.png 358w, https:\/\/aemoita.pt\/aemoita\/wp-content\/uploads\/2026\/04\/qrcode_inscricao-292x300.png 292w\" sizes=\"auto, (max-width: 358px) 100vw, 358px\" \/><\/figure><\/div>\n\n\n<p class=\"has-text-align-right has-vivid-cyan-blue-color has-text-color has-medium-font-size\"><strong><a href=\"https:\/\/docs.google.com\/forms\/d\/e\/1FAIpQLSeHJkKLL_R_mE5AhQ9j6wqpd8TtBypGkSFe0PYBRzCw9JBvPA\/viewform\" target=\"_blank\" rel=\"noreferrer noopener\">Fa\u00e7a a sua pr\u00e9-inscri\u00e7\u00e3o aqui.<\/a><\/strong><\/p>\n\n\n\n<p class=\"has-text-align-center has-medium-font-size\"><strong>Plano de Estudos:<\/strong><\/p>\n\n\n\n<figure class=\"wp-block-table\"><table class=\"has-fixed-layout\"><tbody><tr><td><strong>Componente Forma\u00e7\u00e3o<\/strong><\/td><td><strong>Disciplinas<\/strong><\/td><td><strong>Carga Hor\u00e1ria (3 anos)<\/strong><\/td><td><strong>Unidades Cr\u00e9dito<\/strong><\/td><\/tr><tr><td rowspan=\"5\">Sociocultural (1)<\/td><td>Portugu\u00eas<\/td><td><strong>320<\/strong><\/td><td rowspan=\"8\">70<\/td><\/tr><tr><td>L\u00edngua Estrangeira I, II, ou III<\/td><td>220<\/td><\/tr><tr><td>TIC<\/td><td>100<\/td><\/tr><tr><td>\u00c1rea de Integra\u00e7\u00e3o<\/td><td>220<\/td><\/tr><tr><td>Educa\u00e7\u00e3o F\u00edsica<\/td><td>140<\/td><\/tr><tr><td rowspan=\"3\">Cient\u00edfica (2)<\/td><td>Matem\u00e1tica<\/td><td>100<\/td><\/tr><tr><td>Hist\u00f3ria e Cultura das Artes<\/td><td>200<\/td><\/tr><tr><td>Geografia<\/td><td>200<\/td><\/tr><tr><td>Tecnol\u00f3gica (3)<\/td><td>\u00c1rea a desenvolver de acordo com a Unidades de Compet\u00eancia (UC) previstas no respectivo Referencial de Forma\u00e7\u00e3o .<\/td><td>1275<\/td><td>114,75<\/td><\/tr><tr><td>Pr\u00e1tica (4)<\/td><td>FCT<\/td><td>600<\/td><td>20<\/td><\/tr><tr><td colspan=\"2\"><strong>Total (1+2+3+4)<\/strong><\/td><td><strong>3375<\/strong><\/td><td><strong>204,75<\/strong><\/td><\/tr><\/tbody><\/table><\/figure>\n\n\n\n<p class=\"has-text-align-right has-vivid-cyan-blue-color has-text-color has-medium-font-size\"><strong><a href=\"https:\/\/docs.google.com\/forms\/d\/e\/1FAIpQLSeHJkKLL_R_mE5AhQ9j6wqpd8TtBypGkSFe0PYBRzCw9JBvPA\/viewform\" data-type=\"URL\" data-id=\"https:\/\/docs.google.com\/forms\/d\/e\/1FAIpQLSc8cuxo7b0pnXcIJbKpSBs9N3h-E3SnHIZnwKCOXe6aNsB5Aw\/viewform?usp=sf_link\" target=\"_blank\" rel=\"noreferrer noopener\">Fa\u00e7a a sua pr\u00e9-inscri\u00e7\u00e3o aqui.<\/a><\/strong><\/p>\n\n\n\n<figure class=\"wp-block-video\"><video autoplay controls src=\"https:\/\/aemoita.pt\/aemoita\/videos\/turismoVideo.mp4\"><\/video><\/figure>\n\n\n\n<hr class=\"wp-block-separator has-css-opacity\"\/>\n\n\n\n<figure class=\"wp-block-gallery has-nested-images columns-5 is-cropped wp-block-gallery-1 is-layout-flex wp-block-gallery-is-layout-flex\">\n<figure class=\"wp-block-image size-thumbnail\"><a href=\"https:\/\/aemoita.pt\/aemoita\/wp-content\/uploads\/2021\/04\/btl-2.jpg\"><img loading=\"lazy\" decoding=\"async\" width=\"150\" height=\"150\" data-id=\"612\" src=\"https:\/\/aemoita.pt\/aemoita\/wp-content\/uploads\/2021\/04\/btl-2-150x150.jpg\" alt=\"\" class=\"wp-image-612\"\/><\/a><\/figure>\n\n\n\n<figure class=\"wp-block-image size-thumbnail\"><a href=\"https:\/\/aemoita.pt\/aemoita\/wp-content\/uploads\/2021\/04\/BTL-2015-B.jpg\"><img loading=\"lazy\" decoding=\"async\" width=\"150\" height=\"150\" data-id=\"613\" src=\"https:\/\/aemoita.pt\/aemoita\/wp-content\/uploads\/2021\/04\/BTL-2015-B-150x150.jpg\" alt=\"\" class=\"wp-image-613\"\/><\/a><\/figure>\n\n\n\n<figure class=\"wp-block-image size-thumbnail\"><a href=\"https:\/\/aemoita.pt\/aemoita\/wp-content\/uploads\/2021\/04\/FEIRA-DE-TURISMO-1.jpg\"><img loading=\"lazy\" decoding=\"async\" width=\"150\" height=\"150\" data-id=\"614\" src=\"https:\/\/aemoita.pt\/aemoita\/wp-content\/uploads\/2021\/04\/FEIRA-DE-TURISMO-1-150x150.jpg\" alt=\"\" class=\"wp-image-614\"\/><\/a><\/figure>\n\n\n\n<figure class=\"wp-block-image size-thumbnail\"><a href=\"https:\/\/aemoita.pt\/aemoita\/wp-content\/uploads\/2021\/04\/SAMANA-NIPONICA-1.jpg\"><img loading=\"lazy\" decoding=\"async\" width=\"150\" height=\"150\" data-id=\"615\" src=\"https:\/\/aemoita.pt\/aemoita\/wp-content\/uploads\/2021\/04\/SAMANA-NIPONICA-1-150x150.jpg\" alt=\"\" class=\"wp-image-615\"\/><\/a><\/figure>\n\n\n\n<figure class=\"wp-block-image size-thumbnail\"><a href=\"https:\/\/aemoita.pt\/aemoita\/wp-content\/uploads\/2021\/04\/Turismo-6.jpg\"><img loading=\"lazy\" decoding=\"async\" width=\"150\" height=\"150\" data-id=\"616\" src=\"https:\/\/aemoita.pt\/aemoita\/wp-content\/uploads\/2021\/04\/Turismo-6-150x150.jpg\" alt=\"\" class=\"wp-image-616\"\/><\/a><\/figure>\n\n\n\n<figure class=\"wp-block-image size-thumbnail\"><a href=\"https:\/\/aemoita.pt\/aemoita\/wp-content\/uploads\/2021\/04\/TURISMO-9.jpg\"><img loading=\"lazy\" decoding=\"async\" width=\"150\" height=\"150\" data-id=\"617\" src=\"https:\/\/aemoita.pt\/aemoita\/wp-content\/uploads\/2021\/04\/TURISMO-9-150x150.jpg\" alt=\"\" class=\"wp-image-617\"\/><\/a><\/figure>\n\n\n\n<figure class=\"wp-block-image size-thumbnail\"><a href=\"https:\/\/aemoita.pt\/aemoita\/wp-content\/uploads\/2021\/04\/TURISMO-11-2017.jpg\"><img loading=\"lazy\" decoding=\"async\" width=\"150\" height=\"150\" data-id=\"618\" src=\"https:\/\/aemoita.pt\/aemoita\/wp-content\/uploads\/2021\/04\/TURISMO-11-2017-150x150.jpg\" alt=\"\" class=\"wp-image-618\"\/><\/a><\/figure>\n\n\n\n<figure class=\"wp-block-image size-thumbnail\"><a href=\"https:\/\/aemoita.pt\/aemoita\/wp-content\/uploads\/2021\/04\/Turismo-22.jpg\"><img loading=\"lazy\" decoding=\"async\" width=\"150\" height=\"150\" data-id=\"619\" src=\"https:\/\/aemoita.pt\/aemoita\/wp-content\/uploads\/2021\/04\/Turismo-22-150x150.jpg\" alt=\"\" class=\"wp-image-619\"\/><\/a><\/figure>\n\n\n\n<figure class=\"wp-block-image size-thumbnail\"><a href=\"https:\/\/aemoita.pt\/aemoita\/wp-content\/uploads\/2021\/04\/Turismo-26.jpg\"><img loading=\"lazy\" decoding=\"async\" width=\"150\" height=\"150\" data-id=\"620\" src=\"https:\/\/aemoita.pt\/aemoita\/wp-content\/uploads\/2021\/04\/Turismo-26-150x150.jpg\" alt=\"\" class=\"wp-image-620\"\/><\/a><\/figure>\n\n\n\n<figure class=\"wp-block-image size-thumbnail\"><a href=\"https:\/\/aemoita.pt\/aemoita\/wp-content\/uploads\/2021\/04\/turismo3.jpg\"><img loading=\"lazy\" decoding=\"async\" width=\"150\" height=\"150\" data-id=\"621\" src=\"https:\/\/aemoita.pt\/aemoita\/wp-content\/uploads\/2021\/04\/turismo3-150x150.jpg\" alt=\"\" class=\"wp-image-621\"\/><\/a><\/figure>\n<\/figure>\n","protected":false},"excerpt":{"rendered":"<p>VAIS APRENDER: VAIS TER ACESSO: VAIS TRABALHAR: O TEU FUTURO COME\u00c7A AQUI Pr\u00e9-inscri\u00e7\u00e3o dispon\u00edvel aqui: Fa\u00e7a a sua pr\u00e9-inscri\u00e7\u00e3o aqui. Plano de Estudos: Componente Forma\u00e7\u00e3o Disciplinas Carga Hor\u00e1ria (3 anos) Unidades Cr\u00e9dito Sociocultural (1) Portugu\u00eas 320 70 L\u00edngua Estrangeira I, II, ou III 220 TIC 100 \u00c1rea de Integra\u00e7\u00e3o 220 Educa\u00e7\u00e3o F\u00edsica 140 Cient\u00edfica (2) [&hellip;]<\/p>\n","protected":false},"author":1,"featured_media":0,"parent":450,"menu_order":0,"comment_status":"closed","ping_status":"closed","template":"","meta":{"footnotes":""},"class_list":["post-496","page","type-page","status-publish","hentry"],"_links":{"self":[{"href":"https:\/\/aemoita.pt\/aemoita\/wp-json\/wp\/v2\/pages\/496","targetHints":{"allow":["GET"]}}],"collection":[{"href":"https:\/\/aemoita.pt\/aemoita\/wp-json\/wp\/v2\/pages"}],"about":[{"href":"https:\/\/aemoita.pt\/aemoita\/wp-json\/wp\/v2\/types\/page"}],"author":[{"embeddable":true,"href":"https:\/\/aemoita.pt\/aemoita\/wp-json\/wp\/v2\/users\/1"}],"replies":[{"embeddable":true,"href":"https:\/\/aemoita.pt\/aemoita\/wp-json\/wp\/v2\/comments?post=496"}],"version-history":[{"count":21,"href":"https:\/\/aemoita.pt\/aemoita\/wp-json\/wp\/v2\/pages\/496\/revisions"}],"predecessor-version":[{"id":6504,"href":"https:\/\/aemoita.pt\/aemoita\/wp-json\/wp\/v2\/pages\/496\/revisions\/6504"}],"up":[{"embeddable":true,"href":"https:\/\/aemoita.pt\/aemoita\/wp-json\/wp\/v2\/pages\/450"}],"wp:attachment":[{"href":"https:\/\/aemoita.pt\/aemoita\/wp-json\/wp\/v2\/media?parent=496"}],"curies":[{"name":"wp","href":"https:\/\/api.w.org\/{rel}","templated":true}]}}