{"id":5047,"date":"2025-04-28T08:39:45","date_gmt":"2025-04-28T08:39:45","guid":{"rendered":"https:\/\/aemoita.pt\/aemoita\/?page_id=5047"},"modified":"2025-04-29T20:47:22","modified_gmt":"2025-04-29T20:47:22","slug":"tecnico-de-gestao","status":"publish","type":"page","link":"https:\/\/aemoita.pt\/aemoita\/cursos-profissionais\/tecnico-de-gestao\/","title":{"rendered":"T\u00e9cnico de Gest\u00e3o"},"content":{"rendered":"\n<p>\ud83d\udcda Dura\u00e7\u00e3o: 3 anos | Acesso: 9.\u00ba ano completo<\/p>\n\n\n\n<p>\ud83d\udcc1Sa\u00edda Profissional: T\u00e9cnico de Gest\u00e3o<\/p>\n\n\n\n<p>\ud83d\udcbc O que vais aprender?<br>        Gest\u00e3o de empresas, administra\u00e7\u00e3o, apoio comercial e ferramentas digitais.<\/p>\n\n\n\n<p>\ud83d\ude80 Algumas profiss\u00f5es que podes vir a exercer:<\/p>\n\n\n\n<ul class=\"wp-block-list\">\n<li>Assistente de gest\u00e3o<\/li>\n\n\n\n<li>T\u00e9cnico administrativo<\/li>\n\n\n\n<li>T\u00e9cnico comercial<br>E ainda adquires conhecimentos que te possibilitam a cria\u00e7\u00e3o e gest\u00e3o do teu<br>pr\u00f3prio neg\u00f3cio.<\/li>\n<\/ul>\n\n\n\n<p>\ud83c\udf93 Possibilidade de continua\u00e7\u00e3o de estudos:<\/p>\n\n\n\n<ul class=\"wp-block-list\">\n<li>Ensino superior (Licenciaturas e CTeSP)<\/li>\n\n\n\n<li>Forma\u00e7\u00e3o especializada<\/li>\n<\/ul>\n\n\n\n<p>\ud83d\udccd Inclui est\u00e1gio profissional!<br>Com forma\u00e7\u00e3o pr\u00e1tica, dupla certifica\u00e7\u00e3o (12.\u00ba ano + N\u00edvel 4) e alta empregabilidade.<\/p>\n\n\n\n<p class=\"has-text-align-right has-vivid-cyan-blue-color has-text-color has-medium-font-size\"><strong><a href=\"https:\/\/forms.gle\/eM97tHKWtL16Mq1GA\" target=\"_blank\" rel=\"noreferrer noopener\">Fa\u00e7a a sua pr\u00e9-inscri\u00e7\u00e3o aqui.<\/a><\/strong><\/p>\n\n\n<div class=\"wp-block-image\">\n<figure class=\"aligncenter size-full\"><img loading=\"lazy\" decoding=\"async\" width=\"735\" height=\"425\" src=\"https:\/\/aemoita.pt\/aemoita\/wp-content\/uploads\/2025\/04\/planoGestao.jpg\" alt=\"\" class=\"wp-image-5051\" srcset=\"https:\/\/aemoita.pt\/aemoita\/wp-content\/uploads\/2025\/04\/planoGestao.jpg 735w, https:\/\/aemoita.pt\/aemoita\/wp-content\/uploads\/2025\/04\/planoGestao-300x173.jpg 300w\" sizes=\"auto, (max-width: 735px) 100vw, 735px\" \/><\/figure><\/div>\n\n\n<p class=\"has-text-align-right has-vivid-cyan-blue-color has-text-color has-medium-font-size\"><strong><a href=\"https:\/\/docs.google.com\/forms\/d\/e\/1FAIpQLSeHJkKLL_R_mE5AhQ9j6wqpd8TtBypGkSFe0PYBRzCw9JBvPA\/viewform\">Fa\u00e7a a sua pr\u00e9-inscri\u00e7\u00e3o aqui<\/a> ou atrav\u00e9s do QR Code <\/strong><\/p>\n\n\n<div class=\"wp-block-image\">\n<figure class=\"aligncenter size-full\"><img loading=\"lazy\" decoding=\"async\" width=\"146\" height=\"136\" src=\"https:\/\/aemoita.pt\/aemoita\/wp-content\/uploads\/2025\/04\/CODIGO-qr.jpg\" alt=\"\" class=\"wp-image-5056\"\/><\/figure><\/div>\n\n\n<div style=\"height:50px\" aria-hidden=\"true\" class=\"wp-block-spacer\"><\/div>\n\n\n\n<div class=\"wp-block-columns is-layout-flex wp-container-core-columns-is-layout-9d6595d7 wp-block-columns-is-layout-flex\">\n<div class=\"wp-block-column is-layout-flow wp-block-column-is-layout-flow\">\n<figure class=\"wp-block-video\"><video autoplay controls src=\"https:\/\/aemoita.pt\/aemoita\/wp-content\/uploads\/2025\/04\/video-do-CP-de-Gestao-2.mov\"><\/video><\/figure>\n<\/div>\n<\/div>\n\n\n\n<p><\/p>\n","protected":false},"excerpt":{"rendered":"<p>\ud83d\udcda Dura\u00e7\u00e3o: 3 anos | Acesso: 9.\u00ba ano completo \ud83d\udcc1Sa\u00edda Profissional: T\u00e9cnico de Gest\u00e3o \ud83d\udcbc O que vais aprender? Gest\u00e3o de empresas, administra\u00e7\u00e3o, apoio comercial e ferramentas digitais. \ud83d\ude80 Algumas profiss\u00f5es que podes vir a exercer: \ud83c\udf93 Possibilidade de continua\u00e7\u00e3o de estudos: \ud83d\udccd Inclui est\u00e1gio profissional!Com forma\u00e7\u00e3o pr\u00e1tica, dupla certifica\u00e7\u00e3o (12.\u00ba ano + N\u00edvel 4) [&hellip;]<\/p>\n","protected":false},"author":1,"featured_media":0,"parent":450,"menu_order":0,"comment_status":"closed","ping_status":"closed","template":"","meta":{"footnotes":""},"class_list":["post-5047","page","type-page","status-publish","hentry"],"_links":{"self":[{"href":"https:\/\/aemoita.pt\/aemoita\/wp-json\/wp\/v2\/pages\/5047","targetHints":{"allow":["GET"]}}],"collection":[{"href":"https:\/\/aemoita.pt\/aemoita\/wp-json\/wp\/v2\/pages"}],"about":[{"href":"https:\/\/aemoita.pt\/aemoita\/wp-json\/wp\/v2\/types\/page"}],"author":[{"embeddable":true,"href":"https:\/\/aemoita.pt\/aemoita\/wp-json\/wp\/v2\/users\/1"}],"replies":[{"embeddable":true,"href":"https:\/\/aemoita.pt\/aemoita\/wp-json\/wp\/v2\/comments?post=5047"}],"version-history":[{"count":5,"href":"https:\/\/aemoita.pt\/aemoita\/wp-json\/wp\/v2\/pages\/5047\/revisions"}],"predecessor-version":[{"id":5059,"href":"https:\/\/aemoita.pt\/aemoita\/wp-json\/wp\/v2\/pages\/5047\/revisions\/5059"}],"up":[{"embeddable":true,"href":"https:\/\/aemoita.pt\/aemoita\/wp-json\/wp\/v2\/pages\/450"}],"wp:attachment":[{"href":"https:\/\/aemoita.pt\/aemoita\/wp-json\/wp\/v2\/media?parent=5047"}],"curies":[{"name":"wp","href":"https:\/\/api.w.org\/{rel}","templated":true}]}}