{"id":5085,"date":"2025-04-29T17:41:36","date_gmt":"2025-04-29T17:41:36","guid":{"rendered":"https:\/\/aemoita.pt\/aemoita\/?page_id=5085"},"modified":"2026-04-14T07:30:08","modified_gmt":"2026-04-14T07:30:08","slug":"avaliacao-e-revisao","status":"publish","type":"page","link":"https:\/\/aemoita.pt\/aemoita\/eqavet-fase-de-implementacao\/avaliacao-e-revisao\/","title":{"rendered":"Avalia\u00e7\u00e3o e Revis\u00e3o"},"content":{"rendered":"\n<p><strong>Ano Letivo 2025\/2026<\/strong><\/p>\n\n\n\n<ul class=\"wp-block-list\">\n<li><a href=\"https:\/\/aemoita.pt\/aemoita\/wp-content\/uploads\/2026\/04\/Relatorio-Avaliacao-1oPeriodo_25_26_v01.pdf\" target=\"_blank\" rel=\"noreferrer noopener\">Relat\u00f3rio Avalia\u00e7\u00e3o 1.\u00baPer\u00edodo<\/a><\/li>\n\n\n\n<li><a href=\"https:\/\/aemoita.pt\/aemoita\/wp-content\/uploads\/2026\/04\/Quadro-Indicadores_Planeamento-Avaliacao-e-Revisao-1.pdf\" target=\"_blank\" rel=\"noreferrer noopener\">Quadro de Planeamento, Avalia\u00e7\u00e3o e Revis\u00e3o (mar\u00e7o 2026)<\/a><\/li>\n<\/ul>\n\n\n\n<p><strong>Ano Letivo 2024\/2025<\/strong><\/p>\n\n\n\n<ul class=\"wp-block-list\">\n<li><a href=\"https:\/\/aemoita.pt\/aemoita\/wp-content\/uploads\/2025\/04\/Relatorio-Avaliacao-1oPeriodo_v01.pdf\">Relat\u00f3rio Avalia\u00e7\u00e3o 1\u00baPeriodo<\/a><\/li>\n\n\n\n<li><a href=\"https:\/\/aemoita.pt\/aemoita\/wp-content\/uploads\/2025\/11\/Relatorio-Avaliacao-2oPeriodo_v01.pdf\" target=\"_blank\" rel=\"noreferrer noopener\">Relat\u00f3rio Avalia\u00e7\u00e3o 2.\u00baPeriodo<\/a><\/li>\n\n\n\n<li><a href=\"https:\/\/aemoita.pt\/aemoita\/wp-content\/uploads\/2025\/12\/RelatorioAvaliacaoAnual_24-25_v00.pdf\" target=\"_blank\" rel=\"noreferrer noopener\">Relat\u00f3rio de Avalia\u00e7\u00e3o Anual<\/a><\/li>\n<\/ul>\n\n\n\n<p><a href=\"https:\/\/aemoita.pt\/aemoita\/wp-content\/uploads\/2026\/03\/Quadro-Indicadores_Planeamento-Avaliacao-e-Revisao.pdf\" target=\"_blank\" rel=\"noreferrer noopener\">Quadro de Planeamento, Avalia\u00e7\u00e3o e Revis\u00e3o<\/a><\/p>\n\n\n\n<p><strong>Ciclo de Forma\u00e7\u00e3o 2020-2023<\/strong><\/p>\n\n\n\n<ul class=\"wp-block-list\">\n<li><a href=\"https:\/\/aemoita.pt\/aemoita\/wp-content\/uploads\/2026\/03\/Relatorio-Avaliacao-de-Ciclo_20_23v02.pdf\" target=\"_blank\" rel=\"noreferrer noopener\">Relat\u00f3rio Avalia\u00e7\u00e3o de Ciclo 2020-2023<\/a><\/li>\n<\/ul>\n\n\n\n<p><\/p>\n","protected":false},"excerpt":{"rendered":"<p>Ano Letivo 2025\/2026 Ano Letivo 2024\/2025 Quadro de Planeamento, Avalia\u00e7\u00e3o e Revis\u00e3o Ciclo de Forma\u00e7\u00e3o 2020-2023<\/p>\n","protected":false},"author":1,"featured_media":0,"parent":984,"menu_order":0,"comment_status":"closed","ping_status":"closed","template":"","meta":{"footnotes":""},"class_list":["post-5085","page","type-page","status-publish","hentry"],"_links":{"self":[{"href":"https:\/\/aemoita.pt\/aemoita\/wp-json\/wp\/v2\/pages\/5085","targetHints":{"allow":["GET"]}}],"collection":[{"href":"https:\/\/aemoita.pt\/aemoita\/wp-json\/wp\/v2\/pages"}],"about":[{"href":"https:\/\/aemoita.pt\/aemoita\/wp-json\/wp\/v2\/types\/page"}],"author":[{"embeddable":true,"href":"https:\/\/aemoita.pt\/aemoita\/wp-json\/wp\/v2\/users\/1"}],"replies":[{"embeddable":true,"href":"https:\/\/aemoita.pt\/aemoita\/wp-json\/wp\/v2\/comments?post=5085"}],"version-history":[{"count":9,"href":"https:\/\/aemoita.pt\/aemoita\/wp-json\/wp\/v2\/pages\/5085\/revisions"}],"predecessor-version":[{"id":6406,"href":"https:\/\/aemoita.pt\/aemoita\/wp-json\/wp\/v2\/pages\/5085\/revisions\/6406"}],"up":[{"embeddable":true,"href":"https:\/\/aemoita.pt\/aemoita\/wp-json\/wp\/v2\/pages\/984"}],"wp:attachment":[{"href":"https:\/\/aemoita.pt\/aemoita\/wp-json\/wp\/v2\/media?parent=5085"}],"curies":[{"name":"wp","href":"https:\/\/api.w.org\/{rel}","templated":true}]}}