{"id":5339,"date":"2025-06-26T17:07:36","date_gmt":"2025-06-26T17:07:36","guid":{"rendered":"https:\/\/aemoita.pt\/aemoita\/?page_id=5339"},"modified":"2025-06-26T17:18:29","modified_gmt":"2025-06-26T17:18:29","slug":"exames-dos-cursos-profissionais-calendario","status":"publish","type":"page","link":"https:\/\/aemoita.pt\/aemoita\/exames-dos-cursos-profissionais-calendario\/","title":{"rendered":"Exames\u00a0dos Cursos\u00a0Profissionais &#8211; Calend\u00e1rio"},"content":{"rendered":"\n<p>Informam-se os alunos que os exames dos m\u00f3dulos para conclus\u00e3o dos cursos do Ensino Profissional, ir\u00e3o decorrer no per\u00edodo compreendido entre de 1 a 15 de julho 2025, de acordo com o calend\u00e1rio disponibilizado.<\/p>\n\n\n\n<p><a href=\"https:\/\/aemoita.pt\/aemoita\/wp-content\/uploads\/2025\/06\/calendario-exames_prof_-sem-nomes_-JULHO_2025.pdf\" target=\"_blank\" rel=\"noreferrer noopener\"><strong>Calend\u00e1rio de exames<\/strong><\/a><\/p>\n\n\n\n<p><strong>Informa\u00e7\u00e3o-prova:<\/strong><\/p>\n\n\n\n<div class=\"wp-block-file\"><a id=\"wp-block-file--media-424f343b-bbf3-439d-bb45-b3273252b7dc\" href=\"https:\/\/aemoita.pt\/aemoita\/wp-content\/uploads\/2025\/06\/SBE-M11_InformProva.pdf\">SBE M11_InformProva<\/a><\/div>\n\n\n\n<div class=\"wp-block-file\"><a id=\"wp-block-file--media-9100adb1-b353-4113-95dd-fa96c0e55d6c\" href=\"https:\/\/aemoita.pt\/aemoita\/wp-content\/uploads\/2025\/06\/SBE-M10_InformProva.pdf\">SBE M10_InformProva<\/a><\/div>\n\n\n\n<div class=\"wp-block-file\"><a id=\"wp-block-file--media-9f2372b0-50e6-4fae-934c-1e28227ad2dc\" href=\"https:\/\/aemoita.pt\/aemoita\/wp-content\/uploads\/2025\/06\/SBE-M9_InformProva.pdf\">SBE M9_InformProva<\/a><\/div>\n\n\n\n<div class=\"wp-block-file\"><a id=\"wp-block-file--media-d7c73a92-dc11-417d-829a-ba92878efc59\" href=\"https:\/\/aemoita.pt\/aemoita\/wp-content\/uploads\/2025\/06\/SBE-M4_InformProva.pdf\">SBE M4_InformProva<\/a><\/div>\n\n\n\n<div class=\"wp-block-file\"><a id=\"wp-block-file--media-f336b8da-bb15-4b4c-a69d-a6f36e87bfef\" href=\"https:\/\/aemoita.pt\/aemoita\/wp-content\/uploads\/2025\/06\/SBE-M3_InformProva.pdf\">SBE M3_InformProva<\/a><\/div>\n\n\n\n<div class=\"wp-block-file\"><a id=\"wp-block-file--media-00d3c638-46d1-49f3-ae98-b39dd664ce17\" href=\"https:\/\/aemoita.pt\/aemoita\/wp-content\/uploads\/2025\/06\/SBE-M2_InformProva.pdf\">SBE M2_InformProva<\/a><\/div>\n\n\n\n<div class=\"wp-block-file\"><a id=\"wp-block-file--media-a6f23f65-44de-4220-a4dd-b59bdd820832\" href=\"https:\/\/aemoita.pt\/aemoita\/wp-content\/uploads\/2025\/06\/Psicologia-M2_-Infor.-Prova.pdf\">Psicologia M2_ Infor. Prova<\/a><\/div>\n\n\n\n<div class=\"wp-block-file\"><a id=\"wp-block-file--media-7f0f8922-61ab-44dc-9d03-76bfdc8f137b\" href=\"https:\/\/aemoita.pt\/aemoita\/wp-content\/uploads\/2025\/06\/PORT-M9-Informacao-Prova-CP.Prof_.pdf\">PORT-M9-Informa\u00e7\u00e3o-Prova CP.Prof.<\/a><\/div>\n\n\n\n<div class=\"wp-block-file\"><a id=\"wp-block-file--media-261be820-5db0-4517-80bb-cf70f1d5b00a\" href=\"https:\/\/aemoita.pt\/aemoita\/wp-content\/uploads\/2025\/06\/PORT-M7-Informacao-Prova-CP.Prof_.pdf\">PORT-M7-Informa\u00e7\u00e3o-Prova CP.Prof.<\/a><\/div>\n\n\n\n<div class=\"wp-block-file\"><a id=\"wp-block-file--media-c44f856e-d055-4210-b9a3-53b33568ddcd\" href=\"https:\/\/aemoita.pt\/aemoita\/wp-content\/uploads\/2025\/06\/PORT-M6-Informacao-prova-CP.Prof_.pdf\">PORT-M6-Informa\u00e7\u00e3o-prova CP.Prof<\/a><\/div>\n\n\n\n<div class=\"wp-block-file\"><a id=\"wp-block-file--media-7da7d5ce-16f2-479b-9a5d-03e9c92188fc\" href=\"https:\/\/aemoita.pt\/aemoita\/wp-content\/uploads\/2025\/06\/PORT-M4-Informacao-prova-CP.Prof_.pdf\">PORT-M4-Informa\u00e7\u00e3o-prova CP.Prof.<\/a><\/div>\n\n\n\n<div class=\"wp-block-file\"><a id=\"wp-block-file--media-7b058fa6-52f9-4b02-9dcd-f23f22f44363\" href=\"https:\/\/aemoita.pt\/aemoita\/wp-content\/uploads\/2025\/06\/PORT-M1-Informacao-Prova-atual.pdf\">PORT-M1-Informa\u00e7\u00e3o -Prova atual<\/a><\/div>\n\n\n\n<div class=\"wp-block-file\"><a id=\"wp-block-file--media-7e585539-8f30-435c-abcd-444d74fbf143\" href=\"https:\/\/aemoita.pt\/aemoita\/wp-content\/uploads\/2025\/06\/Ingles_M6_informacao-prova-CPROF-M6.pdf\">Ingles_M6_informa\u00e7\u00e3o prova CPROF &#8211; M6<\/a><\/div>\n\n\n\n<div class=\"wp-block-file\"><a id=\"wp-block-file--media-25940464-e626-44ac-92dc-6ba232de0d40\" href=\"https:\/\/aemoita.pt\/aemoita\/wp-content\/uploads\/2025\/06\/Ingles_M5_informacao-prova-CPROF-M5.pdf\">Ingles_M5_informa\u00e7\u00e3o prova CPROF &#8211; M5<\/a><\/div>\n\n\n\n<div class=\"wp-block-file\"><a id=\"wp-block-file--media-ce56ff25-cfc9-42cc-bd85-85129dc13e1c\" href=\"https:\/\/aemoita.pt\/aemoita\/wp-content\/uploads\/2025\/06\/Ingles_M4_informacao-prova-CPROF-M4.pdf\">Ingles_M4_informa\u00e7\u00e3o prova CPROF &#8211; M4<\/a><\/div>\n\n\n\n<div class=\"wp-block-file\"><a id=\"wp-block-file--media-7b68b84c-cc7b-4e9e-b7be-a195d5f2e7d9\" href=\"https:\/\/aemoita.pt\/aemoita\/wp-content\/uploads\/2025\/06\/Ingles_M3_informacao-prova-CPROF-M3.pdf\">Ingles_M3_informa\u00e7\u00e3o prova CPROF &#8211; M3<\/a><\/div>\n\n\n\n<div class=\"wp-block-file\"><a id=\"wp-block-file--media-0f7ff734-7a2c-4f44-a6ca-e927c4bc276a\" href=\"https:\/\/aemoita.pt\/aemoita\/wp-content\/uploads\/2025\/06\/Ingles_M2_informacao-prova-CPROF-M2.pdf\">Ingles_M2_informa\u00e7\u00e3o prova CPROF &#8211; M2<\/a><\/div>\n\n\n\n<div class=\"wp-block-file\"><a id=\"wp-block-file--media-41761f68-dff1-4dac-be55-e253b79b4dcf\" href=\"https:\/\/aemoita.pt\/aemoita\/wp-content\/uploads\/2025\/06\/DCI-_M9_Rugby_-Informacao-prova.pdf\">DCI _M9_Rugby_ Informa\u00e7\u00e3o prova<\/a><\/div>\n\n\n\n<div class=\"wp-block-file\"><a id=\"wp-block-file--media-5c36dc0f-15c3-4e74-a5c3-73c70eb4ff9c\" href=\"https:\/\/aemoita.pt\/aemoita\/wp-content\/uploads\/2025\/06\/Area-Integracao_M2_Informacao-Prova.pdf\">\u00c1rea Integra\u00e7\u00e3o_M2_Informa\u00e7\u00e3o Prova<\/a><\/div>\n","protected":false},"excerpt":{"rendered":"<p>Informam-se os alunos que os exames dos m\u00f3dulos para conclus\u00e3o dos cursos do Ensino Profissional, ir\u00e3o decorrer no per\u00edodo compreendido entre de 1 a 15 de julho 2025, de acordo com o calend\u00e1rio disponibilizado. Calend\u00e1rio de exames Informa\u00e7\u00e3o-prova:<\/p>\n","protected":false},"author":1,"featured_media":0,"parent":0,"menu_order":0,"comment_status":"closed","ping_status":"closed","template":"","meta":{"footnotes":""},"class_list":["post-5339","page","type-page","status-publish","hentry"],"_links":{"self":[{"href":"https:\/\/aemoita.pt\/aemoita\/wp-json\/wp\/v2\/pages\/5339","targetHints":{"allow":["GET"]}}],"collection":[{"href":"https:\/\/aemoita.pt\/aemoita\/wp-json\/wp\/v2\/pages"}],"about":[{"href":"https:\/\/aemoita.pt\/aemoita\/wp-json\/wp\/v2\/types\/page"}],"author":[{"embeddable":true,"href":"https:\/\/aemoita.pt\/aemoita\/wp-json\/wp\/v2\/users\/1"}],"replies":[{"embeddable":true,"href":"https:\/\/aemoita.pt\/aemoita\/wp-json\/wp\/v2\/comments?post=5339"}],"version-history":[{"count":2,"href":"https:\/\/aemoita.pt\/aemoita\/wp-json\/wp\/v2\/pages\/5339\/revisions"}],"predecessor-version":[{"id":5362,"href":"https:\/\/aemoita.pt\/aemoita\/wp-json\/wp\/v2\/pages\/5339\/revisions\/5362"}],"wp:attachment":[{"href":"https:\/\/aemoita.pt\/aemoita\/wp-json\/wp\/v2\/media?parent=5339"}],"curies":[{"name":"wp","href":"https:\/\/api.w.org\/{rel}","templated":true}]}}