{"id":562,"date":"2021-04-25T16:46:19","date_gmt":"2021-04-25T16:46:19","guid":{"rendered":"https:\/\/aemoita.pt\/aemoita\/?page_id=562"},"modified":"2021-05-01T10:17:54","modified_gmt":"2021-05-01T10:17:54","slug":"cursos-cientifico-humanisticos","status":"publish","type":"page","link":"https:\/\/aemoita.pt\/aemoita\/cursos-cientifico-humanisticos\/","title":{"rendered":"Cursos Cient\u00edfico-Human\u00edsticos"},"content":{"rendered":"\n<p><strong>O que s\u00e3o?<\/strong><\/p>\n\n\n\n<p>Os cursos cientifico-human\u00edsticos constituem uma oferta educativa que confere um diploma de conclus\u00e3o do Ensino Secund\u00e1rio (12\u00ba ano), bem como o n\u00edvel 3 de qualifica\u00e7\u00e3o do Quadro Nacional de Qualifica\u00e7\u00f5es (QNQ).<\/p>\n\n\n\n<p><strong>Para quem?<\/strong><\/p>\n\n\n\n<ul class=\"wp-block-list\"><li>Concluiu o 9.\u00ba ano de escolaridade ou equivalente<\/li><li>Possui at\u00e9 19 anos de idade.<\/li><li>Pretende prosseguir estudos de n\u00edvel superior (universit\u00e1rio ou polit\u00e9cnico).<\/li><\/ul>\n\n\n\n<p><strong>Como se organizam?<\/strong><\/p>\n\n\n\n<p>Estes cursos t\u00eam a dura\u00e7\u00e3o de 3 anos letivos, correspondentes aos 10.\u00ba, 11.\u00ba e 12.\u00ba anos de escolaridade.<\/p>\n\n\n\n<p>O&nbsp;plano de estudo&nbsp;dos cursos integra:<\/p>\n\n\n\n<ul class=\"wp-block-list\"><li>A <strong>componente de forma\u00e7\u00e3o geral<\/strong> que visa contribuir para a constru\u00e7\u00e3o da identidade pessoal, social e cultural dos jovens;<\/li><li>A <strong>componente de forma\u00e7\u00e3o espec\u00edfica<\/strong>, que visa proporcionar forma\u00e7\u00e3o cient\u00edfica consistente no dom\u00ednio do respetivo curso;<\/li><li>A <strong>Cidadania e Desenvolvimento<\/strong>, componente obrigat\u00f3ria desenvolvida com o contributo de todas as disciplinas e componentes de forma\u00e7\u00e3o.<\/li><li>A <strong>disciplina de Educa\u00e7\u00e3o Moral e Religiosa<\/strong>, de frequ\u00eancia facultativa.<\/li><\/ul>\n\n\n\n<p><strong>Cursos Cient\u00edfico-Human\u00edsticos existentes:<\/strong><\/p>\n\n\n\n<ul class=\"wp-block-list\"><li><a href=\"https:\/\/aemoita.pt\/aemoita\/cursos-cientifico-humanisticos\/ciencias-e-tecnologias\/\" data-type=\"URL\" data-id=\"https:\/\/aemoita.pt\/aemoita\/cursos-cientifico-humanisticos\/ciencias-e-tecnologias\/\">Curso de Ci\u00eancias e Tecnologias;<\/a><\/li><li><a href=\"https:\/\/aemoita.pt\/aemoita\/cursos-cientifico-humanisticos\/ciencias-economicas\/\" data-type=\"URL\" data-id=\"https:\/\/aemoita.pt\/aemoita\/cursos-cientifico-humanisticos\/ciencias-economicas\/\">Curso de Ci\u00eancias Socioecon\u00f3micas<\/a>;<\/li><li><a href=\"https:\/\/aemoita.pt\/aemoita\/cursos-cientifico-humanisticos\/linguas-e-humanidades\/\" data-type=\"URL\" data-id=\"https:\/\/aemoita.pt\/aemoita\/cursos-cientifico-humanisticos\/linguas-e-humanidades\/\">Curso de L\u00ednguas e Humanidades;<\/a><\/li><li><a href=\"https:\/\/aemoita.pt\/aemoita\/cursos-cientifico-humanisticos\/artes-visuais\/\" data-type=\"URL\" data-id=\"https:\/\/aemoita.pt\/aemoita\/cursos-cientifico-humanisticos\/artes-visuais\/\">Curso de Artes Visuais.<\/a><\/li><\/ul>\n\n\n\n<figure class=\"wp-block-gallery columns-4 is-cropped wp-block-gallery-1 is-layout-flex wp-block-gallery-is-layout-flex\"><ul class=\"blocks-gallery-grid\"><li class=\"blocks-gallery-item\"><figure><a href=\"https:\/\/aemoita.pt\/aemoita\/wp-content\/uploads\/2021\/04\/CCH1-300x200.jpg\"><img loading=\"lazy\" decoding=\"async\" width=\"300\" height=\"200\" src=\"https:\/\/aemoita.pt\/aemoita\/wp-content\/uploads\/2021\/04\/CCH1-300x200.jpg\" alt=\"\" data-id=\"818\" data-link=\"https:\/\/aemoita.pt\/aemoita\/cursos-cientifico-humanisticos\/cch1\/\" class=\"wp-image-818\" srcset=\"https:\/\/aemoita.pt\/aemoita\/wp-content\/uploads\/2021\/04\/CCH1-300x200.jpg 300w, https:\/\/aemoita.pt\/aemoita\/wp-content\/uploads\/2021\/04\/CCH1-1024x682.jpg 1024w, https:\/\/aemoita.pt\/aemoita\/wp-content\/uploads\/2021\/04\/CCH1-768x511.jpg 768w, https:\/\/aemoita.pt\/aemoita\/wp-content\/uploads\/2021\/04\/CCH1-1536x1022.jpg 1536w, https:\/\/aemoita.pt\/aemoita\/wp-content\/uploads\/2021\/04\/CCH1.jpg 1600w\" sizes=\"auto, (max-width: 300px) 100vw, 300px\" \/><\/a><\/figure><\/li><li class=\"blocks-gallery-item\"><figure><a href=\"https:\/\/aemoita.pt\/aemoita\/wp-content\/uploads\/2021\/04\/CCH2-300x225.jpg\"><img loading=\"lazy\" decoding=\"async\" width=\"300\" height=\"225\" src=\"https:\/\/aemoita.pt\/aemoita\/wp-content\/uploads\/2021\/04\/CCH2-300x225.jpg\" alt=\"\" data-id=\"819\" data-link=\"https:\/\/aemoita.pt\/aemoita\/cursos-cientifico-humanisticos\/cch2\/\" class=\"wp-image-819\" srcset=\"https:\/\/aemoita.pt\/aemoita\/wp-content\/uploads\/2021\/04\/CCH2-300x225.jpg 300w, https:\/\/aemoita.pt\/aemoita\/wp-content\/uploads\/2021\/04\/CCH2-1024x768.jpg 1024w, https:\/\/aemoita.pt\/aemoita\/wp-content\/uploads\/2021\/04\/CCH2-768x576.jpg 768w, https:\/\/aemoita.pt\/aemoita\/wp-content\/uploads\/2021\/04\/CCH2-1536x1152.jpg 1536w, https:\/\/aemoita.pt\/aemoita\/wp-content\/uploads\/2021\/04\/CCH2.jpg 1600w\" sizes=\"auto, (max-width: 300px) 100vw, 300px\" \/><\/a><\/figure><\/li><li class=\"blocks-gallery-item\"><figure><a href=\"https:\/\/aemoita.pt\/aemoita\/wp-content\/uploads\/2021\/04\/CCH3-300x200.jpg\"><img loading=\"lazy\" decoding=\"async\" width=\"300\" height=\"200\" src=\"https:\/\/aemoita.pt\/aemoita\/wp-content\/uploads\/2021\/04\/CCH3-300x200.jpg\" alt=\"\" data-id=\"820\" data-link=\"https:\/\/aemoita.pt\/aemoita\/cursos-cientifico-humanisticos\/cch3\/\" class=\"wp-image-820\" srcset=\"https:\/\/aemoita.pt\/aemoita\/wp-content\/uploads\/2021\/04\/CCH3-300x200.jpg 300w, https:\/\/aemoita.pt\/aemoita\/wp-content\/uploads\/2021\/04\/CCH3-1024x683.jpg 1024w, https:\/\/aemoita.pt\/aemoita\/wp-content\/uploads\/2021\/04\/CCH3-768x512.jpg 768w, https:\/\/aemoita.pt\/aemoita\/wp-content\/uploads\/2021\/04\/CCH3-1536x1024.jpg 1536w, https:\/\/aemoita.pt\/aemoita\/wp-content\/uploads\/2021\/04\/CCH3.jpg 1600w\" sizes=\"auto, (max-width: 300px) 100vw, 300px\" \/><\/a><\/figure><\/li><li class=\"blocks-gallery-item\"><figure><a href=\"https:\/\/aemoita.pt\/aemoita\/wp-content\/uploads\/2021\/04\/CCH4-300x169.jpg\"><img loading=\"lazy\" decoding=\"async\" width=\"300\" height=\"169\" src=\"https:\/\/aemoita.pt\/aemoita\/wp-content\/uploads\/2021\/04\/CCH4-300x169.jpg\" alt=\"\" data-id=\"821\" data-link=\"https:\/\/aemoita.pt\/aemoita\/cursos-cientifico-humanisticos\/cch4\/\" class=\"wp-image-821\" srcset=\"https:\/\/aemoita.pt\/aemoita\/wp-content\/uploads\/2021\/04\/CCH4-300x169.jpg 300w, https:\/\/aemoita.pt\/aemoita\/wp-content\/uploads\/2021\/04\/CCH4-1024x576.jpg 1024w, https:\/\/aemoita.pt\/aemoita\/wp-content\/uploads\/2021\/04\/CCH4-768x432.jpg 768w, https:\/\/aemoita.pt\/aemoita\/wp-content\/uploads\/2021\/04\/CCH4-1536x864.jpg 1536w, https:\/\/aemoita.pt\/aemoita\/wp-content\/uploads\/2021\/04\/CCH4.jpg 1600w\" sizes=\"auto, (max-width: 300px) 100vw, 300px\" \/><\/a><\/figure><\/li><li class=\"blocks-gallery-item\"><figure><a href=\"https:\/\/aemoita.pt\/aemoita\/wp-content\/uploads\/2021\/04\/CCH7-300x225.jpg\"><img loading=\"lazy\" decoding=\"async\" width=\"300\" height=\"225\" src=\"https:\/\/aemoita.pt\/aemoita\/wp-content\/uploads\/2021\/04\/CCH7-300x225.jpg\" alt=\"\" data-id=\"823\" data-link=\"https:\/\/aemoita.pt\/aemoita\/cursos-cientifico-humanisticos\/cch7\/\" class=\"wp-image-823\" srcset=\"https:\/\/aemoita.pt\/aemoita\/wp-content\/uploads\/2021\/04\/CCH7-300x225.jpg 300w, https:\/\/aemoita.pt\/aemoita\/wp-content\/uploads\/2021\/04\/CCH7-1024x768.jpg 1024w, https:\/\/aemoita.pt\/aemoita\/wp-content\/uploads\/2021\/04\/CCH7-768x576.jpg 768w, https:\/\/aemoita.pt\/aemoita\/wp-content\/uploads\/2021\/04\/CCH7-1536x1152.jpg 1536w, https:\/\/aemoita.pt\/aemoita\/wp-content\/uploads\/2021\/04\/CCH7.jpg 1600w\" sizes=\"auto, (max-width: 300px) 100vw, 300px\" \/><\/a><\/figure><\/li><li class=\"blocks-gallery-item\"><figure><a href=\"https:\/\/aemoita.pt\/aemoita\/wp-content\/uploads\/2021\/04\/CCH9-300x225.jpg\"><img loading=\"lazy\" decoding=\"async\" width=\"300\" height=\"225\" src=\"https:\/\/aemoita.pt\/aemoita\/wp-content\/uploads\/2021\/04\/CCH9-300x225.jpg\" alt=\"\" data-id=\"825\" data-link=\"https:\/\/aemoita.pt\/aemoita\/cursos-cientifico-humanisticos\/cch9\/\" class=\"wp-image-825\" srcset=\"https:\/\/aemoita.pt\/aemoita\/wp-content\/uploads\/2021\/04\/CCH9-300x225.jpg 300w, https:\/\/aemoita.pt\/aemoita\/wp-content\/uploads\/2021\/04\/CCH9-1024x768.jpg 1024w, https:\/\/aemoita.pt\/aemoita\/wp-content\/uploads\/2021\/04\/CCH9-768x576.jpg 768w, https:\/\/aemoita.pt\/aemoita\/wp-content\/uploads\/2021\/04\/CCH9-1536x1152.jpg 1536w, https:\/\/aemoita.pt\/aemoita\/wp-content\/uploads\/2021\/04\/CCH9.jpg 1600w\" sizes=\"auto, (max-width: 300px) 100vw, 300px\" \/><\/a><\/figure><\/li><li class=\"blocks-gallery-item\"><figure><a href=\"https:\/\/aemoita.pt\/aemoita\/wp-content\/uploads\/2021\/05\/CCH8-300x225.jpg\"><img loading=\"lazy\" decoding=\"async\" width=\"300\" height=\"225\" src=\"https:\/\/aemoita.pt\/aemoita\/wp-content\/uploads\/2021\/05\/CCH8-300x225.jpg\" alt=\"\" data-id=\"851\" data-link=\"https:\/\/aemoita.pt\/aemoita\/cursos-cientifico-humanisticos\/cch8-2\/\" class=\"wp-image-851\" srcset=\"https:\/\/aemoita.pt\/aemoita\/wp-content\/uploads\/2021\/05\/CCH8-300x225.jpg 300w, https:\/\/aemoita.pt\/aemoita\/wp-content\/uploads\/2021\/05\/CCH8-768x576.jpg 768w, https:\/\/aemoita.pt\/aemoita\/wp-content\/uploads\/2021\/05\/CCH8.jpg 960w\" sizes=\"auto, (max-width: 300px) 100vw, 300px\" \/><\/a><\/figure><\/li><li class=\"blocks-gallery-item\"><figure><a href=\"https:\/\/aemoita.pt\/aemoita\/wp-content\/uploads\/2021\/05\/CCH5.jpg\"><img loading=\"lazy\" decoding=\"async\" width=\"300\" height=\"225\" src=\"https:\/\/aemoita.pt\/aemoita\/wp-content\/uploads\/2021\/05\/CCH5-300x225.jpg\" alt=\"\" data-id=\"853\" data-full-url=\"https:\/\/aemoita.pt\/aemoita\/wp-content\/uploads\/2021\/05\/CCH5.jpg\" data-link=\"https:\/\/aemoita.pt\/aemoita\/cursos-cientifico-humanisticos\/cch5\/\" class=\"wp-image-853\" srcset=\"https:\/\/aemoita.pt\/aemoita\/wp-content\/uploads\/2021\/05\/CCH5-300x225.jpg 300w, https:\/\/aemoita.pt\/aemoita\/wp-content\/uploads\/2021\/05\/CCH5-1024x768.jpg 1024w, https:\/\/aemoita.pt\/aemoita\/wp-content\/uploads\/2021\/05\/CCH5-768x576.jpg 768w, https:\/\/aemoita.pt\/aemoita\/wp-content\/uploads\/2021\/05\/CCH5-1536x1152.jpg 1536w, https:\/\/aemoita.pt\/aemoita\/wp-content\/uploads\/2021\/05\/CCH5.jpg 1600w\" sizes=\"auto, (max-width: 300px) 100vw, 300px\" \/><\/a><\/figure><\/li><\/ul><\/figure>\n","protected":false},"excerpt":{"rendered":"<p>O que s\u00e3o? Os cursos cientifico-human\u00edsticos constituem uma oferta educativa que confere um diploma de conclus\u00e3o do Ensino Secund\u00e1rio (12\u00ba ano), bem como o n\u00edvel 3 de qualifica\u00e7\u00e3o do Quadro Nacional de Qualifica\u00e7\u00f5es (QNQ). Para quem? Concluiu o 9.\u00ba ano de escolaridade ou equivalente Possui at\u00e9 19 anos de idade. Pretende prosseguir estudos de n\u00edvel [&hellip;]<\/p>\n","protected":false},"author":1,"featured_media":0,"parent":0,"menu_order":0,"comment_status":"closed","ping_status":"closed","template":"","meta":{"footnotes":""},"class_list":["post-562","page","type-page","status-publish","hentry"],"_links":{"self":[{"href":"https:\/\/aemoita.pt\/aemoita\/wp-json\/wp\/v2\/pages\/562","targetHints":{"allow":["GET"]}}],"collection":[{"href":"https:\/\/aemoita.pt\/aemoita\/wp-json\/wp\/v2\/pages"}],"about":[{"href":"https:\/\/aemoita.pt\/aemoita\/wp-json\/wp\/v2\/types\/page"}],"author":[{"embeddable":true,"href":"https:\/\/aemoita.pt\/aemoita\/wp-json\/wp\/v2\/users\/1"}],"replies":[{"embeddable":true,"href":"https:\/\/aemoita.pt\/aemoita\/wp-json\/wp\/v2\/comments?post=562"}],"version-history":[{"count":8,"href":"https:\/\/aemoita.pt\/aemoita\/wp-json\/wp\/v2\/pages\/562\/revisions"}],"predecessor-version":[{"id":856,"href":"https:\/\/aemoita.pt\/aemoita\/wp-json\/wp\/v2\/pages\/562\/revisions\/856"}],"wp:attachment":[{"href":"https:\/\/aemoita.pt\/aemoita\/wp-json\/wp\/v2\/media?parent=562"}],"curies":[{"name":"wp","href":"https:\/\/api.w.org\/{rel}","templated":true}]}}