{"id":566,"date":"2021-04-26T14:29:20","date_gmt":"2021-04-26T14:29:20","guid":{"rendered":"https:\/\/aemoita.pt\/aemoita\/?page_id=566"},"modified":"2021-06-02T19:55:09","modified_gmt":"2021-06-02T19:55:09","slug":"ciencias-e-tecnologias","status":"publish","type":"page","link":"https:\/\/aemoita.pt\/aemoita\/cursos-cientifico-humanisticos\/ciencias-e-tecnologias\/","title":{"rendered":"Ci\u00eancias e Tecnologias"},"content":{"rendered":"\n<p>Este&nbsp;Curso&nbsp;tem por objetivo dotar o aluno de um conjunto de saberes e compet\u00eancias que lhe possibilite observar e organizar o espa\u00e7o envolvente, bem como compreender a ci\u00eancia e a tecnologia, e reconhecer e relacionar as suas implica\u00e7\u00f5es na sociedade contempor\u00e2nea.<\/p>\n\n\n\n<p class=\"has-text-align-center has-medium-font-size\"><strong>Plano de Estudos<\/strong><\/p>\n\n\n\n<table class=\"table table-sm\">\n  <thead>\n    <th class=\"text-center align-middle\">Componente Forma\u00e7\u00e3o<\/th>\n    <th class=\"text-center align-middle\">Disciplinas<\/th>\n  <\/thead>\n  <tbody>\n    <tr>\n      <td rowspan=\"4\" class=\"align-middle\">Forma\u00e7\u00e3o Geral<\/td>\n      <td>Portugu\u00eas<\/td>\n    <\/tr>\n    <tr>\n      <td>L\u00edngua Estrangeira I, II ou III<\/td>\n    <\/tr>\n    <tr>\n      <td>Filosofia<\/td>\n    <\/tr>\n    <tr>\n      <td>Educa\u00e7\u00e3o F\u00edsica<\/td>\n    <\/tr>\n    <tr>\n      <td rowspan=\"5\" class=\"align-middle\">Forma\u00e7\u00e3o Espec\u00edfica<\/td>\n      <td>Matem\u00e1tica A<\/td>\n    <\/tr>\n    <tr>\n      <td>Escolher 2:<\/td>\n    <\/tr>\n    <tr>\n      <td>F\u00edsica e Qu\u00edmica A<\/td>\n    <\/tr>\n    <tr>\n      <td>Biologia e Geologia<\/td>\n    <\/tr>\n    <tr>\n      <td>Geometria Descritiva A<\/td>\n    <\/tr>\n    <tr>\n      <td rowspan=\"2\" class=\"align-middle\"><\/td>\n      <td>Cidadania e Desenvolvimento<\/td>\n    <\/tr>\n    <tr>\n      <td>EMR (Facultativa)<\/td>\n    <\/tr>\n  <\/tbody>\n<\/table>\n\n\n\n<p><strong>Cursos Superiores Relacionados:<\/strong><\/p>\n\n\n\n<div class=\"wp-block-columns is-layout-flex wp-container-core-columns-is-layout-9d6595d7 wp-block-columns-is-layout-flex\">\n<div class=\"wp-block-column is-layout-flow wp-block-column-is-layout-flow\">\n<ul class=\"wp-block-list\"><li>Agronomia<\/li><li>Biologia;<\/li><li>Ci\u00eancias do Mar;<\/li><li>Ci\u00eancias do Desporto<\/li><li>Ci\u00eancias e Geof\u00edsicas;<\/li><li>Enfermagem;<\/li><li>Engenharia (V\u00e1rias vertentes)<\/li><li>Farm\u00e1cia;<\/li><\/ul>\n<\/div>\n\n\n\n<div class=\"wp-block-column is-layout-flow wp-block-column-is-layout-flow\">\n<ul class=\"wp-block-list\"><li>F\u00edsica;<\/li><li>Geologia;<\/li><li>Inform\u00e1tica;<\/li><li>Matem\u00e1tica;<\/li><li>Medicina;<\/li><li>Medicina Veterin\u00e1ria;<\/li><li>Qu\u00edmica;<\/li><li>Entre outras.<\/li><\/ul>\n<\/div>\n<\/div>\n\n\n\n<p><strong>Sa\u00eddas Profissionais:<\/strong><\/p>\n\n\n\n<div class=\"wp-block-columns is-layout-flex wp-container-core-columns-is-layout-9d6595d7 wp-block-columns-is-layout-flex\">\n<div class=\"wp-block-column is-layout-flow wp-block-column-is-layout-flow\">\n<ul class=\"wp-block-list\"><li>Bi\u00f3logo<\/li><li>Bioqu\u00edmico<\/li><li>Enfermeiro<\/li><li>Engenheiro civil<\/li><li>Engenheiro de telecomnica\u00e7\u00f5es;<\/li><li>Engenheiro inform\u00e1tico;<\/li><li>Farmac\u00e9utico;<\/li><\/ul>\n<\/div>\n\n\n\n<div class=\"wp-block-column is-layout-flow wp-block-column-is-layout-flow\">\n<ul class=\"wp-block-list\"><li>Ge\u00f3logo;<\/li><li>Investigador (em v\u00e1rios dom\u00ednios);<\/li><li>M\u00e9dico;<\/li><li>Ocean\u00f3grafo;<\/li><li>Professor;<\/li><li>Veterin\u00e1rio;<\/li><li>Entre outras.<\/li><\/ul>\n<\/div>\n<\/div>\n\n\n\n<figure class=\"wp-block-video\"><video controls src=\"https:\/\/aemoita.pt\/aemoita\/videos\/CienciasTecnVideo.mp4\"><\/video><\/figure>\n\n\n\n<p><strong>Testemunhos:<\/strong><\/p>\n\n\n\n<figure class=\"wp-block-gallery columns-6 is-cropped wp-block-gallery-1 is-layout-flex wp-block-gallery-is-layout-flex\"><ul class=\"blocks-gallery-grid\"><li class=\"blocks-gallery-item\"><figure><a href=\"https:\/\/aemoita.pt\/aemoita\/wp-content\/uploads\/2021\/05\/Testemunho-Ciencias-e-Tecnologias-Bianca.jpg\"><img loading=\"lazy\" decoding=\"async\" width=\"894\" height=\"795\" src=\"https:\/\/aemoita.pt\/aemoita\/wp-content\/uploads\/2021\/05\/Testemunho-Ciencias-e-Tecnologias-Bianca.jpg\" alt=\"\" data-id=\"900\" data-link=\"https:\/\/aemoita.pt\/aemoita\/cursos-cientifico-humanisticos\/ciencias-e-tecnologias\/testemunho-ciencias-e-tecnologias-bianca\/\" class=\"wp-image-900\" srcset=\"https:\/\/aemoita.pt\/aemoita\/wp-content\/uploads\/2021\/05\/Testemunho-Ciencias-e-Tecnologias-Bianca.jpg 894w, https:\/\/aemoita.pt\/aemoita\/wp-content\/uploads\/2021\/05\/Testemunho-Ciencias-e-Tecnologias-Bianca-300x267.jpg 300w, https:\/\/aemoita.pt\/aemoita\/wp-content\/uploads\/2021\/05\/Testemunho-Ciencias-e-Tecnologias-Bianca-768x683.jpg 768w\" sizes=\"auto, (max-width: 894px) 100vw, 894px\" \/><\/a><\/figure><\/li><li class=\"blocks-gallery-item\"><figure><a href=\"https:\/\/aemoita.pt\/aemoita\/wp-content\/uploads\/2021\/05\/Ciencias.jpg\"><img loading=\"lazy\" decoding=\"async\" width=\"679\" height=\"532\" src=\"https:\/\/aemoita.pt\/aemoita\/wp-content\/uploads\/2021\/05\/Ciencias.jpg\" alt=\"\" data-id=\"926\" data-link=\"https:\/\/aemoita.pt\/aemoita\/cursos-cientifico-humanisticos\/ciencias-e-tecnologias\/ciencias\/\" class=\"wp-image-926\" srcset=\"https:\/\/aemoita.pt\/aemoita\/wp-content\/uploads\/2021\/05\/Ciencias.jpg 679w, https:\/\/aemoita.pt\/aemoita\/wp-content\/uploads\/2021\/05\/Ciencias-300x235.jpg 300w\" sizes=\"auto, (max-width: 679px) 100vw, 679px\" \/><\/a><\/figure><\/li><li class=\"blocks-gallery-item\"><figure><a href=\"https:\/\/aemoita.pt\/aemoita\/wp-content\/uploads\/2021\/05\/Testemunho-Ciencias-e-Tecnologias-Beatriz-Coelho-1.jpg\"><img loading=\"lazy\" decoding=\"async\" width=\"813\" height=\"1175\" src=\"https:\/\/aemoita.pt\/aemoita\/wp-content\/uploads\/2021\/05\/Testemunho-Ciencias-e-Tecnologias-Beatriz-Coelho-1.jpg\" alt=\"\" data-id=\"959\" data-link=\"https:\/\/aemoita.pt\/aemoita\/cursos-cientifico-humanisticos\/ciencias-e-tecnologias\/testemunho-ciencias-e-tecnologias-beatriz-coelho-1\/\" class=\"wp-image-959\" srcset=\"https:\/\/aemoita.pt\/aemoita\/wp-content\/uploads\/2021\/05\/Testemunho-Ciencias-e-Tecnologias-Beatriz-Coelho-1.jpg 813w, https:\/\/aemoita.pt\/aemoita\/wp-content\/uploads\/2021\/05\/Testemunho-Ciencias-e-Tecnologias-Beatriz-Coelho-1-208x300.jpg 208w, https:\/\/aemoita.pt\/aemoita\/wp-content\/uploads\/2021\/05\/Testemunho-Ciencias-e-Tecnologias-Beatriz-Coelho-1-709x1024.jpg 709w, https:\/\/aemoita.pt\/aemoita\/wp-content\/uploads\/2021\/05\/Testemunho-Ciencias-e-Tecnologias-Beatriz-Coelho-1-768x1110.jpg 768w\" sizes=\"auto, (max-width: 813px) 100vw, 813px\" \/><\/a><\/figure><\/li><li class=\"blocks-gallery-item\"><figure><a href=\"https:\/\/aemoita.pt\/aemoita\/wp-content\/uploads\/2021\/05\/TestemunhoCiencias-e-Tecnologias-Fatima-Zorro-1.jpg\"><img loading=\"lazy\" decoding=\"async\" width=\"1284\" height=\"1252\" src=\"https:\/\/aemoita.pt\/aemoita\/wp-content\/uploads\/2021\/05\/TestemunhoCiencias-e-Tecnologias-Fatima-Zorro-1.jpg\" alt=\"\" data-id=\"960\" data-link=\"https:\/\/aemoita.pt\/aemoita\/cursos-cientifico-humanisticos\/ciencias-e-tecnologias\/testemunhociencias-e-tecnologias-fatima-zorro-1\/\" class=\"wp-image-960\" srcset=\"https:\/\/aemoita.pt\/aemoita\/wp-content\/uploads\/2021\/05\/TestemunhoCiencias-e-Tecnologias-Fatima-Zorro-1.jpg 1284w, https:\/\/aemoita.pt\/aemoita\/wp-content\/uploads\/2021\/05\/TestemunhoCiencias-e-Tecnologias-Fatima-Zorro-1-300x293.jpg 300w, https:\/\/aemoita.pt\/aemoita\/wp-content\/uploads\/2021\/05\/TestemunhoCiencias-e-Tecnologias-Fatima-Zorro-1-1024x998.jpg 1024w, https:\/\/aemoita.pt\/aemoita\/wp-content\/uploads\/2021\/05\/TestemunhoCiencias-e-Tecnologias-Fatima-Zorro-1-768x749.jpg 768w\" sizes=\"auto, (max-width: 1284px) 100vw, 1284px\" \/><\/a><\/figure><\/li><li class=\"blocks-gallery-item\"><figure><a href=\"https:\/\/aemoita.pt\/aemoita\/wp-content\/uploads\/2021\/05\/Texto-1.jpg\"><img loading=\"lazy\" decoding=\"async\" width=\"1280\" height=\"720\" src=\"https:\/\/aemoita.pt\/aemoita\/wp-content\/uploads\/2021\/05\/Texto-1.jpg\" alt=\"\" data-id=\"931\" data-link=\"https:\/\/aemoita.pt\/aemoita\/cursos-cientifico-humanisticos\/ciencias-e-tecnologias\/texto-1\/\" class=\"wp-image-931\" srcset=\"https:\/\/aemoita.pt\/aemoita\/wp-content\/uploads\/2021\/05\/Texto-1.jpg 1280w, https:\/\/aemoita.pt\/aemoita\/wp-content\/uploads\/2021\/05\/Texto-1-300x169.jpg 300w, https:\/\/aemoita.pt\/aemoita\/wp-content\/uploads\/2021\/05\/Texto-1-1024x576.jpg 1024w, https:\/\/aemoita.pt\/aemoita\/wp-content\/uploads\/2021\/05\/Texto-1-768x432.jpg 768w\" sizes=\"auto, (max-width: 1280px) 100vw, 1280px\" \/><\/a><\/figure><\/li><li class=\"blocks-gallery-item\"><figure><a href=\"https:\/\/aemoita.pt\/aemoita\/wp-content\/uploads\/2021\/05\/testemunho-goncalo-esmoita-corrigido.jpg\"><img loading=\"lazy\" decoding=\"async\" width=\"800\" height=\"600\" src=\"https:\/\/aemoita.pt\/aemoita\/wp-content\/uploads\/2021\/05\/testemunho-goncalo-esmoita-corrigido.jpg\" alt=\"\" data-id=\"950\" data-link=\"https:\/\/aemoita.pt\/aemoita\/cursos-cientifico-humanisticos\/ciencias-e-tecnologias\/testemunho-goncalo-esmoita-corrigido\/\" class=\"wp-image-950\" srcset=\"https:\/\/aemoita.pt\/aemoita\/wp-content\/uploads\/2021\/05\/testemunho-goncalo-esmoita-corrigido.jpg 800w, https:\/\/aemoita.pt\/aemoita\/wp-content\/uploads\/2021\/05\/testemunho-goncalo-esmoita-corrigido-300x225.jpg 300w, https:\/\/aemoita.pt\/aemoita\/wp-content\/uploads\/2021\/05\/testemunho-goncalo-esmoita-corrigido-768x576.jpg 768w\" sizes=\"auto, (max-width: 800px) 100vw, 800px\" \/><\/a><\/figure><\/li><li class=\"blocks-gallery-item\"><figure><a href=\"https:\/\/aemoita.pt\/aemoita\/wp-content\/uploads\/2021\/05\/TestemunhoFredericoMorais.jpg\"><img loading=\"lazy\" decoding=\"async\" width=\"1280\" height=\"720\" src=\"https:\/\/aemoita.pt\/aemoita\/wp-content\/uploads\/2021\/05\/TestemunhoFredericoMorais.jpg\" alt=\"\" data-id=\"951\" data-link=\"https:\/\/aemoita.pt\/aemoita\/cursos-cientifico-humanisticos\/ciencias-e-tecnologias\/testemunhofredericomorais\/\" class=\"wp-image-951\" srcset=\"https:\/\/aemoita.pt\/aemoita\/wp-content\/uploads\/2021\/05\/TestemunhoFredericoMorais.jpg 1280w, https:\/\/aemoita.pt\/aemoita\/wp-content\/uploads\/2021\/05\/TestemunhoFredericoMorais-300x169.jpg 300w, https:\/\/aemoita.pt\/aemoita\/wp-content\/uploads\/2021\/05\/TestemunhoFredericoMorais-1024x576.jpg 1024w, https:\/\/aemoita.pt\/aemoita\/wp-content\/uploads\/2021\/05\/TestemunhoFredericoMorais-768x432.jpg 768w\" sizes=\"auto, (max-width: 1280px) 100vw, 1280px\" \/><\/a><\/figure><\/li><li class=\"blocks-gallery-item\"><figure><a href=\"https:\/\/aemoita.pt\/aemoita\/wp-content\/uploads\/2021\/05\/Testemunho-Nene.jpg\"><img loading=\"lazy\" decoding=\"async\" width=\"1099\" height=\"672\" src=\"https:\/\/aemoita.pt\/aemoita\/wp-content\/uploads\/2021\/05\/Testemunho-Nene.jpg\" alt=\"\" data-id=\"953\" data-link=\"https:\/\/aemoita.pt\/aemoita\/cursos-cientifico-humanisticos\/ciencias-e-tecnologias\/testemunho-nene\/\" class=\"wp-image-953\" srcset=\"https:\/\/aemoita.pt\/aemoita\/wp-content\/uploads\/2021\/05\/Testemunho-Nene.jpg 1099w, https:\/\/aemoita.pt\/aemoita\/wp-content\/uploads\/2021\/05\/Testemunho-Nene-300x183.jpg 300w, https:\/\/aemoita.pt\/aemoita\/wp-content\/uploads\/2021\/05\/Testemunho-Nene-1024x626.jpg 1024w, https:\/\/aemoita.pt\/aemoita\/wp-content\/uploads\/2021\/05\/Testemunho-Nene-768x470.jpg 768w\" sizes=\"auto, (max-width: 1099px) 100vw, 1099px\" \/><\/a><\/figure><\/li><li class=\"blocks-gallery-item\"><figure><a href=\"https:\/\/aemoita.pt\/aemoita\/wp-content\/uploads\/2021\/05\/TestemunhoCTLiliana-1.jpg\"><img loading=\"lazy\" decoding=\"async\" width=\"1241\" height=\"1755\" src=\"https:\/\/aemoita.pt\/aemoita\/wp-content\/uploads\/2021\/05\/TestemunhoCTLiliana-1.jpg\" alt=\"\" data-id=\"956\" data-link=\"https:\/\/aemoita.pt\/aemoita\/cursos-cientifico-humanisticos\/ciencias-e-tecnologias\/testemunhoctliliana-1\/\" class=\"wp-image-956\" srcset=\"https:\/\/aemoita.pt\/aemoita\/wp-content\/uploads\/2021\/05\/TestemunhoCTLiliana-1.jpg 1241w, https:\/\/aemoita.pt\/aemoita\/wp-content\/uploads\/2021\/05\/TestemunhoCTLiliana-1-212x300.jpg 212w, https:\/\/aemoita.pt\/aemoita\/wp-content\/uploads\/2021\/05\/TestemunhoCTLiliana-1-724x1024.jpg 724w, https:\/\/aemoita.pt\/aemoita\/wp-content\/uploads\/2021\/05\/TestemunhoCTLiliana-1-768x1086.jpg 768w, https:\/\/aemoita.pt\/aemoita\/wp-content\/uploads\/2021\/05\/TestemunhoCTLiliana-1-1086x1536.jpg 1086w\" sizes=\"auto, (max-width: 1241px) 100vw, 1241px\" \/><\/a><\/figure><\/li><li class=\"blocks-gallery-item\"><figure><a href=\"https:\/\/aemoita.pt\/aemoita\/wp-content\/uploads\/2021\/06\/Mariana-1.jpg\"><img loading=\"lazy\" decoding=\"async\" width=\"650\" height=\"420\" src=\"https:\/\/aemoita.pt\/aemoita\/wp-content\/uploads\/2021\/06\/Mariana-1.jpg\" alt=\"\" data-id=\"1090\" data-full-url=\"https:\/\/aemoita.pt\/aemoita\/wp-content\/uploads\/2021\/06\/Mariana-1.jpg\" data-link=\"https:\/\/aemoita.pt\/aemoita\/cursos-cientifico-humanisticos\/ciencias-e-tecnologias\/mariana-1\/\" class=\"wp-image-1090\" srcset=\"https:\/\/aemoita.pt\/aemoita\/wp-content\/uploads\/2021\/06\/Mariana-1.jpg 650w, https:\/\/aemoita.pt\/aemoita\/wp-content\/uploads\/2021\/06\/Mariana-1-300x194.jpg 300w\" sizes=\"auto, (max-width: 650px) 100vw, 650px\" \/><\/a><\/figure><\/li><li class=\"blocks-gallery-item\"><figure><a href=\"https:\/\/aemoita.pt\/aemoita\/wp-content\/uploads\/2021\/06\/Tetemunho-Rodrigo-1.jpg\"><img loading=\"lazy\" decoding=\"async\" width=\"612\" height=\"370\" src=\"https:\/\/aemoita.pt\/aemoita\/wp-content\/uploads\/2021\/06\/Tetemunho-Rodrigo-1.jpg\" alt=\"\" data-id=\"1091\" data-full-url=\"https:\/\/aemoita.pt\/aemoita\/wp-content\/uploads\/2021\/06\/Tetemunho-Rodrigo-1.jpg\" data-link=\"https:\/\/aemoita.pt\/aemoita\/cursos-cientifico-humanisticos\/ciencias-e-tecnologias\/tetemunho-rodrigo-1\/\" class=\"wp-image-1091\" srcset=\"https:\/\/aemoita.pt\/aemoita\/wp-content\/uploads\/2021\/06\/Tetemunho-Rodrigo-1.jpg 612w, https:\/\/aemoita.pt\/aemoita\/wp-content\/uploads\/2021\/06\/Tetemunho-Rodrigo-1-300x181.jpg 300w\" sizes=\"auto, (max-width: 612px) 100vw, 612px\" \/><\/a><\/figure><\/li><\/ul><\/figure>\n","protected":false},"excerpt":{"rendered":"<p>Este&nbsp;Curso&nbsp;tem por objetivo dotar o aluno de um conjunto de saberes e compet\u00eancias que lhe possibilite observar e organizar o espa\u00e7o envolvente, bem como compreender a ci\u00eancia e a tecnologia, e reconhecer e relacionar as suas implica\u00e7\u00f5es na sociedade contempor\u00e2nea. Plano de Estudos Componente Forma\u00e7\u00e3o Disciplinas Forma\u00e7\u00e3o Geral Portugu\u00eas L\u00edngua Estrangeira I, II ou III [&hellip;]<\/p>\n","protected":false},"author":1,"featured_media":0,"parent":562,"menu_order":0,"comment_status":"closed","ping_status":"closed","template":"","meta":{"footnotes":""},"class_list":["post-566","page","type-page","status-publish","hentry"],"_links":{"self":[{"href":"https:\/\/aemoita.pt\/aemoita\/wp-json\/wp\/v2\/pages\/566","targetHints":{"allow":["GET"]}}],"collection":[{"href":"https:\/\/aemoita.pt\/aemoita\/wp-json\/wp\/v2\/pages"}],"about":[{"href":"https:\/\/aemoita.pt\/aemoita\/wp-json\/wp\/v2\/types\/page"}],"author":[{"embeddable":true,"href":"https:\/\/aemoita.pt\/aemoita\/wp-json\/wp\/v2\/users\/1"}],"replies":[{"embeddable":true,"href":"https:\/\/aemoita.pt\/aemoita\/wp-json\/wp\/v2\/comments?post=566"}],"version-history":[{"count":18,"href":"https:\/\/aemoita.pt\/aemoita\/wp-json\/wp\/v2\/pages\/566\/revisions"}],"predecessor-version":[{"id":1092,"href":"https:\/\/aemoita.pt\/aemoita\/wp-json\/wp\/v2\/pages\/566\/revisions\/1092"}],"up":[{"embeddable":true,"href":"https:\/\/aemoita.pt\/aemoita\/wp-json\/wp\/v2\/pages\/562"}],"wp:attachment":[{"href":"https:\/\/aemoita.pt\/aemoita\/wp-json\/wp\/v2\/media?parent=566"}],"curies":[{"name":"wp","href":"https:\/\/api.w.org\/{rel}","templated":true}]}}