{"id":570,"date":"2021-04-26T14:34:44","date_gmt":"2021-04-26T14:34:44","guid":{"rendered":"https:\/\/aemoita.pt\/aemoita\/?page_id=570"},"modified":"2021-05-06T00:51:38","modified_gmt":"2021-05-06T00:51:38","slug":"linguas-e-humanidades","status":"publish","type":"page","link":"https:\/\/aemoita.pt\/aemoita\/cursos-cientifico-humanisticos\/linguas-e-humanidades\/","title":{"rendered":"L\u00ednguas e Humanidades"},"content":{"rendered":"\n<p>Este Curso tem por objetivo dotar o aluno de um conjunto de saberes e compet\u00eancias que lhe possibilite o estabelecimento de rela\u00e7\u00f5es entre passado e presente, a interpreta\u00e7\u00e3o do mundo atual e a interven\u00e7\u00e3o sobre a realidade e sobre o espa\u00e7o em que ela se inscreve; o desenvolvimento das compet\u00eancias lingu\u00edstica e comunicativa; a capacidade de reflex\u00e3o sobre as estruturas e o funcionamento da l\u00edngua portuguesa e de l\u00ednguas estrangeiras; apreciar a literatura, reconhecendo-lhe a sua fun\u00e7\u00e3o de valoriza\u00e7\u00e3o social, cultural, pessoal e \u00e9tica.<\/p>\n\n\n\n<p class=\"has-text-align-center has-medium-font-size\"><strong>Plano de Estudos<\/strong><\/p>\n\n\n\n<table class=\"table table-sm\">\n  <thead>\n    <th class=\"text-center align-middle\">Componente Forma\u00e7\u00e3o<\/th>\n    <th class=\"text-center align-middle\">Disciplinas<\/th>\n  <\/thead>\n  <tbody>\n    <tr>\n      <td rowspan=\"4\" class=\"align-middle\">Forma\u00e7\u00e3o Geral<\/td>\n      <td>Portugu\u00eas<\/td>\n    <\/tr>\n    <tr>\n      <td>L\u00edngua Estrangeira I, II ou III<\/td>\n    <\/tr>\n    <tr>\n      <td>Filosofia<\/td>\n    <\/tr>\n    <tr>\n      <td>Educa\u00e7\u00e3o F\u00edsica<\/td>\n    <\/tr>\n    <tr>\n      <td rowspan=\"6\" class=\"align-middle\">Forma\u00e7\u00e3o Espec\u00edfica<\/td>\n      <td>Hist\u00f3ria A<\/td>\n    <\/tr>\n    <tr>\n      <td>Escolher 2:<\/td>\n    <\/tr>\n    <tr>\n      <td>Geografia A<\/td>\n    <\/tr>\n    <tr>\n      <td>L\u00edngua Estrangeira I, II ou III<\/td>\n    <\/tr>\n    <tr>\n      <td>Literatura Portuguesa<\/td>\n    <\/tr>\n    <tr>\n      <td>Matem\u00e1tica Aplicada \u00e0s Ci\u00eancias Sociais<\/td>\n    <\/tr>\n    <tr>\n      <td rowspan=\"2\" class=\"align-middle\"><\/td>\n      <td>Cidadania e Desenvolvimento<\/td>\n    <\/tr>\n    <tr>\n      <td>EMR (Facultativa)<\/td>\n    <\/tr>\n  <\/tbody>\n<\/table>\n\n\n\n<p><strong>Cursos Superiores Relacionados:<\/strong><\/p>\n\n\n\n<div class=\"wp-block-columns is-layout-flex wp-container-core-columns-is-layout-9d6595d7 wp-block-columns-is-layout-flex\">\n<div class=\"wp-block-column is-layout-flow wp-block-column-is-layout-flow\">\n<ul class=\"wp-block-list\"><li>Ci\u00eancia pol\u00edtica;<\/li><li>Ci\u00eancias da educa\u00e7\u00e3o;<\/li><li>Direito;<\/li><li>Filosofia;<\/li><li>Geografia;<\/li><li>Hist\u00f3ria;<\/li><\/ul>\n<\/div>\n\n\n\n<div class=\"wp-block-column is-layout-flow wp-block-column-is-layout-flow\">\n<ul class=\"wp-block-list\"><li>L\u00ednguas;<\/li><li>Literaturas e culturas;<\/li><li>Rela\u00e7\u00f5es Internacionais;<\/li><li>Sociologia<\/li><li>Tradu\u00e7\u00e3o;<\/li><li>Entre outras.<\/li><\/ul>\n<\/div>\n<\/div>\n\n\n\n<p><strong>Sa\u00eddas Profissionais:<\/strong><\/p>\n\n\n\n<div class=\"wp-block-columns is-layout-flex wp-container-core-columns-is-layout-9d6595d7 wp-block-columns-is-layout-flex\">\n<div class=\"wp-block-column is-layout-flow wp-block-column-is-layout-flow\">\n<ul class=\"wp-block-list\"><li>Advogado;<\/li><li>Arque\u00f3logo;<\/li><li>Especialista em ci\u00eancias pol\u00edticas;<\/li><li>Ge\u00f3grafo<\/li><li>Historiador;<\/li><li>Investigador;<\/li><li>Jornalista;<\/li><\/ul>\n<\/div>\n\n\n\n<div class=\"wp-block-column is-layout-flow wp-block-column-is-layout-flow\">\n<ul class=\"wp-block-list\"><li>Magistrado;<\/li><li>Not\u00e1rio;<\/li><li>Professor;<\/li><li>Soci\u00f3logo;<\/li><li>Tradutor;<\/li><li>Entre outras.<\/li><\/ul>\n<\/div>\n<\/div>\n\n\n\n<figure class=\"wp-block-video\"><video controls src=\"https:\/\/aemoita.pt\/aemoita\/videos\/LinguasHVideo.mp4\"><\/video><\/figure>\n\n\n\n<p><strong>Testemunhos:<\/strong><\/p>\n\n\n\n<figure class=\"wp-block-gallery columns-5 is-cropped wp-block-gallery-1 is-layout-flex wp-block-gallery-is-layout-flex\"><ul class=\"blocks-gallery-grid\"><li class=\"blocks-gallery-item\"><figure><a href=\"https:\/\/aemoita.pt\/aemoita\/wp-content\/uploads\/2021\/04\/Ana-de-Fatiima-1024x576.jpg\"><img loading=\"lazy\" decoding=\"async\" width=\"1024\" height=\"576\" src=\"https:\/\/aemoita.pt\/aemoita\/wp-content\/uploads\/2021\/04\/Ana-de-Fatiima-1024x576.jpg\" alt=\"\" data-id=\"656\" data-link=\"https:\/\/aemoita.pt\/aemoita\/cursos-cientifico-humanisticos\/linguas-e-humanidades\/ana-de-fatiima\/\" class=\"wp-image-656\" srcset=\"https:\/\/aemoita.pt\/aemoita\/wp-content\/uploads\/2021\/04\/Ana-de-Fatiima-1024x576.jpg 1024w, https:\/\/aemoita.pt\/aemoita\/wp-content\/uploads\/2021\/04\/Ana-de-Fatiima-300x169.jpg 300w, https:\/\/aemoita.pt\/aemoita\/wp-content\/uploads\/2021\/04\/Ana-de-Fatiima-768x432.jpg 768w, https:\/\/aemoita.pt\/aemoita\/wp-content\/uploads\/2021\/04\/Ana-de-Fatiima.jpg 1280w\" sizes=\"auto, (max-width: 1024px) 100vw, 1024px\" \/><\/a><\/figure><\/li><li class=\"blocks-gallery-item\"><figure><a href=\"https:\/\/aemoita.pt\/aemoita\/wp-content\/uploads\/2021\/04\/Beatriz-Contente-1024x576.jpg\"><img loading=\"lazy\" decoding=\"async\" width=\"1024\" height=\"576\" src=\"https:\/\/aemoita.pt\/aemoita\/wp-content\/uploads\/2021\/04\/Beatriz-Contente-1024x576.jpg\" alt=\"\" data-id=\"658\" data-link=\"https:\/\/aemoita.pt\/aemoita\/cursos-cientifico-humanisticos\/linguas-e-humanidades\/beatriz-contente\/\" class=\"wp-image-658\" srcset=\"https:\/\/aemoita.pt\/aemoita\/wp-content\/uploads\/2021\/04\/Beatriz-Contente-1024x576.jpg 1024w, https:\/\/aemoita.pt\/aemoita\/wp-content\/uploads\/2021\/04\/Beatriz-Contente-300x169.jpg 300w, https:\/\/aemoita.pt\/aemoita\/wp-content\/uploads\/2021\/04\/Beatriz-Contente-768x432.jpg 768w, https:\/\/aemoita.pt\/aemoita\/wp-content\/uploads\/2021\/04\/Beatriz-Contente.jpg 1280w\" sizes=\"auto, (max-width: 1024px) 100vw, 1024px\" \/><\/a><\/figure><\/li><li class=\"blocks-gallery-item\"><figure><a href=\"https:\/\/aemoita.pt\/aemoita\/wp-content\/uploads\/2021\/04\/Chandeni-Modi-1024x576.jpg\"><img loading=\"lazy\" decoding=\"async\" width=\"1024\" height=\"576\" src=\"https:\/\/aemoita.pt\/aemoita\/wp-content\/uploads\/2021\/04\/Chandeni-Modi-1024x576.jpg\" alt=\"\" data-id=\"659\" data-link=\"https:\/\/aemoita.pt\/aemoita\/cursos-cientifico-humanisticos\/linguas-e-humanidades\/chandeni-modi\/\" class=\"wp-image-659\" srcset=\"https:\/\/aemoita.pt\/aemoita\/wp-content\/uploads\/2021\/04\/Chandeni-Modi-1024x576.jpg 1024w, https:\/\/aemoita.pt\/aemoita\/wp-content\/uploads\/2021\/04\/Chandeni-Modi-300x169.jpg 300w, https:\/\/aemoita.pt\/aemoita\/wp-content\/uploads\/2021\/04\/Chandeni-Modi-768x432.jpg 768w, https:\/\/aemoita.pt\/aemoita\/wp-content\/uploads\/2021\/04\/Chandeni-Modi.jpg 1280w\" sizes=\"auto, (max-width: 1024px) 100vw, 1024px\" \/><\/a><\/figure><\/li><li class=\"blocks-gallery-item\"><figure><a href=\"https:\/\/aemoita.pt\/aemoita\/wp-content\/uploads\/2021\/04\/Goncalo-Baptista-1024x576.jpg\"><img loading=\"lazy\" decoding=\"async\" width=\"1024\" height=\"576\" src=\"https:\/\/aemoita.pt\/aemoita\/wp-content\/uploads\/2021\/04\/Goncalo-Baptista-1024x576.jpg\" alt=\"\" data-id=\"660\" data-link=\"https:\/\/aemoita.pt\/aemoita\/cursos-cientifico-humanisticos\/linguas-e-humanidades\/goncalo-baptista\/\" class=\"wp-image-660\" srcset=\"https:\/\/aemoita.pt\/aemoita\/wp-content\/uploads\/2021\/04\/Goncalo-Baptista-1024x576.jpg 1024w, https:\/\/aemoita.pt\/aemoita\/wp-content\/uploads\/2021\/04\/Goncalo-Baptista-300x169.jpg 300w, https:\/\/aemoita.pt\/aemoita\/wp-content\/uploads\/2021\/04\/Goncalo-Baptista-768x432.jpg 768w, https:\/\/aemoita.pt\/aemoita\/wp-content\/uploads\/2021\/04\/Goncalo-Baptista.jpg 1280w\" sizes=\"auto, (max-width: 1024px) 100vw, 1024px\" \/><\/a><\/figure><\/li><li class=\"blocks-gallery-item\"><figure><a href=\"https:\/\/aemoita.pt\/aemoita\/wp-content\/uploads\/2021\/04\/Joao-Rodrigues-1024x576.jpg\"><img loading=\"lazy\" decoding=\"async\" width=\"1024\" height=\"576\" src=\"https:\/\/aemoita.pt\/aemoita\/wp-content\/uploads\/2021\/04\/Joao-Rodrigues-1024x576.jpg\" alt=\"\" data-id=\"662\" data-link=\"https:\/\/aemoita.pt\/aemoita\/cursos-cientifico-humanisticos\/linguas-e-humanidades\/joao-rodrigues\/\" class=\"wp-image-662\" srcset=\"https:\/\/aemoita.pt\/aemoita\/wp-content\/uploads\/2021\/04\/Joao-Rodrigues-1024x576.jpg 1024w, https:\/\/aemoita.pt\/aemoita\/wp-content\/uploads\/2021\/04\/Joao-Rodrigues-300x169.jpg 300w, https:\/\/aemoita.pt\/aemoita\/wp-content\/uploads\/2021\/04\/Joao-Rodrigues-768x432.jpg 768w, https:\/\/aemoita.pt\/aemoita\/wp-content\/uploads\/2021\/04\/Joao-Rodrigues.jpg 1280w\" sizes=\"auto, (max-width: 1024px) 100vw, 1024px\" \/><\/a><\/figure><\/li><li class=\"blocks-gallery-item\"><figure><a href=\"https:\/\/aemoita.pt\/aemoita\/wp-content\/uploads\/2021\/04\/Marcia-Rodrigues-1024x576.jpg\"><img loading=\"lazy\" decoding=\"async\" width=\"1024\" height=\"576\" src=\"https:\/\/aemoita.pt\/aemoita\/wp-content\/uploads\/2021\/04\/Marcia-Rodrigues-1024x576.jpg\" alt=\"\" data-id=\"664\" data-link=\"https:\/\/aemoita.pt\/aemoita\/cursos-cientifico-humanisticos\/linguas-e-humanidades\/marcia-rodrigues\/\" class=\"wp-image-664\" srcset=\"https:\/\/aemoita.pt\/aemoita\/wp-content\/uploads\/2021\/04\/Marcia-Rodrigues-1024x576.jpg 1024w, https:\/\/aemoita.pt\/aemoita\/wp-content\/uploads\/2021\/04\/Marcia-Rodrigues-300x169.jpg 300w, https:\/\/aemoita.pt\/aemoita\/wp-content\/uploads\/2021\/04\/Marcia-Rodrigues-768x432.jpg 768w, https:\/\/aemoita.pt\/aemoita\/wp-content\/uploads\/2021\/04\/Marcia-Rodrigues.jpg 1280w\" sizes=\"auto, (max-width: 1024px) 100vw, 1024px\" \/><\/a><\/figure><\/li><li class=\"blocks-gallery-item\"><figure><a href=\"https:\/\/aemoita.pt\/aemoita\/wp-content\/uploads\/2021\/04\/andre--1024x576.jpg\"><img loading=\"lazy\" decoding=\"async\" width=\"1024\" height=\"576\" src=\"https:\/\/aemoita.pt\/aemoita\/wp-content\/uploads\/2021\/04\/andre--1024x576.jpg\" alt=\"\" data-id=\"705\" data-link=\"https:\/\/aemoita.pt\/aemoita\/cursos-cientifico-humanisticos\/linguas-e-humanidades\/andre\/\" class=\"wp-image-705\" srcset=\"https:\/\/aemoita.pt\/aemoita\/wp-content\/uploads\/2021\/04\/andre--1024x576.jpg 1024w, https:\/\/aemoita.pt\/aemoita\/wp-content\/uploads\/2021\/04\/andre--300x169.jpg 300w, https:\/\/aemoita.pt\/aemoita\/wp-content\/uploads\/2021\/04\/andre--768x432.jpg 768w, https:\/\/aemoita.pt\/aemoita\/wp-content\/uploads\/2021\/04\/andre-.jpg 1280w\" sizes=\"auto, (max-width: 1024px) 100vw, 1024px\" \/><\/a><\/figure><\/li><li class=\"blocks-gallery-item\"><figure><a href=\"https:\/\/aemoita.pt\/aemoita\/wp-content\/uploads\/2021\/04\/Edgar-1024x579.jpg\"><img loading=\"lazy\" decoding=\"async\" width=\"1024\" height=\"579\" src=\"https:\/\/aemoita.pt\/aemoita\/wp-content\/uploads\/2021\/04\/Edgar-1024x579.jpg\" alt=\"\" data-id=\"706\" data-link=\"https:\/\/aemoita.pt\/aemoita\/cursos-cientifico-humanisticos\/linguas-e-humanidades\/edgar\/\" class=\"wp-image-706\" srcset=\"https:\/\/aemoita.pt\/aemoita\/wp-content\/uploads\/2021\/04\/Edgar-1024x579.jpg 1024w, https:\/\/aemoita.pt\/aemoita\/wp-content\/uploads\/2021\/04\/Edgar-300x170.jpg 300w, https:\/\/aemoita.pt\/aemoita\/wp-content\/uploads\/2021\/04\/Edgar-768x434.jpg 768w, https:\/\/aemoita.pt\/aemoita\/wp-content\/uploads\/2021\/04\/Edgar-1536x869.jpg 1536w, https:\/\/aemoita.pt\/aemoita\/wp-content\/uploads\/2021\/04\/Edgar.jpg 1549w\" sizes=\"auto, (max-width: 1024px) 100vw, 1024px\" \/><\/a><\/figure><\/li><li class=\"blocks-gallery-item\"><figure><a href=\"https:\/\/aemoita.pt\/aemoita\/wp-content\/uploads\/2021\/04\/Claudio-Girao.jpg\"><img loading=\"lazy\" decoding=\"async\" width=\"1024\" height=\"576\" src=\"https:\/\/aemoita.pt\/aemoita\/wp-content\/uploads\/2021\/04\/Claudio-Girao-1024x576.jpg\" alt=\"\" data-id=\"798\" data-full-url=\"https:\/\/aemoita.pt\/aemoita\/wp-content\/uploads\/2021\/04\/Claudio-Girao.jpg\" data-link=\"https:\/\/aemoita.pt\/aemoita\/cursos-cientifico-humanisticos\/linguas-e-humanidades\/claudio-girao\/\" class=\"wp-image-798\" srcset=\"https:\/\/aemoita.pt\/aemoita\/wp-content\/uploads\/2021\/04\/Claudio-Girao-1024x576.jpg 1024w, https:\/\/aemoita.pt\/aemoita\/wp-content\/uploads\/2021\/04\/Claudio-Girao-300x169.jpg 300w, https:\/\/aemoita.pt\/aemoita\/wp-content\/uploads\/2021\/04\/Claudio-Girao-768x432.jpg 768w, https:\/\/aemoita.pt\/aemoita\/wp-content\/uploads\/2021\/04\/Claudio-Girao-1536x864.jpg 1536w, https:\/\/aemoita.pt\/aemoita\/wp-content\/uploads\/2021\/04\/Claudio-Girao.jpg 1549w\" sizes=\"auto, (max-width: 1024px) 100vw, 1024px\" \/><\/a><\/figure><\/li><\/ul><\/figure>\n\n\n\n<hr class=\"wp-block-separator\"\/>\n\n\n\n<figure class=\"wp-block-gallery columns-5 is-cropped wp-block-gallery-2 is-layout-flex wp-block-gallery-is-layout-flex\"><ul class=\"blocks-gallery-grid\"><li class=\"blocks-gallery-item\"><figure><a href=\"https:\/\/aemoita.pt\/aemoita\/wp-content\/uploads\/2021\/04\/atividades-2.jpg\"><img loading=\"lazy\" decoding=\"async\" width=\"883\" height=\"618\" src=\"https:\/\/aemoita.pt\/aemoita\/wp-content\/uploads\/2021\/04\/atividades-2.jpg\" alt=\"\" data-id=\"666\" data-link=\"https:\/\/aemoita.pt\/aemoita\/cursos-cientifico-humanisticos\/linguas-e-humanidades\/atividades-2\/\" class=\"wp-image-666\" srcset=\"https:\/\/aemoita.pt\/aemoita\/wp-content\/uploads\/2021\/04\/atividades-2.jpg 883w, https:\/\/aemoita.pt\/aemoita\/wp-content\/uploads\/2021\/04\/atividades-2-300x210.jpg 300w, https:\/\/aemoita.pt\/aemoita\/wp-content\/uploads\/2021\/04\/atividades-2-768x538.jpg 768w\" sizes=\"auto, (max-width: 883px) 100vw, 883px\" \/><\/a><\/figure><\/li><li class=\"blocks-gallery-item\"><figure><a href=\"https:\/\/aemoita.pt\/aemoita\/wp-content\/uploads\/2021\/04\/atividades.jpg\"><img loading=\"lazy\" decoding=\"async\" width=\"883\" height=\"624\" src=\"https:\/\/aemoita.pt\/aemoita\/wp-content\/uploads\/2021\/04\/atividades.jpg\" alt=\"\" data-id=\"667\" data-link=\"https:\/\/aemoita.pt\/aemoita\/cursos-cientifico-humanisticos\/linguas-e-humanidades\/atividades\/\" class=\"wp-image-667\" srcset=\"https:\/\/aemoita.pt\/aemoita\/wp-content\/uploads\/2021\/04\/atividades.jpg 883w, https:\/\/aemoita.pt\/aemoita\/wp-content\/uploads\/2021\/04\/atividades-300x212.jpg 300w, https:\/\/aemoita.pt\/aemoita\/wp-content\/uploads\/2021\/04\/atividades-768x543.jpg 768w\" sizes=\"auto, (max-width: 883px) 100vw, 883px\" \/><\/a><\/figure><\/li><li class=\"blocks-gallery-item\"><figure><a href=\"https:\/\/aemoita.pt\/aemoita\/wp-content\/uploads\/2021\/04\/Geografix-Diogo-1024x683.jpg\"><img loading=\"lazy\" decoding=\"async\" width=\"1024\" height=\"683\" src=\"https:\/\/aemoita.pt\/aemoita\/wp-content\/uploads\/2021\/04\/Geografix-Diogo-1024x683.jpg\" alt=\"\" data-id=\"669\" data-link=\"https:\/\/aemoita.pt\/aemoita\/cursos-cientifico-humanisticos\/linguas-e-humanidades\/geografix-diogo\/\" class=\"wp-image-669\" srcset=\"https:\/\/aemoita.pt\/aemoita\/wp-content\/uploads\/2021\/04\/Geografix-Diogo-1024x683.jpg 1024w, https:\/\/aemoita.pt\/aemoita\/wp-content\/uploads\/2021\/04\/Geografix-Diogo-300x200.jpg 300w, https:\/\/aemoita.pt\/aemoita\/wp-content\/uploads\/2021\/04\/Geografix-Diogo-768x512.jpg 768w, https:\/\/aemoita.pt\/aemoita\/wp-content\/uploads\/2021\/04\/Geografix-Diogo-1536x1024.jpg 1536w, https:\/\/aemoita.pt\/aemoita\/wp-content\/uploads\/2021\/04\/Geografix-Diogo.jpg 1600w\" sizes=\"auto, (max-width: 1024px) 100vw, 1024px\" \/><\/a><\/figure><\/li><li class=\"blocks-gallery-item\"><figure><a href=\"https:\/\/aemoita.pt\/aemoita\/wp-content\/uploads\/2021\/04\/Goncalo-Dn-escolas-1024x683.jpg\"><img loading=\"lazy\" decoding=\"async\" width=\"1024\" height=\"683\" src=\"https:\/\/aemoita.pt\/aemoita\/wp-content\/uploads\/2021\/04\/Goncalo-Dn-escolas-1024x683.jpg\" alt=\"\" data-id=\"670\" data-link=\"https:\/\/aemoita.pt\/aemoita\/cursos-cientifico-humanisticos\/linguas-e-humanidades\/goncalo-dn-escolas\/\" class=\"wp-image-670\" srcset=\"https:\/\/aemoita.pt\/aemoita\/wp-content\/uploads\/2021\/04\/Goncalo-Dn-escolas-1024x683.jpg 1024w, https:\/\/aemoita.pt\/aemoita\/wp-content\/uploads\/2021\/04\/Goncalo-Dn-escolas-300x200.jpg 300w, https:\/\/aemoita.pt\/aemoita\/wp-content\/uploads\/2021\/04\/Goncalo-Dn-escolas-768x512.jpg 768w, https:\/\/aemoita.pt\/aemoita\/wp-content\/uploads\/2021\/04\/Goncalo-Dn-escolas-1536x1024.jpg 1536w, https:\/\/aemoita.pt\/aemoita\/wp-content\/uploads\/2021\/04\/Goncalo-Dn-escolas.jpg 1600w\" sizes=\"auto, (max-width: 1024px) 100vw, 1024px\" \/><\/a><\/figure><\/li><li class=\"blocks-gallery-item\"><figure><a href=\"https:\/\/aemoita.pt\/aemoita\/wp-content\/uploads\/2021\/04\/Grutas-da-Moeda-256_resultado-1-1024x683.jpg\"><img loading=\"lazy\" decoding=\"async\" width=\"1024\" height=\"683\" src=\"https:\/\/aemoita.pt\/aemoita\/wp-content\/uploads\/2021\/04\/Grutas-da-Moeda-256_resultado-1-1024x683.jpg\" alt=\"\" data-id=\"671\" data-link=\"https:\/\/aemoita.pt\/aemoita\/cursos-cientifico-humanisticos\/linguas-e-humanidades\/grutas-da-moeda-256_resultado-1\/\" class=\"wp-image-671\" srcset=\"https:\/\/aemoita.pt\/aemoita\/wp-content\/uploads\/2021\/04\/Grutas-da-Moeda-256_resultado-1-1024x683.jpg 1024w, https:\/\/aemoita.pt\/aemoita\/wp-content\/uploads\/2021\/04\/Grutas-da-Moeda-256_resultado-1-300x200.jpg 300w, https:\/\/aemoita.pt\/aemoita\/wp-content\/uploads\/2021\/04\/Grutas-da-Moeda-256_resultado-1-768x512.jpg 768w, https:\/\/aemoita.pt\/aemoita\/wp-content\/uploads\/2021\/04\/Grutas-da-Moeda-256_resultado-1-1536x1024.jpg 1536w, https:\/\/aemoita.pt\/aemoita\/wp-content\/uploads\/2021\/04\/Grutas-da-Moeda-256_resultado-1.jpg 1600w\" sizes=\"auto, (max-width: 1024px) 100vw, 1024px\" \/><\/a><\/figure><\/li><li class=\"blocks-gallery-item\"><figure><a href=\"https:\/\/aemoita.pt\/aemoita\/wp-content\/uploads\/2021\/04\/Orienta-te-2017-079_resultado-1024x683.jpg\"><img loading=\"lazy\" decoding=\"async\" width=\"1024\" height=\"683\" src=\"https:\/\/aemoita.pt\/aemoita\/wp-content\/uploads\/2021\/04\/Orienta-te-2017-079_resultado-1024x683.jpg\" alt=\"\" data-id=\"672\" data-link=\"https:\/\/aemoita.pt\/aemoita\/cursos-cientifico-humanisticos\/linguas-e-humanidades\/orienta-te-2017-079_resultado\/\" class=\"wp-image-672\" srcset=\"https:\/\/aemoita.pt\/aemoita\/wp-content\/uploads\/2021\/04\/Orienta-te-2017-079_resultado-1024x683.jpg 1024w, https:\/\/aemoita.pt\/aemoita\/wp-content\/uploads\/2021\/04\/Orienta-te-2017-079_resultado-300x200.jpg 300w, https:\/\/aemoita.pt\/aemoita\/wp-content\/uploads\/2021\/04\/Orienta-te-2017-079_resultado-768x512.jpg 768w, https:\/\/aemoita.pt\/aemoita\/wp-content\/uploads\/2021\/04\/Orienta-te-2017-079_resultado-1536x1024.jpg 1536w, https:\/\/aemoita.pt\/aemoita\/wp-content\/uploads\/2021\/04\/Orienta-te-2017-079_resultado.jpg 1600w\" sizes=\"auto, (max-width: 1024px) 100vw, 1024px\" \/><\/a><\/figure><\/li><li class=\"blocks-gallery-item\"><figure><a href=\"https:\/\/aemoita.pt\/aemoita\/wp-content\/uploads\/2021\/04\/Orienta-te.jpg\"><img loading=\"lazy\" decoding=\"async\" width=\"878\" height=\"619\" src=\"https:\/\/aemoita.pt\/aemoita\/wp-content\/uploads\/2021\/04\/Orienta-te.jpg\" alt=\"\" data-id=\"673\" data-link=\"https:\/\/aemoita.pt\/aemoita\/cursos-cientifico-humanisticos\/linguas-e-humanidades\/orienta-te\/\" class=\"wp-image-673\" srcset=\"https:\/\/aemoita.pt\/aemoita\/wp-content\/uploads\/2021\/04\/Orienta-te.jpg 878w, https:\/\/aemoita.pt\/aemoita\/wp-content\/uploads\/2021\/04\/Orienta-te-300x212.jpg 300w, https:\/\/aemoita.pt\/aemoita\/wp-content\/uploads\/2021\/04\/Orienta-te-768x541.jpg 768w\" sizes=\"auto, (max-width: 878px) 100vw, 878px\" \/><\/a><\/figure><\/li><li class=\"blocks-gallery-item\"><figure><a href=\"https:\/\/aemoita.pt\/aemoita\/wp-content\/uploads\/2021\/04\/semana-niponica-1024x501.jpg\"><img loading=\"lazy\" decoding=\"async\" width=\"1024\" height=\"501\" src=\"https:\/\/aemoita.pt\/aemoita\/wp-content\/uploads\/2021\/04\/semana-niponica-1024x501.jpg\" alt=\"\" data-id=\"674\" data-link=\"https:\/\/aemoita.pt\/aemoita\/cursos-cientifico-humanisticos\/linguas-e-humanidades\/semana-niponica\/\" class=\"wp-image-674\" srcset=\"https:\/\/aemoita.pt\/aemoita\/wp-content\/uploads\/2021\/04\/semana-niponica-1024x501.jpg 1024w, https:\/\/aemoita.pt\/aemoita\/wp-content\/uploads\/2021\/04\/semana-niponica-300x147.jpg 300w, https:\/\/aemoita.pt\/aemoita\/wp-content\/uploads\/2021\/04\/semana-niponica-768x376.jpg 768w, https:\/\/aemoita.pt\/aemoita\/wp-content\/uploads\/2021\/04\/semana-niponica-1536x752.jpg 1536w, https:\/\/aemoita.pt\/aemoita\/wp-content\/uploads\/2021\/04\/semana-niponica.jpg 1600w\" sizes=\"auto, (max-width: 1024px) 100vw, 1024px\" \/><\/a><\/figure><\/li><li class=\"blocks-gallery-item\"><figure><a href=\"https:\/\/aemoita.pt\/aemoita\/wp-content\/uploads\/2021\/04\/GEOGRAFIA-2.jpg\"><img loading=\"lazy\" decoding=\"async\" width=\"894\" height=\"624\" src=\"https:\/\/aemoita.pt\/aemoita\/wp-content\/uploads\/2021\/04\/GEOGRAFIA-2.jpg\" alt=\"\" data-id=\"711\" data-full-url=\"https:\/\/aemoita.pt\/aemoita\/wp-content\/uploads\/2021\/04\/GEOGRAFIA-2.jpg\" data-link=\"https:\/\/aemoita.pt\/aemoita\/cursos-cientifico-humanisticos\/linguas-e-humanidades\/geografia-2\/\" class=\"wp-image-711\" srcset=\"https:\/\/aemoita.pt\/aemoita\/wp-content\/uploads\/2021\/04\/GEOGRAFIA-2.jpg 894w, https:\/\/aemoita.pt\/aemoita\/wp-content\/uploads\/2021\/04\/GEOGRAFIA-2-300x209.jpg 300w, https:\/\/aemoita.pt\/aemoita\/wp-content\/uploads\/2021\/04\/GEOGRAFIA-2-768x536.jpg 768w\" sizes=\"auto, (max-width: 894px) 100vw, 894px\" \/><\/a><\/figure><\/li><\/ul><\/figure>\n","protected":false},"excerpt":{"rendered":"<p>Este Curso tem por objetivo dotar o aluno de um conjunto de saberes e compet\u00eancias que lhe possibilite o estabelecimento de rela\u00e7\u00f5es entre passado e presente, a interpreta\u00e7\u00e3o do mundo atual e a interven\u00e7\u00e3o sobre a realidade e sobre o espa\u00e7o em que ela se inscreve; o desenvolvimento das compet\u00eancias lingu\u00edstica e comunicativa; a capacidade [&hellip;]<\/p>\n","protected":false},"author":1,"featured_media":0,"parent":562,"menu_order":0,"comment_status":"closed","ping_status":"closed","template":"","meta":{"footnotes":""},"class_list":["post-570","page","type-page","status-publish","hentry"],"_links":{"self":[{"href":"https:\/\/aemoita.pt\/aemoita\/wp-json\/wp\/v2\/pages\/570","targetHints":{"allow":["GET"]}}],"collection":[{"href":"https:\/\/aemoita.pt\/aemoita\/wp-json\/wp\/v2\/pages"}],"about":[{"href":"https:\/\/aemoita.pt\/aemoita\/wp-json\/wp\/v2\/types\/page"}],"author":[{"embeddable":true,"href":"https:\/\/aemoita.pt\/aemoita\/wp-json\/wp\/v2\/users\/1"}],"replies":[{"embeddable":true,"href":"https:\/\/aemoita.pt\/aemoita\/wp-json\/wp\/v2\/comments?post=570"}],"version-history":[{"count":13,"href":"https:\/\/aemoita.pt\/aemoita\/wp-json\/wp\/v2\/pages\/570\/revisions"}],"predecessor-version":[{"id":884,"href":"https:\/\/aemoita.pt\/aemoita\/wp-json\/wp\/v2\/pages\/570\/revisions\/884"}],"up":[{"embeddable":true,"href":"https:\/\/aemoita.pt\/aemoita\/wp-json\/wp\/v2\/pages\/562"}],"wp:attachment":[{"href":"https:\/\/aemoita.pt\/aemoita\/wp-json\/wp\/v2\/media?parent=570"}],"curies":[{"name":"wp","href":"https:\/\/api.w.org\/{rel}","templated":true}]}}