{"id":572,"date":"2021-04-26T14:38:19","date_gmt":"2021-04-26T14:38:19","guid":{"rendered":"https:\/\/aemoita.pt\/aemoita\/?page_id=572"},"modified":"2023-06-07T18:11:34","modified_gmt":"2023-06-07T18:11:34","slug":"ciencias-economicas","status":"publish","type":"page","link":"https:\/\/aemoita.pt\/aemoita\/cursos-cientifico-humanisticos\/ciencias-economicas\/","title":{"rendered":"Ci\u00eancias Socioecon\u00f3micas"},"content":{"rendered":"\n<p>Este Curso tem por objetivo dotar o aluno de um conjunto de saberes que lhe possibilite o conhecimento e a compreens\u00e3o do mundo contempor\u00e2neo e dos seus principais problemas socioecon\u00f3micos.<\/p>\n\n\n\n<p class=\"has-text-align-center has-medium-font-size\"><strong>Plano de Estudos<\/strong><\/p>\n\n\n\n<table class=\"table table-sm\">\n  <thead>\n    <tr><th class=\"text-center align-middle\">Componente Forma\u00e7\u00e3o<\/th>\n    <th class=\"text-center align-middle\">Disciplinas<\/th>\n  <\/tr><\/thead>\n  <tbody>\n    <tr>\n      <td rowspan=\"4\" class=\"align-middle\">Forma\u00e7\u00e3o Geral<\/td>\n      <td>Portugu\u00eas<\/td>\n    <\/tr>\n    <tr>\n      <td>L\u00edngua Estrangeira I, II ou III<\/td>\n    <\/tr>\n    <tr>\n      <td>Filosofia<\/td>\n    <\/tr>\n    <tr>\n      <td>Educa\u00e7\u00e3o F\u00edsica<\/td>\n    <\/tr>\n    <tr>\n      <td rowspan=\"5\" class=\"align-middle\">Forma\u00e7\u00e3o Espec\u00edfica<\/td>\n      <td>Matem\u00e1tica A<\/td>\n    <\/tr>\n    <tr>\n      <td>Escolher 2:<\/td>\n    <\/tr>\n    <tr>\n      <td>Economia A<\/td>\n    <\/tr>\n    <tr>\n      <td>Geografia A<\/td>\n    <\/tr>\n    <tr>\n      <td>Hist\u00f3ria B<\/td>\n    <\/tr>\n    <tr>\n      <td rowspan=\"2\" class=\"align-middle\"><\/td>\n      <td>Cidadania e Desenvolvimento<\/td>\n    <\/tr>\n    <tr>\n      <td>EMR (Facultativa)<\/td>\n    <\/tr>\n  <\/tbody>\n<\/table>\n\n\n\n<p><strong>Cursos Superiores Relacionados:<\/strong><\/p>\n\n\n\n<div class=\"wp-block-columns is-layout-flex wp-container-core-columns-is-layout-9d6595d7 wp-block-columns-is-layout-flex\">\n<div class=\"wp-block-column is-layout-flow wp-block-column-is-layout-flow\">\n<ul class=\"wp-block-list\"><li>Economia;<\/li><li>Finan\u00e7as;<\/li><li>Gest\u00e3o;<\/li><li>Gest\u00e3o de Empresas;<\/li><li>Gest\u00e3o de Marketing;<\/li><\/ul>\n<\/div>\n\n\n\n<div class=\"wp-block-column is-layout-flow wp-block-column-is-layout-flow\">\n<ul class=\"wp-block-list\"><li>Gest\u00e3o de Recursos Humanos e Administra\u00e7\u00e3o P\u00fablica;<\/li><li>Matem\u00e1tica Aplicada \u00e0 Economia e \u00e0 Gest\u00e3o;<\/li><li>Sociologia;<\/li><li>Entre outras<\/li><\/ul>\n<\/div>\n<\/div>\n\n\n\n<p><strong>Sa\u00eddas Profissionais:<\/strong><\/p>\n\n\n\n<div class=\"wp-block-columns is-layout-flex wp-container-core-columns-is-layout-9d6595d7 wp-block-columns-is-layout-flex\">\n<div class=\"wp-block-column is-layout-flow wp-block-column-is-layout-flow\">\n<ul class=\"wp-block-list\"><li>Analista Financeiro;<\/li><li>Auditor;<\/li><li>Consultor financeiro e de investimentos;<\/li><li>Diretor de Marketing;<\/li><li>Economista;<\/li><\/ul>\n<\/div>\n\n\n\n<div class=\"wp-block-column is-layout-flow wp-block-column-is-layout-flow\">\n<ul class=\"wp-block-list\"><li>Gestor executivo de empresas;<\/li><li>Professor;<\/li><li>Revisor oficial de contas;<\/li><li>Soci\u00f3logo;<\/li><li>Entre outras.<\/li><\/ul>\n<\/div>\n<\/div>\n\n\n\n<figure class=\"wp-block-video\"><video controls src=\"https:\/\/aemoita.pt\/aemoita\/videos\/CSocioEconVideo.mp4\"><\/video><\/figure>\n\n\n\n<p><strong>Testemunhos:<\/strong><\/p>\n\n\n\n<figure class=\"wp-block-gallery has-nested-images columns-4 is-cropped wp-block-gallery-1 is-layout-flex wp-block-gallery-is-layout-flex\">\n<figure class=\"wp-block-image size-large\"><a href=\"https:\/\/aemoita.pt\/aemoita\/wp-content\/uploads\/2021\/05\/novo-ficheiro-Joao-Alpedrinha.jpg\"><img loading=\"lazy\" decoding=\"async\" width=\"1024\" height=\"570\" data-id=\"857\" src=\"https:\/\/aemoita.pt\/aemoita\/wp-content\/uploads\/2021\/05\/novo-ficheiro-Joao-Alpedrinha-1024x570.jpg\" alt=\"\" class=\"wp-image-857\" srcset=\"https:\/\/aemoita.pt\/aemoita\/wp-content\/uploads\/2021\/05\/novo-ficheiro-Joao-Alpedrinha-1024x570.jpg 1024w, https:\/\/aemoita.pt\/aemoita\/wp-content\/uploads\/2021\/05\/novo-ficheiro-Joao-Alpedrinha-300x167.jpg 300w, https:\/\/aemoita.pt\/aemoita\/wp-content\/uploads\/2021\/05\/novo-ficheiro-Joao-Alpedrinha-768x428.jpg 768w, https:\/\/aemoita.pt\/aemoita\/wp-content\/uploads\/2021\/05\/novo-ficheiro-Joao-Alpedrinha-1536x855.jpg 1536w, https:\/\/aemoita.pt\/aemoita\/wp-content\/uploads\/2021\/05\/novo-ficheiro-Joao-Alpedrinha.jpg 1577w\" sizes=\"auto, (max-width: 1024px) 100vw, 1024px\" \/><\/a><\/figure>\n\n\n\n<figure class=\"wp-block-image size-large\"><a href=\"https:\/\/aemoita.pt\/aemoita\/wp-content\/uploads\/2021\/04\/Jose-Duarte.jpg\"><img loading=\"lazy\" decoding=\"async\" width=\"1024\" height=\"576\" data-id=\"663\" src=\"https:\/\/aemoita.pt\/aemoita\/wp-content\/uploads\/2021\/04\/Jose-Duarte-1024x576.jpg\" alt=\"\" class=\"wp-image-663\" srcset=\"https:\/\/aemoita.pt\/aemoita\/wp-content\/uploads\/2021\/04\/Jose-Duarte-1024x576.jpg 1024w, https:\/\/aemoita.pt\/aemoita\/wp-content\/uploads\/2021\/04\/Jose-Duarte-300x169.jpg 300w, https:\/\/aemoita.pt\/aemoita\/wp-content\/uploads\/2021\/04\/Jose-Duarte-768x432.jpg 768w, https:\/\/aemoita.pt\/aemoita\/wp-content\/uploads\/2021\/04\/Jose-Duarte.jpg 1280w\" sizes=\"auto, (max-width: 1024px) 100vw, 1024px\" \/><\/a><\/figure>\n\n\n\n<figure class=\"wp-block-image size-large\"><a href=\"https:\/\/aemoita.pt\/aemoita\/wp-content\/uploads\/2021\/04\/Pedro-Pereira.jpg\"><img loading=\"lazy\" decoding=\"async\" width=\"1024\" height=\"576\" data-id=\"665\" src=\"https:\/\/aemoita.pt\/aemoita\/wp-content\/uploads\/2021\/04\/Pedro-Pereira-1024x576.jpg\" alt=\"\" class=\"wp-image-665\" srcset=\"https:\/\/aemoita.pt\/aemoita\/wp-content\/uploads\/2021\/04\/Pedro-Pereira-1024x576.jpg 1024w, https:\/\/aemoita.pt\/aemoita\/wp-content\/uploads\/2021\/04\/Pedro-Pereira-300x169.jpg 300w, https:\/\/aemoita.pt\/aemoita\/wp-content\/uploads\/2021\/04\/Pedro-Pereira-768x432.jpg 768w, https:\/\/aemoita.pt\/aemoita\/wp-content\/uploads\/2021\/04\/Pedro-Pereira.jpg 1280w\" sizes=\"auto, (max-width: 1024px) 100vw, 1024px\" \/><\/a><\/figure>\n\n\n\n<figure class=\"wp-block-image size-large\"><a href=\"https:\/\/aemoita.pt\/aemoita\/wp-content\/uploads\/2021\/04\/valeria-zaharia.jpg\"><img loading=\"lazy\" decoding=\"async\" width=\"1024\" height=\"530\" data-id=\"796\" src=\"https:\/\/aemoita.pt\/aemoita\/wp-content\/uploads\/2021\/04\/valeria-zaharia-1024x530.jpg\" alt=\"\" class=\"wp-image-796\" srcset=\"https:\/\/aemoita.pt\/aemoita\/wp-content\/uploads\/2021\/04\/valeria-zaharia-1024x530.jpg 1024w, https:\/\/aemoita.pt\/aemoita\/wp-content\/uploads\/2021\/04\/valeria-zaharia-300x155.jpg 300w, https:\/\/aemoita.pt\/aemoita\/wp-content\/uploads\/2021\/04\/valeria-zaharia-768x397.jpg 768w, https:\/\/aemoita.pt\/aemoita\/wp-content\/uploads\/2021\/04\/valeria-zaharia-1536x795.jpg 1536w, https:\/\/aemoita.pt\/aemoita\/wp-content\/uploads\/2021\/04\/valeria-zaharia.jpg 1548w\" sizes=\"auto, (max-width: 1024px) 100vw, 1024px\" \/><\/a><\/figure>\n<\/figure>\n\n\n\n<hr class=\"wp-block-separator has-css-opacity\"\/>\n\n\n\n<figure class=\"wp-block-gallery has-nested-images columns-6 is-cropped wp-block-gallery-2 is-layout-flex wp-block-gallery-is-layout-flex\">\n<figure class=\"wp-block-image size-medium\"><a href=\"https:\/\/aemoita.pt\/aemoita\/wp-content\/uploads\/2021\/04\/AERO-RTP-10P3-2017-258_resultado.jpg\"><img loading=\"lazy\" decoding=\"async\" width=\"300\" height=\"200\" data-id=\"715\" src=\"https:\/\/aemoita.pt\/aemoita\/wp-content\/uploads\/2021\/04\/AERO-RTP-10P3-2017-258_resultado-300x200.jpg\" alt=\"\" class=\"wp-image-715\" srcset=\"https:\/\/aemoita.pt\/aemoita\/wp-content\/uploads\/2021\/04\/AERO-RTP-10P3-2017-258_resultado-300x200.jpg 300w, https:\/\/aemoita.pt\/aemoita\/wp-content\/uploads\/2021\/04\/AERO-RTP-10P3-2017-258_resultado-1024x683.jpg 1024w, https:\/\/aemoita.pt\/aemoita\/wp-content\/uploads\/2021\/04\/AERO-RTP-10P3-2017-258_resultado-768x512.jpg 768w, https:\/\/aemoita.pt\/aemoita\/wp-content\/uploads\/2021\/04\/AERO-RTP-10P3-2017-258_resultado-1536x1024.jpg 1536w, https:\/\/aemoita.pt\/aemoita\/wp-content\/uploads\/2021\/04\/AERO-RTP-10P3-2017-258_resultado.jpg 1600w\" sizes=\"auto, (max-width: 300px) 100vw, 300px\" \/><\/a><\/figure>\n\n\n\n<figure class=\"wp-block-image size-medium\"><a href=\"https:\/\/aemoita.pt\/aemoita\/wp-content\/uploads\/2021\/04\/BTL-2017.jpg\"><img loading=\"lazy\" decoding=\"async\" width=\"300\" height=\"200\" data-id=\"716\" src=\"https:\/\/aemoita.pt\/aemoita\/wp-content\/uploads\/2021\/04\/BTL-2017-300x200.jpg\" alt=\"\" class=\"wp-image-716\" srcset=\"https:\/\/aemoita.pt\/aemoita\/wp-content\/uploads\/2021\/04\/BTL-2017-300x200.jpg 300w, https:\/\/aemoita.pt\/aemoita\/wp-content\/uploads\/2021\/04\/BTL-2017-1024x683.jpg 1024w, https:\/\/aemoita.pt\/aemoita\/wp-content\/uploads\/2021\/04\/BTL-2017-768x512.jpg 768w, https:\/\/aemoita.pt\/aemoita\/wp-content\/uploads\/2021\/04\/BTL-2017-1536x1024.jpg 1536w, https:\/\/aemoita.pt\/aemoita\/wp-content\/uploads\/2021\/04\/BTL-2017.jpg 1600w\" sizes=\"auto, (max-width: 300px) 100vw, 300px\" \/><\/a><\/figure>\n\n\n\n<figure class=\"wp-block-image size-medium\"><a href=\"https:\/\/aemoita.pt\/aemoita\/wp-content\/uploads\/2021\/04\/FUTURALIA-2017.jpg\"><img loading=\"lazy\" decoding=\"async\" width=\"300\" height=\"200\" data-id=\"717\" src=\"https:\/\/aemoita.pt\/aemoita\/wp-content\/uploads\/2021\/04\/FUTURALIA-2017-300x200.jpg\" alt=\"\" class=\"wp-image-717\" srcset=\"https:\/\/aemoita.pt\/aemoita\/wp-content\/uploads\/2021\/04\/FUTURALIA-2017-300x200.jpg 300w, https:\/\/aemoita.pt\/aemoita\/wp-content\/uploads\/2021\/04\/FUTURALIA-2017-1024x683.jpg 1024w, https:\/\/aemoita.pt\/aemoita\/wp-content\/uploads\/2021\/04\/FUTURALIA-2017-768x512.jpg 768w, https:\/\/aemoita.pt\/aemoita\/wp-content\/uploads\/2021\/04\/FUTURALIA-2017-1536x1024.jpg 1536w, https:\/\/aemoita.pt\/aemoita\/wp-content\/uploads\/2021\/04\/FUTURALIA-2017.jpg 1600w\" sizes=\"auto, (max-width: 300px) 100vw, 300px\" \/><\/a><\/figure>\n\n\n\n<figure class=\"wp-block-image size-medium\"><a href=\"https:\/\/aemoita.pt\/aemoita\/wp-content\/uploads\/2021\/04\/GEOGRAFIA-1.jpg\"><img loading=\"lazy\" decoding=\"async\" width=\"300\" height=\"215\" data-id=\"718\" src=\"https:\/\/aemoita.pt\/aemoita\/wp-content\/uploads\/2021\/04\/GEOGRAFIA-1-300x215.jpg\" alt=\"\" class=\"wp-image-718\" srcset=\"https:\/\/aemoita.pt\/aemoita\/wp-content\/uploads\/2021\/04\/GEOGRAFIA-1-300x215.jpg 300w, https:\/\/aemoita.pt\/aemoita\/wp-content\/uploads\/2021\/04\/GEOGRAFIA-1-768x550.jpg 768w, https:\/\/aemoita.pt\/aemoita\/wp-content\/uploads\/2021\/04\/GEOGRAFIA-1.jpg 891w\" sizes=\"auto, (max-width: 300px) 100vw, 300px\" \/><\/a><\/figure>\n\n\n\n<figure class=\"wp-block-image size-medium\"><a href=\"https:\/\/aemoita.pt\/aemoita\/wp-content\/uploads\/2021\/04\/Premio-Energy-Game.jpg\"><img loading=\"lazy\" decoding=\"async\" width=\"300\" height=\"225\" data-id=\"719\" src=\"https:\/\/aemoita.pt\/aemoita\/wp-content\/uploads\/2021\/04\/Premio-Energy-Game-300x225.jpg\" alt=\"\" class=\"wp-image-719\" srcset=\"https:\/\/aemoita.pt\/aemoita\/wp-content\/uploads\/2021\/04\/Premio-Energy-Game-300x225.jpg 300w, https:\/\/aemoita.pt\/aemoita\/wp-content\/uploads\/2021\/04\/Premio-Energy-Game-768x576.jpg 768w, https:\/\/aemoita.pt\/aemoita\/wp-content\/uploads\/2021\/04\/Premio-Energy-Game.jpg 960w\" sizes=\"auto, (max-width: 300px) 100vw, 300px\" \/><\/a><\/figure>\n\n\n\n<figure class=\"wp-block-image size-medium\"><a href=\"https:\/\/aemoita.pt\/aemoita\/wp-content\/uploads\/2021\/04\/RTP-2017.jpg\"><img loading=\"lazy\" decoding=\"async\" width=\"300\" height=\"200\" data-id=\"720\" src=\"https:\/\/aemoita.pt\/aemoita\/wp-content\/uploads\/2021\/04\/RTP-2017-300x200.jpg\" alt=\"\" class=\"wp-image-720\" srcset=\"https:\/\/aemoita.pt\/aemoita\/wp-content\/uploads\/2021\/04\/RTP-2017-300x200.jpg 300w, https:\/\/aemoita.pt\/aemoita\/wp-content\/uploads\/2021\/04\/RTP-2017-1024x683.jpg 1024w, https:\/\/aemoita.pt\/aemoita\/wp-content\/uploads\/2021\/04\/RTP-2017-768x512.jpg 768w, https:\/\/aemoita.pt\/aemoita\/wp-content\/uploads\/2021\/04\/RTP-2017-1536x1024.jpg 1536w, https:\/\/aemoita.pt\/aemoita\/wp-content\/uploads\/2021\/04\/RTP-2017.jpg 1600w\" sizes=\"auto, (max-width: 300px) 100vw, 300px\" \/><\/a><\/figure>\n\n\n\n<figure class=\"wp-block-image size-medium\"><a href=\"https:\/\/aemoita.pt\/aemoita\/wp-content\/uploads\/2021\/04\/Vila-de-Rei.jpg\"><img loading=\"lazy\" decoding=\"async\" width=\"300\" height=\"224\" data-id=\"721\" src=\"https:\/\/aemoita.pt\/aemoita\/wp-content\/uploads\/2021\/04\/Vila-de-Rei-300x224.jpg\" alt=\"\" class=\"wp-image-721\" srcset=\"https:\/\/aemoita.pt\/aemoita\/wp-content\/uploads\/2021\/04\/Vila-de-Rei-300x224.jpg 300w, https:\/\/aemoita.pt\/aemoita\/wp-content\/uploads\/2021\/04\/Vila-de-Rei.jpg 708w\" sizes=\"auto, (max-width: 300px) 100vw, 300px\" \/><\/a><\/figure>\n\n\n\n<figure class=\"wp-block-image size-medium\"><a href=\"https:\/\/aemoita.pt\/aemoita\/wp-content\/uploads\/2021\/04\/GEOGRAFIA-2.jpg\"><img loading=\"lazy\" decoding=\"async\" width=\"300\" height=\"209\" data-id=\"711\" src=\"https:\/\/aemoita.pt\/aemoita\/wp-content\/uploads\/2021\/04\/GEOGRAFIA-2-300x209.jpg\" alt=\"\" class=\"wp-image-711\" srcset=\"https:\/\/aemoita.pt\/aemoita\/wp-content\/uploads\/2021\/04\/GEOGRAFIA-2-300x209.jpg 300w, https:\/\/aemoita.pt\/aemoita\/wp-content\/uploads\/2021\/04\/GEOGRAFIA-2-768x536.jpg 768w, https:\/\/aemoita.pt\/aemoita\/wp-content\/uploads\/2021\/04\/GEOGRAFIA-2.jpg 894w\" sizes=\"auto, (max-width: 300px) 100vw, 300px\" \/><\/a><\/figure>\n\n\n\n<figure class=\"wp-block-image size-medium\"><a href=\"https:\/\/aemoita.pt\/aemoita\/wp-content\/uploads\/2021\/04\/GEOGRAFIA-C.jpg\"><img loading=\"lazy\" decoding=\"async\" width=\"300\" height=\"211\" data-id=\"713\" src=\"https:\/\/aemoita.pt\/aemoita\/wp-content\/uploads\/2021\/04\/GEOGRAFIA-C-300x211.jpg\" alt=\"\" class=\"wp-image-713\" srcset=\"https:\/\/aemoita.pt\/aemoita\/wp-content\/uploads\/2021\/04\/GEOGRAFIA-C-300x211.jpg 300w, https:\/\/aemoita.pt\/aemoita\/wp-content\/uploads\/2021\/04\/GEOGRAFIA-C-768x540.jpg 768w, https:\/\/aemoita.pt\/aemoita\/wp-content\/uploads\/2021\/04\/GEOGRAFIA-C.jpg 896w\" sizes=\"auto, (max-width: 300px) 100vw, 300px\" \/><\/a><\/figure>\n\n\n\n<figure class=\"wp-block-image size-medium\"><a href=\"https:\/\/aemoita.pt\/aemoita\/wp-content\/uploads\/2021\/04\/Vila-Vicosa-PAP-399_resultado.jpg\"><img loading=\"lazy\" decoding=\"async\" width=\"300\" height=\"200\" data-id=\"675\" src=\"https:\/\/aemoita.pt\/aemoita\/wp-content\/uploads\/2021\/04\/Vila-Vicosa-PAP-399_resultado-300x200.jpg\" alt=\"\" class=\"wp-image-675\" srcset=\"https:\/\/aemoita.pt\/aemoita\/wp-content\/uploads\/2021\/04\/Vila-Vicosa-PAP-399_resultado-300x200.jpg 300w, https:\/\/aemoita.pt\/aemoita\/wp-content\/uploads\/2021\/04\/Vila-Vicosa-PAP-399_resultado-1024x683.jpg 1024w, https:\/\/aemoita.pt\/aemoita\/wp-content\/uploads\/2021\/04\/Vila-Vicosa-PAP-399_resultado-768x512.jpg 768w, https:\/\/aemoita.pt\/aemoita\/wp-content\/uploads\/2021\/04\/Vila-Vicosa-PAP-399_resultado-1536x1024.jpg 1536w, https:\/\/aemoita.pt\/aemoita\/wp-content\/uploads\/2021\/04\/Vila-Vicosa-PAP-399_resultado.jpg 1600w\" sizes=\"auto, (max-width: 300px) 100vw, 300px\" \/><\/a><\/figure>\n\n\n\n<figure class=\"wp-block-image size-medium\"><a href=\"https:\/\/aemoita.pt\/aemoita\/wp-content\/uploads\/2021\/04\/final-2.jpg\"><img loading=\"lazy\" decoding=\"async\" width=\"300\" height=\"205\" data-id=\"668\" src=\"https:\/\/aemoita.pt\/aemoita\/wp-content\/uploads\/2021\/04\/final-2-300x205.jpg\" alt=\"\" class=\"wp-image-668\" srcset=\"https:\/\/aemoita.pt\/aemoita\/wp-content\/uploads\/2021\/04\/final-2-300x205.jpg 300w, https:\/\/aemoita.pt\/aemoita\/wp-content\/uploads\/2021\/04\/final-2.jpg 641w\" sizes=\"auto, (max-width: 300px) 100vw, 300px\" \/><\/a><\/figure>\n<\/figure>\n\n\n\n<div style=\"height:21px\" aria-hidden=\"true\" class=\"wp-block-spacer\"><\/div>\n\n\n\n<figure class=\"wp-block-video\"><video controls src=\"https:\/\/aemoita.pt\/aemoita\/wp-content\/uploads\/2023\/06\/Kit-de-Ferramentas-Vdeos-Explicativos-3D_free-5.mp4\"><\/video><\/figure>\n","protected":false},"excerpt":{"rendered":"<p>Este Curso tem por objetivo dotar o aluno de um conjunto de saberes que lhe possibilite o conhecimento e a compreens\u00e3o do mundo contempor\u00e2neo e dos seus principais problemas socioecon\u00f3micos. Plano de Estudos Componente Forma\u00e7\u00e3o Disciplinas Forma\u00e7\u00e3o Geral Portugu\u00eas L\u00edngua Estrangeira I, II ou III Filosofia Educa\u00e7\u00e3o F\u00edsica Forma\u00e7\u00e3o Espec\u00edfica Matem\u00e1tica A Escolher 2: Economia [&hellip;]<\/p>\n","protected":false},"author":1,"featured_media":0,"parent":562,"menu_order":0,"comment_status":"closed","ping_status":"closed","template":"","meta":{"footnotes":""},"class_list":["post-572","page","type-page","status-publish","hentry"],"_links":{"self":[{"href":"https:\/\/aemoita.pt\/aemoita\/wp-json\/wp\/v2\/pages\/572","targetHints":{"allow":["GET"]}}],"collection":[{"href":"https:\/\/aemoita.pt\/aemoita\/wp-json\/wp\/v2\/pages"}],"about":[{"href":"https:\/\/aemoita.pt\/aemoita\/wp-json\/wp\/v2\/types\/page"}],"author":[{"embeddable":true,"href":"https:\/\/aemoita.pt\/aemoita\/wp-json\/wp\/v2\/users\/1"}],"replies":[{"embeddable":true,"href":"https:\/\/aemoita.pt\/aemoita\/wp-json\/wp\/v2\/comments?post=572"}],"version-history":[{"count":14,"href":"https:\/\/aemoita.pt\/aemoita\/wp-json\/wp\/v2\/pages\/572\/revisions"}],"predecessor-version":[{"id":2755,"href":"https:\/\/aemoita.pt\/aemoita\/wp-json\/wp\/v2\/pages\/572\/revisions\/2755"}],"up":[{"embeddable":true,"href":"https:\/\/aemoita.pt\/aemoita\/wp-json\/wp\/v2\/pages\/562"}],"wp:attachment":[{"href":"https:\/\/aemoita.pt\/aemoita\/wp-json\/wp\/v2\/media?parent=572"}],"curies":[{"name":"wp","href":"https:\/\/api.w.org\/{rel}","templated":true}]}}