{"id":574,"date":"2021-04-26T14:42:08","date_gmt":"2021-04-26T14:42:08","guid":{"rendered":"https:\/\/aemoita.pt\/aemoita\/?page_id=574"},"modified":"2021-04-30T21:13:51","modified_gmt":"2021-04-30T21:13:51","slug":"artes-visuais","status":"publish","type":"page","link":"https:\/\/aemoita.pt\/aemoita\/cursos-cientifico-humanisticos\/artes-visuais\/","title":{"rendered":"Artes Visuais"},"content":{"rendered":"\n<p>Este&nbsp;curso&nbsp;tem por objetivo dotar o aluno de um conjunto de saberes que lhe possibilitem o desenvolvimento das capacidades de representa\u00e7\u00e3o, de express\u00e3o gr\u00e1fica e pl\u00e1stica, de comunica\u00e7\u00e3o visual e de an\u00e1lise e compreens\u00e3o das obras de arte no seu contexto hist\u00f3rico e cultural.<\/p>\n\n\n\n<p>Favorece, tamb\u00e9m, a capacidade de manipula\u00e7\u00e3o dos materiais e t\u00e9cnicas de desenho e um correto entendimento do espa\u00e7o bidimensional e tridimensional, contribuindo para o desenvolvimento da atividade criativa.<\/p>\n\n\n\n<p class=\"has-text-align-center has-medium-font-size\"><strong>Plano de Estudos<\/strong><\/p>\n\n\n\n<table class=\"table table-sm\">\n  <thead>\n    <th class=\"text-center align-middle\">Componente Forma\u00e7\u00e3o<\/th>\n    <th class=\"text-center align-middle\">Disciplinas<\/th>\n  <\/thead>\n  <tbody>\n    <tr>\n      <td rowspan=\"4\" class=\"align-middle\">Forma\u00e7\u00e3o Geral<\/td>\n      <td>Portugu\u00eas<\/td>\n    <\/tr>\n    <tr>\n      <td>L\u00edngua Estrangeira I, II ou III<\/td>\n    <\/tr>\n    <tr>\n      <td>Filosofia<\/td>\n    <\/tr>\n    <tr>\n      <td>Educa\u00e7\u00e3o F\u00edsica<\/td>\n    <\/tr>\n    <tr>\n      <td rowspan=\"5\" class=\"align-middle\">Forma\u00e7\u00e3o Espec\u00edfica<\/td>\n      <td>Desenho A<\/td>\n    <\/tr>\n    <tr>\n      <td>Escolher 2:<\/td>\n    <\/tr>\n    <tr>\n      <td>Geometria Descritiva A<\/td>\n    <\/tr>\n    <tr>\n      <td>Matem\u00e1tica B<\/td>\n    <\/tr>\n    <tr>\n      <td>Hist\u00f3ria da Cultura e das Artes<\/td>\n    <\/tr>\n    <tr>\n      <td rowspan=\"2\" class=\"align-middle\"><\/td>\n      <td>Cidadania e Desenvolvimento<\/td>\n    <\/tr>\n    <tr>\n      <td>EMR (Facultativa)<\/td>\n    <\/tr>\n  <\/tbody>\n<\/table>\n\n\n\n<p><strong>Cursos Superiores Relacionados:<\/strong><\/p>\n\n\n\n<div class=\"wp-block-columns is-layout-flex wp-container-core-columns-is-layout-9d6595d7 wp-block-columns-is-layout-flex\">\n<div class=\"wp-block-column is-layout-flow wp-block-column-is-layout-flow\">\n<ul class=\"wp-block-list\"><li>Arquitetura;<\/li><li>Arte e Design;<\/li><li>Artes Pl\u00e1sticas e Multim\u00e9dia;<\/li><li>Cinema;<\/li><li>Conserva\u00e7\u00e3o e Restauro;<\/li><li>Design;<\/li><\/ul>\n<\/div>\n\n\n\n<div class=\"wp-block-column is-layout-flow wp-block-column-is-layout-flow\">\n<ul class=\"wp-block-list\"><li>Educa\u00e7\u00e3o Art\u00edstica;<\/li><li>Educa\u00e7\u00e3o e Comunica\u00e7\u00e3o Multim\u00e9dia;<\/li><li>Escultura;<\/li><li>Pintura;<\/li><li>Teatro<\/li><li>Entre outras.<\/li><\/ul>\n<\/div>\n<\/div>\n\n\n\n<p><strong>Sa\u00eddas Profissionais:<\/strong><\/p>\n\n\n\n<div class=\"wp-block-columns is-layout-flex wp-container-core-columns-is-layout-9d6595d7 wp-block-columns-is-layout-flex\">\n<div class=\"wp-block-column is-layout-flow wp-block-column-is-layout-flow\">\n<ul class=\"wp-block-list\"><li>Arquiteto;<\/li><li>Designer de equipamento;<\/li><li>Designer gr\u00e1fico;<\/li><li>Designer multim\u00e9dia;<\/li><li>Escultor;<\/li><\/ul>\n<\/div>\n\n\n\n<div class=\"wp-block-column is-layout-flow wp-block-column-is-layout-flow\">\n<ul class=\"wp-block-list\"><li>Pintor de arte;<\/li><li>Publicit\u00e1rio;<\/li><li>Professor;<\/li><li>Realizador de cinema\/cinema de anima\u00e7\u00e3o;<\/li><li>Entre outras.<\/li><\/ul>\n<\/div>\n<\/div>\n\n\n\n<div class=\"wp-block-columns is-layout-flex wp-container-core-columns-is-layout-9d6595d7 wp-block-columns-is-layout-flex\">\n<div class=\"wp-block-column is-layout-flow wp-block-column-is-layout-flow\">\n<figure class=\"wp-block-video\"><video controls src=\"https:\/\/aemoita.pt\/aemoita\/videos\/ArtesVideo.mp4\"><\/video><\/figure>\n<\/div>\n\n\n\n<div class=\"wp-block-column is-layout-flow wp-block-column-is-layout-flow\">\n<figure class=\"wp-block-video\"><video controls src=\"https:\/\/aemoita.pt\/aemoita\/videos\/ArtesEspiritoLugar.mp4\"><\/video><\/figure>\n<\/div>\n<\/div>\n\n\n\n<figure class=\"wp-block-gallery columns-4 is-cropped wp-block-gallery-1 is-layout-flex wp-block-gallery-is-layout-flex\"><ul class=\"blocks-gallery-grid\"><li class=\"blocks-gallery-item\"><figure><a href=\"https:\/\/aemoita.pt\/aemoita\/wp-content\/uploads\/2021\/04\/P_20191211_091553_p.jpg\"><img loading=\"lazy\" decoding=\"async\" width=\"1024\" height=\"729\" src=\"https:\/\/aemoita.pt\/aemoita\/wp-content\/uploads\/2021\/04\/P_20191211_091553_p-1024x729.jpg\" alt=\"\" data-id=\"585\" data-full-url=\"https:\/\/aemoita.pt\/aemoita\/wp-content\/uploads\/2021\/04\/P_20191211_091553_p.jpg\" data-link=\"https:\/\/aemoita.pt\/aemoita\/cursos-cientifico-humanisticos\/artes-visuais\/p_20191211_091553_p\/\" class=\"wp-image-585\" srcset=\"https:\/\/aemoita.pt\/aemoita\/wp-content\/uploads\/2021\/04\/P_20191211_091553_p-1024x729.jpg 1024w, https:\/\/aemoita.pt\/aemoita\/wp-content\/uploads\/2021\/04\/P_20191211_091553_p-300x214.jpg 300w, https:\/\/aemoita.pt\/aemoita\/wp-content\/uploads\/2021\/04\/P_20191211_091553_p-768x547.jpg 768w, https:\/\/aemoita.pt\/aemoita\/wp-content\/uploads\/2021\/04\/P_20191211_091553_p.jpg 1320w\" sizes=\"auto, (max-width: 1024px) 100vw, 1024px\" \/><\/a><\/figure><\/li><li class=\"blocks-gallery-item\"><figure><a href=\"https:\/\/aemoita.pt\/aemoita\/wp-content\/uploads\/2021\/04\/P_20191211_091617_p.jpg\"><img loading=\"lazy\" decoding=\"async\" width=\"1024\" height=\"740\" src=\"https:\/\/aemoita.pt\/aemoita\/wp-content\/uploads\/2021\/04\/P_20191211_091617_p-1024x740.jpg\" alt=\"\" data-id=\"586\" data-full-url=\"https:\/\/aemoita.pt\/aemoita\/wp-content\/uploads\/2021\/04\/P_20191211_091617_p.jpg\" data-link=\"https:\/\/aemoita.pt\/aemoita\/cursos-cientifico-humanisticos\/artes-visuais\/p_20191211_091617_p\/\" class=\"wp-image-586\" srcset=\"https:\/\/aemoita.pt\/aemoita\/wp-content\/uploads\/2021\/04\/P_20191211_091617_p-1024x740.jpg 1024w, https:\/\/aemoita.pt\/aemoita\/wp-content\/uploads\/2021\/04\/P_20191211_091617_p-300x217.jpg 300w, https:\/\/aemoita.pt\/aemoita\/wp-content\/uploads\/2021\/04\/P_20191211_091617_p-768x555.jpg 768w, https:\/\/aemoita.pt\/aemoita\/wp-content\/uploads\/2021\/04\/P_20191211_091617_p.jpg 1368w\" sizes=\"auto, (max-width: 1024px) 100vw, 1024px\" \/><\/a><\/figure><\/li><li class=\"blocks-gallery-item\"><figure><a href=\"https:\/\/aemoita.pt\/aemoita\/wp-content\/uploads\/2021\/04\/P_20191211_091651_p.jpg\"><img loading=\"lazy\" decoding=\"async\" width=\"757\" height=\"1024\" src=\"https:\/\/aemoita.pt\/aemoita\/wp-content\/uploads\/2021\/04\/P_20191211_091651_p-757x1024.jpg\" alt=\"\" data-id=\"587\" data-full-url=\"https:\/\/aemoita.pt\/aemoita\/wp-content\/uploads\/2021\/04\/P_20191211_091651_p.jpg\" data-link=\"https:\/\/aemoita.pt\/aemoita\/cursos-cientifico-humanisticos\/artes-visuais\/p_20191211_091651_p\/\" class=\"wp-image-587\" srcset=\"https:\/\/aemoita.pt\/aemoita\/wp-content\/uploads\/2021\/04\/P_20191211_091651_p-757x1024.jpg 757w, https:\/\/aemoita.pt\/aemoita\/wp-content\/uploads\/2021\/04\/P_20191211_091651_p-222x300.jpg 222w, https:\/\/aemoita.pt\/aemoita\/wp-content\/uploads\/2021\/04\/P_20191211_091651_p-768x1038.jpg 768w, https:\/\/aemoita.pt\/aemoita\/wp-content\/uploads\/2021\/04\/P_20191211_091651_p-1136x1536.jpg 1136w, https:\/\/aemoita.pt\/aemoita\/wp-content\/uploads\/2021\/04\/P_20191211_091651_p.jpg 1344w\" sizes=\"auto, (max-width: 757px) 100vw, 757px\" \/><\/a><\/figure><\/li><li class=\"blocks-gallery-item\"><figure><a href=\"https:\/\/aemoita.pt\/aemoita\/wp-content\/uploads\/2021\/04\/P_20191211_091723_p.jpg\"><img loading=\"lazy\" decoding=\"async\" width=\"745\" height=\"1024\" src=\"https:\/\/aemoita.pt\/aemoita\/wp-content\/uploads\/2021\/04\/P_20191211_091723_p-745x1024.jpg\" alt=\"\" data-id=\"588\" data-full-url=\"https:\/\/aemoita.pt\/aemoita\/wp-content\/uploads\/2021\/04\/P_20191211_091723_p.jpg\" data-link=\"https:\/\/aemoita.pt\/aemoita\/cursos-cientifico-humanisticos\/artes-visuais\/p_20191211_091723_p\/\" class=\"wp-image-588\" srcset=\"https:\/\/aemoita.pt\/aemoita\/wp-content\/uploads\/2021\/04\/P_20191211_091723_p-745x1024.jpg 745w, https:\/\/aemoita.pt\/aemoita\/wp-content\/uploads\/2021\/04\/P_20191211_091723_p-218x300.jpg 218w, https:\/\/aemoita.pt\/aemoita\/wp-content\/uploads\/2021\/04\/P_20191211_091723_p-768x1056.jpg 768w, https:\/\/aemoita.pt\/aemoita\/wp-content\/uploads\/2021\/04\/P_20191211_091723_p-1117x1536.jpg 1117w, https:\/\/aemoita.pt\/aemoita\/wp-content\/uploads\/2021\/04\/P_20191211_091723_p.jpg 1326w\" sizes=\"auto, (max-width: 745px) 100vw, 745px\" \/><\/a><\/figure><\/li><li class=\"blocks-gallery-item\"><figure><a href=\"https:\/\/aemoita.pt\/aemoita\/wp-content\/uploads\/2021\/04\/P_20191211_091753_p.jpg\"><img loading=\"lazy\" decoding=\"async\" width=\"749\" height=\"1024\" src=\"https:\/\/aemoita.pt\/aemoita\/wp-content\/uploads\/2021\/04\/P_20191211_091753_p-749x1024.jpg\" alt=\"\" data-id=\"589\" data-full-url=\"https:\/\/aemoita.pt\/aemoita\/wp-content\/uploads\/2021\/04\/P_20191211_091753_p.jpg\" data-link=\"https:\/\/aemoita.pt\/aemoita\/cursos-cientifico-humanisticos\/artes-visuais\/p_20191211_091753_p\/\" class=\"wp-image-589\" srcset=\"https:\/\/aemoita.pt\/aemoita\/wp-content\/uploads\/2021\/04\/P_20191211_091753_p-749x1024.jpg 749w, https:\/\/aemoita.pt\/aemoita\/wp-content\/uploads\/2021\/04\/P_20191211_091753_p-219x300.jpg 219w, https:\/\/aemoita.pt\/aemoita\/wp-content\/uploads\/2021\/04\/P_20191211_091753_p-768x1050.jpg 768w, https:\/\/aemoita.pt\/aemoita\/wp-content\/uploads\/2021\/04\/P_20191211_091753_p-1123x1536.jpg 1123w, https:\/\/aemoita.pt\/aemoita\/wp-content\/uploads\/2021\/04\/P_20191211_091753_p.jpg 1386w\" sizes=\"auto, (max-width: 749px) 100vw, 749px\" \/><\/a><\/figure><\/li><li class=\"blocks-gallery-item\"><figure><a href=\"https:\/\/aemoita.pt\/aemoita\/wp-content\/uploads\/2021\/04\/P_20191211_091815_p.jpg\"><img loading=\"lazy\" decoding=\"async\" width=\"745\" height=\"1024\" src=\"https:\/\/aemoita.pt\/aemoita\/wp-content\/uploads\/2021\/04\/P_20191211_091815_p-745x1024.jpg\" alt=\"\" data-id=\"590\" data-full-url=\"https:\/\/aemoita.pt\/aemoita\/wp-content\/uploads\/2021\/04\/P_20191211_091815_p.jpg\" data-link=\"https:\/\/aemoita.pt\/aemoita\/cursos-cientifico-humanisticos\/artes-visuais\/p_20191211_091815_p\/\" class=\"wp-image-590\" srcset=\"https:\/\/aemoita.pt\/aemoita\/wp-content\/uploads\/2021\/04\/P_20191211_091815_p-745x1024.jpg 745w, https:\/\/aemoita.pt\/aemoita\/wp-content\/uploads\/2021\/04\/P_20191211_091815_p-218x300.jpg 218w, https:\/\/aemoita.pt\/aemoita\/wp-content\/uploads\/2021\/04\/P_20191211_091815_p-768x1055.jpg 768w, https:\/\/aemoita.pt\/aemoita\/wp-content\/uploads\/2021\/04\/P_20191211_091815_p-1118x1536.jpg 1118w, https:\/\/aemoita.pt\/aemoita\/wp-content\/uploads\/2021\/04\/P_20191211_091815_p.jpg 1392w\" sizes=\"auto, (max-width: 745px) 100vw, 745px\" \/><\/a><\/figure><\/li><li class=\"blocks-gallery-item\"><figure><a href=\"https:\/\/aemoita.pt\/aemoita\/wp-content\/uploads\/2021\/04\/P_20191211_091859_p-1.jpg\"><img loading=\"lazy\" decoding=\"async\" width=\"760\" height=\"1024\" src=\"https:\/\/aemoita.pt\/aemoita\/wp-content\/uploads\/2021\/04\/P_20191211_091859_p-1-760x1024.jpg\" alt=\"\" data-id=\"593\" data-full-url=\"https:\/\/aemoita.pt\/aemoita\/wp-content\/uploads\/2021\/04\/P_20191211_091859_p-1.jpg\" data-link=\"https:\/\/aemoita.pt\/aemoita\/cursos-cientifico-humanisticos\/artes-visuais\/p_20191211_091859_p-1\/\" class=\"wp-image-593\" srcset=\"https:\/\/aemoita.pt\/aemoita\/wp-content\/uploads\/2021\/04\/P_20191211_091859_p-1-760x1024.jpg 760w, https:\/\/aemoita.pt\/aemoita\/wp-content\/uploads\/2021\/04\/P_20191211_091859_p-1-223x300.jpg 223w, https:\/\/aemoita.pt\/aemoita\/wp-content\/uploads\/2021\/04\/P_20191211_091859_p-1-768x1035.jpg 768w, https:\/\/aemoita.pt\/aemoita\/wp-content\/uploads\/2021\/04\/P_20191211_091859_p-1-1139x1536.jpg 1139w, https:\/\/aemoita.pt\/aemoita\/wp-content\/uploads\/2021\/04\/P_20191211_091859_p-1.jpg 1290w\" sizes=\"auto, (max-width: 760px) 100vw, 760px\" \/><\/a><\/figure><\/li><li class=\"blocks-gallery-item\"><figure><a href=\"https:\/\/aemoita.pt\/aemoita\/wp-content\/uploads\/2021\/04\/P_20191211_091946_p.jpg\"><img loading=\"lazy\" decoding=\"async\" width=\"756\" height=\"1024\" src=\"https:\/\/aemoita.pt\/aemoita\/wp-content\/uploads\/2021\/04\/P_20191211_091946_p-756x1024.jpg\" alt=\"\" data-id=\"594\" data-full-url=\"https:\/\/aemoita.pt\/aemoita\/wp-content\/uploads\/2021\/04\/P_20191211_091946_p.jpg\" data-link=\"https:\/\/aemoita.pt\/aemoita\/cursos-cientifico-humanisticos\/artes-visuais\/p_20191211_091946_p\/\" class=\"wp-image-594\" srcset=\"https:\/\/aemoita.pt\/aemoita\/wp-content\/uploads\/2021\/04\/P_20191211_091946_p-756x1024.jpg 756w, https:\/\/aemoita.pt\/aemoita\/wp-content\/uploads\/2021\/04\/P_20191211_091946_p-222x300.jpg 222w, https:\/\/aemoita.pt\/aemoita\/wp-content\/uploads\/2021\/04\/P_20191211_091946_p-768x1040.jpg 768w, https:\/\/aemoita.pt\/aemoita\/wp-content\/uploads\/2021\/04\/P_20191211_091946_p-1134x1536.jpg 1134w, https:\/\/aemoita.pt\/aemoita\/wp-content\/uploads\/2021\/04\/P_20191211_091946_p.jpg 1386w\" sizes=\"auto, (max-width: 756px) 100vw, 756px\" \/><\/a><\/figure><\/li><\/ul><\/figure>\n","protected":false},"excerpt":{"rendered":"<p>Este&nbsp;curso&nbsp;tem por objetivo dotar o aluno de um conjunto de saberes que lhe possibilitem o desenvolvimento das capacidades de representa\u00e7\u00e3o, de express\u00e3o gr\u00e1fica e pl\u00e1stica, de comunica\u00e7\u00e3o visual e de an\u00e1lise e compreens\u00e3o das obras de arte no seu contexto hist\u00f3rico e cultural. Favorece, tamb\u00e9m, a capacidade de manipula\u00e7\u00e3o dos materiais e t\u00e9cnicas de desenho [&hellip;]<\/p>\n","protected":false},"author":1,"featured_media":0,"parent":562,"menu_order":0,"comment_status":"closed","ping_status":"closed","template":"","meta":{"footnotes":""},"class_list":["post-574","page","type-page","status-publish","hentry"],"_links":{"self":[{"href":"https:\/\/aemoita.pt\/aemoita\/wp-json\/wp\/v2\/pages\/574","targetHints":{"allow":["GET"]}}],"collection":[{"href":"https:\/\/aemoita.pt\/aemoita\/wp-json\/wp\/v2\/pages"}],"about":[{"href":"https:\/\/aemoita.pt\/aemoita\/wp-json\/wp\/v2\/types\/page"}],"author":[{"embeddable":true,"href":"https:\/\/aemoita.pt\/aemoita\/wp-json\/wp\/v2\/users\/1"}],"replies":[{"embeddable":true,"href":"https:\/\/aemoita.pt\/aemoita\/wp-json\/wp\/v2\/comments?post=574"}],"version-history":[{"count":5,"href":"https:\/\/aemoita.pt\/aemoita\/wp-json\/wp\/v2\/pages\/574\/revisions"}],"predecessor-version":[{"id":804,"href":"https:\/\/aemoita.pt\/aemoita\/wp-json\/wp\/v2\/pages\/574\/revisions\/804"}],"up":[{"embeddable":true,"href":"https:\/\/aemoita.pt\/aemoita\/wp-json\/wp\/v2\/pages\/562"}],"wp:attachment":[{"href":"https:\/\/aemoita.pt\/aemoita\/wp-json\/wp\/v2\/media?parent=574"}],"curies":[{"name":"wp","href":"https:\/\/api.w.org\/{rel}","templated":true}]}}