{"id":5917,"date":"2026-01-19T09:24:18","date_gmt":"2026-01-19T09:24:18","guid":{"rendered":"https:\/\/aemoita.pt\/aemoita\/?page_id=5917"},"modified":"2026-03-26T12:10:22","modified_gmt":"2026-03-26T12:10:22","slug":"provas-e-exames","status":"publish","type":"page","link":"https:\/\/aemoita.pt\/aemoita\/provas-e-exames\/","title":{"rendered":"Avalia\u00e7\u00e3o Externa"},"content":{"rendered":"<div class=\"wp-block-image\">\n<figure class=\"aligncenter size-large is-resized\"><img loading=\"lazy\" decoding=\"async\" width=\"1024\" height=\"683\" src=\"https:\/\/aemoita.pt\/aemoita\/wp-content\/uploads\/2021\/03\/exames-1024x683.jpg\" alt=\"\" class=\"wp-image-385\" style=\"width:160px;height:auto\" srcset=\"https:\/\/aemoita.pt\/aemoita\/wp-content\/uploads\/2021\/03\/exames-1024x683.jpg 1024w, https:\/\/aemoita.pt\/aemoita\/wp-content\/uploads\/2021\/03\/exames-300x200.jpg 300w, https:\/\/aemoita.pt\/aemoita\/wp-content\/uploads\/2021\/03\/exames-768x512.jpg 768w, https:\/\/aemoita.pt\/aemoita\/wp-content\/uploads\/2021\/03\/exames-1536x1024.jpg 1536w, https:\/\/aemoita.pt\/aemoita\/wp-content\/uploads\/2021\/03\/exames-2048x1365.jpg 2048w\" sizes=\"auto, (max-width: 1024px) 100vw, 1024px\" \/><\/figure><\/div>\n\n\n<div style=\"height:43px\" aria-hidden=\"true\" class=\"wp-block-spacer\"><\/div>\n\n\n\n<p><a href=\"https:\/\/aemoita.pt\/aemoita\/wp-content\/uploads\/2026\/01\/IP-Geral-2026_29nov.pdf\"><strong>Informa\u00e7\u00e3o-Prova Geral 2026<\/strong><\/a><\/p>\n\n\n\n<p><a href=\"https:\/\/aemoita.pt\/aemoita\/wp-content\/uploads\/2026\/01\/EDUQA_AvExterna_CartaSolicitacao_2025_.pdf\" target=\"_blank\" rel=\"noreferrer noopener\"><strong>Carta de solicita\u00e7\u00e3o para a Avalia\u00e7\u00e3o Externa da Aprendizagem ao Instituto de Educa\u00e7\u00e3o, Qualidade e Avalia\u00e7\u00e3o<\/strong><\/a><\/p>\n\n\n\n<p><a href=\"https:\/\/aemoita.pt\/aemoita\/wp-content\/uploads\/2026\/01\/INF.1-Calendario-Avaliacao-Externa.pdf\" target=\"_blank\" rel=\"noreferrer noopener\"><strong>Calend\u00e1rio Avalia\u00e7\u00e3o Externa<\/strong><\/a><\/p>\n\n\n\n<h4 class=\"wp-block-heading\"><\/h4>\n\n\n\n<details class=\"wp-block-details is-layout-flow wp-block-details-is-layout-flow\"><summary><strong>Legisla\u00e7\u00e3o Geral<\/strong><\/summary>\n<p><\/p>\n\n\n\n<ul class=\"wp-block-list\">\n<li><a href=\"https:\/\/aemoita.pt\/aemoita\/wp-content\/uploads\/2026\/02\/DESPAC1.pdf\" target=\"_blank\" rel=\"noreferrer noopener\">Despacho Normativo n.\u00ba3\/2026 de 23 de Fevereiro&nbsp; &#8211; Regulamento das Provas de Avalia\u00e7\u00e3o Externa e das Provas de Equival\u00eancia \u00e0 Frequ\u00eancia dos Ensinos B\u00e1sico e Secund\u00e1rio para os anos letivos de 2025-2026 a 2027-2028<\/a><\/li>\n<\/ul>\n\n\n\n<p><\/p>\n<\/details>\n\n\n\n<p><\/p>\n\n\n\n<details class=\"wp-block-details is-layout-flow wp-block-details-is-layout-flow\"><summary><strong>1.\u00ba ciclo<\/strong><\/summary>\n<p><a href=\"https:\/\/aemoita.pt\/aemoita\/wp-content\/uploads\/2026\/02\/4.-Informacao-Prova-Especifica_Portugues.41_2026.pdf\" target=\"_blank\" rel=\"noreferrer noopener\">Informa\u00e7\u00e3o-Prova Portugu\u00eas 4.\u00ba ano<\/a><\/p>\n\n\n\n<p><a href=\"https:\/\/aemoita.pt\/aemoita\/wp-content\/uploads\/2026\/02\/5.-Informacao-Prova-Especifica_Matematica.42_2026.pdf\" target=\"_blank\" rel=\"noreferrer noopener\">Informa\u00e7\u00e3o-Prova Matem\u00e1tica 4.\u00ba ano<\/a><\/p>\n\n\n\n<p><a href=\"https:\/\/aemoita.pt\/aemoita\/wp-content\/uploads\/2026\/02\/6.-Informacao-Prova-Especifica_EducacaoArtistica.47_2026.pdf\" target=\"_blank\" rel=\"noreferrer noopener\">Informa\u00e7\u00e3o-Prova Educa\u00e7\u00e3o Art\u00edstica 4.\u00ba ano<\/a><\/p>\n<\/details>\n\n\n\n<div style=\"height:20px\" aria-hidden=\"true\" class=\"wp-block-spacer\"><\/div>\n\n\n\n<details class=\"wp-block-details is-layout-flow wp-block-details-is-layout-flow\"><summary><strong>2.\u00ba ciclo<\/strong><\/summary>\n<p><\/p>\n\n\n\n<p><a href=\"https:\/\/aemoita.pt\/aemoita\/wp-content\/uploads\/2026\/03\/Guia-para-a-Realizacao-das-Provas-Ensaio-2026.pdf\">Guia para a Realiza\u00e7\u00e3o das PROVAS-ENSAIO 2026<\/a><\/p>\n\n\n\n<p><a href=\"https:\/\/aemoita.pt\/aemoita\/wp-content\/uploads\/2026\/03\/Inf.-EE_Alunos-Provas-Ensaio-2026.pdf\">Informa\u00e7\u00e3o aos alunos e Encarregados de Educa\u00e7\u00e3o &#8211; Provas Ensaio<\/a><\/p>\n\n\n\n<p><a href=\"https:\/\/aemoita.pt\/aemoita\/wp-content\/uploads\/2026\/01\/IP-ModA-Ing65-2026-1.pdf\">Informa\u00e7\u00e3o-Prova ModA-Ingl\u00eas 6.\u00ba ano<\/a><\/p>\n\n\n\n<p><a href=\"https:\/\/aemoita.pt\/aemoita\/wp-content\/uploads\/2026\/01\/IP-ModA-Mat68-2026-1.pdf\">Informa\u00e7\u00e3o-Prova ModA-Matem\u00e1tica 6.\u00ba ano<\/a><\/p>\n\n\n\n<p><a href=\"https:\/\/aemoita.pt\/aemoita\/wp-content\/uploads\/2026\/01\/IP-ModA-Port61-2026-1.pdf\">Informa\u00e7\u00e3o-Prova ModA-Portugu\u00eas 6.\u00ba ano<\/a><\/p>\n\n\n\n<p><a href=\"https:\/\/aemoita.pt\/aemoita\/wp-content\/uploads\/2026\/01\/IP-ModA-PLNM63-2026-1.pdf\">Informa\u00e7\u00e3o-Prova ModA-PLNM 6.\u00ba ano<\/a><\/p>\n<\/details>\n\n\n\n<div style=\"height:20px\" aria-hidden=\"true\" class=\"wp-block-spacer\"><\/div>\n\n\n\n<details class=\"wp-block-details is-layout-flow wp-block-details-is-layout-flow\"><summary><strong>3.\u00ba ciclo<\/strong><\/summary>\n<p><\/p>\n\n\n\n<p><a href=\"https:\/\/aemoita.pt\/aemoita\/wp-content\/uploads\/2026\/03\/Guia-para-a-Realizacao-das-Provas-Ensaio-2026.pdf\">Guia para a Realiza\u00e7\u00e3o das PROVAS-ENSAIO 2026<\/a><\/p>\n\n\n\n<p><a href=\"https:\/\/aemoita.pt\/aemoita\/wp-content\/uploads\/2026\/03\/Inf.-EE_Alunos-Provas-Ensaio-2026.pdf\">Informa\u00e7\u00e3o aos alunos e Encarregados de Educa\u00e7\u00e3o &#8211; Provas Ensaio<\/a><\/p>\n\n\n\n<p><a href=\"https:\/\/aemoita.pt\/aemoita\/wp-content\/uploads\/2026\/03\/Inf.-3-EE-Alunos-PF_PEF.pdf\" target=\"_blank\" rel=\"noreferrer noopener\">Informa\u00e7\u00f5es relativas \u00e0s&nbsp;provas finais e provas de equival\u00eancia \u00e0 frequ\u00eancia do ensino b\u00e1sico 2026 e respetiva calendariza\u00e7\u00e3o<\/a><\/p>\n\n\n\n<p><a href=\"https:\/\/aemoita.pt\/aemoita\/wp-content\/uploads\/2026\/01\/IP-PF-EX-PLNM93-94-2026-1.pdf\">Informa\u00e7\u00e3o-Prova EX-PLNM Prova 93 e 94 3.\u00ba ciclo<\/a><\/p>\n\n\n\n<p><a href=\"https:\/\/aemoita.pt\/aemoita\/wp-content\/uploads\/2026\/01\/IP-PF-Port91-2026.pdf\">Informa\u00e7\u00e3o-Prova Portugu\u00eas 3.\u00ba ciclo<\/a><\/p>\n\n\n\n<p><a href=\"https:\/\/aemoita.pt\/aemoita\/wp-content\/uploads\/2026\/01\/IP-PF-Mat92-2026-1.pdf\">Informa\u00e7\u00e3o-Prova Matem\u00e1tica 3.\u00ba ciclo<\/a><\/p>\n\n\n\n<p><\/p>\n<\/details>\n\n\n\n<p><\/p>\n\n\n\n<details class=\"wp-block-details is-layout-flow wp-block-details-is-layout-flow\"><summary><strong>Secund\u00e1rio<\/strong><\/summary>\n<p><\/p>\n\n\n\n<p class=\"has-text-align-center\"><strong><kbd>Inscri\u00e7\u00f5es (Plataforma de Inscri\u00e7\u00e3o Eletr\u00f3nica em Provas e Exames) \u2013 PIEPE<\/kbd><\/strong><\/p>\n\n\n\n<p>O prazo de inscri\u00e7\u00f5es para a 1\u00aa Fase&nbsp;<strong>(16 a 26 junho)<\/strong>&nbsp;decorre entre&nbsp;<strong>06&nbsp;e 19 de<\/strong><strong>&nbsp;mar\u00e7o<\/strong><\/p>\n\n\n\n<p>As inscri\u00e7\u00f5es s\u00e3o feitas atrav\u00e9s do seguinte link:&nbsp;<a rel=\"noreferrer noopener\" href=\"https:\/\/jnepiepe.dge.mec.pt\/\" target=\"_blank\">https:\/\/jnepiepe.dge.mec.pt<\/a><\/p>\n\n\n\n<p>As d\u00favidas sobre inscri\u00e7\u00f5es na plataforma devem ser colocadas para&nbsp;<a href=\"mailto:exames@aemoita.pt\" rel=\"noreferrer noopener\" target=\"_blank\">exames@aemoita.pt<\/a><\/p>\n\n\n\n<p><strong>Encargos de inscri\u00e7\u00e3o:<\/strong><br>Os encargos decorrentes da inscri\u00e7\u00e3o nos exames ter\u00e3o de ser efetuados atrav\u00e9s de transfer\u00eancia banc\u00e1ria para o IBAN:&nbsp;<strong>PT50 0035 0483 00030572230 70<\/strong><br>O comprovativo de pagamento deve ser enviado para o seguinte email:&nbsp;<a href=\"mailto:exames@aemoita.pt\" target=\"_blank\" rel=\"noreferrer noopener\">exames@aemoita.pt<\/a>&nbsp;com a identifica\u00e7\u00e3o do aluno (nome completo e n\u00famero de cart\u00e3o de cidad\u00e3o ou outro documento de identifica\u00e7\u00e3o, no caso de alunos estrangeiros), de forma a permitir o reconhecimento do pagamento. Devem escrever&nbsp;o &#8220;<span style=\"text-decoration: underline;\">n\u00ba de processo do aluno<\/span>&#8221;&nbsp;no pr\u00f3prio descritivo da transfer\u00eancia banc\u00e1ria. A valida\u00e7\u00e3o das inscri\u00e7\u00f5es em que h\u00e1 lugar ao pagamento de encargos permanece provis\u00f3ria at\u00e9 \u00e0 rece\u00e7\u00e3o do referido comprovativo, passando, ent\u00e3o, a definitiva.<\/p>\n\n\n\n<p class=\"has-black-color has-text-color has-link-color wp-elements-675b7e4900e7c05249f05c4d18843f0e\"><strong><a href=\"https:\/\/aemoita.pt\/aemoita\/wp-content\/uploads\/2026\/03\/manual_piepe_2026.pdf\" target=\"_blank\" rel=\"noreferrer noopener\">Manual PIEPE<\/a><\/strong><\/p>\n\n\n\n<p class=\"has-black-color has-text-color has-link-color wp-elements-dff6c730ad1fad0d95edcc5b3f3a2fd3\"><a href=\"https:\/\/aemoita.pt\/aemoita\/wp-content\/uploads\/2026\/03\/guia_geral_exames_2026-1.pdf\" target=\"_blank\" rel=\"noreferrer noopener\"><strong>Guia Geral de Exames 2026<\/strong><\/a><\/p>\n\n\n\n<div style=\"height:20px\" aria-hidden=\"true\" class=\"wp-block-spacer\"><\/div>\n\n\n\n<p><span style=\"text-decoration: underline;\">Esclarecimento Exames Finais Nacionais 2025\/2026<\/span><\/p>\n\n\n\n<ul class=\"wp-block-list\">\n<li class=\"has-black-color has-text-color has-link-color wp-elements-26e487c24777b72c0df255ced5cfc99a\"><a href=\"https:\/\/aemoita.pt\/aemoita\/wp-content\/uploads\/2026\/03\/Esclarecimento-cursos-cientifico-humanisticos_Sessao_Exames-1.pdf\" target=\"_blank\" rel=\"noreferrer noopener\">Esclarecimento em linguagem simplificada e com exemplos, aos alunos dos cursos cient\u00edfico-human\u00edsticos<\/a><\/li>\n\n\n\n<li class=\"has-black-color has-text-color has-link-color wp-elements-9f9471c4a755a239498aaad1cc09adf7\"><a href=\"https:\/\/aemoita.pt\/aemoita\/wp-content\/uploads\/2026\/03\/Esclarecimento-cursos-profissionais_Sessao_Exames.pdf\" target=\"_blank\" rel=\"noreferrer noopener\">Esclarecimento em linguagem simplificada e com exemplos, aos alunos dos cursos profissionais <\/a><\/li>\n<\/ul>\n\n\n\n<div style=\"height:20px\" aria-hidden=\"true\" class=\"wp-block-spacer\"><\/div>\n\n\n\n<p><span style=\"text-decoration: underline;\">Legisla\u00e7\u00e3o Espec\u00edfica<\/span><\/p>\n\n\n\n<ul class=\"wp-block-list\">\n<li class=\"has-black-color has-text-color has-link-color wp-elements-668dc356910b5e16dd0a45abc9c2d1d4\"><a href=\"https:\/\/aemoita.pt\/aemoita\/wp-content\/uploads\/2026\/02\/Decreto-Lei-n.o-56_2026-de-16-de-fevereiro.pdf\" target=\"_blank\" rel=\"noreferrer noopener\">Decreto-Lei n.\u00ba 56\/2026, de 16 de fevereiro &#8211; Altera\u00e7\u00e3o ao Decreto-Lei n.\u00ba 296-A\/98, de 25 de setembro<\/a><\/li>\n\n\n\n<li class=\"has-black-color has-text-color has-link-color wp-elements-cdab186f00d2aaa294a7091ce85745d6\"><a href=\"https:\/\/aemoita.pt\/aemoita\/wp-content\/uploads\/2025\/03\/Esclarecimentos-sobre-aplicacao-da-Portaria-226-A_2018.pdf\" target=\"_blank\" rel=\"noreferrer noopener\">Portaria n.\u00ba 226-A\/2018, de 7 de agosto<\/a> &#8211; Procede \u00e0 regulamenta\u00e7\u00e3o dos cursos cient\u00edfico-human\u00edsticos, a que se refere a al\u00ednea a) do n.\u00ba 4 do artigo 7.\u00ba do Decreto-Lei n.\u00ba 55\/2018, de 6 de julho<\/li>\n\n\n\n<li class=\"has-black-color has-text-color has-link-color wp-elements-1c70677ecc231946c2d4a6637e58772b\"><a href=\"https:\/\/aemoita.pt\/aemoita\/wp-content\/uploads\/2025\/03\/Portaria-278_2023_-08-de-setembro.pdf\" target=\"_blank\" rel=\"noreferrer noopener\">Portaria n.\u00ba 278\/2023<\/a> &#8211; Procede \u00e0 primeira altera\u00e7\u00e3o \u00e0 Portaria n.\u00ba 226-A\/2018, de 7 de agosto, que regulamenta os cursos cient\u00edfico-human\u00edsticos a que se refere a al\u00ednea a) do n.\u00ba 4 do artigo 7.\u00ba do Decreto-Lei n.\u00ba 55\/2018, de 6 de julho, na sua reda\u00e7\u00e3o atual.<\/li>\n<\/ul>\n\n\n\n<div style=\"height:37px\" aria-hidden=\"true\" class=\"wp-block-spacer\"><\/div>\n<\/details>\n\n\n\n<div style=\"height:37px\" aria-hidden=\"true\" class=\"wp-block-spacer\"><\/div>\n\n\n\n<p><\/p>\n","protected":false},"excerpt":{"rendered":"<p>Informa\u00e7\u00e3o-Prova Geral 2026 Carta de solicita\u00e7\u00e3o para a Avalia\u00e7\u00e3o Externa da Aprendizagem ao Instituto de Educa\u00e7\u00e3o, Qualidade e Avalia\u00e7\u00e3o Calend\u00e1rio Avalia\u00e7\u00e3o Externa<\/p>\n","protected":false},"author":1,"featured_media":0,"parent":0,"menu_order":0,"comment_status":"closed","ping_status":"closed","template":"","meta":{"footnotes":""},"class_list":["post-5917","page","type-page","status-publish","hentry"],"_links":{"self":[{"href":"https:\/\/aemoita.pt\/aemoita\/wp-json\/wp\/v2\/pages\/5917","targetHints":{"allow":["GET"]}}],"collection":[{"href":"https:\/\/aemoita.pt\/aemoita\/wp-json\/wp\/v2\/pages"}],"about":[{"href":"https:\/\/aemoita.pt\/aemoita\/wp-json\/wp\/v2\/types\/page"}],"author":[{"embeddable":true,"href":"https:\/\/aemoita.pt\/aemoita\/wp-json\/wp\/v2\/users\/1"}],"replies":[{"embeddable":true,"href":"https:\/\/aemoita.pt\/aemoita\/wp-json\/wp\/v2\/comments?post=5917"}],"version-history":[{"count":56,"href":"https:\/\/aemoita.pt\/aemoita\/wp-json\/wp\/v2\/pages\/5917\/revisions"}],"predecessor-version":[{"id":6362,"href":"https:\/\/aemoita.pt\/aemoita\/wp-json\/wp\/v2\/pages\/5917\/revisions\/6362"}],"wp:attachment":[{"href":"https:\/\/aemoita.pt\/aemoita\/wp-json\/wp\/v2\/media?parent=5917"}],"curies":[{"name":"wp","href":"https:\/\/api.w.org\/{rel}","templated":true}]}}