{"id":6487,"date":"2026-05-06T21:36:51","date_gmt":"2026-05-06T21:36:51","guid":{"rendered":"https:\/\/aemoita.pt\/aemoita\/?page_id=6487"},"modified":"2026-05-11T17:55:52","modified_gmt":"2026-05-11T17:55:52","slug":"curso-profissional-tecnico-desenvolvimento-de-software","status":"publish","type":"page","link":"https:\/\/aemoita.pt\/aemoita\/cursos-profissionais\/curso-profissional-tecnico-desenvolvimento-de-software\/","title":{"rendered":"Desenvolvimento de Software"},"content":{"rendered":"\n<p class=\"has-vivid-red-color has-text-color has-link-color wp-elements-70c63bb7cb5988a379e2c559102c0ce8\"><strong>VAIS APRENDER:<\/strong><strong><\/strong><\/p>\n\n\n\n<ul class=\"wp-block-list\">\n<li>Criar aplica\u00e7\u00e3o e jogos<\/li>\n\n\n\n<li>Desenvolver sites<\/li>\n\n\n\n<li>Programar em v\u00e1rias linguagens<\/li>\n\n\n\n<li>Desenvolver plataformas digitais<\/li>\n<\/ul>\n\n\n\n<p class=\"has-vivid-red-color has-text-color has-link-color wp-elements-935abdfd1a3bfa37eba1f20db72836aa\"><strong>VAIS TER ACESSO:<\/strong><strong><\/strong><\/p>\n\n\n\n<ul class=\"wp-block-list\">\n<li>Ferramentas e linguagens de programa\u00e7\u00e3o<\/li>\n\n\n\n<li>Projetos pr\u00e1ticos reais<\/li>\n\n\n\n<li>Prosseguimento de estudos no ensino superior<\/li>\n\n\n\n<li>Entrar no mercado de Trabalho<\/li>\n<\/ul>\n\n\n\n<p class=\"has-vivid-red-color has-text-color has-link-color wp-elements-39b9f9a5b500bd47c6a30c158beba256\"><strong>VAIS TRABALHAR:<\/strong><strong><\/strong><\/p>\n\n\n\n<ul class=\"wp-block-list\">\n<li>Empresas de tecnologia e software<\/li>\n\n\n\n<li>Desenvolvimento de websites e aplica\u00e7\u00f5es<\/li>\n\n\n\n<li>Cria\u00e7\u00e3o de apps mobile<\/li>\n\n\n\n<li>Desenvolvimento de jogos<\/li>\n\n\n\n<li>Startups e projetos digitais<\/li>\n\n\n\n<li>Trabalho remoto (freelancer)&nbsp;&nbsp;<\/li>\n<\/ul>\n\n\n\n<p><strong>O TEU FUTURO COME\u00c7A AQUI<\/strong>!<\/p>\n\n\n\n<p><strong>Pr\u00e9-inscri\u00e7\u00e3o dispon\u00edvel aqui:<\/strong><\/p>\n\n\n<div class=\"wp-block-image\">\n<figure class=\"aligncenter size-full is-resized\"><img loading=\"lazy\" decoding=\"async\" width=\"358\" height=\"368\" src=\"https:\/\/aemoita.pt\/aemoita\/wp-content\/uploads\/2026\/04\/qrcode_inscricao.png\" alt=\"\" class=\"wp-image-6407\" style=\"width:190px;height:auto\" srcset=\"https:\/\/aemoita.pt\/aemoita\/wp-content\/uploads\/2026\/04\/qrcode_inscricao.png 358w, https:\/\/aemoita.pt\/aemoita\/wp-content\/uploads\/2026\/04\/qrcode_inscricao-292x300.png 292w\" sizes=\"auto, (max-width: 358px) 100vw, 358px\" \/><\/figure><\/div>\n\n\n<p class=\"has-text-align-right\"><strong><a href=\"https:\/\/docs.google.com\/forms\/d\/e\/1FAIpQLSeHJkKLL_R_mE5AhQ9j6wqpd8TtBypGkSFe0PYBRzCw9JBvPA\/viewform\" target=\"_blank\" rel=\"noreferrer noopener\">Fa\u00e7a a sua pr\u00e9-inscri\u00e7\u00e3o aqui.<\/a><\/strong><\/p>\n\n\n\n<p class=\"has-text-align-center\"><strong>Plano de estudos<\/strong><\/p>\n\n\n\n<figure class=\"wp-block-table\"><table class=\"has-fixed-layout\"><tbody><tr><td><strong>Componente Forma\u00e7\u00e3o<\/strong><\/td><td><strong>Disciplinas<\/strong><\/td><td><strong>Carga Hor\u00e1ria (3 anos)<\/strong><\/td><td><strong>Unidades Cr\u00e9dito<\/strong><\/td><\/tr><tr><td rowspan=\"5\">Sociocultural (1)<\/td><td>Portugu\u00eas<\/td><td>320<\/td><td rowspan=\"7\">70<\/td><\/tr><tr><td>L\u00edngua Estrangeira I, II, ou III<\/td><td>220<\/td><\/tr><tr><td>TIC<\/td><td>100<\/td><\/tr><tr><td>\u00c1rea de Integra\u00e7\u00e3o<\/td><td>220<\/td><\/tr><tr><td>Educa\u00e7\u00e3o F\u00edsica<\/td><td>140<\/td><\/tr><tr><td rowspan=\"2\">Cient\u00edfica (2)<\/td><td>Matem\u00e1tica<\/td><td>300<\/td><\/tr><tr><td>F\u00edsica e Qu\u00edmica<\/td><td>200<\/td><\/tr><tr><td>Tecnol\u00f3gica (3)<\/td><td>\u00c1rea a desenvolver de acordo com a Unidades de Compet\u00eancia (UC) previstas no respectivo Referencial de Forma\u00e7\u00e3o .<\/td><td>1075<\/td><td>96,75<\/td><\/tr><tr><td>Pr\u00e1tica (4)<\/td><td>FCT<\/td><td>600<\/td><td>20<\/td><\/tr><tr><td colspan=\"2\"><strong>Total (1+2+3+4)<\/strong><\/td><td><strong>3175<\/strong><\/td><td><strong>186,75<\/strong><\/td><\/tr><\/tbody><\/table><\/figure>\n\n\n\n<p><\/p>\n\n\n\n<div class=\"wp-block-columns is-layout-flex wp-container-core-columns-is-layout-9d6595d7 wp-block-columns-is-layout-flex\">\n<div class=\"wp-block-column is-layout-flow wp-block-column-is-layout-flow\" style=\"flex-basis:33.33%\">\n<p class=\"has-medium-font-size\"><strong><span class=\"has-inline-color has-vivid-red-color\">I<\/span><\/strong>nput<br><strong><span class=\"has-inline-color has-vivid-red-color\">N<\/span><\/strong>etwork<br><strong><span class=\"has-inline-color has-vivid-red-color\">F<\/span><\/strong>reeze<br><strong><span class=\"has-inline-color has-vivid-red-color\">O<\/span><\/strong>utput<br><strong><span class=\"has-inline-color has-vivid-red-color\">R<\/span><\/strong>am<br><strong><span class=\"has-inline-color has-vivid-red-color\">M<\/span><\/strong>ega<br><strong><span class=\"has-inline-color has-vivid-red-color\">A<\/span><\/strong>ccess<br><strong><span class=\"has-inline-color has-vivid-red-color\">T<\/span><\/strong>oolbar<br><strong><span class=\"has-inline-color has-vivid-red-color\">I<\/span><\/strong>nbox<br><strong><span class=\"has-inline-color has-vivid-red-color\">C<\/span><\/strong>hip<br><strong><span class=\"has-inline-color has-vivid-red-color\">A<\/span><\/strong>pps<\/p>\n<\/div>\n\n\n\n<div class=\"wp-block-column is-layout-flow wp-block-column-is-layout-flow\" style=\"flex-basis:66.66%\">\n<p>Passas horas no computador? As tecnologias fazem parte dos teus interesses?<br>Tens curiosidade em saber como a &#8220;magia&#8221; acontece no interior do teu&nbsp;<strong><span class=\"has-inline-color has-luminous-vivid-orange-color\">PC<\/span><\/strong>? Gostas de desafios que &#8220;puxem&#8221; pela cabe\u00e7a?<br>Ent\u00e3o, temos o curso certo para ti!&nbsp;A oferta que \u00e9&nbsp;<strong><span class=\"has-inline-color has-luminous-vivid-orange-color\">INTERFACE<\/span>&nbsp;<\/strong>da credibilidade!<br>N\u00e3o fiques&nbsp;<strong><span class=\"has-inline-color has-luminous-vivid-orange-color\">MUTADO<\/span>.<\/strong>..<strong><span class=\"has-inline-color has-luminous-vivid-orange-color\">LOGA-TE<\/span>&nbsp;<\/strong>em&nbsp;<strong><span class=\"has-inline-color has-luminous-vivid-orange-color\">GPSI<\/span><\/strong>.<\/p>\n\n\n\n<p>Liga-te \u00e0&nbsp;<strong><span class=\"has-inline-color has-luminous-vivid-orange-color\">REDE<\/span>,<\/strong>&nbsp;abra\u00e7a esta oferta e segue o&nbsp;<strong><span class=\"has-inline-color has-luminous-vivid-orange-color\">BIT&nbsp;<\/span><\/strong>do teu cora\u00e7\u00e3o!&nbsp;&nbsp;<\/p>\n\n\n\n<p>Vem fazer parte dos nossos&nbsp;<strong><span class=\"has-inline-color has-luminous-vivid-orange-color\">FICHEIROS<\/span><\/strong>!&nbsp; N\u00e3o fa\u00e7as&nbsp;<strong><span class=\"has-inline-color has-luminous-vivid-orange-color\">DELETE<\/span><\/strong>,&nbsp;<span class=\"has-inline-color has-luminous-vivid-orange-color\"><strong>PROGRAMA<\/strong>&nbsp;<\/span>o teu futuro!&nbsp; &nbsp;&nbsp;<\/p>\n<\/div>\n<\/div>\n","protected":false},"excerpt":{"rendered":"<p>VAIS APRENDER: VAIS TER ACESSO: VAIS TRABALHAR: O TEU FUTURO COME\u00c7A AQUI! Pr\u00e9-inscri\u00e7\u00e3o dispon\u00edvel aqui: Fa\u00e7a a sua pr\u00e9-inscri\u00e7\u00e3o aqui. Plano de estudos Componente Forma\u00e7\u00e3o Disciplinas Carga Hor\u00e1ria (3 anos) Unidades Cr\u00e9dito Sociocultural (1) Portugu\u00eas 320 70 L\u00edngua Estrangeira I, II, ou III 220 TIC 100 \u00c1rea de Integra\u00e7\u00e3o 220 Educa\u00e7\u00e3o F\u00edsica 140 Cient\u00edfica (2) [&hellip;]<\/p>\n","protected":false},"author":1,"featured_media":0,"parent":450,"menu_order":0,"comment_status":"closed","ping_status":"closed","template":"","meta":{"footnotes":""},"class_list":["post-6487","page","type-page","status-publish","hentry"],"_links":{"self":[{"href":"https:\/\/aemoita.pt\/aemoita\/wp-json\/wp\/v2\/pages\/6487","targetHints":{"allow":["GET"]}}],"collection":[{"href":"https:\/\/aemoita.pt\/aemoita\/wp-json\/wp\/v2\/pages"}],"about":[{"href":"https:\/\/aemoita.pt\/aemoita\/wp-json\/wp\/v2\/types\/page"}],"author":[{"embeddable":true,"href":"https:\/\/aemoita.pt\/aemoita\/wp-json\/wp\/v2\/users\/1"}],"replies":[{"embeddable":true,"href":"https:\/\/aemoita.pt\/aemoita\/wp-json\/wp\/v2\/comments?post=6487"}],"version-history":[{"count":4,"href":"https:\/\/aemoita.pt\/aemoita\/wp-json\/wp\/v2\/pages\/6487\/revisions"}],"predecessor-version":[{"id":6536,"href":"https:\/\/aemoita.pt\/aemoita\/wp-json\/wp\/v2\/pages\/6487\/revisions\/6536"}],"up":[{"embeddable":true,"href":"https:\/\/aemoita.pt\/aemoita\/wp-json\/wp\/v2\/pages\/450"}],"wp:attachment":[{"href":"https:\/\/aemoita.pt\/aemoita\/wp-json\/wp\/v2\/media?parent=6487"}],"curies":[{"name":"wp","href":"https:\/\/api.w.org\/{rel}","templated":true}]}}