{"id":6505,"date":"2026-05-07T15:38:05","date_gmt":"2026-05-07T15:38:05","guid":{"rendered":"https:\/\/aemoita.pt\/aemoita\/?page_id=6505"},"modified":"2026-05-11T13:12:54","modified_gmt":"2026-05-11T13:12:54","slug":"gestao-e-administracao","status":"publish","type":"page","link":"https:\/\/aemoita.pt\/aemoita\/cursos-profissionais\/gestao-e-administracao\/","title":{"rendered":"Gest\u00e3o e Administra\u00e7\u00e3o"},"content":{"rendered":"\n<p class=\"has-vivid-red-color has-text-color has-link-color wp-elements-70c63bb7cb5988a379e2c559102c0ce8\"><strong>VAIS APRENDER:<\/strong><strong><\/strong><\/p>\n\n\n\n<ul class=\"wp-block-list\">\n<li>Funcionamento das organiza\u00e7\u00f5es<\/li>\n\n\n\n<li>Compet\u00eancias pr\u00e1ticas \u00fateis para o dia a dia de trabalho<\/li>\n<\/ul>\n\n\n\n<p class=\"has-vivid-red-color has-text-color has-link-color wp-elements-5ce315363728b55ae267a2f13dbf8893\"><strong>VAIS TER ACESSO:<\/strong><\/p>\n\n\n\n<ul class=\"wp-block-list\">\n<li>Entrar no mercado de trabalho<\/li>\n\n\n\n<li>Prosseguimento de estudos no ensino superior<\/li>\n<\/ul>\n\n\n\n<p class=\"has-vivid-red-color has-text-color has-link-color wp-elements-e485974e170ab6c4ad383977d40c1577\"><strong>VAIS TRABALHAR:<\/strong><\/p>\n\n\n\n<ul class=\"wp-block-list\">\n<li>Empresas privadas (de qualquer setor)<\/li>\n\n\n\n<li>Servi\u00e7os p\u00fablicos e autarquias<\/li>\n\n\n\n<li>Bancos e seguradoras<\/li>\n\n\n\n<li>Gabinetes de contabilidade<\/li>\n\n\n\n<li>&nbsp;Pequenos neg\u00f3cios e startups<\/li>\n<\/ul>\n\n\n\n<p><strong>O TEU FUTURO COME\u00c7A AQUI<\/strong>!<\/p>\n\n\n\n<p><strong>Pr\u00e9-inscri\u00e7\u00e3o dispon\u00edvel aqui:<\/strong><\/p>\n\n\n<div class=\"wp-block-image\">\n<figure class=\"aligncenter size-full is-resized\"><img loading=\"lazy\" decoding=\"async\" width=\"358\" height=\"368\" src=\"https:\/\/aemoita.pt\/aemoita\/wp-content\/uploads\/2026\/04\/qrcode_inscricao.png\" alt=\"\" class=\"wp-image-6407\" style=\"width:182px;height:auto\" srcset=\"https:\/\/aemoita.pt\/aemoita\/wp-content\/uploads\/2026\/04\/qrcode_inscricao.png 358w, https:\/\/aemoita.pt\/aemoita\/wp-content\/uploads\/2026\/04\/qrcode_inscricao-292x300.png 292w\" sizes=\"auto, (max-width: 358px) 100vw, 358px\" \/><\/figure><\/div>\n\n\n<p class=\"has-text-align-right has-vivid-cyan-blue-color has-text-color has-medium-font-size\"><strong><a href=\"https:\/\/docs.google.com\/forms\/d\/e\/1FAIpQLSeHJkKLL_R_mE5AhQ9j6wqpd8TtBypGkSFe0PYBRzCw9JBvPA\/viewform\" target=\"_blank\" rel=\"noreferrer noopener\">Fa\u00e7a a sua pr\u00e9-inscri\u00e7\u00e3o aqui.<\/a><\/strong><\/p>\n\n\n\n<p class=\"has-text-align-center has-black-color has-text-color has-medium-font-size\"><strong> Plano de Estudos<\/strong><\/p>\n\n\n\n<figure class=\"wp-block-table\"><table class=\"has-fixed-layout\"><tbody><tr><td><strong>Componente Forma\u00e7\u00e3o<\/strong><\/td><td><strong>Disciplinas<\/strong><\/td><td><strong>Carga Hor\u00e1ria (3 anos)<\/strong><\/td><td><strong>Unidades Cr\u00e9dito<\/strong><\/td><\/tr><tr><td rowspan=\"5\">Sociocultural (1)<\/td><td>Portugu\u00eas<\/td><td><strong>320<\/strong><\/td><td rowspan=\"7\">70<\/td><\/tr><tr><td>L\u00edngua Estrangeira I, II, ou III<\/td><td>220<\/td><\/tr><tr><td>TIC<\/td><td>100<\/td><\/tr><tr><td>\u00c1rea de Integra\u00e7\u00e3o<\/td><td>220<\/td><\/tr><tr><td>Educa\u00e7\u00e3o F\u00edsica<\/td><td>140<\/td><\/tr><tr><td rowspan=\"2\">Cient\u00edfica (2)<\/td><td>Matem\u00e1tica<\/td><td>300<\/td><\/tr><tr><td>Economia<\/td><td>200<\/td><\/tr><tr><td>Tecnol\u00f3gica (3)<\/td><td>\u00c1rea a desenvolver de acordo com a Unidades de Compet\u00eancia (UC) previstas no respectivo Referencial de Forma\u00e7\u00e3o .<\/td><td>1175<\/td><td>105,75<\/td><\/tr><tr><td>Pr\u00e1tica (4)<\/td><td>FCT<\/td><td>600<\/td><td>20<\/td><\/tr><tr><td colspan=\"2\"><strong>Total (1+2+3+4)<\/strong><\/td><td><strong>3275<\/strong><\/td><td><strong>195,75<\/strong><\/td><\/tr><\/tbody><\/table><\/figure>\n\n\n\n<div style=\"height:50px\" aria-hidden=\"true\" class=\"wp-block-spacer\"><\/div>\n\n\n\n<figure class=\"wp-block-video\"><video controls src=\"https:\/\/aemoita.pt\/aemoita\/wp-content\/uploads\/2026\/05\/Filme-Gestao_2026.mp4\"><\/video><\/figure>\n","protected":false},"excerpt":{"rendered":"<p>VAIS APRENDER: VAIS TER ACESSO: VAIS TRABALHAR: O TEU FUTURO COME\u00c7A AQUI! Pr\u00e9-inscri\u00e7\u00e3o dispon\u00edvel aqui: Fa\u00e7a a sua pr\u00e9-inscri\u00e7\u00e3o aqui. Plano de Estudos Componente Forma\u00e7\u00e3o Disciplinas Carga Hor\u00e1ria (3 anos) Unidades Cr\u00e9dito Sociocultural (1) Portugu\u00eas 320 70 L\u00edngua Estrangeira I, II, ou III 220 TIC 100 \u00c1rea de Integra\u00e7\u00e3o 220 Educa\u00e7\u00e3o F\u00edsica 140 Cient\u00edfica (2) [&hellip;]<\/p>\n","protected":false},"author":1,"featured_media":0,"parent":450,"menu_order":0,"comment_status":"closed","ping_status":"closed","template":"","meta":{"footnotes":""},"class_list":["post-6505","page","type-page","status-publish","hentry"],"_links":{"self":[{"href":"https:\/\/aemoita.pt\/aemoita\/wp-json\/wp\/v2\/pages\/6505","targetHints":{"allow":["GET"]}}],"collection":[{"href":"https:\/\/aemoita.pt\/aemoita\/wp-json\/wp\/v2\/pages"}],"about":[{"href":"https:\/\/aemoita.pt\/aemoita\/wp-json\/wp\/v2\/types\/page"}],"author":[{"embeddable":true,"href":"https:\/\/aemoita.pt\/aemoita\/wp-json\/wp\/v2\/users\/1"}],"replies":[{"embeddable":true,"href":"https:\/\/aemoita.pt\/aemoita\/wp-json\/wp\/v2\/comments?post=6505"}],"version-history":[{"count":5,"href":"https:\/\/aemoita.pt\/aemoita\/wp-json\/wp\/v2\/pages\/6505\/revisions"}],"predecessor-version":[{"id":6515,"href":"https:\/\/aemoita.pt\/aemoita\/wp-json\/wp\/v2\/pages\/6505\/revisions\/6515"}],"up":[{"embeddable":true,"href":"https:\/\/aemoita.pt\/aemoita\/wp-json\/wp\/v2\/pages\/450"}],"wp:attachment":[{"href":"https:\/\/aemoita.pt\/aemoita\/wp-json\/wp\/v2\/media?parent=6505"}],"curies":[{"name":"wp","href":"https:\/\/api.w.org\/{rel}","templated":true}]}}