{"id":6516,"date":"2026-05-11T13:22:29","date_gmt":"2026-05-11T13:22:29","guid":{"rendered":"https:\/\/aemoita.pt\/aemoita\/?page_id=6516"},"modified":"2026-05-11T14:27:51","modified_gmt":"2026-05-11T14:27:51","slug":"tecnico-a-de-animacao-e-mediacao-comunitaria","status":"publish","type":"page","link":"https:\/\/aemoita.pt\/aemoita\/cursos-profissionais\/tecnico-a-de-animacao-e-mediacao-comunitaria\/","title":{"rendered":"T\u00e9cnico\/a de Anima\u00e7\u00e3o e Media\u00e7\u00e3o Comunit\u00e1ria"},"content":{"rendered":"\n<p class=\"has-vivid-red-color has-text-color has-link-color wp-elements-70c63bb7cb5988a379e2c559102c0ce8\"><strong>VAIS APRENDER:<\/strong><strong><\/strong><\/p>\n\n\n\n<ul class=\"wp-block-list\">\n<li>Dinamizar atividades com grupos<\/li>\n\n\n\n<li>Promover inclus\u00e3o e participa\u00e7\u00e3o<\/li>\n\n\n\n<li>Mediar conflitos e comunicar<\/li>\n\n\n\n<li>Desenvolver projetos comunit\u00e1rios<\/li>\n\n\n\n<li>Trabalhar com diferentes p\u00fablicos<\/li>\n<\/ul>\n\n\n\n<p class=\"has-vivid-red-color has-text-color has-link-color wp-elements-5ce315363728b55ae267a2f13dbf8893\"><strong>VAIS TER ACESSO:<\/strong><\/p>\n\n\n\n<ul class=\"wp-block-list\">\n<li>Entrar no mercado de trabalho<\/li>\n\n\n\n<li>Prosseguimento de estudos no ensino superior<\/li>\n<\/ul>\n\n\n\n<p class=\"has-vivid-red-color has-text-color has-link-color wp-elements-39b9f9a5b500bd47c6a30c158beba256\"><strong>VAIS TRABALHAR:<\/strong><strong><\/strong><\/p>\n\n\n\n<ul class=\"wp-block-list\">\n<li>IPSS e institui\u00e7\u00f5es sociais<\/li>\n\n\n\n<li>Escolas e projetos comunit\u00e1rios<\/li>\n\n\n\n<li>Associa\u00e7\u00f5es e autarquias<\/li>\n\n\n\n<li>Centros de apoio e interven\u00e7\u00e3o social<\/li>\n<\/ul>\n\n\n\n<p><strong>O TEU FUTURO COME\u00c7A AQUI<\/strong><\/p>\n\n\n<div class=\"wp-block-image\">\n<figure class=\"aligncenter size-full is-resized\"><img loading=\"lazy\" decoding=\"async\" width=\"358\" height=\"368\" src=\"https:\/\/aemoita.pt\/aemoita\/wp-content\/uploads\/2026\/04\/qrcode_inscricao.png\" alt=\"\" class=\"wp-image-6407\" style=\"width:168px;height:auto\" srcset=\"https:\/\/aemoita.pt\/aemoita\/wp-content\/uploads\/2026\/04\/qrcode_inscricao.png 358w, https:\/\/aemoita.pt\/aemoita\/wp-content\/uploads\/2026\/04\/qrcode_inscricao-292x300.png 292w\" sizes=\"auto, (max-width: 358px) 100vw, 358px\" \/><\/figure><\/div>\n\n\n<p class=\"has-text-align-right\"><strong>Pr\u00e9-inscri\u00e7\u00e3o dispon\u00edvel <a href=\"https:\/\/docs.google.com\/forms\/d\/e\/1FAIpQLSeHJkKLL_R_mE5AhQ9j6wqpd8TtBypGkSFe0PYBRzCw9JBvPA\/viewform\" target=\"_blank\" rel=\"noreferrer noopener\">aqui<\/a>:<\/strong><\/p>\n\n\n\n<figure class=\"wp-block-table\"><table class=\"has-fixed-layout\"><tbody><tr><td><strong>Componente Forma\u00e7\u00e3o<\/strong><\/td><td><strong>Disciplinas<\/strong><\/td><td><strong>Carga Hor\u00e1ria (3 anos)<\/strong><\/td><td><strong>Unidades Cr\u00e9dito<\/strong><\/td><\/tr><tr><td rowspan=\"5\">Sociocultural (1)<\/td><td>Portugu\u00eas<\/td><td><strong>320<\/strong><\/td><td rowspan=\"8\">70<\/td><\/tr><tr><td>L\u00edngua Estrangeira I, II, ou III<\/td><td>220<\/td><\/tr><tr><td>TIC<\/td><td>100<\/td><\/tr><tr><td>\u00c1rea de Integra\u00e7\u00e3o<\/td><td>220<\/td><\/tr><tr><td>Educa\u00e7\u00e3o F\u00edsica<\/td><td>140<\/td><\/tr><tr><td rowspan=\"3\">Cient\u00edfica (2)<\/td><td>Matem\u00e1tica<\/td><td>100<\/td><\/tr><tr><td>Sociologia<\/td><td>200<\/td><\/tr><tr><td>Psicologia<\/td><td>200<\/td><\/tr><tr><td>Tecnol\u00f3gica (3)<\/td><td>\u00c1rea a desenvolver de acordo com a Unidades de Compet\u00eancia (UC) previstas no respectivo Referencial de Forma\u00e7\u00e3o .<\/td><td>1050<\/td><td>94,5 &nbsp;<\/td><\/tr><tr><td>Pr\u00e1tica (4)<\/td><td>FCT<\/td><td>600<\/td><td>20<\/td><\/tr><tr><td colspan=\"2\"><strong>Total (1+2+3+4)<\/strong><\/td><td><strong>3150<\/strong><\/td><td><strong>202,50<\/strong><\/td><\/tr><\/tbody><\/table><\/figure>\n","protected":false},"excerpt":{"rendered":"<p>VAIS APRENDER: VAIS TER ACESSO: VAIS TRABALHAR: O TEU FUTURO COME\u00c7A AQUI Pr\u00e9-inscri\u00e7\u00e3o dispon\u00edvel aqui: Componente Forma\u00e7\u00e3o Disciplinas Carga Hor\u00e1ria (3 anos) Unidades Cr\u00e9dito Sociocultural (1) Portugu\u00eas 320 70 L\u00edngua Estrangeira I, II, ou III 220 TIC 100 \u00c1rea de Integra\u00e7\u00e3o 220 Educa\u00e7\u00e3o F\u00edsica 140 Cient\u00edfica (2) Matem\u00e1tica 100 Sociologia 200 Psicologia 200 Tecnol\u00f3gica (3) [&hellip;]<\/p>\n","protected":false},"author":1,"featured_media":0,"parent":450,"menu_order":0,"comment_status":"closed","ping_status":"closed","template":"","meta":{"footnotes":""},"class_list":["post-6516","page","type-page","status-publish","hentry"],"_links":{"self":[{"href":"https:\/\/aemoita.pt\/aemoita\/wp-json\/wp\/v2\/pages\/6516","targetHints":{"allow":["GET"]}}],"collection":[{"href":"https:\/\/aemoita.pt\/aemoita\/wp-json\/wp\/v2\/pages"}],"about":[{"href":"https:\/\/aemoita.pt\/aemoita\/wp-json\/wp\/v2\/types\/page"}],"author":[{"embeddable":true,"href":"https:\/\/aemoita.pt\/aemoita\/wp-json\/wp\/v2\/users\/1"}],"replies":[{"embeddable":true,"href":"https:\/\/aemoita.pt\/aemoita\/wp-json\/wp\/v2\/comments?post=6516"}],"version-history":[{"count":3,"href":"https:\/\/aemoita.pt\/aemoita\/wp-json\/wp\/v2\/pages\/6516\/revisions"}],"predecessor-version":[{"id":6532,"href":"https:\/\/aemoita.pt\/aemoita\/wp-json\/wp\/v2\/pages\/6516\/revisions\/6532"}],"up":[{"embeddable":true,"href":"https:\/\/aemoita.pt\/aemoita\/wp-json\/wp\/v2\/pages\/450"}],"wp:attachment":[{"href":"https:\/\/aemoita.pt\/aemoita\/wp-json\/wp\/v2\/media?parent=6516"}],"curies":[{"name":"wp","href":"https:\/\/api.w.org\/{rel}","templated":true}]}}