{"id":871,"date":"2021-05-04T21:15:12","date_gmt":"2021-05-04T21:15:12","guid":{"rendered":"https:\/\/aemoita.pt\/aemoita\/?page_id=871"},"modified":"2026-01-25T19:19:10","modified_gmt":"2026-01-25T19:19:10","slug":"gab-informacao-e-apoio-ao-aluno","status":"publish","type":"page","link":"https:\/\/aemoita.pt\/aemoita\/projetos\/gab-informacao-e-apoio-ao-aluno\/","title":{"rendered":"Gab. Informa\u00e7\u00e3o e Apoio ao Aluno"},"content":{"rendered":"\n<p class=\"has-medium-font-size\">O <strong>Gabinete de Informa\u00e7\u00e3o e Apoio ao Aluno (GIAA)<\/strong> da Escola Secund\u00e1ria da Moita tem como objetivos:<\/p>\n\n\n\n<ul class=\"wp-block-list\">\n<li><strong>Aconselhar <\/strong>na \u00e1rea da <strong>Educa\u00e7\u00e3o para a Sa\u00fade<\/strong> (Sa\u00fade Mental e preven\u00e7\u00e3o da viol\u00eancia, educa\u00e7\u00e3o alimentar, atividade f\u00edsica, comportamentos aditivos e depend\u00eancias, afetos e educa\u00e7\u00e3o para a sexualidade).<\/li>\n\n\n\n<li><strong>Apoiar <\/strong>os jovens na resolu\u00e7\u00e3o dos seus problemas (rela\u00e7\u00e3o com a fam\u00edlia, conflitos com os pais, amigos, professores, rela\u00e7\u00f5es afetivas, projetos de vida, orienta\u00e7\u00e3o escolar, problemas de sa\u00fade\u2026).<\/li>\n<\/ul>\n\n\n\n<p class=\"has-medium-font-size\"><strong>Quem atende no GIAA?<\/strong><\/p>\n\n\n\n<ul class=\"wp-block-list\">\n<li>Psic\u00f3loga Paula Laginha<\/li>\n\n\n\n<li>Prof.\u00aa Rosa Martins<\/li>\n\n\n\n<li>Prof.\u00aa Teresa Os\u00f3rio<\/li>\n<\/ul>\n\n\n\n<p><sup>(todos os dias, de acordo com a disponibilidade)<\/sup><\/p>\n\n\n\n<p class=\"has-medium-font-size\"><strong>Onde funciona o GIAA?<\/strong><\/p>\n\n\n\n<p>Sala de canto em frente ao Gabinete da Dire\u00e7\u00e3o.<\/p>\n\n\n\n<div class=\"wp-block-file\"><a id=\"wp-block-file--media-4b752ab9-2dc3-4af3-89b6-906d4f74b3e9\" href=\"https:\/\/aemoita.pt\/aemoita\/wp-content\/uploads\/2026\/01\/Mod-2-ProjetoGIAA_ESM_2025-2026.pdf\"><strong>Projeto GIAA<\/strong><\/a><a href=\"https:\/\/aemoita.pt\/aemoita\/wp-content\/uploads\/2026\/01\/Mod-2-ProjetoGIAA_ESM_2025-2026.pdf\" class=\"wp-block-file__button wp-element-button\" download aria-describedby=\"wp-block-file--media-4b752ab9-2dc3-4af3-89b6-906d4f74b3e9\">Descarregar<\/a><\/div>\n\n\n\n<div style=\"height:50px\" aria-hidden=\"true\" class=\"wp-block-spacer\"><\/div>\n\n\n\n<p><a href=\"https:\/\/shre.ink\/5qGz\" target=\"_blank\" rel=\"noreferrer noopener\"><strong>Link para o Padlet<\/strong><\/a><\/p>\n\n\n\n<div style=\"height:48px\" aria-hidden=\"true\" class=\"wp-block-spacer\"><\/div>\n\n\n\n<p><strong>Hor\u00e1rio<\/strong><\/p>\n\n\n\n<div data-wp-interactive=\"core\/file\" class=\"wp-block-file\"><object data-wp-bind--hidden=\"!state.hasPdfPreview\" hidden class=\"wp-block-file__embed\" data=\"https:\/\/aemoita.pt\/aemoita\/wp-content\/uploads\/2026\/01\/Horario_PES_GIAA_25-26.pdf\" type=\"application\/pdf\" style=\"width:100%;height:600px\" aria-label=\"Incorpora\u00e7\u00e3o de Horario_PES_GIAA_25-26.\"><\/object><a id=\"wp-block-file--media-ffdf1406-276b-4653-8885-2c1e2e772817\" href=\"https:\/\/aemoita.pt\/aemoita\/wp-content\/uploads\/2026\/01\/Horario_PES_GIAA_25-26.pdf\">Horario_PES_GIAA_25-26<\/a><a href=\"https:\/\/aemoita.pt\/aemoita\/wp-content\/uploads\/2026\/01\/Horario_PES_GIAA_25-26.pdf\" class=\"wp-block-file__button wp-element-button\" download aria-describedby=\"wp-block-file--media-ffdf1406-276b-4653-8885-2c1e2e772817\">Descarregar<\/a><\/div>\n\n\n\n<p><\/p>\n","protected":false},"excerpt":{"rendered":"<p>O Gabinete de Informa\u00e7\u00e3o e Apoio ao Aluno (GIAA) da Escola Secund\u00e1ria da Moita tem como objetivos: Quem atende no GIAA? (todos os dias, de acordo com a disponibilidade) Onde funciona o GIAA? Sala de canto em frente ao Gabinete da Dire\u00e7\u00e3o. Link para o Padlet Hor\u00e1rio<\/p>\n","protected":false},"author":1,"featured_media":0,"parent":312,"menu_order":0,"comment_status":"closed","ping_status":"closed","template":"","meta":{"footnotes":""},"class_list":["post-871","page","type-page","status-publish","hentry"],"_links":{"self":[{"href":"https:\/\/aemoita.pt\/aemoita\/wp-json\/wp\/v2\/pages\/871","targetHints":{"allow":["GET"]}}],"collection":[{"href":"https:\/\/aemoita.pt\/aemoita\/wp-json\/wp\/v2\/pages"}],"about":[{"href":"https:\/\/aemoita.pt\/aemoita\/wp-json\/wp\/v2\/types\/page"}],"author":[{"embeddable":true,"href":"https:\/\/aemoita.pt\/aemoita\/wp-json\/wp\/v2\/users\/1"}],"replies":[{"embeddable":true,"href":"https:\/\/aemoita.pt\/aemoita\/wp-json\/wp\/v2\/comments?post=871"}],"version-history":[{"count":18,"href":"https:\/\/aemoita.pt\/aemoita\/wp-json\/wp\/v2\/pages\/871\/revisions"}],"predecessor-version":[{"id":5927,"href":"https:\/\/aemoita.pt\/aemoita\/wp-json\/wp\/v2\/pages\/871\/revisions\/5927"}],"up":[{"embeddable":true,"href":"https:\/\/aemoita.pt\/aemoita\/wp-json\/wp\/v2\/pages\/312"}],"wp:attachment":[{"href":"https:\/\/aemoita.pt\/aemoita\/wp-json\/wp\/v2\/media?parent=871"}],"curies":[{"name":"wp","href":"https:\/\/api.w.org\/{rel}","templated":true}]}}