{"id":875,"date":"2021-05-04T21:20:58","date_gmt":"2021-05-04T21:20:58","guid":{"rendered":"https:\/\/aemoita.pt\/aemoita\/?page_id=875"},"modified":"2026-01-25T19:19:07","modified_gmt":"2026-01-25T19:19:07","slug":"educacao-para-a-saude","status":"publish","type":"page","link":"https:\/\/aemoita.pt\/aemoita\/projetos\/educacao-para-a-saude\/","title":{"rendered":"Educa\u00e7\u00e3o para a Sa\u00fade"},"content":{"rendered":"\n<p>A<strong> Educa\u00e7\u00e3o para a Sa\u00fade <\/strong>tem como refer\u00eancia o Projeto Educativo do Agrupamento, nomeadamente os seguintes objetivos gerais:<\/p>\n\n\n\n<ul class=\"wp-block-list\">\n<li>Promover um clima relacional favor\u00e1vel ao desenvolvimento dos processos de ensino e aprendizagem e de parcerias;<\/li>\n\n\n\n<li>Fomentar o desenvolvimento integral dos alunos (a n\u00edvel f\u00edsico e mental) e a integra\u00e7\u00e3o de valores e comportamentos indutores de cidadania e sustentabilidade;<\/li>\n\n\n\n<li>Fomentar a qualidade da gest\u00e3o pedag\u00f3gica e a qualifica\u00e7\u00e3o dos recursos humanos;<\/li>\n\n\n\n<li>Melhorar o sucesso escolar e educativo.<\/li>\n<\/ul>\n\n\n\n<p><\/p>\n\n\n\n<p>Baseia-se no \u201c<strong>Referencial de Educa\u00e7\u00e3o para a Sa\u00fade<\/strong>\u201d e visa o desenvolvimento de compet\u00eancias das crian\u00e7as e dos jovens, permitindo-lhes confrontarem-se positivamente consigo pr\u00f3prios, constru\u00edrem um projeto de vida e serem capazes de fazer escolhas individuais, conscientes e respons\u00e1veis.<\/p>\n\n\n\n<p>Pretende, tamb\u00e9m, criar ambientes facilitadores dessas escolhas e estimular o esp\u00edrito cr\u00edtico para o exerc\u00edcio de uma cidadania ativa.<\/p>\n\n\n\n<div style=\"height:42px\" aria-hidden=\"true\" class=\"wp-block-spacer\"><\/div>\n\n\n\n<p><a href=\"https:\/\/shre.ink\/5qGz\" target=\"_blank\" rel=\"noreferrer noopener\"><strong>Link para o Padlet<\/strong><\/a><\/p>\n\n\n\n<div style=\"height:39px\" aria-hidden=\"true\" class=\"wp-block-spacer\"><\/div>\n\n\n\n<div class=\"wp-block-file\"><a id=\"wp-block-file--media-5aa52281-3ba9-423c-9060-9b8250c6d029\" href=\"https:\/\/aemoita.pt\/aemoita\/wp-content\/uploads\/2026\/01\/Mod-2_PES_AEM_ProjEdSaude_2025-26_Atualizado.pdf\"><strong>Projeto Edu\u00e7\u00e3o para a Saude<\/strong><\/a><a href=\"https:\/\/aemoita.pt\/aemoita\/wp-content\/uploads\/2026\/01\/Mod-2_PES_AEM_ProjEdSaude_2025-26_Atualizado.pdf\" class=\"wp-block-file__button wp-element-button\" download aria-describedby=\"wp-block-file--media-5aa52281-3ba9-423c-9060-9b8250c6d029\">Descarregar<\/a><\/div>\n\n\n\n<div style=\"height:47px\" aria-hidden=\"true\" class=\"wp-block-spacer\"><\/div>\n\n\n\n<div data-wp-interactive=\"core\/file\" class=\"wp-block-file\"><object data-wp-bind--hidden=\"!state.hasPdfPreview\" hidden class=\"wp-block-file__embed\" data=\"https:\/\/aemoita.pt\/aemoita\/wp-content\/uploads\/2026\/01\/Horario_PES_GIAA_25-26.pdf\" type=\"application\/pdf\" style=\"width:100%;height:600px\" aria-label=\"Incorpora\u00e7\u00e3o de Horario_PES_GIAA_25-26.\"><\/object><a id=\"wp-block-file--media-8c9da88f-b9c0-4da3-9690-17b3a9bb6ab9\" href=\"https:\/\/aemoita.pt\/aemoita\/wp-content\/uploads\/2026\/01\/Horario_PES_GIAA_25-26.pdf\">Horario_PES_GIAA_25-26<\/a><a href=\"https:\/\/aemoita.pt\/aemoita\/wp-content\/uploads\/2026\/01\/Horario_PES_GIAA_25-26.pdf\" class=\"wp-block-file__button wp-element-button\" download aria-describedby=\"wp-block-file--media-8c9da88f-b9c0-4da3-9690-17b3a9bb6ab9\">Descarregar<\/a><\/div>\n","protected":false},"excerpt":{"rendered":"<p>A Educa\u00e7\u00e3o para a Sa\u00fade tem como refer\u00eancia o Projeto Educativo do Agrupamento, nomeadamente os seguintes objetivos gerais: Baseia-se no \u201cReferencial de Educa\u00e7\u00e3o para a Sa\u00fade\u201d e visa o desenvolvimento de compet\u00eancias das crian\u00e7as e dos jovens, permitindo-lhes confrontarem-se positivamente consigo pr\u00f3prios, constru\u00edrem um projeto de vida e serem capazes de fazer escolhas individuais, conscientes [&hellip;]<\/p>\n","protected":false},"author":1,"featured_media":0,"parent":312,"menu_order":0,"comment_status":"closed","ping_status":"closed","template":"","meta":{"footnotes":""},"class_list":["post-875","page","type-page","status-publish","hentry"],"_links":{"self":[{"href":"https:\/\/aemoita.pt\/aemoita\/wp-json\/wp\/v2\/pages\/875","targetHints":{"allow":["GET"]}}],"collection":[{"href":"https:\/\/aemoita.pt\/aemoita\/wp-json\/wp\/v2\/pages"}],"about":[{"href":"https:\/\/aemoita.pt\/aemoita\/wp-json\/wp\/v2\/types\/page"}],"author":[{"embeddable":true,"href":"https:\/\/aemoita.pt\/aemoita\/wp-json\/wp\/v2\/users\/1"}],"replies":[{"embeddable":true,"href":"https:\/\/aemoita.pt\/aemoita\/wp-json\/wp\/v2\/comments?post=875"}],"version-history":[{"count":15,"href":"https:\/\/aemoita.pt\/aemoita\/wp-json\/wp\/v2\/pages\/875\/revisions"}],"predecessor-version":[{"id":5929,"href":"https:\/\/aemoita.pt\/aemoita\/wp-json\/wp\/v2\/pages\/875\/revisions\/5929"}],"up":[{"embeddable":true,"href":"https:\/\/aemoita.pt\/aemoita\/wp-json\/wp\/v2\/pages\/312"}],"wp:attachment":[{"href":"https:\/\/aemoita.pt\/aemoita\/wp-json\/wp\/v2\/media?parent=875"}],"curies":[{"name":"wp","href":"https:\/\/api.w.org\/{rel}","templated":true}]}}