{"id":984,"date":"2021-05-20T18:02:44","date_gmt":"2021-05-20T18:02:44","guid":{"rendered":"https:\/\/aemoita.pt\/aemoita\/?page_id=984"},"modified":"2021-05-21T20:05:24","modified_gmt":"2021-05-21T20:05:24","slug":"eqavet-fase-de-implementacao","status":"publish","type":"page","link":"https:\/\/aemoita.pt\/aemoita\/eqavet-fase-de-implementacao\/","title":{"rendered":"EQAVET (fase de implementa\u00e7\u00e3o)"},"content":{"rendered":"\n<p>O Agrupamento de Escolas da Moita encontra-se em processo de Alinhamento com o Quadro de Refer\u00eancia Europeu de Garantia de Qualidade para o Ensino Profissional \u2013 Quadro EQAVET (European Quality Assurance Reference Framework for Vocational Education and Training), tendo por base a nossa miss\u00e3o, vis\u00e3o e valores pr\u00f3prios, enquadrados com o nosso Projeto Educativo.<\/p>\n\n\n\n<p>O Quadro de Refer\u00eancia Europeu de Garantia da Qualidade para o Ensino e a Forma\u00e7\u00e3o Profissionais (Quadro EQAVET), institu\u00eddo pela Recomenda\u00e7\u00e3o do Parlamento Europeu e do Conselho de 18 de junho de 2009, foi concebido para melhorar a Educa\u00e7\u00e3o e Forma\u00e7\u00e3o Profissional (EFP) no espa\u00e7o europeu, colocando \u00e0 disposi\u00e7\u00e3o das autoridades e dos operadores de EFP ferramentas comuns para a gest\u00e3o da qualidade assentes numa forte articula\u00e7\u00e3o entre os diferentes stakeholders (decisores pol\u00edticos, organismos reguladores, operadores de EFP, alunos\/formandos, profissionais de EFP e de orienta\u00e7\u00e3o, encarregados de educa\u00e7\u00e3o, empres\u00e1rios e outros parceiros sociais) e no desenvolvimento, monitoriza\u00e7\u00e3o, avalia\u00e7\u00e3o e melhoria cont\u00ednua da efici\u00eancia da oferta.<\/p>\n\n\n\n<p>O EQAVET \u00e9 um instrumento que permite documentar, desenvolver, monitorizar, avaliar e melhorar a efici\u00eancia da oferta de EFP e a qualidade das pr\u00e1ticas de gest\u00e3o, de forma volunt\u00e1ria.<\/p>\n\n\n\n<figure class=\"wp-block-embed aligncenter is-type-video is-provider-youtube wp-block-embed-youtube wp-embed-aspect-16-9 wp-has-aspect-ratio\"><div class=\"wp-block-embed__wrapper\">\n<iframe loading=\"lazy\" title=\"What is EQAVET?\" width=\"500\" height=\"281\" src=\"https:\/\/www.youtube.com\/embed\/7A2OaR3fejg?feature=oembed\" frameborder=\"0\" allow=\"accelerometer; autoplay; clipboard-write; encrypted-media; gyroscope; picture-in-picture; web-share\" referrerpolicy=\"strict-origin-when-cross-origin\" allowfullscreen><\/iframe>\n<\/div><\/figure>\n\n\n\n<div class=\"wp-block-file\"><a href=\"https:\/\/aemoita.pt\/aemoita\/wp-content\/uploads\/2021\/05\/Brochura_EQAVET_ESM.pdf\"><strong>O que \u00e9 EQAVET?<\/strong><br>Brochura para consulta<\/a><a href=\"https:\/\/aemoita.pt\/aemoita\/wp-content\/uploads\/2021\/05\/Brochura_EQAVET_ESM.pdf\" class=\"wp-block-file__button\" download>Descarregar<\/a><\/div>\n\n\n\n<p class=\"has-small-font-size\">Para mais informa\u00e7\u00e3o, consulte <a href=\"https:\/\/www.eqavet.eu\" target=\"_blank\" rel=\"noreferrer noopener\">https:\/\/www.eqavet.eu<\/a><\/p>\n\n\n\n<div class=\"wp-block-columns is-layout-flex wp-container-core-columns-is-layout-9d6595d7 wp-block-columns-is-layout-flex\">\n<div class=\"wp-block-column is-layout-flow wp-block-column-is-layout-flow\">\n<div class=\"wp-block-image\"><figure class=\"aligncenter size-large\"><img loading=\"lazy\" decoding=\"async\" width=\"307\" height=\"164\" src=\"https:\/\/aemoita.pt\/aemoita\/wp-content\/uploads\/2021\/05\/anqep.png\" alt=\"\" class=\"wp-image-987\" srcset=\"https:\/\/aemoita.pt\/aemoita\/wp-content\/uploads\/2021\/05\/anqep.png 307w, https:\/\/aemoita.pt\/aemoita\/wp-content\/uploads\/2021\/05\/anqep-300x160.png 300w\" sizes=\"auto, (max-width: 307px) 100vw, 307px\" \/><\/figure><\/div>\n<\/div>\n\n\n\n<div class=\"wp-block-column is-vertically-aligned-center is-layout-flow wp-block-column-is-layout-flow\">\n<div class=\"wp-block-image\"><figure class=\"aligncenter size-large is-resized\"><img loading=\"lazy\" decoding=\"async\" src=\"https:\/\/aemoita.pt\/aemoita\/wp-content\/uploads\/2021\/05\/repPortuguesa.png\" alt=\"\" class=\"wp-image-988\" width=\"240\" height=\"81\" srcset=\"https:\/\/aemoita.pt\/aemoita\/wp-content\/uploads\/2021\/05\/repPortuguesa.png 825w, https:\/\/aemoita.pt\/aemoita\/wp-content\/uploads\/2021\/05\/repPortuguesa-300x102.png 300w, https:\/\/aemoita.pt\/aemoita\/wp-content\/uploads\/2021\/05\/repPortuguesa-768x261.png 768w\" sizes=\"auto, (max-width: 240px) 100vw, 240px\" \/><\/figure><\/div>\n<\/div>\n\n\n\n<div class=\"wp-block-column is-layout-flow wp-block-column-is-layout-flow\">\n<div class=\"wp-block-image\"><figure class=\"aligncenter size-large\"><img loading=\"lazy\" decoding=\"async\" width=\"1024\" height=\"533\" src=\"https:\/\/aemoita.pt\/aemoita\/wp-content\/uploads\/2021\/05\/EQAVETLogo.png\" alt=\"\" class=\"wp-image-989\" srcset=\"https:\/\/aemoita.pt\/aemoita\/wp-content\/uploads\/2021\/05\/EQAVETLogo.png 1024w, https:\/\/aemoita.pt\/aemoita\/wp-content\/uploads\/2021\/05\/EQAVETLogo-300x156.png 300w, https:\/\/aemoita.pt\/aemoita\/wp-content\/uploads\/2021\/05\/EQAVETLogo-768x400.png 768w\" sizes=\"auto, (max-width: 1024px) 100vw, 1024px\" \/><\/figure><\/div>\n<\/div>\n<\/div>\n","protected":false},"excerpt":{"rendered":"<p>O Agrupamento de Escolas da Moita encontra-se em processo de Alinhamento com o Quadro de Refer\u00eancia Europeu de Garantia de Qualidade para o Ensino Profissional \u2013 Quadro EQAVET (European Quality Assurance Reference Framework for Vocational Education and Training), tendo por base a nossa miss\u00e3o, vis\u00e3o e valores pr\u00f3prios, enquadrados com o nosso Projeto Educativo. O [&hellip;]<\/p>\n","protected":false},"author":1,"featured_media":990,"parent":0,"menu_order":0,"comment_status":"closed","ping_status":"closed","template":"","meta":{"footnotes":""},"class_list":["post-984","page","type-page","status-publish","has-post-thumbnail","hentry"],"_links":{"self":[{"href":"https:\/\/aemoita.pt\/aemoita\/wp-json\/wp\/v2\/pages\/984","targetHints":{"allow":["GET"]}}],"collection":[{"href":"https:\/\/aemoita.pt\/aemoita\/wp-json\/wp\/v2\/pages"}],"about":[{"href":"https:\/\/aemoita.pt\/aemoita\/wp-json\/wp\/v2\/types\/page"}],"author":[{"embeddable":true,"href":"https:\/\/aemoita.pt\/aemoita\/wp-json\/wp\/v2\/users\/1"}],"replies":[{"embeddable":true,"href":"https:\/\/aemoita.pt\/aemoita\/wp-json\/wp\/v2\/comments?post=984"}],"version-history":[{"count":9,"href":"https:\/\/aemoita.pt\/aemoita\/wp-json\/wp\/v2\/pages\/984\/revisions"}],"predecessor-version":[{"id":1040,"href":"https:\/\/aemoita.pt\/aemoita\/wp-json\/wp\/v2\/pages\/984\/revisions\/1040"}],"wp:featuredmedia":[{"embeddable":true,"href":"https:\/\/aemoita.pt\/aemoita\/wp-json\/wp\/v2\/media\/990"}],"wp:attachment":[{"href":"https:\/\/aemoita.pt\/aemoita\/wp-json\/wp\/v2\/media?parent=984"}],"curies":[{"name":"wp","href":"https:\/\/api.w.org\/{rel}","templated":true}]}}